{"id":27659,"date":"2025-09-09T09:40:13","date_gmt":"2025-09-09T07:40:13","guid":{"rendered":"https:\/\/woodfield.nl\/asortyment-woodfield\/materialy-tynkarskie\/scanspac-stucprofielen"},"modified":"2025-10-15T16:37:09","modified_gmt":"2025-10-15T14:37:09","slug":"profile-tynkarskie-scanspac","status":"publish","type":"page","link":"https:\/\/woodfield.nl\/pl\/asortyment-woodfield\/materialy-tynkarskie\/profile-tynkarskie-scanspac","title":{"rendered":"Profile tynkarskie Scanspac w Woodfield"},"content":{"rendered":"","protected":false},"excerpt":{"rendered":"","protected":false},"author":1,"featured_media":0,"parent":17967,"menu_order":0,"comment_status":"closed","ping_status":"closed","template":"","meta":{"_acf_changed":false,"footnotes":""},"class_list":["entry","page","publish","author-dennis","post-27659","hentry"],"acf":[],"yoast_head":"<!-- This site is optimized with the Yoast SEO plugin v26.5 - https:\/\/yoast.com\/wordpress\/plugins\/seo\/ -->\n<title>Profile tynkarskie Scanspac w Woodfield | Dla profesjonalist\u00f3w<\/title>\n<meta name=\"description\" content=\"Odkryj profile tynkarskie Scanspac w Woodfield. Aquabead, Speedcorner, Fibafuse i Levelline dla profesjonalist\u00f3w bran\u017cy wyko\u0144czeniowej. Fachowe doradztwo i du\u017ca dost\u0119pno\u015b\u0107.\" \/>\n<meta name=\"robots\" content=\"index, follow, max-snippet:-1, max-image-preview:large, max-video-preview:-1\" \/>\n<link rel=\"canonical\" href=\"https:\/\/woodfield.nl\/pl\/asortyment-woodfield\/materialy-tynkarskie\/profile-tynkarskie-scanspac\" \/>\n<meta property=\"og:locale\" content=\"pl_PL\" \/>\n<meta property=\"og:type\" content=\"article\" \/>\n<meta property=\"og:title\" content=\"Profile tynkarskie Scanspac w Woodfield | Dla profesjonalist\u00f3w\" \/>\n<meta property=\"og:description\" content=\"Odkryj profile tynkarskie Scanspac w Woodfield. Aquabead, Speedcorner, Fibafuse i Levelline dla profesjonalist\u00f3w bran\u017cy wyko\u0144czeniowej. Fachowe doradztwo i du\u017ca dost\u0119pno\u015b\u0107.\" \/>\n<meta property=\"og:url\" content=\"https:\/\/woodfield.nl\/pl\/asortyment-woodfield\/materialy-tynkarskie\/profile-tynkarskie-scanspac\" \/>\n<meta property=\"og:site_name\" content=\"Woodfield - alles voor schilder en stukadoor\" \/>\n<meta property=\"article:modified_time\" content=\"2025-10-15T14:37:09+00:00\" \/>\n<meta name=\"twitter:label1\" content=\"Szacowany czas czytania\" \/>\n\t<meta name=\"twitter:data1\" content=\"2 minuty\" \/>\n<script type=\"application\/ld+json\" class=\"yoast-schema-graph\">{\"@context\":\"https:\/\/schema.org\",\"@graph\":[{\"@type\":\"WebPage\",\"@id\":\"https:\/\/woodfield.nl\/pl\/asortyment-woodfield\/materialy-tynkarskie\/profile-tynkarskie-scanspac\",\"url\":\"https:\/\/woodfield.nl\/pl\/asortyment-woodfield\/materialy-tynkarskie\/profile-tynkarskie-scanspac\",\"name\":\"Profile tynkarskie Scanspac w Woodfield | Dla profesjonalist\u00f3w\",\"isPartOf\":{\"@id\":\"https:\/\/woodfield.nl\/#website\"},\"datePublished\":\"2025-09-09T07:40:13+00:00\",\"dateModified\":\"2025-10-15T14:37:09+00:00\",\"description\":\"Odkryj profile tynkarskie Scanspac w Woodfield. Aquabead, Speedcorner, Fibafuse i Levelline dla profesjonalist\u00f3w bran\u017cy wyko\u0144czeniowej. Fachowe doradztwo i du\u017ca dost\u0119pno\u015b\u0107.\",\"breadcrumb\":{\"@id\":\"https:\/\/woodfield.nl\/pl\/asortyment-woodfield\/materialy-tynkarskie\/profile-tynkarskie-scanspac#breadcrumb\"},\"inLanguage\":\"pl-PL\",\"potentialAction\":[{\"@type\":\"ReadAction\",\"target\":[\"https:\/\/woodfield.nl\/pl\/asortyment-woodfield\/materialy-tynkarskie\/profile-tynkarskie-scanspac\"]}]},{\"@type\":\"BreadcrumbList\",\"@id\":\"https:\/\/woodfield.nl\/pl\/asortyment-woodfield\/materialy-tynkarskie\/profile-tynkarskie-scanspac#breadcrumb\",\"itemListElement\":[{\"@type\":\"ListItem\",\"position\":1,\"name\":\"Assortiment\",\"item\":\"https:\/\/woodfield.nl\/pl\/asortyment-woodfield\"},{\"@type\":\"ListItem\",\"position\":2,\"name\":\"Stucmaterialen\",\"item\":\"https:\/\/woodfield.nl\/pl\/asortyment-woodfield\/materialy-tynkarskie\"},{\"@type\":\"ListItem\",\"position\":3,\"name\":\"Profile tynkarskie Scanspac w Woodfield\"}]},{\"@type\":\"WebSite\",\"@id\":\"https:\/\/woodfield.nl\/#website\",\"url\":\"https:\/\/woodfield.nl\/\",\"name\":\"Woodfield - alles voor schilder en stukadoor\",\"description\":\"\",\"potentialAction\":[{\"@type\":\"SearchAction\",\"target\":{\"@type\":\"EntryPoint\",\"urlTemplate\":\"https:\/\/woodfield.nl\/?s={search_term_string}\"},\"query-input\":{\"@type\":\"PropertyValueSpecification\",\"valueRequired\":true,\"valueName\":\"search_term_string\"}}],\"inLanguage\":\"pl-PL\"}]}<\/script>\n<!-- \/ Yoast SEO plugin. -->","yoast_head_json":{"title":"Profile tynkarskie Scanspac w Woodfield | Dla profesjonalist\u00f3w","description":"Odkryj profile tynkarskie Scanspac w Woodfield. Aquabead, Speedcorner, Fibafuse i Levelline dla profesjonalist\u00f3w bran\u017cy wyko\u0144czeniowej. Fachowe doradztwo i du\u017ca dost\u0119pno\u015b\u0107.","robots":{"index":"index","follow":"follow","max-snippet":"max-snippet:-1","max-image-preview":"max-image-preview:large","max-video-preview":"max-video-preview:-1"},"canonical":"https:\/\/woodfield.nl\/pl\/asortyment-woodfield\/materialy-tynkarskie\/profile-tynkarskie-scanspac","og_locale":"pl_PL","og_type":"article","og_title":"Profile tynkarskie Scanspac w Woodfield | Dla profesjonalist\u00f3w","og_description":"Odkryj profile tynkarskie Scanspac w Woodfield. Aquabead, Speedcorner, Fibafuse i Levelline dla profesjonalist\u00f3w bran\u017cy wyko\u0144czeniowej. Fachowe doradztwo i du\u017ca dost\u0119pno\u015b\u0107.","og_url":"https:\/\/woodfield.nl\/pl\/asortyment-woodfield\/materialy-tynkarskie\/profile-tynkarskie-scanspac","og_site_name":"Woodfield - alles voor schilder en stukadoor","article_modified_time":"2025-10-15T14:37:09+00:00","twitter_misc":{"Szacowany czas czytania":"2 minuty"},"schema":{"@context":"https:\/\/schema.org","@graph":[{"@type":"WebPage","@id":"https:\/\/woodfield.nl\/pl\/asortyment-woodfield\/materialy-tynkarskie\/profile-tynkarskie-scanspac","url":"https:\/\/woodfield.nl\/pl\/asortyment-woodfield\/materialy-tynkarskie\/profile-tynkarskie-scanspac","name":"Profile tynkarskie Scanspac w Woodfield | Dla profesjonalist\u00f3w","isPartOf":{"@id":"https:\/\/woodfield.nl\/#website"},"datePublished":"2025-09-09T07:40:13+00:00","dateModified":"2025-10-15T14:37:09+00:00","description":"Odkryj profile tynkarskie Scanspac w Woodfield. Aquabead, Speedcorner, Fibafuse i Levelline dla profesjonalist\u00f3w bran\u017cy wyko\u0144czeniowej. Fachowe doradztwo i du\u017ca dost\u0119pno\u015b\u0107.","breadcrumb":{"@id":"https:\/\/woodfield.nl\/pl\/asortyment-woodfield\/materialy-tynkarskie\/profile-tynkarskie-scanspac#breadcrumb"},"inLanguage":"pl-PL","potentialAction":[{"@type":"ReadAction","target":["https:\/\/woodfield.nl\/pl\/asortyment-woodfield\/materialy-tynkarskie\/profile-tynkarskie-scanspac"]}]},{"@type":"BreadcrumbList","@id":"https:\/\/woodfield.nl\/pl\/asortyment-woodfield\/materialy-tynkarskie\/profile-tynkarskie-scanspac#breadcrumb","itemListElement":[{"@type":"ListItem","position":1,"name":"Assortiment","item":"https:\/\/woodfield.nl\/pl\/asortyment-woodfield"},{"@type":"ListItem","position":2,"name":"Stucmaterialen","item":"https:\/\/woodfield.nl\/pl\/asortyment-woodfield\/materialy-tynkarskie"},{"@type":"ListItem","position":3,"name":"Profile tynkarskie Scanspac w Woodfield"}]},{"@type":"WebSite","@id":"https:\/\/woodfield.nl\/#website","url":"https:\/\/woodfield.nl\/","name":"Woodfield - alles voor schilder en stukadoor","description":"","potentialAction":[{"@type":"SearchAction","target":{"@type":"EntryPoint","urlTemplate":"https:\/\/woodfield.nl\/?s={search_term_string}"},"query-input":{"@type":"PropertyValueSpecification","valueRequired":true,"valueName":"search_term_string"}}],"inLanguage":"pl-PL"}]}},"_links":{"self":[{"href":"https:\/\/woodfield.nl\/pl\/wp-json\/wp\/v2\/pages\/27659","targetHints":{"allow":["GET"]}}],"collection":[{"href":"https:\/\/woodfield.nl\/pl\/wp-json\/wp\/v2\/pages"}],"about":[{"href":"https:\/\/woodfield.nl\/pl\/wp-json\/wp\/v2\/types\/page"}],"author":[{"embeddable":true,"href":"https:\/\/woodfield.nl\/pl\/wp-json\/wp\/v2\/users\/1"}],"replies":[{"embeddable":true,"href":"https:\/\/woodfield.nl\/pl\/wp-json\/wp\/v2\/comments?post=27659"}],"version-history":[{"count":0,"href":"https:\/\/woodfield.nl\/pl\/wp-json\/wp\/v2\/pages\/27659\/revisions"}],"up":[{"embeddable":true,"href":"https:\/\/woodfield.nl\/pl\/wp-json\/wp\/v2\/pages\/17967"}],"wp:attachment":[{"href":"https:\/\/woodfield.nl\/pl\/wp-json\/wp\/v2\/media?parent=27659"}],"curies":[{"name":"wp","href":"https:\/\/api.w.org\/{rel}","templated":true}]}}