{"id":27137,"date":"2025-06-04T08:03:47","date_gmt":"2025-06-04T06:03:47","guid":{"rendered":"https:\/\/woodfield.nl\/?page_id=27137"},"modified":"2025-06-04T08:03:47","modified_gmt":"2025-06-04T06:03:47","slug":"skylt-step","status":"publish","type":"page","link":"https:\/\/woodfield.nl\/pl\/asortyment-woodfield\/farby\/skylt-step","title":{"rendered":"Verf \u2013 Skylt\/Step"},"content":{"rendered":"","protected":false},"excerpt":{"rendered":"","protected":false},"author":4,"featured_media":0,"parent":17973,"menu_order":500,"comment_status":"closed","ping_status":"closed","template":"page.php","meta":{"_acf_changed":false,"footnotes":""},"class_list":["entry","page","publish","author-roel","post-27137","hentry"],"acf":[],"yoast_head":"<!-- This site is optimized with the Yoast SEO plugin v26.5 - https:\/\/yoast.com\/wordpress\/plugins\/seo\/ -->\n<title>Szeroki wachlarz produkt\u00f3w Skylt\/Step w Woodfield<\/title>\n<meta name=\"description\" content=\"Skylt\/Step specjalizuje si\u0119 w artyku\u0142ach wyko\u0144czeniowych do pod\u0142\u00f3g, \u015bcian i mebli. Zapraszamy do zapoznania si\u0119 z ofert\u0105 produkt\u00f3w w Woodfield.\" \/>\n<meta name=\"robots\" content=\"index, follow, max-snippet:-1, max-image-preview:large, max-video-preview:-1\" \/>\n<link rel=\"canonical\" href=\"https:\/\/woodfield.nl\/pl\/asortyment-woodfield\/farby\/skylt-step\" \/>\n<meta property=\"og:locale\" content=\"pl_PL\" \/>\n<meta property=\"og:type\" content=\"article\" \/>\n<meta property=\"og:title\" content=\"Szeroki wachlarz produkt\u00f3w Skylt\/Step w Woodfield\" \/>\n<meta property=\"og:description\" content=\"Skylt\/Step specjalizuje si\u0119 w artyku\u0142ach wyko\u0144czeniowych do pod\u0142\u00f3g, \u015bcian i mebli. Zapraszamy do zapoznania si\u0119 z ofert\u0105 produkt\u00f3w w Woodfield.\" \/>\n<meta property=\"og:url\" content=\"https:\/\/woodfield.nl\/pl\/asortyment-woodfield\/farby\/skylt-step\" \/>\n<meta property=\"og:site_name\" content=\"Woodfield - alles voor schilder en stukadoor\" \/>\n<meta name=\"twitter:label1\" content=\"Szacowany czas czytania\" \/>\n\t<meta name=\"twitter:data1\" content=\"2 minuty\" \/>\n<script type=\"application\/ld+json\" class=\"yoast-schema-graph\">{\"@context\":\"https:\/\/schema.org\",\"@graph\":[{\"@type\":\"WebPage\",\"@id\":\"https:\/\/woodfield.nl\/pl\/asortyment-woodfield\/farby\/skylt-step\",\"url\":\"https:\/\/woodfield.nl\/pl\/asortyment-woodfield\/farby\/skylt-step\",\"name\":\"Szeroki wachlarz produkt\u00f3w Skylt\/Step w Woodfield\",\"isPartOf\":{\"@id\":\"https:\/\/woodfield.nl\/#website\"},\"datePublished\":\"2025-06-04T06:03:47+00:00\",\"description\":\"Skylt\/Step specjalizuje si\u0119 w artyku\u0142ach wyko\u0144czeniowych do pod\u0142\u00f3g, \u015bcian i mebli. Zapraszamy do zapoznania si\u0119 z ofert\u0105 produkt\u00f3w w Woodfield.\",\"breadcrumb\":{\"@id\":\"https:\/\/woodfield.nl\/pl\/asortyment-woodfield\/farby\/skylt-step#breadcrumb\"},\"inLanguage\":\"pl-PL\",\"potentialAction\":[{\"@type\":\"ReadAction\",\"target\":[\"https:\/\/woodfield.nl\/pl\/asortyment-woodfield\/farby\/skylt-step\"]}]},{\"@type\":\"BreadcrumbList\",\"@id\":\"https:\/\/woodfield.nl\/pl\/asortyment-woodfield\/farby\/skylt-step#breadcrumb\",\"itemListElement\":[{\"@type\":\"ListItem\",\"position\":1,\"name\":\"Assortiment\",\"item\":\"https:\/\/woodfield.nl\/pl\/asortyment-woodfield\"},{\"@type\":\"ListItem\",\"position\":2,\"name\":\"Verf\",\"item\":\"https:\/\/woodfield.nl\/pl\/farby\"},{\"@type\":\"ListItem\",\"position\":3,\"name\":\"Verf \u2013 Skylt\/Step\"}]},{\"@type\":\"WebSite\",\"@id\":\"https:\/\/woodfield.nl\/#website\",\"url\":\"https:\/\/woodfield.nl\/\",\"name\":\"Woodfield - alles voor schilder en stukadoor\",\"description\":\"\",\"potentialAction\":[{\"@type\":\"SearchAction\",\"target\":{\"@type\":\"EntryPoint\",\"urlTemplate\":\"https:\/\/woodfield.nl\/?s={search_term_string}\"},\"query-input\":{\"@type\":\"PropertyValueSpecification\",\"valueRequired\":true,\"valueName\":\"search_term_string\"}}],\"inLanguage\":\"pl-PL\"}]}<\/script>\n<!-- \/ Yoast SEO plugin. -->","yoast_head_json":{"title":"Szeroki wachlarz produkt\u00f3w Skylt\/Step w Woodfield","description":"Skylt\/Step specjalizuje si\u0119 w artyku\u0142ach wyko\u0144czeniowych do pod\u0142\u00f3g, \u015bcian i mebli. Zapraszamy do zapoznania si\u0119 z ofert\u0105 produkt\u00f3w w Woodfield.","robots":{"index":"index","follow":"follow","max-snippet":"max-snippet:-1","max-image-preview":"max-image-preview:large","max-video-preview":"max-video-preview:-1"},"canonical":"https:\/\/woodfield.nl\/pl\/asortyment-woodfield\/farby\/skylt-step","og_locale":"pl_PL","og_type":"article","og_title":"Szeroki wachlarz produkt\u00f3w Skylt\/Step w Woodfield","og_description":"Skylt\/Step specjalizuje si\u0119 w artyku\u0142ach wyko\u0144czeniowych do pod\u0142\u00f3g, \u015bcian i mebli. Zapraszamy do zapoznania si\u0119 z ofert\u0105 produkt\u00f3w w Woodfield.","og_url":"https:\/\/woodfield.nl\/pl\/asortyment-woodfield\/farby\/skylt-step","og_site_name":"Woodfield - alles voor schilder en stukadoor","twitter_misc":{"Szacowany czas czytania":"2 minuty"},"schema":{"@context":"https:\/\/schema.org","@graph":[{"@type":"WebPage","@id":"https:\/\/woodfield.nl\/pl\/asortyment-woodfield\/farby\/skylt-step","url":"https:\/\/woodfield.nl\/pl\/asortyment-woodfield\/farby\/skylt-step","name":"Szeroki wachlarz produkt\u00f3w Skylt\/Step w Woodfield","isPartOf":{"@id":"https:\/\/woodfield.nl\/#website"},"datePublished":"2025-06-04T06:03:47+00:00","description":"Skylt\/Step specjalizuje si\u0119 w artyku\u0142ach wyko\u0144czeniowych do pod\u0142\u00f3g, \u015bcian i mebli. Zapraszamy do zapoznania si\u0119 z ofert\u0105 produkt\u00f3w w Woodfield.","breadcrumb":{"@id":"https:\/\/woodfield.nl\/pl\/asortyment-woodfield\/farby\/skylt-step#breadcrumb"},"inLanguage":"pl-PL","potentialAction":[{"@type":"ReadAction","target":["https:\/\/woodfield.nl\/pl\/asortyment-woodfield\/farby\/skylt-step"]}]},{"@type":"BreadcrumbList","@id":"https:\/\/woodfield.nl\/pl\/asortyment-woodfield\/farby\/skylt-step#breadcrumb","itemListElement":[{"@type":"ListItem","position":1,"name":"Assortiment","item":"https:\/\/woodfield.nl\/pl\/asortyment-woodfield"},{"@type":"ListItem","position":2,"name":"Verf","item":"https:\/\/woodfield.nl\/pl\/farby"},{"@type":"ListItem","position":3,"name":"Verf \u2013 Skylt\/Step"}]},{"@type":"WebSite","@id":"https:\/\/woodfield.nl\/#website","url":"https:\/\/woodfield.nl\/","name":"Woodfield - alles voor schilder en stukadoor","description":"","potentialAction":[{"@type":"SearchAction","target":{"@type":"EntryPoint","urlTemplate":"https:\/\/woodfield.nl\/?s={search_term_string}"},"query-input":{"@type":"PropertyValueSpecification","valueRequired":true,"valueName":"search_term_string"}}],"inLanguage":"pl-PL"}]}},"_links":{"self":[{"href":"https:\/\/woodfield.nl\/pl\/wp-json\/wp\/v2\/pages\/27137","targetHints":{"allow":["GET"]}}],"collection":[{"href":"https:\/\/woodfield.nl\/pl\/wp-json\/wp\/v2\/pages"}],"about":[{"href":"https:\/\/woodfield.nl\/pl\/wp-json\/wp\/v2\/types\/page"}],"author":[{"embeddable":true,"href":"https:\/\/woodfield.nl\/pl\/wp-json\/wp\/v2\/users\/4"}],"replies":[{"embeddable":true,"href":"https:\/\/woodfield.nl\/pl\/wp-json\/wp\/v2\/comments?post=27137"}],"version-history":[{"count":0,"href":"https:\/\/woodfield.nl\/pl\/wp-json\/wp\/v2\/pages\/27137\/revisions"}],"up":[{"embeddable":true,"href":"https:\/\/woodfield.nl\/pl\/wp-json\/wp\/v2\/pages\/17973"}],"wp:attachment":[{"href":"https:\/\/woodfield.nl\/pl\/wp-json\/wp\/v2\/media?parent=27137"}],"curies":[{"name":"wp","href":"https:\/\/api.w.org\/{rel}","templated":true}]}}