{"id":23887,"date":"2023-06-05T14:37:12","date_gmt":"2023-06-05T12:37:12","guid":{"rendered":"https:\/\/woodfield.nl\/?page_id=23887"},"modified":"2023-06-05T14:37:12","modified_gmt":"2023-06-05T12:37:12","slug":"dewalt","status":"publish","type":"page","link":"https:\/\/woodfield.nl\/pl\/asortyment-woodfield\/narzedzia\/dewalt","title":{"rendered":"Non paint \u2013 DE WALT"},"content":{"rendered":"","protected":false},"excerpt":{"rendered":"","protected":false},"author":4,"featured_media":0,"parent":17939,"menu_order":72,"comment_status":"closed","ping_status":"closed","template":"","meta":{"_acf_changed":false,"footnotes":""},"class_list":["entry","page","publish","author-roel","post-23887","hentry"],"acf":[],"yoast_head":"<!-- This site is optimized with the Yoast SEO plugin v26.5 - https:\/\/yoast.com\/wordpress\/plugins\/seo\/ -->\n<title>Non paint \u2013 DE WALT | Woodfield - alles voor schilder en stukadoor<\/title>\n<meta name=\"description\" content=\"Narz\u0119dzia wyko\u0144czeniowe DEWALT mo\u017cna znale\u017a\u0107 w Woodfield. Odwied\u017a jeden z naszych oddzia\u0142\u00f3w lub zajrzyj online\" \/>\n<meta name=\"robots\" content=\"index, follow, max-snippet:-1, max-image-preview:large, max-video-preview:-1\" \/>\n<link rel=\"canonical\" href=\"https:\/\/woodfield.nl\/pl\/narzedzia\/dewalt\" \/>\n<meta property=\"og:locale\" content=\"pl_PL\" \/>\n<meta property=\"og:type\" content=\"article\" \/>\n<meta property=\"og:title\" content=\"Non paint \u2013 DE WALT | Woodfield - alles voor schilder en stukadoor\" \/>\n<meta property=\"og:description\" content=\"Narz\u0119dzia wyko\u0144czeniowe DEWALT mo\u017cna znale\u017a\u0107 w Woodfield. Odwied\u017a jeden z naszych oddzia\u0142\u00f3w lub zajrzyj online\" \/>\n<meta property=\"og:url\" content=\"https:\/\/woodfield.nl\/pl\/narzedzia\/dewalt\" \/>\n<meta property=\"og:site_name\" content=\"Woodfield - alles voor schilder en stukadoor\" \/>\n<script type=\"application\/ld+json\" class=\"yoast-schema-graph\">{\"@context\":\"https:\/\/schema.org\",\"@graph\":[{\"@type\":\"WebPage\",\"@id\":\"https:\/\/woodfield.nl\/pl\/narzedzia\/dewalt\",\"url\":\"https:\/\/woodfield.nl\/pl\/narzedzia\/dewalt\",\"name\":\"Non paint \u2013 DE WALT | Woodfield - alles voor schilder en stukadoor\",\"isPartOf\":{\"@id\":\"https:\/\/woodfield.nl\/#website\"},\"datePublished\":\"2023-06-05T12:37:12+00:00\",\"description\":\"Narz\u0119dzia wyko\u0144czeniowe DEWALT mo\u017cna znale\u017a\u0107 w Woodfield. Odwied\u017a jeden z naszych oddzia\u0142\u00f3w lub zajrzyj online\",\"breadcrumb\":{\"@id\":\"https:\/\/woodfield.nl\/pl\/narzedzia\/dewalt#breadcrumb\"},\"inLanguage\":\"pl-PL\",\"potentialAction\":[{\"@type\":\"ReadAction\",\"target\":[\"https:\/\/woodfield.nl\/pl\/narzedzia\/dewalt\"]}]},{\"@type\":\"BreadcrumbList\",\"@id\":\"https:\/\/woodfield.nl\/pl\/narzedzia\/dewalt#breadcrumb\",\"itemListElement\":[{\"@type\":\"ListItem\",\"position\":1,\"name\":\"non-paint\",\"item\":\"https:\/\/woodfield.nl\/pl\/narzedzia\"},{\"@type\":\"ListItem\",\"position\":2,\"name\":\"Non paint \u2013 DE WALT\"}]},{\"@type\":\"WebSite\",\"@id\":\"https:\/\/woodfield.nl\/#website\",\"url\":\"https:\/\/woodfield.nl\/\",\"name\":\"Woodfield - alles voor schilder en stukadoor\",\"description\":\"\",\"potentialAction\":[{\"@type\":\"SearchAction\",\"target\":{\"@type\":\"EntryPoint\",\"urlTemplate\":\"https:\/\/woodfield.nl\/?s={search_term_string}\"},\"query-input\":{\"@type\":\"PropertyValueSpecification\",\"valueRequired\":true,\"valueName\":\"search_term_string\"}}],\"inLanguage\":\"pl-PL\"}]}<\/script>\n<!-- \/ Yoast SEO plugin. -->","yoast_head_json":{"title":"Non paint \u2013 DE WALT | Woodfield - alles voor schilder en stukadoor","description":"Narz\u0119dzia wyko\u0144czeniowe DEWALT mo\u017cna znale\u017a\u0107 w Woodfield. Odwied\u017a jeden z naszych oddzia\u0142\u00f3w lub zajrzyj online","robots":{"index":"index","follow":"follow","max-snippet":"max-snippet:-1","max-image-preview":"max-image-preview:large","max-video-preview":"max-video-preview:-1"},"canonical":"https:\/\/woodfield.nl\/pl\/narzedzia\/dewalt","og_locale":"pl_PL","og_type":"article","og_title":"Non paint \u2013 DE WALT | Woodfield - alles voor schilder en stukadoor","og_description":"Narz\u0119dzia wyko\u0144czeniowe DEWALT mo\u017cna znale\u017a\u0107 w Woodfield. Odwied\u017a jeden z naszych oddzia\u0142\u00f3w lub zajrzyj online","og_url":"https:\/\/woodfield.nl\/pl\/narzedzia\/dewalt","og_site_name":"Woodfield - alles voor schilder en stukadoor","schema":{"@context":"https:\/\/schema.org","@graph":[{"@type":"WebPage","@id":"https:\/\/woodfield.nl\/pl\/narzedzia\/dewalt","url":"https:\/\/woodfield.nl\/pl\/narzedzia\/dewalt","name":"Non paint \u2013 DE WALT | Woodfield - alles voor schilder en stukadoor","isPartOf":{"@id":"https:\/\/woodfield.nl\/#website"},"datePublished":"2023-06-05T12:37:12+00:00","description":"Narz\u0119dzia wyko\u0144czeniowe DEWALT mo\u017cna znale\u017a\u0107 w Woodfield. Odwied\u017a jeden z naszych oddzia\u0142\u00f3w lub zajrzyj online","breadcrumb":{"@id":"https:\/\/woodfield.nl\/pl\/narzedzia\/dewalt#breadcrumb"},"inLanguage":"pl-PL","potentialAction":[{"@type":"ReadAction","target":["https:\/\/woodfield.nl\/pl\/narzedzia\/dewalt"]}]},{"@type":"BreadcrumbList","@id":"https:\/\/woodfield.nl\/pl\/narzedzia\/dewalt#breadcrumb","itemListElement":[{"@type":"ListItem","position":1,"name":"non-paint","item":"https:\/\/woodfield.nl\/pl\/narzedzia"},{"@type":"ListItem","position":2,"name":"Non paint \u2013 DE WALT"}]},{"@type":"WebSite","@id":"https:\/\/woodfield.nl\/#website","url":"https:\/\/woodfield.nl\/","name":"Woodfield - alles voor schilder en stukadoor","description":"","potentialAction":[{"@type":"SearchAction","target":{"@type":"EntryPoint","urlTemplate":"https:\/\/woodfield.nl\/?s={search_term_string}"},"query-input":{"@type":"PropertyValueSpecification","valueRequired":true,"valueName":"search_term_string"}}],"inLanguage":"pl-PL"}]}},"_links":{"self":[{"href":"https:\/\/woodfield.nl\/pl\/wp-json\/wp\/v2\/pages\/23887","targetHints":{"allow":["GET"]}}],"collection":[{"href":"https:\/\/woodfield.nl\/pl\/wp-json\/wp\/v2\/pages"}],"about":[{"href":"https:\/\/woodfield.nl\/pl\/wp-json\/wp\/v2\/types\/page"}],"author":[{"embeddable":true,"href":"https:\/\/woodfield.nl\/pl\/wp-json\/wp\/v2\/users\/4"}],"replies":[{"embeddable":true,"href":"https:\/\/woodfield.nl\/pl\/wp-json\/wp\/v2\/comments?post=23887"}],"version-history":[{"count":0,"href":"https:\/\/woodfield.nl\/pl\/wp-json\/wp\/v2\/pages\/23887\/revisions"}],"up":[{"embeddable":true,"href":"https:\/\/woodfield.nl\/pl\/wp-json\/wp\/v2\/pages\/17939"}],"wp:attachment":[{"href":"https:\/\/woodfield.nl\/pl\/wp-json\/wp\/v2\/media?parent=23887"}],"curies":[{"name":"wp","href":"https:\/\/api.w.org\/{rel}","templated":true}]}}