{"id":21704,"date":"2025-01-09T15:06:25","date_gmt":"2025-01-09T14:06:25","guid":{"rendered":"https:\/\/woodfield.nl\/?page_id=21704"},"modified":"2025-01-09T15:06:25","modified_gmt":"2025-01-09T14:06:25","slug":"renner","status":"publish","type":"page","link":"https:\/\/woodfield.nl\/pl\/asortyment-woodfield\/farby\/renner","title":{"rendered":"Farby &#8211; Renner"},"content":{"rendered":"","protected":false},"excerpt":{"rendered":"","protected":false},"author":3,"featured_media":0,"parent":17973,"menu_order":69,"comment_status":"closed","ping_status":"closed","template":"","meta":{"_acf_changed":false,"footnotes":""},"class_list":["entry","page","publish","author-woodfield","post-21704","hentry"],"acf":[],"yoast_head":"<!-- This site is optimized with the Yoast SEO plugin v26.5 - https:\/\/yoast.com\/wordpress\/plugins\/seo\/ -->\n<title>Lakiery marki Renner mo\u017cna znale\u017a\u0107 w Woodfield!<\/title>\n<meta name=\"description\" content=\"Renner - gdy wybierasz wysokiej jako\u015bci farby w sprayu. Woodfield jest wy\u0142\u0105cznym dostawc\u0105 marki Renner.\" \/>\n<meta name=\"robots\" content=\"index, follow, max-snippet:-1, max-image-preview:large, max-video-preview:-1\" \/>\n<link rel=\"canonical\" href=\"https:\/\/woodfield.nl\/pl\/asortyment-woodfield\/farby\/renner\" \/>\n<meta property=\"og:locale\" content=\"pl_PL\" \/>\n<meta property=\"og:type\" content=\"article\" \/>\n<meta property=\"og:title\" content=\"Lakiery marki Renner mo\u017cna znale\u017a\u0107 w Woodfield!\" \/>\n<meta property=\"og:description\" content=\"Renner - gdy wybierasz wysokiej jako\u015bci farby w sprayu. Woodfield jest wy\u0142\u0105cznym dostawc\u0105 marki Renner.\" \/>\n<meta property=\"og:url\" content=\"https:\/\/woodfield.nl\/pl\/asortyment-woodfield\/farby\/renner\" \/>\n<meta property=\"og:site_name\" content=\"Woodfield - alles voor schilder en stukadoor\" \/>\n<meta name=\"twitter:label1\" content=\"Szacowany czas czytania\" \/>\n\t<meta name=\"twitter:data1\" content=\"2 minuty\" \/>\n<script type=\"application\/ld+json\" class=\"yoast-schema-graph\">{\"@context\":\"https:\/\/schema.org\",\"@graph\":[{\"@type\":\"WebPage\",\"@id\":\"https:\/\/woodfield.nl\/pl\/asortyment-woodfield\/farby\/renner\",\"url\":\"https:\/\/woodfield.nl\/pl\/asortyment-woodfield\/farby\/renner\",\"name\":\"Lakiery marki Renner mo\u017cna znale\u017a\u0107 w Woodfield!\",\"isPartOf\":{\"@id\":\"https:\/\/woodfield.nl\/#website\"},\"datePublished\":\"2025-01-09T14:06:25+00:00\",\"description\":\"Renner - gdy wybierasz wysokiej jako\u015bci farby w sprayu. Woodfield jest wy\u0142\u0105cznym dostawc\u0105 marki Renner.\",\"breadcrumb\":{\"@id\":\"https:\/\/woodfield.nl\/pl\/asortyment-woodfield\/farby\/renner#breadcrumb\"},\"inLanguage\":\"pl-PL\",\"potentialAction\":[{\"@type\":\"ReadAction\",\"target\":[\"https:\/\/woodfield.nl\/pl\/asortyment-woodfield\/farby\/renner\"]}]},{\"@type\":\"BreadcrumbList\",\"@id\":\"https:\/\/woodfield.nl\/pl\/asortyment-woodfield\/farby\/renner#breadcrumb\",\"itemListElement\":[{\"@type\":\"ListItem\",\"position\":1,\"name\":\"Assortiment\",\"item\":\"https:\/\/woodfield.nl\/pl\/asortyment-woodfield\"},{\"@type\":\"ListItem\",\"position\":2,\"name\":\"Verf\",\"item\":\"https:\/\/woodfield.nl\/pl\/farby\"},{\"@type\":\"ListItem\",\"position\":3,\"name\":\"Farby &#8211; Renner\"}]},{\"@type\":\"WebSite\",\"@id\":\"https:\/\/woodfield.nl\/#website\",\"url\":\"https:\/\/woodfield.nl\/\",\"name\":\"Woodfield - alles voor schilder en stukadoor\",\"description\":\"\",\"potentialAction\":[{\"@type\":\"SearchAction\",\"target\":{\"@type\":\"EntryPoint\",\"urlTemplate\":\"https:\/\/woodfield.nl\/?s={search_term_string}\"},\"query-input\":{\"@type\":\"PropertyValueSpecification\",\"valueRequired\":true,\"valueName\":\"search_term_string\"}}],\"inLanguage\":\"pl-PL\"}]}<\/script>\n<!-- \/ Yoast SEO plugin. -->","yoast_head_json":{"title":"Lakiery marki Renner mo\u017cna znale\u017a\u0107 w Woodfield!","description":"Renner - gdy wybierasz wysokiej jako\u015bci farby w sprayu. Woodfield jest wy\u0142\u0105cznym dostawc\u0105 marki Renner.","robots":{"index":"index","follow":"follow","max-snippet":"max-snippet:-1","max-image-preview":"max-image-preview:large","max-video-preview":"max-video-preview:-1"},"canonical":"https:\/\/woodfield.nl\/pl\/asortyment-woodfield\/farby\/renner","og_locale":"pl_PL","og_type":"article","og_title":"Lakiery marki Renner mo\u017cna znale\u017a\u0107 w Woodfield!","og_description":"Renner - gdy wybierasz wysokiej jako\u015bci farby w sprayu. Woodfield jest wy\u0142\u0105cznym dostawc\u0105 marki Renner.","og_url":"https:\/\/woodfield.nl\/pl\/asortyment-woodfield\/farby\/renner","og_site_name":"Woodfield - alles voor schilder en stukadoor","twitter_misc":{"Szacowany czas czytania":"2 minuty"},"schema":{"@context":"https:\/\/schema.org","@graph":[{"@type":"WebPage","@id":"https:\/\/woodfield.nl\/pl\/asortyment-woodfield\/farby\/renner","url":"https:\/\/woodfield.nl\/pl\/asortyment-woodfield\/farby\/renner","name":"Lakiery marki Renner mo\u017cna znale\u017a\u0107 w Woodfield!","isPartOf":{"@id":"https:\/\/woodfield.nl\/#website"},"datePublished":"2025-01-09T14:06:25+00:00","description":"Renner - gdy wybierasz wysokiej jako\u015bci farby w sprayu. Woodfield jest wy\u0142\u0105cznym dostawc\u0105 marki Renner.","breadcrumb":{"@id":"https:\/\/woodfield.nl\/pl\/asortyment-woodfield\/farby\/renner#breadcrumb"},"inLanguage":"pl-PL","potentialAction":[{"@type":"ReadAction","target":["https:\/\/woodfield.nl\/pl\/asortyment-woodfield\/farby\/renner"]}]},{"@type":"BreadcrumbList","@id":"https:\/\/woodfield.nl\/pl\/asortyment-woodfield\/farby\/renner#breadcrumb","itemListElement":[{"@type":"ListItem","position":1,"name":"Assortiment","item":"https:\/\/woodfield.nl\/pl\/asortyment-woodfield"},{"@type":"ListItem","position":2,"name":"Verf","item":"https:\/\/woodfield.nl\/pl\/farby"},{"@type":"ListItem","position":3,"name":"Farby &#8211; Renner"}]},{"@type":"WebSite","@id":"https:\/\/woodfield.nl\/#website","url":"https:\/\/woodfield.nl\/","name":"Woodfield - alles voor schilder en stukadoor","description":"","potentialAction":[{"@type":"SearchAction","target":{"@type":"EntryPoint","urlTemplate":"https:\/\/woodfield.nl\/?s={search_term_string}"},"query-input":{"@type":"PropertyValueSpecification","valueRequired":true,"valueName":"search_term_string"}}],"inLanguage":"pl-PL"}]}},"_links":{"self":[{"href":"https:\/\/woodfield.nl\/pl\/wp-json\/wp\/v2\/pages\/21704","targetHints":{"allow":["GET"]}}],"collection":[{"href":"https:\/\/woodfield.nl\/pl\/wp-json\/wp\/v2\/pages"}],"about":[{"href":"https:\/\/woodfield.nl\/pl\/wp-json\/wp\/v2\/types\/page"}],"author":[{"embeddable":true,"href":"https:\/\/woodfield.nl\/pl\/wp-json\/wp\/v2\/users\/3"}],"replies":[{"embeddable":true,"href":"https:\/\/woodfield.nl\/pl\/wp-json\/wp\/v2\/comments?post=21704"}],"version-history":[{"count":0,"href":"https:\/\/woodfield.nl\/pl\/wp-json\/wp\/v2\/pages\/21704\/revisions"}],"up":[{"embeddable":true,"href":"https:\/\/woodfield.nl\/pl\/wp-json\/wp\/v2\/pages\/17973"}],"wp:attachment":[{"href":"https:\/\/woodfield.nl\/pl\/wp-json\/wp\/v2\/media?parent=21704"}],"curies":[{"name":"wp","href":"https:\/\/api.w.org\/{rel}","templated":true}]}}