{"id":21658,"date":"2022-05-18T14:07:38","date_gmt":"2022-05-18T12:07:38","guid":{"rendered":"https:\/\/woodfield.nl\/?page_id=21658"},"modified":"2022-05-18T14:07:38","modified_gmt":"2022-05-18T12:07:38","slug":"siatki-wzmacniajace-jastrychy-cementowe","status":"publish","type":"page","link":"https:\/\/woodfield.nl\/pl\/asortyment-woodfield\/siatki-wzmacniajace-jastrychy-cementowe","title":{"rendered":"SIATKI WZMACNIAJ\u0104CE JASTRYCHY CEMENTOWE"},"content":{"rendered":"","protected":false},"excerpt":{"rendered":"","protected":false},"author":3,"featured_media":0,"parent":17920,"menu_order":446,"comment_status":"closed","ping_status":"closed","template":"page.php","meta":{"_acf_changed":false,"footnotes":""},"class_list":["entry","page","publish","author-woodfield","post-21658","hentry"],"acf":[],"yoast_head":"<!-- This site is optimized with the Yoast SEO plugin v26.5 - https:\/\/yoast.com\/wordpress\/plugins\/seo\/ -->\n<title>Woodfield - oferta siatek wzmacniaj\u0105cych do jastrych\u00f3w cementowych<\/title>\n<meta name=\"description\" content=\"W Woodfield znajdziesz siatki wzmacniaj\u0105ce do jastrych\u00f3w cementowych. Na tej stronie opowiemy Ci o tym wszystkim.\" \/>\n<meta name=\"robots\" content=\"index, follow, max-snippet:-1, max-image-preview:large, max-video-preview:-1\" \/>\n<link rel=\"canonical\" href=\"https:\/\/woodfield.nl\/pl\/asortyment-woodfield\/tasmy\" \/>\n<meta property=\"og:locale\" content=\"pl_PL\" \/>\n<meta property=\"og:type\" content=\"article\" \/>\n<meta property=\"og:title\" content=\"Woodfield - oferta siatek wzmacniaj\u0105cych do jastrych\u00f3w cementowych\" \/>\n<meta property=\"og:description\" content=\"W Woodfield znajdziesz siatki wzmacniaj\u0105ce do jastrych\u00f3w cementowych. Na tej stronie opowiemy Ci o tym wszystkim.\" \/>\n<meta property=\"og:url\" content=\"https:\/\/woodfield.nl\/pl\/asortyment-woodfield\/tasmy\" \/>\n<meta property=\"og:site_name\" content=\"Woodfield - alles voor schilder en stukadoor\" \/>\n<script type=\"application\/ld+json\" class=\"yoast-schema-graph\">{\"@context\":\"https:\/\/schema.org\",\"@graph\":[{\"@type\":\"WebPage\",\"@id\":\"https:\/\/woodfield.nl\/pl\/asortyment-woodfield\/siatki-wzmacniajace-jastrychy-cementowe\",\"url\":\"https:\/\/woodfield.nl\/pl\/asortyment-woodfield\/tasmy\",\"name\":\"Woodfield - oferta siatek wzmacniaj\u0105cych do jastrych\u00f3w cementowych\",\"isPartOf\":{\"@id\":\"https:\/\/woodfield.nl\/#website\"},\"datePublished\":\"2022-05-18T12:07:38+00:00\",\"description\":\"W Woodfield znajdziesz siatki wzmacniaj\u0105ce do jastrych\u00f3w cementowych. Na tej stronie opowiemy Ci o tym wszystkim.\",\"breadcrumb\":{\"@id\":\"https:\/\/woodfield.nl\/pl\/asortyment-woodfield\/tasmy#breadcrumb\"},\"inLanguage\":\"pl-PL\",\"potentialAction\":[{\"@type\":\"ReadAction\",\"target\":[\"https:\/\/woodfield.nl\/pl\/asortyment-woodfield\/tasmy\"]}]},{\"@type\":\"BreadcrumbList\",\"@id\":\"https:\/\/woodfield.nl\/pl\/asortyment-woodfield\/tasmy#breadcrumb\",\"itemListElement\":[{\"@type\":\"ListItem\",\"position\":1,\"name\":\"Assortiment\",\"item\":\"https:\/\/woodfield.nl\/pl\/asortyment-woodfield\"},{\"@type\":\"ListItem\",\"position\":2,\"name\":\"SIATKI WZMACNIAJ\u0104CE JASTRYCHY CEMENTOWE\"}]},{\"@type\":\"WebSite\",\"@id\":\"https:\/\/woodfield.nl\/#website\",\"url\":\"https:\/\/woodfield.nl\/\",\"name\":\"Woodfield - alles voor schilder en stukadoor\",\"description\":\"\",\"potentialAction\":[{\"@type\":\"SearchAction\",\"target\":{\"@type\":\"EntryPoint\",\"urlTemplate\":\"https:\/\/woodfield.nl\/?s={search_term_string}\"},\"query-input\":{\"@type\":\"PropertyValueSpecification\",\"valueRequired\":true,\"valueName\":\"search_term_string\"}}],\"inLanguage\":\"pl-PL\"}]}<\/script>\n<!-- \/ Yoast SEO plugin. -->","yoast_head_json":{"title":"Woodfield - oferta siatek wzmacniaj\u0105cych do jastrych\u00f3w cementowych","description":"W Woodfield znajdziesz siatki wzmacniaj\u0105ce do jastrych\u00f3w cementowych. Na tej stronie opowiemy Ci o tym wszystkim.","robots":{"index":"index","follow":"follow","max-snippet":"max-snippet:-1","max-image-preview":"max-image-preview:large","max-video-preview":"max-video-preview:-1"},"canonical":"https:\/\/woodfield.nl\/pl\/asortyment-woodfield\/tasmy","og_locale":"pl_PL","og_type":"article","og_title":"Woodfield - oferta siatek wzmacniaj\u0105cych do jastrych\u00f3w cementowych","og_description":"W Woodfield znajdziesz siatki wzmacniaj\u0105ce do jastrych\u00f3w cementowych. Na tej stronie opowiemy Ci o tym wszystkim.","og_url":"https:\/\/woodfield.nl\/pl\/asortyment-woodfield\/tasmy","og_site_name":"Woodfield - alles voor schilder en stukadoor","schema":{"@context":"https:\/\/schema.org","@graph":[{"@type":"WebPage","@id":"https:\/\/woodfield.nl\/pl\/asortyment-woodfield\/siatki-wzmacniajace-jastrychy-cementowe","url":"https:\/\/woodfield.nl\/pl\/asortyment-woodfield\/tasmy","name":"Woodfield - oferta siatek wzmacniaj\u0105cych do jastrych\u00f3w cementowych","isPartOf":{"@id":"https:\/\/woodfield.nl\/#website"},"datePublished":"2022-05-18T12:07:38+00:00","description":"W Woodfield znajdziesz siatki wzmacniaj\u0105ce do jastrych\u00f3w cementowych. Na tej stronie opowiemy Ci o tym wszystkim.","breadcrumb":{"@id":"https:\/\/woodfield.nl\/pl\/asortyment-woodfield\/tasmy#breadcrumb"},"inLanguage":"pl-PL","potentialAction":[{"@type":"ReadAction","target":["https:\/\/woodfield.nl\/pl\/asortyment-woodfield\/tasmy"]}]},{"@type":"BreadcrumbList","@id":"https:\/\/woodfield.nl\/pl\/asortyment-woodfield\/tasmy#breadcrumb","itemListElement":[{"@type":"ListItem","position":1,"name":"Assortiment","item":"https:\/\/woodfield.nl\/pl\/asortyment-woodfield"},{"@type":"ListItem","position":2,"name":"SIATKI WZMACNIAJ\u0104CE JASTRYCHY CEMENTOWE"}]},{"@type":"WebSite","@id":"https:\/\/woodfield.nl\/#website","url":"https:\/\/woodfield.nl\/","name":"Woodfield - alles voor schilder en stukadoor","description":"","potentialAction":[{"@type":"SearchAction","target":{"@type":"EntryPoint","urlTemplate":"https:\/\/woodfield.nl\/?s={search_term_string}"},"query-input":{"@type":"PropertyValueSpecification","valueRequired":true,"valueName":"search_term_string"}}],"inLanguage":"pl-PL"}]}},"_links":{"self":[{"href":"https:\/\/woodfield.nl\/pl\/wp-json\/wp\/v2\/pages\/21658","targetHints":{"allow":["GET"]}}],"collection":[{"href":"https:\/\/woodfield.nl\/pl\/wp-json\/wp\/v2\/pages"}],"about":[{"href":"https:\/\/woodfield.nl\/pl\/wp-json\/wp\/v2\/types\/page"}],"author":[{"embeddable":true,"href":"https:\/\/woodfield.nl\/pl\/wp-json\/wp\/v2\/users\/3"}],"replies":[{"embeddable":true,"href":"https:\/\/woodfield.nl\/pl\/wp-json\/wp\/v2\/comments?post=21658"}],"version-history":[{"count":0,"href":"https:\/\/woodfield.nl\/pl\/wp-json\/wp\/v2\/pages\/21658\/revisions"}],"up":[{"embeddable":true,"href":"https:\/\/woodfield.nl\/pl\/wp-json\/wp\/v2\/pages\/17920"}],"wp:attachment":[{"href":"https:\/\/woodfield.nl\/pl\/wp-json\/wp\/v2\/media?parent=21658"}],"curies":[{"name":"wp","href":"https:\/\/api.w.org\/{rel}","templated":true}]}}