{"id":21506,"date":"2022-04-13T11:44:07","date_gmt":"2022-04-13T09:44:07","guid":{"rendered":"https:\/\/woodfield.nl\/asortyment-woodfield\/farby\/cws"},"modified":"2022-04-13T11:44:07","modified_gmt":"2022-04-13T09:44:07","slug":"cws","status":"publish","type":"page","link":"https:\/\/woodfield.nl\/pl\/asortyment-woodfield\/farby\/cws","title":{"rendered":"Verf \u2013 CWS"},"content":{"rendered":"","protected":false},"excerpt":{"rendered":"","protected":false},"author":3,"featured_media":0,"parent":17973,"menu_order":107,"comment_status":"closed","ping_status":"closed","template":"page.php","meta":{"_acf_changed":false,"footnotes":""},"class_list":["entry","page","publish","author-woodfield","post-21506","hentry"],"acf":[],"yoast_head":"<!-- This site is optimized with the Yoast SEO plugin v26.5 - https:\/\/yoast.com\/wordpress\/plugins\/seo\/ -->\n<title>Farby Woodfield CWS - farby marki CWS znajdziesz w Woodfield<\/title>\n<meta name=\"description\" content=\"Woodfield jest dostawc\u0105 farby marki CWS. Na tej stronie znajdziesz wszystkie informacje na ten temat, mo\u017cesz te\u017c odwiedzi\u0107 nasze oddzia\u0142y.\" \/>\n<meta name=\"robots\" content=\"index, follow, max-snippet:-1, max-image-preview:large, max-video-preview:-1\" \/>\n<link rel=\"canonical\" href=\"https:\/\/woodfield.nl\/pl\/farby\/cws\" \/>\n<meta property=\"og:locale\" content=\"pl_PL\" \/>\n<meta property=\"og:type\" content=\"article\" \/>\n<meta property=\"og:title\" content=\"Farby Woodfield CWS - farby marki CWS znajdziesz w Woodfield\" \/>\n<meta property=\"og:description\" content=\"Woodfield jest dostawc\u0105 farby marki CWS. Na tej stronie znajdziesz wszystkie informacje na ten temat, mo\u017cesz te\u017c odwiedzi\u0107 nasze oddzia\u0142y.\" \/>\n<meta property=\"og:url\" content=\"https:\/\/woodfield.nl\/pl\/farby\/cws\" \/>\n<meta property=\"og:site_name\" content=\"Woodfield - alles voor schilder en stukadoor\" \/>\n<script type=\"application\/ld+json\" class=\"yoast-schema-graph\">{\"@context\":\"https:\/\/schema.org\",\"@graph\":[{\"@type\":\"WebPage\",\"@id\":\"https:\/\/woodfield.nl\/pl\/farby\/cws\",\"url\":\"https:\/\/woodfield.nl\/pl\/farby\/cws\",\"name\":\"Farby Woodfield CWS - farby marki CWS znajdziesz w Woodfield\",\"isPartOf\":{\"@id\":\"https:\/\/woodfield.nl\/#website\"},\"datePublished\":\"2022-04-13T09:44:07+00:00\",\"description\":\"Woodfield jest dostawc\u0105 farby marki CWS. Na tej stronie znajdziesz wszystkie informacje na ten temat, mo\u017cesz te\u017c odwiedzi\u0107 nasze oddzia\u0142y.\",\"breadcrumb\":{\"@id\":\"https:\/\/woodfield.nl\/pl\/farby\/cws#breadcrumb\"},\"inLanguage\":\"pl-PL\",\"potentialAction\":[{\"@type\":\"ReadAction\",\"target\":[\"https:\/\/woodfield.nl\/pl\/farby\/cws\"]}]},{\"@type\":\"BreadcrumbList\",\"@id\":\"https:\/\/woodfield.nl\/pl\/farby\/cws#breadcrumb\",\"itemListElement\":[{\"@type\":\"ListItem\",\"position\":1,\"name\":\"Verf\",\"item\":\"https:\/\/woodfield.nl\/pl\/farby\"},{\"@type\":\"ListItem\",\"position\":2,\"name\":\"Verf \u2013 CWS\"}]},{\"@type\":\"WebSite\",\"@id\":\"https:\/\/woodfield.nl\/#website\",\"url\":\"https:\/\/woodfield.nl\/\",\"name\":\"Woodfield - alles voor schilder en stukadoor\",\"description\":\"\",\"potentialAction\":[{\"@type\":\"SearchAction\",\"target\":{\"@type\":\"EntryPoint\",\"urlTemplate\":\"https:\/\/woodfield.nl\/?s={search_term_string}\"},\"query-input\":{\"@type\":\"PropertyValueSpecification\",\"valueRequired\":true,\"valueName\":\"search_term_string\"}}],\"inLanguage\":\"pl-PL\"}]}<\/script>\n<!-- \/ Yoast SEO plugin. -->","yoast_head_json":{"title":"Farby Woodfield CWS - farby marki CWS znajdziesz w Woodfield","description":"Woodfield jest dostawc\u0105 farby marki CWS. Na tej stronie znajdziesz wszystkie informacje na ten temat, mo\u017cesz te\u017c odwiedzi\u0107 nasze oddzia\u0142y.","robots":{"index":"index","follow":"follow","max-snippet":"max-snippet:-1","max-image-preview":"max-image-preview:large","max-video-preview":"max-video-preview:-1"},"canonical":"https:\/\/woodfield.nl\/pl\/farby\/cws","og_locale":"pl_PL","og_type":"article","og_title":"Farby Woodfield CWS - farby marki CWS znajdziesz w Woodfield","og_description":"Woodfield jest dostawc\u0105 farby marki CWS. Na tej stronie znajdziesz wszystkie informacje na ten temat, mo\u017cesz te\u017c odwiedzi\u0107 nasze oddzia\u0142y.","og_url":"https:\/\/woodfield.nl\/pl\/farby\/cws","og_site_name":"Woodfield - alles voor schilder en stukadoor","schema":{"@context":"https:\/\/schema.org","@graph":[{"@type":"WebPage","@id":"https:\/\/woodfield.nl\/pl\/farby\/cws","url":"https:\/\/woodfield.nl\/pl\/farby\/cws","name":"Farby Woodfield CWS - farby marki CWS znajdziesz w Woodfield","isPartOf":{"@id":"https:\/\/woodfield.nl\/#website"},"datePublished":"2022-04-13T09:44:07+00:00","description":"Woodfield jest dostawc\u0105 farby marki CWS. Na tej stronie znajdziesz wszystkie informacje na ten temat, mo\u017cesz te\u017c odwiedzi\u0107 nasze oddzia\u0142y.","breadcrumb":{"@id":"https:\/\/woodfield.nl\/pl\/farby\/cws#breadcrumb"},"inLanguage":"pl-PL","potentialAction":[{"@type":"ReadAction","target":["https:\/\/woodfield.nl\/pl\/farby\/cws"]}]},{"@type":"BreadcrumbList","@id":"https:\/\/woodfield.nl\/pl\/farby\/cws#breadcrumb","itemListElement":[{"@type":"ListItem","position":1,"name":"Verf","item":"https:\/\/woodfield.nl\/pl\/farby"},{"@type":"ListItem","position":2,"name":"Verf \u2013 CWS"}]},{"@type":"WebSite","@id":"https:\/\/woodfield.nl\/#website","url":"https:\/\/woodfield.nl\/","name":"Woodfield - alles voor schilder en stukadoor","description":"","potentialAction":[{"@type":"SearchAction","target":{"@type":"EntryPoint","urlTemplate":"https:\/\/woodfield.nl\/?s={search_term_string}"},"query-input":{"@type":"PropertyValueSpecification","valueRequired":true,"valueName":"search_term_string"}}],"inLanguage":"pl-PL"}]}},"_links":{"self":[{"href":"https:\/\/woodfield.nl\/pl\/wp-json\/wp\/v2\/pages\/21506","targetHints":{"allow":["GET"]}}],"collection":[{"href":"https:\/\/woodfield.nl\/pl\/wp-json\/wp\/v2\/pages"}],"about":[{"href":"https:\/\/woodfield.nl\/pl\/wp-json\/wp\/v2\/types\/page"}],"author":[{"embeddable":true,"href":"https:\/\/woodfield.nl\/pl\/wp-json\/wp\/v2\/users\/3"}],"replies":[{"embeddable":true,"href":"https:\/\/woodfield.nl\/pl\/wp-json\/wp\/v2\/comments?post=21506"}],"version-history":[{"count":0,"href":"https:\/\/woodfield.nl\/pl\/wp-json\/wp\/v2\/pages\/21506\/revisions"}],"up":[{"embeddable":true,"href":"https:\/\/woodfield.nl\/pl\/wp-json\/wp\/v2\/pages\/17973"}],"wp:attachment":[{"href":"https:\/\/woodfield.nl\/pl\/wp-json\/wp\/v2\/media?parent=21506"}],"curies":[{"name":"wp","href":"https:\/\/api.w.org\/{rel}","templated":true}]}}