{"id":21388,"date":"2025-02-06T10:27:31","date_gmt":"2025-02-06T09:27:31","guid":{"rendered":"https:\/\/woodfield.nl\/home\/total-spray"},"modified":"2025-02-06T10:27:31","modified_gmt":"2025-02-06T09:27:31","slug":"total-spray","status":"publish","type":"page","link":"https:\/\/woodfield.nl\/pl\/home\/total-spray","title":{"rendered":"Total Spray"},"content":{"rendered":"","protected":false},"excerpt":{"rendered":"","protected":false},"author":3,"featured_media":0,"parent":16194,"menu_order":214,"comment_status":"closed","ping_status":"closed","template":"page.php","meta":{"_acf_changed":false,"footnotes":""},"class_list":["entry","page","publish","author-woodfield","post-21388","hentry"],"acf":[],"yoast_head":"<!-- This site is optimized with the Yoast SEO plugin v26.5 - https:\/\/yoast.com\/wordpress\/plugins\/seo\/ -->\n<title>Woodfield Total Spray - wszystko, czego potrzebujesz do opryskiwaczy<\/title>\n<meta name=\"description\" content=\"Czy chcesz zleci\u0107 konserwacj\u0119 lub napraw\u0119 swojego sprz\u0119tu do opryskiwania lub szukasz sprz\u0119tu do opryskiwania do wynaj\u0119cia?\" \/>\n<meta name=\"robots\" content=\"index, follow, max-snippet:-1, max-image-preview:large, max-video-preview:-1\" \/>\n<link rel=\"canonical\" href=\"https:\/\/woodfield.nl\/pl\/total-spray\" \/>\n<meta property=\"og:locale\" content=\"pl_PL\" \/>\n<meta property=\"og:type\" content=\"article\" \/>\n<meta property=\"og:title\" content=\"Woodfield Total Spray - wszystko, czego potrzebujesz do opryskiwaczy\" \/>\n<meta property=\"og:description\" content=\"Czy chcesz zleci\u0107 konserwacj\u0119 lub napraw\u0119 swojego sprz\u0119tu do opryskiwania lub szukasz sprz\u0119tu do opryskiwania do wynaj\u0119cia?\" \/>\n<meta property=\"og:url\" content=\"https:\/\/woodfield.nl\/pl\/total-spray\" \/>\n<meta property=\"og:site_name\" content=\"Woodfield - alles voor schilder en stukadoor\" \/>\n<script type=\"application\/ld+json\" class=\"yoast-schema-graph\">{\"@context\":\"https:\/\/schema.org\",\"@graph\":[{\"@type\":\"WebPage\",\"@id\":\"https:\/\/woodfield.nl\/pl\/total-spray\",\"url\":\"https:\/\/woodfield.nl\/pl\/total-spray\",\"name\":\"Woodfield Total Spray - wszystko, czego potrzebujesz do opryskiwaczy\",\"isPartOf\":{\"@id\":\"https:\/\/woodfield.nl\/#website\"},\"datePublished\":\"2025-02-06T09:27:31+00:00\",\"description\":\"Czy chcesz zleci\u0107 konserwacj\u0119 lub napraw\u0119 swojego sprz\u0119tu do opryskiwania lub szukasz sprz\u0119tu do opryskiwania do wynaj\u0119cia?\",\"inLanguage\":\"pl-PL\",\"potentialAction\":[{\"@type\":\"ReadAction\",\"target\":[\"https:\/\/woodfield.nl\/pl\/total-spray\"]}]},{\"@type\":\"WebSite\",\"@id\":\"https:\/\/woodfield.nl\/#website\",\"url\":\"https:\/\/woodfield.nl\/\",\"name\":\"Woodfield - alles voor schilder en stukadoor\",\"description\":\"\",\"potentialAction\":[{\"@type\":\"SearchAction\",\"target\":{\"@type\":\"EntryPoint\",\"urlTemplate\":\"https:\/\/woodfield.nl\/?s={search_term_string}\"},\"query-input\":{\"@type\":\"PropertyValueSpecification\",\"valueRequired\":true,\"valueName\":\"search_term_string\"}}],\"inLanguage\":\"pl-PL\"}]}<\/script>\n<!-- \/ Yoast SEO plugin. -->","yoast_head_json":{"title":"Woodfield Total Spray - wszystko, czego potrzebujesz do opryskiwaczy","description":"Czy chcesz zleci\u0107 konserwacj\u0119 lub napraw\u0119 swojego sprz\u0119tu do opryskiwania lub szukasz sprz\u0119tu do opryskiwania do wynaj\u0119cia?","robots":{"index":"index","follow":"follow","max-snippet":"max-snippet:-1","max-image-preview":"max-image-preview:large","max-video-preview":"max-video-preview:-1"},"canonical":"https:\/\/woodfield.nl\/pl\/total-spray","og_locale":"pl_PL","og_type":"article","og_title":"Woodfield Total Spray - wszystko, czego potrzebujesz do opryskiwaczy","og_description":"Czy chcesz zleci\u0107 konserwacj\u0119 lub napraw\u0119 swojego sprz\u0119tu do opryskiwania lub szukasz sprz\u0119tu do opryskiwania do wynaj\u0119cia?","og_url":"https:\/\/woodfield.nl\/pl\/total-spray","og_site_name":"Woodfield - alles voor schilder en stukadoor","schema":{"@context":"https:\/\/schema.org","@graph":[{"@type":"WebPage","@id":"https:\/\/woodfield.nl\/pl\/total-spray","url":"https:\/\/woodfield.nl\/pl\/total-spray","name":"Woodfield Total Spray - wszystko, czego potrzebujesz do opryskiwaczy","isPartOf":{"@id":"https:\/\/woodfield.nl\/#website"},"datePublished":"2025-02-06T09:27:31+00:00","description":"Czy chcesz zleci\u0107 konserwacj\u0119 lub napraw\u0119 swojego sprz\u0119tu do opryskiwania lub szukasz sprz\u0119tu do opryskiwania do wynaj\u0119cia?","inLanguage":"pl-PL","potentialAction":[{"@type":"ReadAction","target":["https:\/\/woodfield.nl\/pl\/total-spray"]}]},{"@type":"WebSite","@id":"https:\/\/woodfield.nl\/#website","url":"https:\/\/woodfield.nl\/","name":"Woodfield - alles voor schilder en stukadoor","description":"","potentialAction":[{"@type":"SearchAction","target":{"@type":"EntryPoint","urlTemplate":"https:\/\/woodfield.nl\/?s={search_term_string}"},"query-input":{"@type":"PropertyValueSpecification","valueRequired":true,"valueName":"search_term_string"}}],"inLanguage":"pl-PL"}]}},"_links":{"self":[{"href":"https:\/\/woodfield.nl\/pl\/wp-json\/wp\/v2\/pages\/21388","targetHints":{"allow":["GET"]}}],"collection":[{"href":"https:\/\/woodfield.nl\/pl\/wp-json\/wp\/v2\/pages"}],"about":[{"href":"https:\/\/woodfield.nl\/pl\/wp-json\/wp\/v2\/types\/page"}],"author":[{"embeddable":true,"href":"https:\/\/woodfield.nl\/pl\/wp-json\/wp\/v2\/users\/3"}],"replies":[{"embeddable":true,"href":"https:\/\/woodfield.nl\/pl\/wp-json\/wp\/v2\/comments?post=21388"}],"version-history":[{"count":0,"href":"https:\/\/woodfield.nl\/pl\/wp-json\/wp\/v2\/pages\/21388\/revisions"}],"up":[{"embeddable":true,"href":"https:\/\/woodfield.nl\/pl\/wp-json\/wp\/v2\/pages\/16194"}],"wp:attachment":[{"href":"https:\/\/woodfield.nl\/pl\/wp-json\/wp\/v2\/media?parent=21388"}],"curies":[{"name":"wp","href":"https:\/\/api.w.org\/{rel}","templated":true}]}}