{"id":21177,"date":"2022-04-06T20:40:43","date_gmt":"2022-04-06T18:40:43","guid":{"rendered":"https:\/\/woodfield.nl\/?page_id=21177"},"modified":"2022-04-06T20:40:43","modified_gmt":"2022-04-06T18:40:43","slug":"serwis","status":"publish","type":"page","link":"https:\/\/woodfield.nl\/pl\/serwis","title":{"rendered":"Service"},"content":{"rendered":"","protected":false},"excerpt":{"rendered":"","protected":false},"author":3,"featured_media":0,"parent":0,"menu_order":12,"comment_status":"closed","ping_status":"closed","template":"page.php","meta":{"_acf_changed":false,"footnotes":""},"class_list":["entry","page","publish","author-woodfield","post-21177","hentry"],"acf":[],"yoast_head":"<!-- This site is optimized with the Yoast SEO plugin v26.5 - https:\/\/yoast.com\/wordpress\/plugins\/seo\/ -->\n<title>Us\u0142ugi Woodfield - co Woodfield oznacza dla Ciebie<\/title>\n<meta name=\"description\" content=\"Sprawd\u017a us\u0142ugi Woodfield: dostawa, wynajem i serwis naprawczy. Sprawd\u017a, co jest dost\u0119pne w Twojej okolicy.\" \/>\n<meta name=\"robots\" content=\"index, follow, max-snippet:-1, max-image-preview:large, max-video-preview:-1\" \/>\n<link rel=\"canonical\" href=\"https:\/\/woodfield.nl\/pl\/serwis\" \/>\n<meta property=\"og:locale\" content=\"pl_PL\" \/>\n<meta property=\"og:type\" content=\"article\" \/>\n<meta property=\"og:title\" content=\"Us\u0142ugi Woodfield - co Woodfield oznacza dla Ciebie\" \/>\n<meta property=\"og:description\" content=\"Sprawd\u017a us\u0142ugi Woodfield: dostawa, wynajem i serwis naprawczy. Sprawd\u017a, co jest dost\u0119pne w Twojej okolicy.\" \/>\n<meta property=\"og:url\" content=\"https:\/\/woodfield.nl\/pl\/serwis\" \/>\n<meta property=\"og:site_name\" content=\"Woodfield - alles voor schilder en stukadoor\" \/>\n<script type=\"application\/ld+json\" class=\"yoast-schema-graph\">{\"@context\":\"https:\/\/schema.org\",\"@graph\":[{\"@type\":\"WebPage\",\"@id\":\"https:\/\/woodfield.nl\/pl\/serwis\",\"url\":\"https:\/\/woodfield.nl\/pl\/serwis\",\"name\":\"Us\u0142ugi Woodfield - co Woodfield oznacza dla Ciebie\",\"isPartOf\":{\"@id\":\"https:\/\/woodfield.nl\/#website\"},\"datePublished\":\"2022-04-06T18:40:43+00:00\",\"description\":\"Sprawd\u017a us\u0142ugi Woodfield: dostawa, wynajem i serwis naprawczy. Sprawd\u017a, co jest dost\u0119pne w Twojej okolicy.\",\"inLanguage\":\"pl-PL\",\"potentialAction\":[{\"@type\":\"ReadAction\",\"target\":[\"https:\/\/woodfield.nl\/pl\/serwis\"]}]},{\"@type\":\"WebSite\",\"@id\":\"https:\/\/woodfield.nl\/#website\",\"url\":\"https:\/\/woodfield.nl\/\",\"name\":\"Woodfield - alles voor schilder en stukadoor\",\"description\":\"\",\"potentialAction\":[{\"@type\":\"SearchAction\",\"target\":{\"@type\":\"EntryPoint\",\"urlTemplate\":\"https:\/\/woodfield.nl\/?s={search_term_string}\"},\"query-input\":{\"@type\":\"PropertyValueSpecification\",\"valueRequired\":true,\"valueName\":\"search_term_string\"}}],\"inLanguage\":\"pl-PL\"}]}<\/script>\n<!-- \/ Yoast SEO plugin. -->","yoast_head_json":{"title":"Us\u0142ugi Woodfield - co Woodfield oznacza dla Ciebie","description":"Sprawd\u017a us\u0142ugi Woodfield: dostawa, wynajem i serwis naprawczy. Sprawd\u017a, co jest dost\u0119pne w Twojej okolicy.","robots":{"index":"index","follow":"follow","max-snippet":"max-snippet:-1","max-image-preview":"max-image-preview:large","max-video-preview":"max-video-preview:-1"},"canonical":"https:\/\/woodfield.nl\/pl\/serwis","og_locale":"pl_PL","og_type":"article","og_title":"Us\u0142ugi Woodfield - co Woodfield oznacza dla Ciebie","og_description":"Sprawd\u017a us\u0142ugi Woodfield: dostawa, wynajem i serwis naprawczy. Sprawd\u017a, co jest dost\u0119pne w Twojej okolicy.","og_url":"https:\/\/woodfield.nl\/pl\/serwis","og_site_name":"Woodfield - alles voor schilder en stukadoor","schema":{"@context":"https:\/\/schema.org","@graph":[{"@type":"WebPage","@id":"https:\/\/woodfield.nl\/pl\/serwis","url":"https:\/\/woodfield.nl\/pl\/serwis","name":"Us\u0142ugi Woodfield - co Woodfield oznacza dla Ciebie","isPartOf":{"@id":"https:\/\/woodfield.nl\/#website"},"datePublished":"2022-04-06T18:40:43+00:00","description":"Sprawd\u017a us\u0142ugi Woodfield: dostawa, wynajem i serwis naprawczy. Sprawd\u017a, co jest dost\u0119pne w Twojej okolicy.","inLanguage":"pl-PL","potentialAction":[{"@type":"ReadAction","target":["https:\/\/woodfield.nl\/pl\/serwis"]}]},{"@type":"WebSite","@id":"https:\/\/woodfield.nl\/#website","url":"https:\/\/woodfield.nl\/","name":"Woodfield - alles voor schilder en stukadoor","description":"","potentialAction":[{"@type":"SearchAction","target":{"@type":"EntryPoint","urlTemplate":"https:\/\/woodfield.nl\/?s={search_term_string}"},"query-input":{"@type":"PropertyValueSpecification","valueRequired":true,"valueName":"search_term_string"}}],"inLanguage":"pl-PL"}]}},"_links":{"self":[{"href":"https:\/\/woodfield.nl\/pl\/wp-json\/wp\/v2\/pages\/21177","targetHints":{"allow":["GET"]}}],"collection":[{"href":"https:\/\/woodfield.nl\/pl\/wp-json\/wp\/v2\/pages"}],"about":[{"href":"https:\/\/woodfield.nl\/pl\/wp-json\/wp\/v2\/types\/page"}],"author":[{"embeddable":true,"href":"https:\/\/woodfield.nl\/pl\/wp-json\/wp\/v2\/users\/3"}],"replies":[{"embeddable":true,"href":"https:\/\/woodfield.nl\/pl\/wp-json\/wp\/v2\/comments?post=21177"}],"version-history":[{"count":0,"href":"https:\/\/woodfield.nl\/pl\/wp-json\/wp\/v2\/pages\/21177\/revisions"}],"wp:attachment":[{"href":"https:\/\/woodfield.nl\/pl\/wp-json\/wp\/v2\/media?parent=21177"}],"curies":[{"name":"wp","href":"https:\/\/api.w.org\/{rel}","templated":true}]}}