{"id":19762,"date":"2021-04-30T15:06:37","date_gmt":"2021-04-30T13:06:37","guid":{"rendered":"https:\/\/woodfield.nl\/asortyment-woodfield\/tasmy-i-materialy-oslonowe\/woodfield-window-protect"},"modified":"2021-04-30T15:06:37","modified_gmt":"2021-04-30T13:06:37","slug":"woodfield-window-protect","status":"publish","type":"page","link":"https:\/\/woodfield.nl\/pl\/asortyment-woodfield\/tasmy-i-materialy-oslonowe\/woodfield-window-protect","title":{"rendered":"Stucloper &amp; Afdekmaterialen \u2013 Woodfield Window Protect"},"content":{"rendered":"","protected":false},"excerpt":{"rendered":"","protected":false},"author":3,"featured_media":0,"parent":17951,"menu_order":201,"comment_status":"closed","ping_status":"closed","template":"page.php","meta":{"_acf_changed":false,"footnotes":""},"class_list":["entry","page","publish","author-woodfield","post-19762","hentry"],"acf":[],"yoast_head":"<!-- This site is optimized with the Yoast SEO plugin v26.5 - https:\/\/yoast.com\/wordpress\/plugins\/seo\/ -->\n<title>W Woodfield bez trudu kupisz Woodfield Window Protect!<\/title>\n<meta name=\"description\" content=\"Woodfield Window Protect - szukasz elastycznej pow\u0142oki ochronnej do szyb? W takim razie Woodfield Window Protect jest w\u0142a\u015bciwym rozwi\u0105zaniem.\" \/>\n<meta name=\"robots\" content=\"index, follow, max-snippet:-1, max-image-preview:large, max-video-preview:-1\" \/>\n<link rel=\"canonical\" href=\"https:\/\/woodfield.nl\/pl\/asortyment-woodfield\/tasmy-i-materialy-oslonowe\/woodfield-window-protect\" \/>\n<meta property=\"og:locale\" content=\"pl_PL\" \/>\n<meta property=\"og:type\" content=\"article\" \/>\n<meta property=\"og:title\" content=\"W Woodfield bez trudu kupisz Woodfield Window Protect!\" \/>\n<meta property=\"og:description\" content=\"Woodfield Window Protect - szukasz elastycznej pow\u0142oki ochronnej do szyb? W takim razie Woodfield Window Protect jest w\u0142a\u015bciwym rozwi\u0105zaniem.\" \/>\n<meta property=\"og:url\" content=\"https:\/\/woodfield.nl\/pl\/asortyment-woodfield\/tasmy-i-materialy-oslonowe\/woodfield-window-protect\" \/>\n<meta property=\"og:site_name\" content=\"Woodfield - alles voor schilder en stukadoor\" \/>\n<script type=\"application\/ld+json\" class=\"yoast-schema-graph\">{\"@context\":\"https:\/\/schema.org\",\"@graph\":[{\"@type\":\"WebPage\",\"@id\":\"https:\/\/woodfield.nl\/pl\/asortyment-woodfield\/tasmy-i-materialy-oslonowe\/woodfield-window-protect\",\"url\":\"https:\/\/woodfield.nl\/pl\/asortyment-woodfield\/tasmy-i-materialy-oslonowe\/woodfield-window-protect\",\"name\":\"W Woodfield bez trudu kupisz Woodfield Window Protect!\",\"isPartOf\":{\"@id\":\"https:\/\/woodfield.nl\/#website\"},\"datePublished\":\"2021-04-30T13:06:37+00:00\",\"description\":\"Woodfield Window Protect - szukasz elastycznej pow\u0142oki ochronnej do szyb? W takim razie Woodfield Window Protect jest w\u0142a\u015bciwym rozwi\u0105zaniem.\",\"breadcrumb\":{\"@id\":\"https:\/\/woodfield.nl\/pl\/asortyment-woodfield\/tasmy-i-materialy-oslonowe\/woodfield-window-protect#breadcrumb\"},\"inLanguage\":\"pl-PL\",\"potentialAction\":[{\"@type\":\"ReadAction\",\"target\":[\"https:\/\/woodfield.nl\/pl\/asortyment-woodfield\/tasmy-i-materialy-oslonowe\/woodfield-window-protect\"]}]},{\"@type\":\"BreadcrumbList\",\"@id\":\"https:\/\/woodfield.nl\/pl\/asortyment-woodfield\/tasmy-i-materialy-oslonowe\/woodfield-window-protect#breadcrumb\",\"itemListElement\":[{\"@type\":\"ListItem\",\"position\":1,\"name\":\"Assortiment\",\"item\":\"https:\/\/woodfield.nl\/pl\/asortyment-woodfield\"},{\"@type\":\"ListItem\",\"position\":2,\"name\":\"stucloper-afdekmaterialen\",\"item\":\"https:\/\/woodfield.nl\/pl\/asortyment-woodfield\/tasmy-i-materialy-oslonowe\"},{\"@type\":\"ListItem\",\"position\":3,\"name\":\"Stucloper &amp; Afdekmaterialen \u2013 Woodfield Window Protect\"}]},{\"@type\":\"WebSite\",\"@id\":\"https:\/\/woodfield.nl\/#website\",\"url\":\"https:\/\/woodfield.nl\/\",\"name\":\"Woodfield - alles voor schilder en stukadoor\",\"description\":\"\",\"potentialAction\":[{\"@type\":\"SearchAction\",\"target\":{\"@type\":\"EntryPoint\",\"urlTemplate\":\"https:\/\/woodfield.nl\/?s={search_term_string}\"},\"query-input\":{\"@type\":\"PropertyValueSpecification\",\"valueRequired\":true,\"valueName\":\"search_term_string\"}}],\"inLanguage\":\"pl-PL\"}]}<\/script>\n<!-- \/ Yoast SEO plugin. -->","yoast_head_json":{"title":"W Woodfield bez trudu kupisz Woodfield Window Protect!","description":"Woodfield Window Protect - szukasz elastycznej pow\u0142oki ochronnej do szyb? W takim razie Woodfield Window Protect jest w\u0142a\u015bciwym rozwi\u0105zaniem.","robots":{"index":"index","follow":"follow","max-snippet":"max-snippet:-1","max-image-preview":"max-image-preview:large","max-video-preview":"max-video-preview:-1"},"canonical":"https:\/\/woodfield.nl\/pl\/asortyment-woodfield\/tasmy-i-materialy-oslonowe\/woodfield-window-protect","og_locale":"pl_PL","og_type":"article","og_title":"W Woodfield bez trudu kupisz Woodfield Window Protect!","og_description":"Woodfield Window Protect - szukasz elastycznej pow\u0142oki ochronnej do szyb? W takim razie Woodfield Window Protect jest w\u0142a\u015bciwym rozwi\u0105zaniem.","og_url":"https:\/\/woodfield.nl\/pl\/asortyment-woodfield\/tasmy-i-materialy-oslonowe\/woodfield-window-protect","og_site_name":"Woodfield - alles voor schilder en stukadoor","schema":{"@context":"https:\/\/schema.org","@graph":[{"@type":"WebPage","@id":"https:\/\/woodfield.nl\/pl\/asortyment-woodfield\/tasmy-i-materialy-oslonowe\/woodfield-window-protect","url":"https:\/\/woodfield.nl\/pl\/asortyment-woodfield\/tasmy-i-materialy-oslonowe\/woodfield-window-protect","name":"W Woodfield bez trudu kupisz Woodfield Window Protect!","isPartOf":{"@id":"https:\/\/woodfield.nl\/#website"},"datePublished":"2021-04-30T13:06:37+00:00","description":"Woodfield Window Protect - szukasz elastycznej pow\u0142oki ochronnej do szyb? W takim razie Woodfield Window Protect jest w\u0142a\u015bciwym rozwi\u0105zaniem.","breadcrumb":{"@id":"https:\/\/woodfield.nl\/pl\/asortyment-woodfield\/tasmy-i-materialy-oslonowe\/woodfield-window-protect#breadcrumb"},"inLanguage":"pl-PL","potentialAction":[{"@type":"ReadAction","target":["https:\/\/woodfield.nl\/pl\/asortyment-woodfield\/tasmy-i-materialy-oslonowe\/woodfield-window-protect"]}]},{"@type":"BreadcrumbList","@id":"https:\/\/woodfield.nl\/pl\/asortyment-woodfield\/tasmy-i-materialy-oslonowe\/woodfield-window-protect#breadcrumb","itemListElement":[{"@type":"ListItem","position":1,"name":"Assortiment","item":"https:\/\/woodfield.nl\/pl\/asortyment-woodfield"},{"@type":"ListItem","position":2,"name":"stucloper-afdekmaterialen","item":"https:\/\/woodfield.nl\/pl\/asortyment-woodfield\/tasmy-i-materialy-oslonowe"},{"@type":"ListItem","position":3,"name":"Stucloper &amp; Afdekmaterialen \u2013 Woodfield Window Protect"}]},{"@type":"WebSite","@id":"https:\/\/woodfield.nl\/#website","url":"https:\/\/woodfield.nl\/","name":"Woodfield - alles voor schilder en stukadoor","description":"","potentialAction":[{"@type":"SearchAction","target":{"@type":"EntryPoint","urlTemplate":"https:\/\/woodfield.nl\/?s={search_term_string}"},"query-input":{"@type":"PropertyValueSpecification","valueRequired":true,"valueName":"search_term_string"}}],"inLanguage":"pl-PL"}]}},"_links":{"self":[{"href":"https:\/\/woodfield.nl\/pl\/wp-json\/wp\/v2\/pages\/19762","targetHints":{"allow":["GET"]}}],"collection":[{"href":"https:\/\/woodfield.nl\/pl\/wp-json\/wp\/v2\/pages"}],"about":[{"href":"https:\/\/woodfield.nl\/pl\/wp-json\/wp\/v2\/types\/page"}],"author":[{"embeddable":true,"href":"https:\/\/woodfield.nl\/pl\/wp-json\/wp\/v2\/users\/3"}],"replies":[{"embeddable":true,"href":"https:\/\/woodfield.nl\/pl\/wp-json\/wp\/v2\/comments?post=19762"}],"version-history":[{"count":0,"href":"https:\/\/woodfield.nl\/pl\/wp-json\/wp\/v2\/pages\/19762\/revisions"}],"up":[{"embeddable":true,"href":"https:\/\/woodfield.nl\/pl\/wp-json\/wp\/v2\/pages\/17951"}],"wp:attachment":[{"href":"https:\/\/woodfield.nl\/pl\/wp-json\/wp\/v2\/media?parent=19762"}],"curies":[{"name":"wp","href":"https:\/\/api.w.org\/{rel}","templated":true}]}}