{"id":18070,"date":"2021-03-16T18:20:31","date_gmt":"2021-03-16T17:20:31","guid":{"rendered":"https:\/\/woodfield.nl\/zusex"},"modified":"2021-03-16T18:20:31","modified_gmt":"2021-03-16T17:20:31","slug":"zusex","status":"publish","type":"page","link":"https:\/\/woodfield.nl\/pl\/asortyment-woodfield\/klejenia-i-obrobki-drewna\/zusex","title":{"rendered":"Kitten en Houtbewerking \u2013 Zusex"},"content":{"rendered":"","protected":false},"excerpt":{"rendered":"","protected":false},"author":3,"featured_media":0,"parent":18072,"menu_order":342,"comment_status":"closed","ping_status":"closed","template":"page.php","meta":{"_acf_changed":false,"footnotes":""},"class_list":["entry","page","publish","author-woodfield","post-18070","hentry"],"acf":[],"yoast_head":"<!-- This site is optimized with the Yoast SEO plugin v26.5 - https:\/\/yoast.com\/wordpress\/plugins\/seo\/ -->\n<title>Woodfield - uszczelniacze i produkty do obr\u00f3bki drewna firmy Zusex w Woodfield<\/title>\n<meta name=\"description\" content=\"W Woodfield znajdziesz szeroki wyb\u00f3r uszczelniaczy i produkt\u00f3w do obr\u00f3bki drewna marki Zusex. Zapraszamy do zapoznania si\u0119 z ofert\u0105 w naszych oddzia\u0142a\" \/>\n<meta name=\"robots\" content=\"index, follow, max-snippet:-1, max-image-preview:large, max-video-preview:-1\" \/>\n<link rel=\"canonical\" href=\"https:\/\/woodfield.nl\/pl\/asortyment-woodfield\/klejenia-i-obrobki-drewna\/zusex\" \/>\n<meta property=\"og:locale\" content=\"pl_PL\" \/>\n<meta property=\"og:type\" content=\"article\" \/>\n<meta property=\"og:title\" content=\"Woodfield - uszczelniacze i produkty do obr\u00f3bki drewna firmy Zusex w Woodfield\" \/>\n<meta property=\"og:description\" content=\"W Woodfield znajdziesz szeroki wyb\u00f3r uszczelniaczy i produkt\u00f3w do obr\u00f3bki drewna marki Zusex. Zapraszamy do zapoznania si\u0119 z ofert\u0105 w naszych oddzia\u0142a\" \/>\n<meta property=\"og:url\" content=\"https:\/\/woodfield.nl\/pl\/asortyment-woodfield\/klejenia-i-obrobki-drewna\/zusex\" \/>\n<meta property=\"og:site_name\" content=\"Woodfield - alles voor schilder en stukadoor\" \/>\n<script type=\"application\/ld+json\" class=\"yoast-schema-graph\">{\"@context\":\"https:\/\/schema.org\",\"@graph\":[{\"@type\":\"WebPage\",\"@id\":\"https:\/\/woodfield.nl\/pl\/asortyment-woodfield\/klejenia-i-obrobki-drewna\/zusex\",\"url\":\"https:\/\/woodfield.nl\/pl\/asortyment-woodfield\/klejenia-i-obrobki-drewna\/zusex\",\"name\":\"Woodfield - uszczelniacze i produkty do obr\u00f3bki drewna firmy Zusex w Woodfield\",\"isPartOf\":{\"@id\":\"https:\/\/woodfield.nl\/#website\"},\"datePublished\":\"2021-03-16T17:20:31+00:00\",\"description\":\"W Woodfield znajdziesz szeroki wyb\u00f3r uszczelniaczy i produkt\u00f3w do obr\u00f3bki drewna marki Zusex. Zapraszamy do zapoznania si\u0119 z ofert\u0105 w naszych oddzia\u0142a\",\"breadcrumb\":{\"@id\":\"https:\/\/woodfield.nl\/pl\/asortyment-woodfield\/klejenia-i-obrobki-drewna\/zusex#breadcrumb\"},\"inLanguage\":\"pl-PL\",\"potentialAction\":[{\"@type\":\"ReadAction\",\"target\":[\"https:\/\/woodfield.nl\/pl\/asortyment-woodfield\/klejenia-i-obrobki-drewna\/zusex\"]}]},{\"@type\":\"BreadcrumbList\",\"@id\":\"https:\/\/woodfield.nl\/pl\/asortyment-woodfield\/klejenia-i-obrobki-drewna\/zusex#breadcrumb\",\"itemListElement\":[{\"@type\":\"ListItem\",\"position\":1,\"name\":\"Assortiment\",\"item\":\"https:\/\/woodfield.nl\/pl\/asortyment-woodfield\"},{\"@type\":\"ListItem\",\"position\":2,\"name\":\"klejenia i obr\u00f3bki drewna\",\"item\":\"https:\/\/woodfield.nl\/pl\/asortyment-woodfield\/klejenia-i-obrobki-drewna\"},{\"@type\":\"ListItem\",\"position\":3,\"name\":\"Kitten en Houtbewerking \u2013 Zusex\"}]},{\"@type\":\"WebSite\",\"@id\":\"https:\/\/woodfield.nl\/#website\",\"url\":\"https:\/\/woodfield.nl\/\",\"name\":\"Woodfield - alles voor schilder en stukadoor\",\"description\":\"\",\"potentialAction\":[{\"@type\":\"SearchAction\",\"target\":{\"@type\":\"EntryPoint\",\"urlTemplate\":\"https:\/\/woodfield.nl\/?s={search_term_string}\"},\"query-input\":{\"@type\":\"PropertyValueSpecification\",\"valueRequired\":true,\"valueName\":\"search_term_string\"}}],\"inLanguage\":\"pl-PL\"}]}<\/script>\n<!-- \/ Yoast SEO plugin. -->","yoast_head_json":{"title":"Woodfield - uszczelniacze i produkty do obr\u00f3bki drewna firmy Zusex w Woodfield","description":"W Woodfield znajdziesz szeroki wyb\u00f3r uszczelniaczy i produkt\u00f3w do obr\u00f3bki drewna marki Zusex. Zapraszamy do zapoznania si\u0119 z ofert\u0105 w naszych oddzia\u0142a","robots":{"index":"index","follow":"follow","max-snippet":"max-snippet:-1","max-image-preview":"max-image-preview:large","max-video-preview":"max-video-preview:-1"},"canonical":"https:\/\/woodfield.nl\/pl\/asortyment-woodfield\/klejenia-i-obrobki-drewna\/zusex","og_locale":"pl_PL","og_type":"article","og_title":"Woodfield - uszczelniacze i produkty do obr\u00f3bki drewna firmy Zusex w Woodfield","og_description":"W Woodfield znajdziesz szeroki wyb\u00f3r uszczelniaczy i produkt\u00f3w do obr\u00f3bki drewna marki Zusex. Zapraszamy do zapoznania si\u0119 z ofert\u0105 w naszych oddzia\u0142a","og_url":"https:\/\/woodfield.nl\/pl\/asortyment-woodfield\/klejenia-i-obrobki-drewna\/zusex","og_site_name":"Woodfield - alles voor schilder en stukadoor","schema":{"@context":"https:\/\/schema.org","@graph":[{"@type":"WebPage","@id":"https:\/\/woodfield.nl\/pl\/asortyment-woodfield\/klejenia-i-obrobki-drewna\/zusex","url":"https:\/\/woodfield.nl\/pl\/asortyment-woodfield\/klejenia-i-obrobki-drewna\/zusex","name":"Woodfield - uszczelniacze i produkty do obr\u00f3bki drewna firmy Zusex w Woodfield","isPartOf":{"@id":"https:\/\/woodfield.nl\/#website"},"datePublished":"2021-03-16T17:20:31+00:00","description":"W Woodfield znajdziesz szeroki wyb\u00f3r uszczelniaczy i produkt\u00f3w do obr\u00f3bki drewna marki Zusex. Zapraszamy do zapoznania si\u0119 z ofert\u0105 w naszych oddzia\u0142a","breadcrumb":{"@id":"https:\/\/woodfield.nl\/pl\/asortyment-woodfield\/klejenia-i-obrobki-drewna\/zusex#breadcrumb"},"inLanguage":"pl-PL","potentialAction":[{"@type":"ReadAction","target":["https:\/\/woodfield.nl\/pl\/asortyment-woodfield\/klejenia-i-obrobki-drewna\/zusex"]}]},{"@type":"BreadcrumbList","@id":"https:\/\/woodfield.nl\/pl\/asortyment-woodfield\/klejenia-i-obrobki-drewna\/zusex#breadcrumb","itemListElement":[{"@type":"ListItem","position":1,"name":"Assortiment","item":"https:\/\/woodfield.nl\/pl\/asortyment-woodfield"},{"@type":"ListItem","position":2,"name":"klejenia i obr\u00f3bki drewna","item":"https:\/\/woodfield.nl\/pl\/asortyment-woodfield\/klejenia-i-obrobki-drewna"},{"@type":"ListItem","position":3,"name":"Kitten en Houtbewerking \u2013 Zusex"}]},{"@type":"WebSite","@id":"https:\/\/woodfield.nl\/#website","url":"https:\/\/woodfield.nl\/","name":"Woodfield - alles voor schilder en stukadoor","description":"","potentialAction":[{"@type":"SearchAction","target":{"@type":"EntryPoint","urlTemplate":"https:\/\/woodfield.nl\/?s={search_term_string}"},"query-input":{"@type":"PropertyValueSpecification","valueRequired":true,"valueName":"search_term_string"}}],"inLanguage":"pl-PL"}]}},"_links":{"self":[{"href":"https:\/\/woodfield.nl\/pl\/wp-json\/wp\/v2\/pages\/18070","targetHints":{"allow":["GET"]}}],"collection":[{"href":"https:\/\/woodfield.nl\/pl\/wp-json\/wp\/v2\/pages"}],"about":[{"href":"https:\/\/woodfield.nl\/pl\/wp-json\/wp\/v2\/types\/page"}],"author":[{"embeddable":true,"href":"https:\/\/woodfield.nl\/pl\/wp-json\/wp\/v2\/users\/3"}],"replies":[{"embeddable":true,"href":"https:\/\/woodfield.nl\/pl\/wp-json\/wp\/v2\/comments?post=18070"}],"version-history":[{"count":0,"href":"https:\/\/woodfield.nl\/pl\/wp-json\/wp\/v2\/pages\/18070\/revisions"}],"up":[{"embeddable":true,"href":"https:\/\/woodfield.nl\/pl\/wp-json\/wp\/v2\/pages\/18072"}],"wp:attachment":[{"href":"https:\/\/woodfield.nl\/pl\/wp-json\/wp\/v2\/media?parent=18070"}],"curies":[{"name":"wp","href":"https:\/\/api.w.org\/{rel}","templated":true}]}}