{"id":18067,"date":"2021-03-16T18:10:55","date_gmt":"2021-03-16T17:10:55","guid":{"rendered":"https:\/\/woodfield.nl\/repair-care"},"modified":"2021-03-16T18:10:55","modified_gmt":"2021-03-16T17:10:55","slug":"repair-care","status":"publish","type":"page","link":"https:\/\/woodfield.nl\/pl\/asortyment-woodfield\/klejenia-i-obrobki-drewna\/repair-care","title":{"rendered":"Kitten en Houtbewerking \u2013 Repair Care"},"content":{"rendered":"","protected":false},"excerpt":{"rendered":"","protected":false},"author":1,"featured_media":0,"parent":18072,"menu_order":345,"comment_status":"closed","ping_status":"closed","template":"page.php","meta":{"_acf_changed":false,"footnotes":""},"class_list":["entry","page","publish","author-dennis","post-18067","hentry"],"acf":[],"yoast_head":"<!-- This site is optimized with the Yoast SEO plugin v26.5 - https:\/\/yoast.com\/wordpress\/plugins\/seo\/ -->\n<title>Woodfield - uszczelniacze i produkty do obr\u00f3bki drewna firmy Repair Care<\/title>\n<meta name=\"description\" content=\"Firma Woodfield od wielu lat jest uznanym dealerem produkt\u00f3w Repair Care. Je\u015bli szukasz produkt\u00f3w Repair Care, koniecznie nas odwied\u017a.\" \/>\n<meta name=\"robots\" content=\"index, follow, max-snippet:-1, max-image-preview:large, max-video-preview:-1\" \/>\n<link rel=\"canonical\" href=\"https:\/\/woodfield.nl\/pl\/asortyment-woodfield\/klejenia-i-obrobki-drewna\/repair-care\" \/>\n<meta property=\"og:locale\" content=\"pl_PL\" \/>\n<meta property=\"og:type\" content=\"article\" \/>\n<meta property=\"og:title\" content=\"Woodfield - uszczelniacze i produkty do obr\u00f3bki drewna firmy Repair Care\" \/>\n<meta property=\"og:description\" content=\"Firma Woodfield od wielu lat jest uznanym dealerem produkt\u00f3w Repair Care. Je\u015bli szukasz produkt\u00f3w Repair Care, koniecznie nas odwied\u017a.\" \/>\n<meta property=\"og:url\" content=\"https:\/\/woodfield.nl\/pl\/asortyment-woodfield\/klejenia-i-obrobki-drewna\/repair-care\" \/>\n<meta property=\"og:site_name\" content=\"Woodfield - alles voor schilder en stukadoor\" \/>\n<script type=\"application\/ld+json\" class=\"yoast-schema-graph\">{\"@context\":\"https:\/\/schema.org\",\"@graph\":[{\"@type\":\"WebPage\",\"@id\":\"https:\/\/woodfield.nl\/pl\/asortyment-woodfield\/klejenia-i-obrobki-drewna\/repair-care\",\"url\":\"https:\/\/woodfield.nl\/pl\/asortyment-woodfield\/klejenia-i-obrobki-drewna\/repair-care\",\"name\":\"Woodfield - uszczelniacze i produkty do obr\u00f3bki drewna firmy Repair Care\",\"isPartOf\":{\"@id\":\"https:\/\/woodfield.nl\/#website\"},\"datePublished\":\"2021-03-16T17:10:55+00:00\",\"description\":\"Firma Woodfield od wielu lat jest uznanym dealerem produkt\u00f3w Repair Care. Je\u015bli szukasz produkt\u00f3w Repair Care, koniecznie nas odwied\u017a.\",\"breadcrumb\":{\"@id\":\"https:\/\/woodfield.nl\/pl\/asortyment-woodfield\/klejenia-i-obrobki-drewna\/repair-care#breadcrumb\"},\"inLanguage\":\"pl-PL\",\"potentialAction\":[{\"@type\":\"ReadAction\",\"target\":[\"https:\/\/woodfield.nl\/pl\/asortyment-woodfield\/klejenia-i-obrobki-drewna\/repair-care\"]}]},{\"@type\":\"BreadcrumbList\",\"@id\":\"https:\/\/woodfield.nl\/pl\/asortyment-woodfield\/klejenia-i-obrobki-drewna\/repair-care#breadcrumb\",\"itemListElement\":[{\"@type\":\"ListItem\",\"position\":1,\"name\":\"Assortiment\",\"item\":\"https:\/\/woodfield.nl\/pl\/asortyment-woodfield\"},{\"@type\":\"ListItem\",\"position\":2,\"name\":\"klejenia i obr\u00f3bki drewna\",\"item\":\"https:\/\/woodfield.nl\/pl\/asortyment-woodfield\/klejenia-i-obrobki-drewna\"},{\"@type\":\"ListItem\",\"position\":3,\"name\":\"Kitten en Houtbewerking \u2013 Repair Care\"}]},{\"@type\":\"WebSite\",\"@id\":\"https:\/\/woodfield.nl\/#website\",\"url\":\"https:\/\/woodfield.nl\/\",\"name\":\"Woodfield - alles voor schilder en stukadoor\",\"description\":\"\",\"potentialAction\":[{\"@type\":\"SearchAction\",\"target\":{\"@type\":\"EntryPoint\",\"urlTemplate\":\"https:\/\/woodfield.nl\/?s={search_term_string}\"},\"query-input\":{\"@type\":\"PropertyValueSpecification\",\"valueRequired\":true,\"valueName\":\"search_term_string\"}}],\"inLanguage\":\"pl-PL\"}]}<\/script>\n<!-- \/ Yoast SEO plugin. -->","yoast_head_json":{"title":"Woodfield - uszczelniacze i produkty do obr\u00f3bki drewna firmy Repair Care","description":"Firma Woodfield od wielu lat jest uznanym dealerem produkt\u00f3w Repair Care. Je\u015bli szukasz produkt\u00f3w Repair Care, koniecznie nas odwied\u017a.","robots":{"index":"index","follow":"follow","max-snippet":"max-snippet:-1","max-image-preview":"max-image-preview:large","max-video-preview":"max-video-preview:-1"},"canonical":"https:\/\/woodfield.nl\/pl\/asortyment-woodfield\/klejenia-i-obrobki-drewna\/repair-care","og_locale":"pl_PL","og_type":"article","og_title":"Woodfield - uszczelniacze i produkty do obr\u00f3bki drewna firmy Repair Care","og_description":"Firma Woodfield od wielu lat jest uznanym dealerem produkt\u00f3w Repair Care. Je\u015bli szukasz produkt\u00f3w Repair Care, koniecznie nas odwied\u017a.","og_url":"https:\/\/woodfield.nl\/pl\/asortyment-woodfield\/klejenia-i-obrobki-drewna\/repair-care","og_site_name":"Woodfield - alles voor schilder en stukadoor","schema":{"@context":"https:\/\/schema.org","@graph":[{"@type":"WebPage","@id":"https:\/\/woodfield.nl\/pl\/asortyment-woodfield\/klejenia-i-obrobki-drewna\/repair-care","url":"https:\/\/woodfield.nl\/pl\/asortyment-woodfield\/klejenia-i-obrobki-drewna\/repair-care","name":"Woodfield - uszczelniacze i produkty do obr\u00f3bki drewna firmy Repair Care","isPartOf":{"@id":"https:\/\/woodfield.nl\/#website"},"datePublished":"2021-03-16T17:10:55+00:00","description":"Firma Woodfield od wielu lat jest uznanym dealerem produkt\u00f3w Repair Care. Je\u015bli szukasz produkt\u00f3w Repair Care, koniecznie nas odwied\u017a.","breadcrumb":{"@id":"https:\/\/woodfield.nl\/pl\/asortyment-woodfield\/klejenia-i-obrobki-drewna\/repair-care#breadcrumb"},"inLanguage":"pl-PL","potentialAction":[{"@type":"ReadAction","target":["https:\/\/woodfield.nl\/pl\/asortyment-woodfield\/klejenia-i-obrobki-drewna\/repair-care"]}]},{"@type":"BreadcrumbList","@id":"https:\/\/woodfield.nl\/pl\/asortyment-woodfield\/klejenia-i-obrobki-drewna\/repair-care#breadcrumb","itemListElement":[{"@type":"ListItem","position":1,"name":"Assortiment","item":"https:\/\/woodfield.nl\/pl\/asortyment-woodfield"},{"@type":"ListItem","position":2,"name":"klejenia i obr\u00f3bki drewna","item":"https:\/\/woodfield.nl\/pl\/asortyment-woodfield\/klejenia-i-obrobki-drewna"},{"@type":"ListItem","position":3,"name":"Kitten en Houtbewerking \u2013 Repair Care"}]},{"@type":"WebSite","@id":"https:\/\/woodfield.nl\/#website","url":"https:\/\/woodfield.nl\/","name":"Woodfield - alles voor schilder en stukadoor","description":"","potentialAction":[{"@type":"SearchAction","target":{"@type":"EntryPoint","urlTemplate":"https:\/\/woodfield.nl\/?s={search_term_string}"},"query-input":{"@type":"PropertyValueSpecification","valueRequired":true,"valueName":"search_term_string"}}],"inLanguage":"pl-PL"}]}},"_links":{"self":[{"href":"https:\/\/woodfield.nl\/pl\/wp-json\/wp\/v2\/pages\/18067","targetHints":{"allow":["GET"]}}],"collection":[{"href":"https:\/\/woodfield.nl\/pl\/wp-json\/wp\/v2\/pages"}],"about":[{"href":"https:\/\/woodfield.nl\/pl\/wp-json\/wp\/v2\/types\/page"}],"author":[{"embeddable":true,"href":"https:\/\/woodfield.nl\/pl\/wp-json\/wp\/v2\/users\/1"}],"replies":[{"embeddable":true,"href":"https:\/\/woodfield.nl\/pl\/wp-json\/wp\/v2\/comments?post=18067"}],"version-history":[{"count":0,"href":"https:\/\/woodfield.nl\/pl\/wp-json\/wp\/v2\/pages\/18067\/revisions"}],"up":[{"embeddable":true,"href":"https:\/\/woodfield.nl\/pl\/wp-json\/wp\/v2\/pages\/18072"}],"wp:attachment":[{"href":"https:\/\/woodfield.nl\/pl\/wp-json\/wp\/v2\/media?parent=18067"}],"curies":[{"name":"wp","href":"https:\/\/api.w.org\/{rel}","templated":true}]}}