{"id":18065,"date":"2021-08-26T16:07:16","date_gmt":"2021-08-26T14:07:16","guid":{"rendered":"https:\/\/woodfield.nl\/assortiment-woodfield\/machines-en-apparatuur\/mirka"},"modified":"2021-08-26T16:07:16","modified_gmt":"2021-08-26T14:07:16","slug":"mirka-2","status":"publish","type":"page","link":"https:\/\/woodfield.nl\/pl\/asortyment-woodfield\/maszyny-i-urzadzenia\/mirka-2","title":{"rendered":"Machines &amp; apparatuur \u2013 Mirka"},"content":{"rendered":"","protected":false},"excerpt":{"rendered":"","protected":false},"author":3,"featured_media":0,"parent":17995,"menu_order":83,"comment_status":"closed","ping_status":"closed","template":"page.php","meta":{"_acf_changed":false,"footnotes":""},"class_list":["entry","page","publish","author-woodfield","post-18065","hentry"],"acf":[],"yoast_head":"<!-- This site is optimized with the Yoast SEO plugin v26.5 - https:\/\/yoast.com\/wordpress\/plugins\/seo\/ -->\n<title>Woodfield - oferta sprz\u0119tu od marki Mirka.<\/title>\n<meta name=\"description\" content=\"Jeste\u015bcie Pa\u0144stwo ciekawi oferty urz\u0105dze\u0144 marki Mirka w Woodfield? Zapraszamy do odwiedzenia nas w jednym z naszych oddzia\u0142\u00f3w Woodfield.\" \/>\n<meta name=\"robots\" content=\"index, follow, max-snippet:-1, max-image-preview:large, max-video-preview:-1\" \/>\n<link rel=\"canonical\" href=\"https:\/\/woodfield.nl\/pl\/maszyny-i-urzadzenia\/mirka-2\" \/>\n<meta property=\"og:locale\" content=\"pl_PL\" \/>\n<meta property=\"og:type\" content=\"article\" \/>\n<meta property=\"og:title\" content=\"Woodfield - oferta sprz\u0119tu od marki Mirka.\" \/>\n<meta property=\"og:description\" content=\"Jeste\u015bcie Pa\u0144stwo ciekawi oferty urz\u0105dze\u0144 marki Mirka w Woodfield? Zapraszamy do odwiedzenia nas w jednym z naszych oddzia\u0142\u00f3w Woodfield.\" \/>\n<meta property=\"og:url\" content=\"https:\/\/woodfield.nl\/pl\/maszyny-i-urzadzenia\/mirka-2\" \/>\n<meta property=\"og:site_name\" content=\"Woodfield - alles voor schilder en stukadoor\" \/>\n<script type=\"application\/ld+json\" class=\"yoast-schema-graph\">{\"@context\":\"https:\/\/schema.org\",\"@graph\":[{\"@type\":\"WebPage\",\"@id\":\"https:\/\/woodfield.nl\/pl\/maszyny-i-urzadzenia\/mirka-2\",\"url\":\"https:\/\/woodfield.nl\/pl\/maszyny-i-urzadzenia\/mirka-2\",\"name\":\"Woodfield - oferta sprz\u0119tu od marki Mirka.\",\"isPartOf\":{\"@id\":\"https:\/\/woodfield.nl\/#website\"},\"datePublished\":\"2021-08-26T14:07:16+00:00\",\"description\":\"Jeste\u015bcie Pa\u0144stwo ciekawi oferty urz\u0105dze\u0144 marki Mirka w Woodfield? Zapraszamy do odwiedzenia nas w jednym z naszych oddzia\u0142\u00f3w Woodfield.\",\"breadcrumb\":{\"@id\":\"https:\/\/woodfield.nl\/pl\/maszyny-i-urzadzenia\/mirka-2#breadcrumb\"},\"inLanguage\":\"pl-PL\",\"potentialAction\":[{\"@type\":\"ReadAction\",\"target\":[\"https:\/\/woodfield.nl\/pl\/maszyny-i-urzadzenia\/mirka-2\"]}]},{\"@type\":\"BreadcrumbList\",\"@id\":\"https:\/\/woodfield.nl\/pl\/maszyny-i-urzadzenia\/mirka-2#breadcrumb\",\"itemListElement\":[{\"@type\":\"ListItem\",\"position\":1,\"name\":\"Machines en apparatuur\",\"item\":\"https:\/\/woodfield.nl\/pl\/maszyny-i-urzadzenia\"},{\"@type\":\"ListItem\",\"position\":2,\"name\":\"Machines &amp; apparatuur \u2013 Mirka\"}]},{\"@type\":\"WebSite\",\"@id\":\"https:\/\/woodfield.nl\/#website\",\"url\":\"https:\/\/woodfield.nl\/\",\"name\":\"Woodfield - alles voor schilder en stukadoor\",\"description\":\"\",\"potentialAction\":[{\"@type\":\"SearchAction\",\"target\":{\"@type\":\"EntryPoint\",\"urlTemplate\":\"https:\/\/woodfield.nl\/?s={search_term_string}\"},\"query-input\":{\"@type\":\"PropertyValueSpecification\",\"valueRequired\":true,\"valueName\":\"search_term_string\"}}],\"inLanguage\":\"pl-PL\"}]}<\/script>\n<!-- \/ Yoast SEO plugin. -->","yoast_head_json":{"title":"Woodfield - oferta sprz\u0119tu od marki Mirka.","description":"Jeste\u015bcie Pa\u0144stwo ciekawi oferty urz\u0105dze\u0144 marki Mirka w Woodfield? Zapraszamy do odwiedzenia nas w jednym z naszych oddzia\u0142\u00f3w Woodfield.","robots":{"index":"index","follow":"follow","max-snippet":"max-snippet:-1","max-image-preview":"max-image-preview:large","max-video-preview":"max-video-preview:-1"},"canonical":"https:\/\/woodfield.nl\/pl\/maszyny-i-urzadzenia\/mirka-2","og_locale":"pl_PL","og_type":"article","og_title":"Woodfield - oferta sprz\u0119tu od marki Mirka.","og_description":"Jeste\u015bcie Pa\u0144stwo ciekawi oferty urz\u0105dze\u0144 marki Mirka w Woodfield? Zapraszamy do odwiedzenia nas w jednym z naszych oddzia\u0142\u00f3w Woodfield.","og_url":"https:\/\/woodfield.nl\/pl\/maszyny-i-urzadzenia\/mirka-2","og_site_name":"Woodfield - alles voor schilder en stukadoor","schema":{"@context":"https:\/\/schema.org","@graph":[{"@type":"WebPage","@id":"https:\/\/woodfield.nl\/pl\/maszyny-i-urzadzenia\/mirka-2","url":"https:\/\/woodfield.nl\/pl\/maszyny-i-urzadzenia\/mirka-2","name":"Woodfield - oferta sprz\u0119tu od marki Mirka.","isPartOf":{"@id":"https:\/\/woodfield.nl\/#website"},"datePublished":"2021-08-26T14:07:16+00:00","description":"Jeste\u015bcie Pa\u0144stwo ciekawi oferty urz\u0105dze\u0144 marki Mirka w Woodfield? Zapraszamy do odwiedzenia nas w jednym z naszych oddzia\u0142\u00f3w Woodfield.","breadcrumb":{"@id":"https:\/\/woodfield.nl\/pl\/maszyny-i-urzadzenia\/mirka-2#breadcrumb"},"inLanguage":"pl-PL","potentialAction":[{"@type":"ReadAction","target":["https:\/\/woodfield.nl\/pl\/maszyny-i-urzadzenia\/mirka-2"]}]},{"@type":"BreadcrumbList","@id":"https:\/\/woodfield.nl\/pl\/maszyny-i-urzadzenia\/mirka-2#breadcrumb","itemListElement":[{"@type":"ListItem","position":1,"name":"Machines en apparatuur","item":"https:\/\/woodfield.nl\/pl\/maszyny-i-urzadzenia"},{"@type":"ListItem","position":2,"name":"Machines &amp; apparatuur \u2013 Mirka"}]},{"@type":"WebSite","@id":"https:\/\/woodfield.nl\/#website","url":"https:\/\/woodfield.nl\/","name":"Woodfield - alles voor schilder en stukadoor","description":"","potentialAction":[{"@type":"SearchAction","target":{"@type":"EntryPoint","urlTemplate":"https:\/\/woodfield.nl\/?s={search_term_string}"},"query-input":{"@type":"PropertyValueSpecification","valueRequired":true,"valueName":"search_term_string"}}],"inLanguage":"pl-PL"}]}},"_links":{"self":[{"href":"https:\/\/woodfield.nl\/pl\/wp-json\/wp\/v2\/pages\/18065","targetHints":{"allow":["GET"]}}],"collection":[{"href":"https:\/\/woodfield.nl\/pl\/wp-json\/wp\/v2\/pages"}],"about":[{"href":"https:\/\/woodfield.nl\/pl\/wp-json\/wp\/v2\/types\/page"}],"author":[{"embeddable":true,"href":"https:\/\/woodfield.nl\/pl\/wp-json\/wp\/v2\/users\/3"}],"replies":[{"embeddable":true,"href":"https:\/\/woodfield.nl\/pl\/wp-json\/wp\/v2\/comments?post=18065"}],"version-history":[{"count":0,"href":"https:\/\/woodfield.nl\/pl\/wp-json\/wp\/v2\/pages\/18065\/revisions"}],"up":[{"embeddable":true,"href":"https:\/\/woodfield.nl\/pl\/wp-json\/wp\/v2\/pages\/17995"}],"wp:attachment":[{"href":"https:\/\/woodfield.nl\/pl\/wp-json\/wp\/v2\/media?parent=18065"}],"curies":[{"name":"wp","href":"https:\/\/api.w.org\/{rel}","templated":true}]}}