{"id":18057,"date":"2025-09-18T09:36:07","date_gmt":"2025-09-18T07:36:07","guid":{"rendered":"https:\/\/woodfield.nl\/assortiment-woodfield\/machines-en-apparatuur\/festool"},"modified":"2025-09-18T09:36:07","modified_gmt":"2025-09-18T07:36:07","slug":"festool","status":"publish","type":"page","link":"https:\/\/woodfield.nl\/pl\/asortyment-woodfield\/maszyny-i-urzadzenia\/festool","title":{"rendered":"Machines &amp; apparatuur \u2013 Festool"},"content":{"rendered":"","protected":false},"excerpt":{"rendered":"","protected":false},"author":3,"featured_media":0,"parent":17995,"menu_order":188,"comment_status":"closed","ping_status":"closed","template":"page.php","meta":{"_acf_changed":false,"footnotes":""},"class_list":["entry","page","publish","author-woodfield","post-18057","hentry"],"acf":[],"yoast_head":"<!-- This site is optimized with the Yoast SEO plugin v26.5 - https:\/\/yoast.com\/wordpress\/plugins\/seo\/ -->\n<title>Woodfield - dealer Festool od lat<\/title>\n<meta name=\"description\" content=\"Czy szukaj\u0105 Pa\u0144stwo sprz\u0119tu i narz\u0119dzi firmy Festool? Je\u015bli tak, to w Woodfield trafili Pa\u0144stwo we w\u0142a\u015bciwe miejsce. Zapraszamy do odwiedzenia jednego\" \/>\n<meta name=\"robots\" content=\"index, follow, max-snippet:-1, max-image-preview:large, max-video-preview:-1\" \/>\n<link rel=\"canonical\" href=\"https:\/\/woodfield.nl\/pl\/asortyment-woodfield\/maszyny-i-urzadzenia\/festool\" \/>\n<meta property=\"og:locale\" content=\"pl_PL\" \/>\n<meta property=\"og:type\" content=\"article\" \/>\n<meta property=\"og:title\" content=\"Woodfield - dealer Festool od lat\" \/>\n<meta property=\"og:description\" content=\"Czy szukaj\u0105 Pa\u0144stwo sprz\u0119tu i narz\u0119dzi firmy Festool? Je\u015bli tak, to w Woodfield trafili Pa\u0144stwo we w\u0142a\u015bciwe miejsce. Zapraszamy do odwiedzenia jednego\" \/>\n<meta property=\"og:url\" content=\"https:\/\/woodfield.nl\/pl\/asortyment-woodfield\/maszyny-i-urzadzenia\/festool\" \/>\n<meta property=\"og:site_name\" content=\"Woodfield - alles voor schilder en stukadoor\" \/>\n<script type=\"application\/ld+json\" class=\"yoast-schema-graph\">{\"@context\":\"https:\/\/schema.org\",\"@graph\":[{\"@type\":\"WebPage\",\"@id\":\"https:\/\/woodfield.nl\/pl\/asortyment-woodfield\/maszyny-i-urzadzenia\/festool\",\"url\":\"https:\/\/woodfield.nl\/pl\/asortyment-woodfield\/maszyny-i-urzadzenia\/festool\",\"name\":\"Woodfield - dealer Festool od lat\",\"isPartOf\":{\"@id\":\"https:\/\/woodfield.nl\/#website\"},\"datePublished\":\"2025-09-18T07:36:07+00:00\",\"description\":\"Czy szukaj\u0105 Pa\u0144stwo sprz\u0119tu i narz\u0119dzi firmy Festool? Je\u015bli tak, to w Woodfield trafili Pa\u0144stwo we w\u0142a\u015bciwe miejsce. Zapraszamy do odwiedzenia jednego\",\"breadcrumb\":{\"@id\":\"https:\/\/woodfield.nl\/pl\/asortyment-woodfield\/maszyny-i-urzadzenia\/festool#breadcrumb\"},\"inLanguage\":\"pl-PL\",\"potentialAction\":[{\"@type\":\"ReadAction\",\"target\":[\"https:\/\/woodfield.nl\/pl\/asortyment-woodfield\/maszyny-i-urzadzenia\/festool\"]}]},{\"@type\":\"BreadcrumbList\",\"@id\":\"https:\/\/woodfield.nl\/pl\/asortyment-woodfield\/maszyny-i-urzadzenia\/festool#breadcrumb\",\"itemListElement\":[{\"@type\":\"ListItem\",\"position\":1,\"name\":\"Assortiment\",\"item\":\"https:\/\/woodfield.nl\/pl\/asortyment-woodfield\"},{\"@type\":\"ListItem\",\"position\":2,\"name\":\"Machines en apparatuur\",\"item\":\"https:\/\/woodfield.nl\/pl\/maszyny-i-urzadzenia\"},{\"@type\":\"ListItem\",\"position\":3,\"name\":\"Machines &amp; apparatuur \u2013 Festool\"}]},{\"@type\":\"WebSite\",\"@id\":\"https:\/\/woodfield.nl\/#website\",\"url\":\"https:\/\/woodfield.nl\/\",\"name\":\"Woodfield - alles voor schilder en stukadoor\",\"description\":\"\",\"potentialAction\":[{\"@type\":\"SearchAction\",\"target\":{\"@type\":\"EntryPoint\",\"urlTemplate\":\"https:\/\/woodfield.nl\/?s={search_term_string}\"},\"query-input\":{\"@type\":\"PropertyValueSpecification\",\"valueRequired\":true,\"valueName\":\"search_term_string\"}}],\"inLanguage\":\"pl-PL\"}]}<\/script>\n<!-- \/ Yoast SEO plugin. -->","yoast_head_json":{"title":"Woodfield - dealer Festool od lat","description":"Czy szukaj\u0105 Pa\u0144stwo sprz\u0119tu i narz\u0119dzi firmy Festool? Je\u015bli tak, to w Woodfield trafili Pa\u0144stwo we w\u0142a\u015bciwe miejsce. Zapraszamy do odwiedzenia jednego","robots":{"index":"index","follow":"follow","max-snippet":"max-snippet:-1","max-image-preview":"max-image-preview:large","max-video-preview":"max-video-preview:-1"},"canonical":"https:\/\/woodfield.nl\/pl\/asortyment-woodfield\/maszyny-i-urzadzenia\/festool","og_locale":"pl_PL","og_type":"article","og_title":"Woodfield - dealer Festool od lat","og_description":"Czy szukaj\u0105 Pa\u0144stwo sprz\u0119tu i narz\u0119dzi firmy Festool? Je\u015bli tak, to w Woodfield trafili Pa\u0144stwo we w\u0142a\u015bciwe miejsce. Zapraszamy do odwiedzenia jednego","og_url":"https:\/\/woodfield.nl\/pl\/asortyment-woodfield\/maszyny-i-urzadzenia\/festool","og_site_name":"Woodfield - alles voor schilder en stukadoor","schema":{"@context":"https:\/\/schema.org","@graph":[{"@type":"WebPage","@id":"https:\/\/woodfield.nl\/pl\/asortyment-woodfield\/maszyny-i-urzadzenia\/festool","url":"https:\/\/woodfield.nl\/pl\/asortyment-woodfield\/maszyny-i-urzadzenia\/festool","name":"Woodfield - dealer Festool od lat","isPartOf":{"@id":"https:\/\/woodfield.nl\/#website"},"datePublished":"2025-09-18T07:36:07+00:00","description":"Czy szukaj\u0105 Pa\u0144stwo sprz\u0119tu i narz\u0119dzi firmy Festool? Je\u015bli tak, to w Woodfield trafili Pa\u0144stwo we w\u0142a\u015bciwe miejsce. Zapraszamy do odwiedzenia jednego","breadcrumb":{"@id":"https:\/\/woodfield.nl\/pl\/asortyment-woodfield\/maszyny-i-urzadzenia\/festool#breadcrumb"},"inLanguage":"pl-PL","potentialAction":[{"@type":"ReadAction","target":["https:\/\/woodfield.nl\/pl\/asortyment-woodfield\/maszyny-i-urzadzenia\/festool"]}]},{"@type":"BreadcrumbList","@id":"https:\/\/woodfield.nl\/pl\/asortyment-woodfield\/maszyny-i-urzadzenia\/festool#breadcrumb","itemListElement":[{"@type":"ListItem","position":1,"name":"Assortiment","item":"https:\/\/woodfield.nl\/pl\/asortyment-woodfield"},{"@type":"ListItem","position":2,"name":"Machines en apparatuur","item":"https:\/\/woodfield.nl\/pl\/maszyny-i-urzadzenia"},{"@type":"ListItem","position":3,"name":"Machines &amp; apparatuur \u2013 Festool"}]},{"@type":"WebSite","@id":"https:\/\/woodfield.nl\/#website","url":"https:\/\/woodfield.nl\/","name":"Woodfield - alles voor schilder en stukadoor","description":"","potentialAction":[{"@type":"SearchAction","target":{"@type":"EntryPoint","urlTemplate":"https:\/\/woodfield.nl\/?s={search_term_string}"},"query-input":{"@type":"PropertyValueSpecification","valueRequired":true,"valueName":"search_term_string"}}],"inLanguage":"pl-PL"}]}},"_links":{"self":[{"href":"https:\/\/woodfield.nl\/pl\/wp-json\/wp\/v2\/pages\/18057","targetHints":{"allow":["GET"]}}],"collection":[{"href":"https:\/\/woodfield.nl\/pl\/wp-json\/wp\/v2\/pages"}],"about":[{"href":"https:\/\/woodfield.nl\/pl\/wp-json\/wp\/v2\/types\/page"}],"author":[{"embeddable":true,"href":"https:\/\/woodfield.nl\/pl\/wp-json\/wp\/v2\/users\/3"}],"replies":[{"embeddable":true,"href":"https:\/\/woodfield.nl\/pl\/wp-json\/wp\/v2\/comments?post=18057"}],"version-history":[{"count":0,"href":"https:\/\/woodfield.nl\/pl\/wp-json\/wp\/v2\/pages\/18057\/revisions"}],"up":[{"embeddable":true,"href":"https:\/\/woodfield.nl\/pl\/wp-json\/wp\/v2\/pages\/17995"}],"wp:attachment":[{"href":"https:\/\/woodfield.nl\/pl\/wp-json\/wp\/v2\/media?parent=18057"}],"curies":[{"name":"wp","href":"https:\/\/api.w.org\/{rel}","templated":true}]}}