{"id":18046,"date":"2021-08-26T14:44:39","date_gmt":"2021-08-26T12:44:39","guid":{"rendered":"https:\/\/woodfield.nl\/assortiment-woodfield\/akcesoria-malarskie\/anza"},"modified":"2021-08-26T14:44:39","modified_gmt":"2021-08-26T12:44:39","slug":"anza","status":"publish","type":"page","link":"https:\/\/woodfield.nl\/pl\/asortyment-woodfield\/narzedzia\/anza","title":{"rendered":"Non paint \u2013 Anza"},"content":{"rendered":"","protected":false},"excerpt":{"rendered":"","protected":false},"author":3,"featured_media":0,"parent":17939,"menu_order":108,"comment_status":"closed","ping_status":"closed","template":"page.php","meta":{"_acf_changed":false,"footnotes":""},"class_list":["entry","page","publish","author-woodfield","post-18046","hentry"],"acf":[],"yoast_head":"<!-- This site is optimized with the Yoast SEO plugin v26.5 - https:\/\/yoast.com\/wordpress\/plugins\/seo\/ -->\n<title>Woodfield - nasza oferta narz\u0119dzi malarskich ANZA<\/title>\n<meta name=\"description\" content=\"Zajrzyj na t\u0119 stron\u0119, aby uzyska\u0107 informacje o produktach ANZA. Woodfield posiada szerok\u0105 gam\u0119 artyku\u0142\u00f3w malarskich ANZA.\" \/>\n<meta name=\"robots\" content=\"index, follow, max-snippet:-1, max-image-preview:large, max-video-preview:-1\" \/>\n<link rel=\"canonical\" href=\"https:\/\/woodfield.nl\/pl\/narzedzia\/anza\" \/>\n<meta property=\"og:locale\" content=\"pl_PL\" \/>\n<meta property=\"og:type\" content=\"article\" \/>\n<meta property=\"og:title\" content=\"Woodfield - nasza oferta narz\u0119dzi malarskich ANZA\" \/>\n<meta property=\"og:description\" content=\"Zajrzyj na t\u0119 stron\u0119, aby uzyska\u0107 informacje o produktach ANZA. Woodfield posiada szerok\u0105 gam\u0119 artyku\u0142\u00f3w malarskich ANZA.\" \/>\n<meta property=\"og:url\" content=\"https:\/\/woodfield.nl\/pl\/narzedzia\/anza\" \/>\n<meta property=\"og:site_name\" content=\"Woodfield - alles voor schilder en stukadoor\" \/>\n<script type=\"application\/ld+json\" class=\"yoast-schema-graph\">{\"@context\":\"https:\/\/schema.org\",\"@graph\":[{\"@type\":\"WebPage\",\"@id\":\"https:\/\/woodfield.nl\/pl\/narzedzia\/anza\",\"url\":\"https:\/\/woodfield.nl\/pl\/narzedzia\/anza\",\"name\":\"Woodfield - nasza oferta narz\u0119dzi malarskich ANZA\",\"isPartOf\":{\"@id\":\"https:\/\/woodfield.nl\/#website\"},\"datePublished\":\"2021-08-26T12:44:39+00:00\",\"description\":\"Zajrzyj na t\u0119 stron\u0119, aby uzyska\u0107 informacje o produktach ANZA. Woodfield posiada szerok\u0105 gam\u0119 artyku\u0142\u00f3w malarskich ANZA.\",\"breadcrumb\":{\"@id\":\"https:\/\/woodfield.nl\/pl\/narzedzia\/anza#breadcrumb\"},\"inLanguage\":\"pl-PL\",\"potentialAction\":[{\"@type\":\"ReadAction\",\"target\":[\"https:\/\/woodfield.nl\/pl\/narzedzia\/anza\"]}]},{\"@type\":\"BreadcrumbList\",\"@id\":\"https:\/\/woodfield.nl\/pl\/narzedzia\/anza#breadcrumb\",\"itemListElement\":[{\"@type\":\"ListItem\",\"position\":1,\"name\":\"non-paint\",\"item\":\"https:\/\/woodfield.nl\/pl\/narzedzia\"},{\"@type\":\"ListItem\",\"position\":2,\"name\":\"Non paint \u2013 Anza\"}]},{\"@type\":\"WebSite\",\"@id\":\"https:\/\/woodfield.nl\/#website\",\"url\":\"https:\/\/woodfield.nl\/\",\"name\":\"Woodfield - alles voor schilder en stukadoor\",\"description\":\"\",\"potentialAction\":[{\"@type\":\"SearchAction\",\"target\":{\"@type\":\"EntryPoint\",\"urlTemplate\":\"https:\/\/woodfield.nl\/?s={search_term_string}\"},\"query-input\":{\"@type\":\"PropertyValueSpecification\",\"valueRequired\":true,\"valueName\":\"search_term_string\"}}],\"inLanguage\":\"pl-PL\"}]}<\/script>\n<!-- \/ Yoast SEO plugin. -->","yoast_head_json":{"title":"Woodfield - nasza oferta narz\u0119dzi malarskich ANZA","description":"Zajrzyj na t\u0119 stron\u0119, aby uzyska\u0107 informacje o produktach ANZA. Woodfield posiada szerok\u0105 gam\u0119 artyku\u0142\u00f3w malarskich ANZA.","robots":{"index":"index","follow":"follow","max-snippet":"max-snippet:-1","max-image-preview":"max-image-preview:large","max-video-preview":"max-video-preview:-1"},"canonical":"https:\/\/woodfield.nl\/pl\/narzedzia\/anza","og_locale":"pl_PL","og_type":"article","og_title":"Woodfield - nasza oferta narz\u0119dzi malarskich ANZA","og_description":"Zajrzyj na t\u0119 stron\u0119, aby uzyska\u0107 informacje o produktach ANZA. Woodfield posiada szerok\u0105 gam\u0119 artyku\u0142\u00f3w malarskich ANZA.","og_url":"https:\/\/woodfield.nl\/pl\/narzedzia\/anza","og_site_name":"Woodfield - alles voor schilder en stukadoor","schema":{"@context":"https:\/\/schema.org","@graph":[{"@type":"WebPage","@id":"https:\/\/woodfield.nl\/pl\/narzedzia\/anza","url":"https:\/\/woodfield.nl\/pl\/narzedzia\/anza","name":"Woodfield - nasza oferta narz\u0119dzi malarskich ANZA","isPartOf":{"@id":"https:\/\/woodfield.nl\/#website"},"datePublished":"2021-08-26T12:44:39+00:00","description":"Zajrzyj na t\u0119 stron\u0119, aby uzyska\u0107 informacje o produktach ANZA. Woodfield posiada szerok\u0105 gam\u0119 artyku\u0142\u00f3w malarskich ANZA.","breadcrumb":{"@id":"https:\/\/woodfield.nl\/pl\/narzedzia\/anza#breadcrumb"},"inLanguage":"pl-PL","potentialAction":[{"@type":"ReadAction","target":["https:\/\/woodfield.nl\/pl\/narzedzia\/anza"]}]},{"@type":"BreadcrumbList","@id":"https:\/\/woodfield.nl\/pl\/narzedzia\/anza#breadcrumb","itemListElement":[{"@type":"ListItem","position":1,"name":"non-paint","item":"https:\/\/woodfield.nl\/pl\/narzedzia"},{"@type":"ListItem","position":2,"name":"Non paint \u2013 Anza"}]},{"@type":"WebSite","@id":"https:\/\/woodfield.nl\/#website","url":"https:\/\/woodfield.nl\/","name":"Woodfield - alles voor schilder en stukadoor","description":"","potentialAction":[{"@type":"SearchAction","target":{"@type":"EntryPoint","urlTemplate":"https:\/\/woodfield.nl\/?s={search_term_string}"},"query-input":{"@type":"PropertyValueSpecification","valueRequired":true,"valueName":"search_term_string"}}],"inLanguage":"pl-PL"}]}},"_links":{"self":[{"href":"https:\/\/woodfield.nl\/pl\/wp-json\/wp\/v2\/pages\/18046","targetHints":{"allow":["GET"]}}],"collection":[{"href":"https:\/\/woodfield.nl\/pl\/wp-json\/wp\/v2\/pages"}],"about":[{"href":"https:\/\/woodfield.nl\/pl\/wp-json\/wp\/v2\/types\/page"}],"author":[{"embeddable":true,"href":"https:\/\/woodfield.nl\/pl\/wp-json\/wp\/v2\/users\/3"}],"replies":[{"embeddable":true,"href":"https:\/\/woodfield.nl\/pl\/wp-json\/wp\/v2\/comments?post=18046"}],"version-history":[{"count":0,"href":"https:\/\/woodfield.nl\/pl\/wp-json\/wp\/v2\/pages\/18046\/revisions"}],"up":[{"embeddable":true,"href":"https:\/\/woodfield.nl\/pl\/wp-json\/wp\/v2\/pages\/17939"}],"wp:attachment":[{"href":"https:\/\/woodfield.nl\/pl\/wp-json\/wp\/v2\/media?parent=18046"}],"curies":[{"name":"wp","href":"https:\/\/api.w.org\/{rel}","templated":true}]}}