{"id":18040,"date":"2021-11-24T15:31:46","date_gmt":"2021-11-24T14:31:46","guid":{"rendered":"https:\/\/woodfield.nl\/assortiment-woodfield\/akcesoria-malarskie\/staalmeester"},"modified":"2021-11-24T15:31:47","modified_gmt":"2021-11-24T14:31:47","slug":"staalmeester","status":"publish","type":"page","link":"https:\/\/woodfield.nl\/pl\/asortyment-woodfield\/narzedzia\/staalmeester","title":{"rendered":"Non paint \u2013 Staalmeester"},"content":{"rendered":"","protected":false},"excerpt":{"rendered":"","protected":false},"author":3,"featured_media":0,"parent":17939,"menu_order":449,"comment_status":"closed","ping_status":"closed","template":"page.php","meta":{"_acf_changed":false,"footnotes":""},"class_list":["entry","page","publish","author-woodfield","post-18040","hentry"],"acf":[],"yoast_head":"<!-- This site is optimized with the Yoast SEO plugin v26.5 - https:\/\/yoast.com\/wordpress\/plugins\/seo\/ -->\n<title>Woodfield - wyj\u0105tkowa oferta p\u0119dzli Staalmeester<\/title>\n<meta name=\"description\" content=\"Poszukujesz praktycznych p\u0119dzli marki Staalmeester? W takim razie jeste\u015b we w\u0142a\u015bciwym miejscu - w Woodfield. Zapraszamy do naszych oddzia\u0142\u00f3w!\" \/>\n<meta name=\"robots\" content=\"index, follow, max-snippet:-1, max-image-preview:large, max-video-preview:-1\" \/>\n<link rel=\"canonical\" href=\"https:\/\/woodfield.nl\/pl\/narzedzia\/staalmeester\" \/>\n<meta property=\"og:locale\" content=\"pl_PL\" \/>\n<meta property=\"og:type\" content=\"article\" \/>\n<meta property=\"og:title\" content=\"Woodfield - wyj\u0105tkowa oferta p\u0119dzli Staalmeester\" \/>\n<meta property=\"og:description\" content=\"Poszukujesz praktycznych p\u0119dzli marki Staalmeester? W takim razie jeste\u015b we w\u0142a\u015bciwym miejscu - w Woodfield. Zapraszamy do naszych oddzia\u0142\u00f3w!\" \/>\n<meta property=\"og:url\" content=\"https:\/\/woodfield.nl\/pl\/narzedzia\/staalmeester\" \/>\n<meta property=\"og:site_name\" content=\"Woodfield - alles voor schilder en stukadoor\" \/>\n<meta property=\"article:modified_time\" content=\"2021-11-24T14:31:47+00:00\" \/>\n<script type=\"application\/ld+json\" class=\"yoast-schema-graph\">{\"@context\":\"https:\/\/schema.org\",\"@graph\":[{\"@type\":\"WebPage\",\"@id\":\"https:\/\/woodfield.nl\/pl\/narzedzia\/staalmeester\",\"url\":\"https:\/\/woodfield.nl\/pl\/narzedzia\/staalmeester\",\"name\":\"Woodfield - wyj\u0105tkowa oferta p\u0119dzli Staalmeester\",\"isPartOf\":{\"@id\":\"https:\/\/woodfield.nl\/#website\"},\"datePublished\":\"2021-11-24T14:31:46+00:00\",\"dateModified\":\"2021-11-24T14:31:47+00:00\",\"description\":\"Poszukujesz praktycznych p\u0119dzli marki Staalmeester? W takim razie jeste\u015b we w\u0142a\u015bciwym miejscu - w Woodfield. Zapraszamy do naszych oddzia\u0142\u00f3w!\",\"breadcrumb\":{\"@id\":\"https:\/\/woodfield.nl\/pl\/narzedzia\/staalmeester#breadcrumb\"},\"inLanguage\":\"pl-PL\",\"potentialAction\":[{\"@type\":\"ReadAction\",\"target\":[\"https:\/\/woodfield.nl\/pl\/narzedzia\/staalmeester\"]}]},{\"@type\":\"BreadcrumbList\",\"@id\":\"https:\/\/woodfield.nl\/pl\/narzedzia\/staalmeester#breadcrumb\",\"itemListElement\":[{\"@type\":\"ListItem\",\"position\":1,\"name\":\"non-paint\",\"item\":\"https:\/\/woodfield.nl\/pl\/narzedzia\"},{\"@type\":\"ListItem\",\"position\":2,\"name\":\"Non paint \u2013 Staalmeester\"}]},{\"@type\":\"WebSite\",\"@id\":\"https:\/\/woodfield.nl\/#website\",\"url\":\"https:\/\/woodfield.nl\/\",\"name\":\"Woodfield - alles voor schilder en stukadoor\",\"description\":\"\",\"potentialAction\":[{\"@type\":\"SearchAction\",\"target\":{\"@type\":\"EntryPoint\",\"urlTemplate\":\"https:\/\/woodfield.nl\/?s={search_term_string}\"},\"query-input\":{\"@type\":\"PropertyValueSpecification\",\"valueRequired\":true,\"valueName\":\"search_term_string\"}}],\"inLanguage\":\"pl-PL\"}]}<\/script>\n<!-- \/ Yoast SEO plugin. -->","yoast_head_json":{"title":"Woodfield - wyj\u0105tkowa oferta p\u0119dzli Staalmeester","description":"Poszukujesz praktycznych p\u0119dzli marki Staalmeester? W takim razie jeste\u015b we w\u0142a\u015bciwym miejscu - w Woodfield. Zapraszamy do naszych oddzia\u0142\u00f3w!","robots":{"index":"index","follow":"follow","max-snippet":"max-snippet:-1","max-image-preview":"max-image-preview:large","max-video-preview":"max-video-preview:-1"},"canonical":"https:\/\/woodfield.nl\/pl\/narzedzia\/staalmeester","og_locale":"pl_PL","og_type":"article","og_title":"Woodfield - wyj\u0105tkowa oferta p\u0119dzli Staalmeester","og_description":"Poszukujesz praktycznych p\u0119dzli marki Staalmeester? W takim razie jeste\u015b we w\u0142a\u015bciwym miejscu - w Woodfield. Zapraszamy do naszych oddzia\u0142\u00f3w!","og_url":"https:\/\/woodfield.nl\/pl\/narzedzia\/staalmeester","og_site_name":"Woodfield - alles voor schilder en stukadoor","article_modified_time":"2021-11-24T14:31:47+00:00","schema":{"@context":"https:\/\/schema.org","@graph":[{"@type":"WebPage","@id":"https:\/\/woodfield.nl\/pl\/narzedzia\/staalmeester","url":"https:\/\/woodfield.nl\/pl\/narzedzia\/staalmeester","name":"Woodfield - wyj\u0105tkowa oferta p\u0119dzli Staalmeester","isPartOf":{"@id":"https:\/\/woodfield.nl\/#website"},"datePublished":"2021-11-24T14:31:46+00:00","dateModified":"2021-11-24T14:31:47+00:00","description":"Poszukujesz praktycznych p\u0119dzli marki Staalmeester? W takim razie jeste\u015b we w\u0142a\u015bciwym miejscu - w Woodfield. Zapraszamy do naszych oddzia\u0142\u00f3w!","breadcrumb":{"@id":"https:\/\/woodfield.nl\/pl\/narzedzia\/staalmeester#breadcrumb"},"inLanguage":"pl-PL","potentialAction":[{"@type":"ReadAction","target":["https:\/\/woodfield.nl\/pl\/narzedzia\/staalmeester"]}]},{"@type":"BreadcrumbList","@id":"https:\/\/woodfield.nl\/pl\/narzedzia\/staalmeester#breadcrumb","itemListElement":[{"@type":"ListItem","position":1,"name":"non-paint","item":"https:\/\/woodfield.nl\/pl\/narzedzia"},{"@type":"ListItem","position":2,"name":"Non paint \u2013 Staalmeester"}]},{"@type":"WebSite","@id":"https:\/\/woodfield.nl\/#website","url":"https:\/\/woodfield.nl\/","name":"Woodfield - alles voor schilder en stukadoor","description":"","potentialAction":[{"@type":"SearchAction","target":{"@type":"EntryPoint","urlTemplate":"https:\/\/woodfield.nl\/?s={search_term_string}"},"query-input":{"@type":"PropertyValueSpecification","valueRequired":true,"valueName":"search_term_string"}}],"inLanguage":"pl-PL"}]}},"_links":{"self":[{"href":"https:\/\/woodfield.nl\/pl\/wp-json\/wp\/v2\/pages\/18040","targetHints":{"allow":["GET"]}}],"collection":[{"href":"https:\/\/woodfield.nl\/pl\/wp-json\/wp\/v2\/pages"}],"about":[{"href":"https:\/\/woodfield.nl\/pl\/wp-json\/wp\/v2\/types\/page"}],"author":[{"embeddable":true,"href":"https:\/\/woodfield.nl\/pl\/wp-json\/wp\/v2\/users\/3"}],"replies":[{"embeddable":true,"href":"https:\/\/woodfield.nl\/pl\/wp-json\/wp\/v2\/comments?post=18040"}],"version-history":[{"count":0,"href":"https:\/\/woodfield.nl\/pl\/wp-json\/wp\/v2\/pages\/18040\/revisions"}],"up":[{"embeddable":true,"href":"https:\/\/woodfield.nl\/pl\/wp-json\/wp\/v2\/pages\/17939"}],"wp:attachment":[{"href":"https:\/\/woodfield.nl\/pl\/wp-json\/wp\/v2\/media?parent=18040"}],"curies":[{"name":"wp","href":"https:\/\/api.w.org\/{rel}","templated":true}]}}