{"id":18034,"date":"2021-03-17T15:19:55","date_gmt":"2021-03-17T14:19:55","guid":{"rendered":"https:\/\/woodfield.nl\/assortiment-woodfield\/ochrona-osobista\/3m"},"modified":"2021-03-17T15:19:55","modified_gmt":"2021-03-17T14:19:55","slug":"3m","status":"publish","type":"page","link":"https:\/\/woodfield.nl\/pl\/asortyment-woodfield\/ochrona-osobista\/3m","title":{"rendered":"Persoonlijke bescherming \u2013 3M"},"content":{"rendered":"","protected":false},"excerpt":{"rendered":"","protected":false},"author":3,"featured_media":0,"parent":17945,"menu_order":304,"comment_status":"closed","ping_status":"closed","template":"page.php","meta":{"_acf_changed":false,"footnotes":""},"class_list":["entry","page","publish","author-woodfield","post-18034","hentry"],"acf":[],"yoast_head":"<!-- This site is optimized with the Yoast SEO plugin v26.5 - https:\/\/yoast.com\/wordpress\/plugins\/seo\/ -->\n<title>Woodfield - oferta odzie\u017cy ochronnej i artyku\u0142\u00f3w BHP 3M<\/title>\n<meta name=\"description\" content=\"Szukasz wysokiej jako\u015bci odzie\u017cy ochronnej i artyku\u0142\u00f3w BHP? Zapoznaj si\u0119 z ofert\u0105 produkt\u00f3w 3M w Woodfield lub odwied\u017a jeden z oddzia\u0142\u00f3w firmy.\" \/>\n<meta name=\"robots\" content=\"index, follow, max-snippet:-1, max-image-preview:large, max-video-preview:-1\" \/>\n<link rel=\"canonical\" href=\"https:\/\/woodfield.nl\/pl\/asortyment-woodfield\/ochrona-osobista\/3m\" \/>\n<meta property=\"og:locale\" content=\"pl_PL\" \/>\n<meta property=\"og:type\" content=\"article\" \/>\n<meta property=\"og:title\" content=\"Woodfield - oferta odzie\u017cy ochronnej i artyku\u0142\u00f3w BHP 3M\" \/>\n<meta property=\"og:description\" content=\"Szukasz wysokiej jako\u015bci odzie\u017cy ochronnej i artyku\u0142\u00f3w BHP? Zapoznaj si\u0119 z ofert\u0105 produkt\u00f3w 3M w Woodfield lub odwied\u017a jeden z oddzia\u0142\u00f3w firmy.\" \/>\n<meta property=\"og:url\" content=\"https:\/\/woodfield.nl\/pl\/asortyment-woodfield\/ochrona-osobista\/3m\" \/>\n<meta property=\"og:site_name\" content=\"Woodfield - alles voor schilder en stukadoor\" \/>\n<script type=\"application\/ld+json\" class=\"yoast-schema-graph\">{\"@context\":\"https:\/\/schema.org\",\"@graph\":[{\"@type\":\"WebPage\",\"@id\":\"https:\/\/woodfield.nl\/pl\/asortyment-woodfield\/ochrona-osobista\/3m\",\"url\":\"https:\/\/woodfield.nl\/pl\/asortyment-woodfield\/ochrona-osobista\/3m\",\"name\":\"Woodfield - oferta odzie\u017cy ochronnej i artyku\u0142\u00f3w BHP 3M\",\"isPartOf\":{\"@id\":\"https:\/\/woodfield.nl\/#website\"},\"datePublished\":\"2021-03-17T14:19:55+00:00\",\"description\":\"Szukasz wysokiej jako\u015bci odzie\u017cy ochronnej i artyku\u0142\u00f3w BHP? Zapoznaj si\u0119 z ofert\u0105 produkt\u00f3w 3M w Woodfield lub odwied\u017a jeden z oddzia\u0142\u00f3w firmy.\",\"breadcrumb\":{\"@id\":\"https:\/\/woodfield.nl\/pl\/asortyment-woodfield\/ochrona-osobista\/3m#breadcrumb\"},\"inLanguage\":\"pl-PL\",\"potentialAction\":[{\"@type\":\"ReadAction\",\"target\":[\"https:\/\/woodfield.nl\/pl\/asortyment-woodfield\/ochrona-osobista\/3m\"]}]},{\"@type\":\"BreadcrumbList\",\"@id\":\"https:\/\/woodfield.nl\/pl\/asortyment-woodfield\/ochrona-osobista\/3m#breadcrumb\",\"itemListElement\":[{\"@type\":\"ListItem\",\"position\":1,\"name\":\"Assortiment\",\"item\":\"https:\/\/woodfield.nl\/pl\/asortyment-woodfield\"},{\"@type\":\"ListItem\",\"position\":2,\"name\":\"Persoonlijke bescherming\",\"item\":\"https:\/\/woodfield.nl\/pl\/asortyment-woodfield\/ochrona-osobista\"},{\"@type\":\"ListItem\",\"position\":3,\"name\":\"Persoonlijke bescherming \u2013 3M\"}]},{\"@type\":\"WebSite\",\"@id\":\"https:\/\/woodfield.nl\/#website\",\"url\":\"https:\/\/woodfield.nl\/\",\"name\":\"Woodfield - alles voor schilder en stukadoor\",\"description\":\"\",\"potentialAction\":[{\"@type\":\"SearchAction\",\"target\":{\"@type\":\"EntryPoint\",\"urlTemplate\":\"https:\/\/woodfield.nl\/?s={search_term_string}\"},\"query-input\":{\"@type\":\"PropertyValueSpecification\",\"valueRequired\":true,\"valueName\":\"search_term_string\"}}],\"inLanguage\":\"pl-PL\"}]}<\/script>\n<!-- \/ Yoast SEO plugin. -->","yoast_head_json":{"title":"Woodfield - oferta odzie\u017cy ochronnej i artyku\u0142\u00f3w BHP 3M","description":"Szukasz wysokiej jako\u015bci odzie\u017cy ochronnej i artyku\u0142\u00f3w BHP? Zapoznaj si\u0119 z ofert\u0105 produkt\u00f3w 3M w Woodfield lub odwied\u017a jeden z oddzia\u0142\u00f3w firmy.","robots":{"index":"index","follow":"follow","max-snippet":"max-snippet:-1","max-image-preview":"max-image-preview:large","max-video-preview":"max-video-preview:-1"},"canonical":"https:\/\/woodfield.nl\/pl\/asortyment-woodfield\/ochrona-osobista\/3m","og_locale":"pl_PL","og_type":"article","og_title":"Woodfield - oferta odzie\u017cy ochronnej i artyku\u0142\u00f3w BHP 3M","og_description":"Szukasz wysokiej jako\u015bci odzie\u017cy ochronnej i artyku\u0142\u00f3w BHP? Zapoznaj si\u0119 z ofert\u0105 produkt\u00f3w 3M w Woodfield lub odwied\u017a jeden z oddzia\u0142\u00f3w firmy.","og_url":"https:\/\/woodfield.nl\/pl\/asortyment-woodfield\/ochrona-osobista\/3m","og_site_name":"Woodfield - alles voor schilder en stukadoor","schema":{"@context":"https:\/\/schema.org","@graph":[{"@type":"WebPage","@id":"https:\/\/woodfield.nl\/pl\/asortyment-woodfield\/ochrona-osobista\/3m","url":"https:\/\/woodfield.nl\/pl\/asortyment-woodfield\/ochrona-osobista\/3m","name":"Woodfield - oferta odzie\u017cy ochronnej i artyku\u0142\u00f3w BHP 3M","isPartOf":{"@id":"https:\/\/woodfield.nl\/#website"},"datePublished":"2021-03-17T14:19:55+00:00","description":"Szukasz wysokiej jako\u015bci odzie\u017cy ochronnej i artyku\u0142\u00f3w BHP? Zapoznaj si\u0119 z ofert\u0105 produkt\u00f3w 3M w Woodfield lub odwied\u017a jeden z oddzia\u0142\u00f3w firmy.","breadcrumb":{"@id":"https:\/\/woodfield.nl\/pl\/asortyment-woodfield\/ochrona-osobista\/3m#breadcrumb"},"inLanguage":"pl-PL","potentialAction":[{"@type":"ReadAction","target":["https:\/\/woodfield.nl\/pl\/asortyment-woodfield\/ochrona-osobista\/3m"]}]},{"@type":"BreadcrumbList","@id":"https:\/\/woodfield.nl\/pl\/asortyment-woodfield\/ochrona-osobista\/3m#breadcrumb","itemListElement":[{"@type":"ListItem","position":1,"name":"Assortiment","item":"https:\/\/woodfield.nl\/pl\/asortyment-woodfield"},{"@type":"ListItem","position":2,"name":"Persoonlijke bescherming","item":"https:\/\/woodfield.nl\/pl\/asortyment-woodfield\/ochrona-osobista"},{"@type":"ListItem","position":3,"name":"Persoonlijke bescherming \u2013 3M"}]},{"@type":"WebSite","@id":"https:\/\/woodfield.nl\/#website","url":"https:\/\/woodfield.nl\/","name":"Woodfield - alles voor schilder en stukadoor","description":"","potentialAction":[{"@type":"SearchAction","target":{"@type":"EntryPoint","urlTemplate":"https:\/\/woodfield.nl\/?s={search_term_string}"},"query-input":{"@type":"PropertyValueSpecification","valueRequired":true,"valueName":"search_term_string"}}],"inLanguage":"pl-PL"}]}},"_links":{"self":[{"href":"https:\/\/woodfield.nl\/pl\/wp-json\/wp\/v2\/pages\/18034","targetHints":{"allow":["GET"]}}],"collection":[{"href":"https:\/\/woodfield.nl\/pl\/wp-json\/wp\/v2\/pages"}],"about":[{"href":"https:\/\/woodfield.nl\/pl\/wp-json\/wp\/v2\/types\/page"}],"author":[{"embeddable":true,"href":"https:\/\/woodfield.nl\/pl\/wp-json\/wp\/v2\/users\/3"}],"replies":[{"embeddable":true,"href":"https:\/\/woodfield.nl\/pl\/wp-json\/wp\/v2\/comments?post=18034"}],"version-history":[{"count":0,"href":"https:\/\/woodfield.nl\/pl\/wp-json\/wp\/v2\/pages\/18034\/revisions"}],"up":[{"embeddable":true,"href":"https:\/\/woodfield.nl\/pl\/wp-json\/wp\/v2\/pages\/17945"}],"wp:attachment":[{"href":"https:\/\/woodfield.nl\/pl\/wp-json\/wp\/v2\/media?parent=18034"}],"curies":[{"name":"wp","href":"https:\/\/api.w.org\/{rel}","templated":true}]}}