{"id":18022,"date":"2021-08-26T17:21:04","date_gmt":"2021-08-26T15:21:04","guid":{"rendered":"https:\/\/woodfield.nl\/woodfill"},"modified":"2021-08-26T17:21:04","modified_gmt":"2021-08-26T15:21:04","slug":"woodfill","status":"publish","type":"page","link":"https:\/\/woodfield.nl\/pl\/asortyment-woodfield\/klejenia-i-obrobki-drewna\/woodfill","title":{"rendered":"Kitten en Houtbewerking \u2013 Woodfill"},"content":{"rendered":"","protected":false},"excerpt":{"rendered":"","protected":false},"author":3,"featured_media":0,"parent":18072,"menu_order":66,"comment_status":"closed","ping_status":"closed","template":"page.php","meta":{"_acf_changed":false,"footnotes":""},"class_list":["entry","page","publish","author-woodfield","post-18022","hentry"],"acf":[],"yoast_head":"<!-- This site is optimized with the Yoast SEO plugin v26.5 - https:\/\/yoast.com\/wordpress\/plugins\/seo\/ -->\n<title>Produkty Woodfill do naprawy drewna w Woodfield<\/title>\n<meta name=\"description\" content=\"Szukasz produkt\u00f3w do naprawy drewna i innych powierzchni od Woodfill? Zapraszamy do najbli\u017cszego oddzia\u0142u marki Woodfield.\" \/>\n<meta name=\"robots\" content=\"index, follow, max-snippet:-1, max-image-preview:large, max-video-preview:-1\" \/>\n<link rel=\"canonical\" href=\"https:\/\/woodfield.nl\/pl\/asortyment-woodfield\/klejenia-i-obrobki-drewna\/woodfill\" \/>\n<meta property=\"og:locale\" content=\"pl_PL\" \/>\n<meta property=\"og:type\" content=\"article\" \/>\n<meta property=\"og:title\" content=\"Produkty Woodfill do naprawy drewna w Woodfield\" \/>\n<meta property=\"og:description\" content=\"Szukasz produkt\u00f3w do naprawy drewna i innych powierzchni od Woodfill? Zapraszamy do najbli\u017cszego oddzia\u0142u marki Woodfield.\" \/>\n<meta property=\"og:url\" content=\"https:\/\/woodfield.nl\/pl\/asortyment-woodfield\/klejenia-i-obrobki-drewna\/woodfill\" \/>\n<meta property=\"og:site_name\" content=\"Woodfield - alles voor schilder en stukadoor\" \/>\n<script type=\"application\/ld+json\" class=\"yoast-schema-graph\">{\"@context\":\"https:\/\/schema.org\",\"@graph\":[{\"@type\":\"WebPage\",\"@id\":\"https:\/\/woodfield.nl\/pl\/asortyment-woodfield\/klejenia-i-obrobki-drewna\/woodfill\",\"url\":\"https:\/\/woodfield.nl\/pl\/asortyment-woodfield\/klejenia-i-obrobki-drewna\/woodfill\",\"name\":\"Produkty Woodfill do naprawy drewna w Woodfield\",\"isPartOf\":{\"@id\":\"https:\/\/woodfield.nl\/#website\"},\"datePublished\":\"2021-08-26T15:21:04+00:00\",\"description\":\"Szukasz produkt\u00f3w do naprawy drewna i innych powierzchni od Woodfill? Zapraszamy do najbli\u017cszego oddzia\u0142u marki Woodfield.\",\"breadcrumb\":{\"@id\":\"https:\/\/woodfield.nl\/pl\/asortyment-woodfield\/klejenia-i-obrobki-drewna\/woodfill#breadcrumb\"},\"inLanguage\":\"pl-PL\",\"potentialAction\":[{\"@type\":\"ReadAction\",\"target\":[\"https:\/\/woodfield.nl\/pl\/asortyment-woodfield\/klejenia-i-obrobki-drewna\/woodfill\"]}]},{\"@type\":\"BreadcrumbList\",\"@id\":\"https:\/\/woodfield.nl\/pl\/asortyment-woodfield\/klejenia-i-obrobki-drewna\/woodfill#breadcrumb\",\"itemListElement\":[{\"@type\":\"ListItem\",\"position\":1,\"name\":\"Assortiment\",\"item\":\"https:\/\/woodfield.nl\/pl\/asortyment-woodfield\"},{\"@type\":\"ListItem\",\"position\":2,\"name\":\"klejenia i obr\u00f3bki drewna\",\"item\":\"https:\/\/woodfield.nl\/pl\/asortyment-woodfield\/klejenia-i-obrobki-drewna\"},{\"@type\":\"ListItem\",\"position\":3,\"name\":\"Kitten en Houtbewerking \u2013 Woodfill\"}]},{\"@type\":\"WebSite\",\"@id\":\"https:\/\/woodfield.nl\/#website\",\"url\":\"https:\/\/woodfield.nl\/\",\"name\":\"Woodfield - alles voor schilder en stukadoor\",\"description\":\"\",\"potentialAction\":[{\"@type\":\"SearchAction\",\"target\":{\"@type\":\"EntryPoint\",\"urlTemplate\":\"https:\/\/woodfield.nl\/?s={search_term_string}\"},\"query-input\":{\"@type\":\"PropertyValueSpecification\",\"valueRequired\":true,\"valueName\":\"search_term_string\"}}],\"inLanguage\":\"pl-PL\"}]}<\/script>\n<!-- \/ Yoast SEO plugin. -->","yoast_head_json":{"title":"Produkty Woodfill do naprawy drewna w Woodfield","description":"Szukasz produkt\u00f3w do naprawy drewna i innych powierzchni od Woodfill? Zapraszamy do najbli\u017cszego oddzia\u0142u marki Woodfield.","robots":{"index":"index","follow":"follow","max-snippet":"max-snippet:-1","max-image-preview":"max-image-preview:large","max-video-preview":"max-video-preview:-1"},"canonical":"https:\/\/woodfield.nl\/pl\/asortyment-woodfield\/klejenia-i-obrobki-drewna\/woodfill","og_locale":"pl_PL","og_type":"article","og_title":"Produkty Woodfill do naprawy drewna w Woodfield","og_description":"Szukasz produkt\u00f3w do naprawy drewna i innych powierzchni od Woodfill? Zapraszamy do najbli\u017cszego oddzia\u0142u marki Woodfield.","og_url":"https:\/\/woodfield.nl\/pl\/asortyment-woodfield\/klejenia-i-obrobki-drewna\/woodfill","og_site_name":"Woodfield - alles voor schilder en stukadoor","schema":{"@context":"https:\/\/schema.org","@graph":[{"@type":"WebPage","@id":"https:\/\/woodfield.nl\/pl\/asortyment-woodfield\/klejenia-i-obrobki-drewna\/woodfill","url":"https:\/\/woodfield.nl\/pl\/asortyment-woodfield\/klejenia-i-obrobki-drewna\/woodfill","name":"Produkty Woodfill do naprawy drewna w Woodfield","isPartOf":{"@id":"https:\/\/woodfield.nl\/#website"},"datePublished":"2021-08-26T15:21:04+00:00","description":"Szukasz produkt\u00f3w do naprawy drewna i innych powierzchni od Woodfill? Zapraszamy do najbli\u017cszego oddzia\u0142u marki Woodfield.","breadcrumb":{"@id":"https:\/\/woodfield.nl\/pl\/asortyment-woodfield\/klejenia-i-obrobki-drewna\/woodfill#breadcrumb"},"inLanguage":"pl-PL","potentialAction":[{"@type":"ReadAction","target":["https:\/\/woodfield.nl\/pl\/asortyment-woodfield\/klejenia-i-obrobki-drewna\/woodfill"]}]},{"@type":"BreadcrumbList","@id":"https:\/\/woodfield.nl\/pl\/asortyment-woodfield\/klejenia-i-obrobki-drewna\/woodfill#breadcrumb","itemListElement":[{"@type":"ListItem","position":1,"name":"Assortiment","item":"https:\/\/woodfield.nl\/pl\/asortyment-woodfield"},{"@type":"ListItem","position":2,"name":"klejenia i obr\u00f3bki drewna","item":"https:\/\/woodfield.nl\/pl\/asortyment-woodfield\/klejenia-i-obrobki-drewna"},{"@type":"ListItem","position":3,"name":"Kitten en Houtbewerking \u2013 Woodfill"}]},{"@type":"WebSite","@id":"https:\/\/woodfield.nl\/#website","url":"https:\/\/woodfield.nl\/","name":"Woodfield - alles voor schilder en stukadoor","description":"","potentialAction":[{"@type":"SearchAction","target":{"@type":"EntryPoint","urlTemplate":"https:\/\/woodfield.nl\/?s={search_term_string}"},"query-input":{"@type":"PropertyValueSpecification","valueRequired":true,"valueName":"search_term_string"}}],"inLanguage":"pl-PL"}]}},"_links":{"self":[{"href":"https:\/\/woodfield.nl\/pl\/wp-json\/wp\/v2\/pages\/18022","targetHints":{"allow":["GET"]}}],"collection":[{"href":"https:\/\/woodfield.nl\/pl\/wp-json\/wp\/v2\/pages"}],"about":[{"href":"https:\/\/woodfield.nl\/pl\/wp-json\/wp\/v2\/types\/page"}],"author":[{"embeddable":true,"href":"https:\/\/woodfield.nl\/pl\/wp-json\/wp\/v2\/users\/3"}],"replies":[{"embeddable":true,"href":"https:\/\/woodfield.nl\/pl\/wp-json\/wp\/v2\/comments?post=18022"}],"version-history":[{"count":0,"href":"https:\/\/woodfield.nl\/pl\/wp-json\/wp\/v2\/pages\/18022\/revisions"}],"up":[{"embeddable":true,"href":"https:\/\/woodfield.nl\/pl\/wp-json\/wp\/v2\/pages\/18072"}],"wp:attachment":[{"href":"https:\/\/woodfield.nl\/pl\/wp-json\/wp\/v2\/media?parent=18022"}],"curies":[{"name":"wp","href":"https:\/\/api.w.org\/{rel}","templated":true}]}}