{"id":18015,"date":"2024-06-24T09:49:45","date_gmt":"2024-06-24T07:49:45","guid":{"rendered":"https:\/\/woodfield.nl\/assortiment-woodfield\/farby\/vistapaint"},"modified":"2024-06-24T09:49:45","modified_gmt":"2024-06-24T07:49:45","slug":"vistapaint","status":"publish","type":"page","link":"https:\/\/woodfield.nl\/pl\/asortyment-woodfield\/farby\/vistapaint","title":{"rendered":"Verf \u2013 Vistapaint"},"content":{"rendered":"","protected":false},"excerpt":{"rendered":"","protected":false},"author":3,"featured_media":0,"parent":17973,"menu_order":499,"comment_status":"closed","ping_status":"closed","template":"page.php","meta":{"_acf_changed":false,"footnotes":""},"class_list":["entry","page","publish","author-woodfield","post-18015","hentry"],"acf":[],"yoast_head":"<!-- This site is optimized with the Yoast SEO plugin v26.5 - https:\/\/yoast.com\/wordpress\/plugins\/seo\/ -->\n<title>Woodfield - w Woodfield kupisz farby marki Vistapaint!<\/title>\n<meta name=\"description\" content=\"Poszukujesz farb Vistapaint? W Woodfield znajdziesz szeroki wyb\u00f3r artyku\u0142\u00f3w tej marki. Chcieliby\u015bmy Pa\u0144stwa powita\u0107 w jednym z naszych oddzia\u0142\u00f3w.\" \/>\n<meta name=\"robots\" content=\"index, follow, max-snippet:-1, max-image-preview:large, max-video-preview:-1\" \/>\n<link rel=\"canonical\" href=\"https:\/\/woodfield.nl\/pl\/farby\/vistapaint\" \/>\n<meta property=\"og:locale\" content=\"pl_PL\" \/>\n<meta property=\"og:type\" content=\"article\" \/>\n<meta property=\"og:title\" content=\"Woodfield - w Woodfield kupisz farby marki Vistapaint!\" \/>\n<meta property=\"og:description\" content=\"Poszukujesz farb Vistapaint? W Woodfield znajdziesz szeroki wyb\u00f3r artyku\u0142\u00f3w tej marki. Chcieliby\u015bmy Pa\u0144stwa powita\u0107 w jednym z naszych oddzia\u0142\u00f3w.\" \/>\n<meta property=\"og:url\" content=\"https:\/\/woodfield.nl\/pl\/farby\/vistapaint\" \/>\n<meta property=\"og:site_name\" content=\"Woodfield - alles voor schilder en stukadoor\" \/>\n<script type=\"application\/ld+json\" class=\"yoast-schema-graph\">{\"@context\":\"https:\/\/schema.org\",\"@graph\":[{\"@type\":\"WebPage\",\"@id\":\"https:\/\/woodfield.nl\/pl\/farby\/vistapaint\",\"url\":\"https:\/\/woodfield.nl\/pl\/farby\/vistapaint\",\"name\":\"Woodfield - w Woodfield kupisz farby marki Vistapaint!\",\"isPartOf\":{\"@id\":\"https:\/\/woodfield.nl\/#website\"},\"datePublished\":\"2024-06-24T07:49:45+00:00\",\"description\":\"Poszukujesz farb Vistapaint? W Woodfield znajdziesz szeroki wyb\u00f3r artyku\u0142\u00f3w tej marki. Chcieliby\u015bmy Pa\u0144stwa powita\u0107 w jednym z naszych oddzia\u0142\u00f3w.\",\"breadcrumb\":{\"@id\":\"https:\/\/woodfield.nl\/pl\/farby\/vistapaint#breadcrumb\"},\"inLanguage\":\"pl-PL\",\"potentialAction\":[{\"@type\":\"ReadAction\",\"target\":[\"https:\/\/woodfield.nl\/pl\/farby\/vistapaint\"]}]},{\"@type\":\"BreadcrumbList\",\"@id\":\"https:\/\/woodfield.nl\/pl\/farby\/vistapaint#breadcrumb\",\"itemListElement\":[{\"@type\":\"ListItem\",\"position\":1,\"name\":\"Verf\",\"item\":\"https:\/\/woodfield.nl\/pl\/farby\"},{\"@type\":\"ListItem\",\"position\":2,\"name\":\"Verf \u2013 Vistapaint\"}]},{\"@type\":\"WebSite\",\"@id\":\"https:\/\/woodfield.nl\/#website\",\"url\":\"https:\/\/woodfield.nl\/\",\"name\":\"Woodfield - alles voor schilder en stukadoor\",\"description\":\"\",\"potentialAction\":[{\"@type\":\"SearchAction\",\"target\":{\"@type\":\"EntryPoint\",\"urlTemplate\":\"https:\/\/woodfield.nl\/?s={search_term_string}\"},\"query-input\":{\"@type\":\"PropertyValueSpecification\",\"valueRequired\":true,\"valueName\":\"search_term_string\"}}],\"inLanguage\":\"pl-PL\"}]}<\/script>\n<!-- \/ Yoast SEO plugin. -->","yoast_head_json":{"title":"Woodfield - w Woodfield kupisz farby marki Vistapaint!","description":"Poszukujesz farb Vistapaint? W Woodfield znajdziesz szeroki wyb\u00f3r artyku\u0142\u00f3w tej marki. Chcieliby\u015bmy Pa\u0144stwa powita\u0107 w jednym z naszych oddzia\u0142\u00f3w.","robots":{"index":"index","follow":"follow","max-snippet":"max-snippet:-1","max-image-preview":"max-image-preview:large","max-video-preview":"max-video-preview:-1"},"canonical":"https:\/\/woodfield.nl\/pl\/farby\/vistapaint","og_locale":"pl_PL","og_type":"article","og_title":"Woodfield - w Woodfield kupisz farby marki Vistapaint!","og_description":"Poszukujesz farb Vistapaint? W Woodfield znajdziesz szeroki wyb\u00f3r artyku\u0142\u00f3w tej marki. Chcieliby\u015bmy Pa\u0144stwa powita\u0107 w jednym z naszych oddzia\u0142\u00f3w.","og_url":"https:\/\/woodfield.nl\/pl\/farby\/vistapaint","og_site_name":"Woodfield - alles voor schilder en stukadoor","schema":{"@context":"https:\/\/schema.org","@graph":[{"@type":"WebPage","@id":"https:\/\/woodfield.nl\/pl\/farby\/vistapaint","url":"https:\/\/woodfield.nl\/pl\/farby\/vistapaint","name":"Woodfield - w Woodfield kupisz farby marki Vistapaint!","isPartOf":{"@id":"https:\/\/woodfield.nl\/#website"},"datePublished":"2024-06-24T07:49:45+00:00","description":"Poszukujesz farb Vistapaint? W Woodfield znajdziesz szeroki wyb\u00f3r artyku\u0142\u00f3w tej marki. Chcieliby\u015bmy Pa\u0144stwa powita\u0107 w jednym z naszych oddzia\u0142\u00f3w.","breadcrumb":{"@id":"https:\/\/woodfield.nl\/pl\/farby\/vistapaint#breadcrumb"},"inLanguage":"pl-PL","potentialAction":[{"@type":"ReadAction","target":["https:\/\/woodfield.nl\/pl\/farby\/vistapaint"]}]},{"@type":"BreadcrumbList","@id":"https:\/\/woodfield.nl\/pl\/farby\/vistapaint#breadcrumb","itemListElement":[{"@type":"ListItem","position":1,"name":"Verf","item":"https:\/\/woodfield.nl\/pl\/farby"},{"@type":"ListItem","position":2,"name":"Verf \u2013 Vistapaint"}]},{"@type":"WebSite","@id":"https:\/\/woodfield.nl\/#website","url":"https:\/\/woodfield.nl\/","name":"Woodfield - alles voor schilder en stukadoor","description":"","potentialAction":[{"@type":"SearchAction","target":{"@type":"EntryPoint","urlTemplate":"https:\/\/woodfield.nl\/?s={search_term_string}"},"query-input":{"@type":"PropertyValueSpecification","valueRequired":true,"valueName":"search_term_string"}}],"inLanguage":"pl-PL"}]}},"_links":{"self":[{"href":"https:\/\/woodfield.nl\/pl\/wp-json\/wp\/v2\/pages\/18015","targetHints":{"allow":["GET"]}}],"collection":[{"href":"https:\/\/woodfield.nl\/pl\/wp-json\/wp\/v2\/pages"}],"about":[{"href":"https:\/\/woodfield.nl\/pl\/wp-json\/wp\/v2\/types\/page"}],"author":[{"embeddable":true,"href":"https:\/\/woodfield.nl\/pl\/wp-json\/wp\/v2\/users\/3"}],"replies":[{"embeddable":true,"href":"https:\/\/woodfield.nl\/pl\/wp-json\/wp\/v2\/comments?post=18015"}],"version-history":[{"count":0,"href":"https:\/\/woodfield.nl\/pl\/wp-json\/wp\/v2\/pages\/18015\/revisions"}],"up":[{"embeddable":true,"href":"https:\/\/woodfield.nl\/pl\/wp-json\/wp\/v2\/pages\/17973"}],"wp:attachment":[{"href":"https:\/\/woodfield.nl\/pl\/wp-json\/wp\/v2\/media?parent=18015"}],"curies":[{"name":"wp","href":"https:\/\/api.w.org\/{rel}","templated":true}]}}