{"id":18013,"date":"2021-03-16T17:50:52","date_gmt":"2021-03-16T16:50:52","guid":{"rendered":"https:\/\/woodfield.nl\/assortiment-woodfield\/srodki-czyszczace\/woodfield-cleaning-products"},"modified":"2021-03-16T17:50:52","modified_gmt":"2021-03-16T16:50:52","slug":"produkty-czyszczace-woodfield","status":"publish","type":"page","link":"https:\/\/woodfield.nl\/pl\/asortyment-woodfield\/srodki-czyszczace\/produkty-czyszczace-woodfield","title":{"rendered":"Cleaning products \u2013 produkty czyszcz\u0105ce woodfield"},"content":{"rendered":"","protected":false},"excerpt":{"rendered":"","protected":false},"author":3,"featured_media":0,"parent":17936,"menu_order":349,"comment_status":"closed","ping_status":"closed","template":"page.php","meta":{"_acf_changed":false,"footnotes":""},"class_list":["entry","page","publish","author-woodfield","post-18013","hentry"],"acf":[],"yoast_head":"<!-- This site is optimized with the Yoast SEO plugin v26.5 - https:\/\/yoast.com\/wordpress\/plugins\/seo\/ -->\n<title>WOferta \u015brodk\u00f3w czysto\u015bci Woodfield<\/title>\n<meta name=\"description\" content=\"Poszukujesz wysokiej jako\u015bci \u015brodk\u00f3w czysto\u015bci? W takim razie jak najszybciej zapoznaj si\u0119 z ofert\u0105 \u015brodk\u00f3w czyszcz\u0105cych Woodfield.\" \/>\n<meta name=\"robots\" content=\"index, follow, max-snippet:-1, max-image-preview:large, max-video-preview:-1\" \/>\n<link rel=\"canonical\" href=\"https:\/\/woodfield.nl\/pl\/asortyment-woodfield\/srodki-czyszczace\/produkty-czyszczace-woodfield\" \/>\n<meta property=\"og:locale\" content=\"pl_PL\" \/>\n<meta property=\"og:type\" content=\"article\" \/>\n<meta property=\"og:title\" content=\"WOferta \u015brodk\u00f3w czysto\u015bci Woodfield\" \/>\n<meta property=\"og:description\" content=\"Poszukujesz wysokiej jako\u015bci \u015brodk\u00f3w czysto\u015bci? W takim razie jak najszybciej zapoznaj si\u0119 z ofert\u0105 \u015brodk\u00f3w czyszcz\u0105cych Woodfield.\" \/>\n<meta property=\"og:url\" content=\"https:\/\/woodfield.nl\/pl\/asortyment-woodfield\/srodki-czyszczace\/produkty-czyszczace-woodfield\" \/>\n<meta property=\"og:site_name\" content=\"Woodfield - alles voor schilder en stukadoor\" \/>\n<script type=\"application\/ld+json\" class=\"yoast-schema-graph\">{\"@context\":\"https:\/\/schema.org\",\"@graph\":[{\"@type\":\"WebPage\",\"@id\":\"https:\/\/woodfield.nl\/pl\/asortyment-woodfield\/srodki-czyszczace\/produkty-czyszczace-woodfield\",\"url\":\"https:\/\/woodfield.nl\/pl\/asortyment-woodfield\/srodki-czyszczace\/produkty-czyszczace-woodfield\",\"name\":\"WOferta \u015brodk\u00f3w czysto\u015bci Woodfield\",\"isPartOf\":{\"@id\":\"https:\/\/woodfield.nl\/#website\"},\"datePublished\":\"2021-03-16T16:50:52+00:00\",\"description\":\"Poszukujesz wysokiej jako\u015bci \u015brodk\u00f3w czysto\u015bci? W takim razie jak najszybciej zapoznaj si\u0119 z ofert\u0105 \u015brodk\u00f3w czyszcz\u0105cych Woodfield.\",\"breadcrumb\":{\"@id\":\"https:\/\/woodfield.nl\/pl\/asortyment-woodfield\/srodki-czyszczace\/produkty-czyszczace-woodfield#breadcrumb\"},\"inLanguage\":\"pl-PL\",\"potentialAction\":[{\"@type\":\"ReadAction\",\"target\":[\"https:\/\/woodfield.nl\/pl\/asortyment-woodfield\/srodki-czyszczace\/produkty-czyszczace-woodfield\"]}]},{\"@type\":\"BreadcrumbList\",\"@id\":\"https:\/\/woodfield.nl\/pl\/asortyment-woodfield\/srodki-czyszczace\/produkty-czyszczace-woodfield#breadcrumb\",\"itemListElement\":[{\"@type\":\"ListItem\",\"position\":1,\"name\":\"Assortiment\",\"item\":\"https:\/\/woodfield.nl\/pl\/asortyment-woodfield\"},{\"@type\":\"ListItem\",\"position\":2,\"name\":\"\u015arodki czyszcz\u0105ce\",\"item\":\"https:\/\/woodfield.nl\/pl\/asortyment-woodfield\/srodki-czyszczace\"},{\"@type\":\"ListItem\",\"position\":3,\"name\":\"Cleaning products \u2013 produkty czyszcz\u0105ce woodfield\"}]},{\"@type\":\"WebSite\",\"@id\":\"https:\/\/woodfield.nl\/#website\",\"url\":\"https:\/\/woodfield.nl\/\",\"name\":\"Woodfield - alles voor schilder en stukadoor\",\"description\":\"\",\"potentialAction\":[{\"@type\":\"SearchAction\",\"target\":{\"@type\":\"EntryPoint\",\"urlTemplate\":\"https:\/\/woodfield.nl\/?s={search_term_string}\"},\"query-input\":{\"@type\":\"PropertyValueSpecification\",\"valueRequired\":true,\"valueName\":\"search_term_string\"}}],\"inLanguage\":\"pl-PL\"}]}<\/script>\n<!-- \/ Yoast SEO plugin. -->","yoast_head_json":{"title":"WOferta \u015brodk\u00f3w czysto\u015bci Woodfield","description":"Poszukujesz wysokiej jako\u015bci \u015brodk\u00f3w czysto\u015bci? W takim razie jak najszybciej zapoznaj si\u0119 z ofert\u0105 \u015brodk\u00f3w czyszcz\u0105cych Woodfield.","robots":{"index":"index","follow":"follow","max-snippet":"max-snippet:-1","max-image-preview":"max-image-preview:large","max-video-preview":"max-video-preview:-1"},"canonical":"https:\/\/woodfield.nl\/pl\/asortyment-woodfield\/srodki-czyszczace\/produkty-czyszczace-woodfield","og_locale":"pl_PL","og_type":"article","og_title":"WOferta \u015brodk\u00f3w czysto\u015bci Woodfield","og_description":"Poszukujesz wysokiej jako\u015bci \u015brodk\u00f3w czysto\u015bci? W takim razie jak najszybciej zapoznaj si\u0119 z ofert\u0105 \u015brodk\u00f3w czyszcz\u0105cych Woodfield.","og_url":"https:\/\/woodfield.nl\/pl\/asortyment-woodfield\/srodki-czyszczace\/produkty-czyszczace-woodfield","og_site_name":"Woodfield - alles voor schilder en stukadoor","schema":{"@context":"https:\/\/schema.org","@graph":[{"@type":"WebPage","@id":"https:\/\/woodfield.nl\/pl\/asortyment-woodfield\/srodki-czyszczace\/produkty-czyszczace-woodfield","url":"https:\/\/woodfield.nl\/pl\/asortyment-woodfield\/srodki-czyszczace\/produkty-czyszczace-woodfield","name":"WOferta \u015brodk\u00f3w czysto\u015bci Woodfield","isPartOf":{"@id":"https:\/\/woodfield.nl\/#website"},"datePublished":"2021-03-16T16:50:52+00:00","description":"Poszukujesz wysokiej jako\u015bci \u015brodk\u00f3w czysto\u015bci? W takim razie jak najszybciej zapoznaj si\u0119 z ofert\u0105 \u015brodk\u00f3w czyszcz\u0105cych Woodfield.","breadcrumb":{"@id":"https:\/\/woodfield.nl\/pl\/asortyment-woodfield\/srodki-czyszczace\/produkty-czyszczace-woodfield#breadcrumb"},"inLanguage":"pl-PL","potentialAction":[{"@type":"ReadAction","target":["https:\/\/woodfield.nl\/pl\/asortyment-woodfield\/srodki-czyszczace\/produkty-czyszczace-woodfield"]}]},{"@type":"BreadcrumbList","@id":"https:\/\/woodfield.nl\/pl\/asortyment-woodfield\/srodki-czyszczace\/produkty-czyszczace-woodfield#breadcrumb","itemListElement":[{"@type":"ListItem","position":1,"name":"Assortiment","item":"https:\/\/woodfield.nl\/pl\/asortyment-woodfield"},{"@type":"ListItem","position":2,"name":"\u015arodki czyszcz\u0105ce","item":"https:\/\/woodfield.nl\/pl\/asortyment-woodfield\/srodki-czyszczace"},{"@type":"ListItem","position":3,"name":"Cleaning products \u2013 produkty czyszcz\u0105ce woodfield"}]},{"@type":"WebSite","@id":"https:\/\/woodfield.nl\/#website","url":"https:\/\/woodfield.nl\/","name":"Woodfield - alles voor schilder en stukadoor","description":"","potentialAction":[{"@type":"SearchAction","target":{"@type":"EntryPoint","urlTemplate":"https:\/\/woodfield.nl\/?s={search_term_string}"},"query-input":{"@type":"PropertyValueSpecification","valueRequired":true,"valueName":"search_term_string"}}],"inLanguage":"pl-PL"}]}},"_links":{"self":[{"href":"https:\/\/woodfield.nl\/pl\/wp-json\/wp\/v2\/pages\/18013","targetHints":{"allow":["GET"]}}],"collection":[{"href":"https:\/\/woodfield.nl\/pl\/wp-json\/wp\/v2\/pages"}],"about":[{"href":"https:\/\/woodfield.nl\/pl\/wp-json\/wp\/v2\/types\/page"}],"author":[{"embeddable":true,"href":"https:\/\/woodfield.nl\/pl\/wp-json\/wp\/v2\/users\/3"}],"replies":[{"embeddable":true,"href":"https:\/\/woodfield.nl\/pl\/wp-json\/wp\/v2\/comments?post=18013"}],"version-history":[{"count":0,"href":"https:\/\/woodfield.nl\/pl\/wp-json\/wp\/v2\/pages\/18013\/revisions"}],"up":[{"embeddable":true,"href":"https:\/\/woodfield.nl\/pl\/wp-json\/wp\/v2\/pages\/17936"}],"wp:attachment":[{"href":"https:\/\/woodfield.nl\/pl\/wp-json\/wp\/v2\/media?parent=18013"}],"curies":[{"name":"wp","href":"https:\/\/api.w.org\/{rel}","templated":true}]}}