{"id":18012,"date":"2024-06-24T09:42:02","date_gmt":"2024-06-24T07:42:02","guid":{"rendered":"https:\/\/woodfield.nl\/assortiment-woodfield\/farby\/veveo"},"modified":"2024-06-24T09:42:02","modified_gmt":"2024-06-24T07:42:02","slug":"veveo","status":"publish","type":"page","link":"https:\/\/woodfield.nl\/pl\/asortyment-woodfield\/farby\/veveo","title":{"rendered":"Verf \u2013 Veveo"},"content":{"rendered":"","protected":false},"excerpt":{"rendered":"","protected":false},"author":3,"featured_media":0,"parent":17973,"menu_order":116,"comment_status":"closed","ping_status":"closed","template":"page.php","meta":{"_acf_changed":false,"footnotes":""},"class_list":["entry","page","publish","author-woodfield","post-18012","hentry"],"acf":[],"yoast_head":"<!-- This site is optimized with the Yoast SEO plugin v26.5 - https:\/\/yoast.com\/wordpress\/plugins\/seo\/ -->\n<title>Woodfield Veveo - po produkty Veveo zapraszamy do Woodfield!<\/title>\n<meta name=\"description\" content=\"Woodfield od 45 lat \u015bci\u015ble wsp\u00f3\u0142pracuje z mark\u0105 farb Veveo. Odwied\u017a nasze oddzia\u0142y, aby uzyska\u0107 profesjonalne doradztwo w zakresie Veveo.\" \/>\n<meta name=\"robots\" content=\"index, follow, max-snippet:-1, max-image-preview:large, max-video-preview:-1\" \/>\n<link rel=\"canonical\" href=\"https:\/\/woodfield.nl\/pl\/farby\/veveo\" \/>\n<meta property=\"og:locale\" content=\"pl_PL\" \/>\n<meta property=\"og:type\" content=\"article\" \/>\n<meta property=\"og:title\" content=\"Woodfield Veveo - po produkty Veveo zapraszamy do Woodfield!\" \/>\n<meta property=\"og:description\" content=\"Woodfield od 45 lat \u015bci\u015ble wsp\u00f3\u0142pracuje z mark\u0105 farb Veveo. Odwied\u017a nasze oddzia\u0142y, aby uzyska\u0107 profesjonalne doradztwo w zakresie Veveo.\" \/>\n<meta property=\"og:url\" content=\"https:\/\/woodfield.nl\/pl\/farby\/veveo\" \/>\n<meta property=\"og:site_name\" content=\"Woodfield - alles voor schilder en stukadoor\" \/>\n<script type=\"application\/ld+json\" class=\"yoast-schema-graph\">{\"@context\":\"https:\/\/schema.org\",\"@graph\":[{\"@type\":\"WebPage\",\"@id\":\"https:\/\/woodfield.nl\/pl\/farby\/veveo\",\"url\":\"https:\/\/woodfield.nl\/pl\/farby\/veveo\",\"name\":\"Woodfield Veveo - po produkty Veveo zapraszamy do Woodfield!\",\"isPartOf\":{\"@id\":\"https:\/\/woodfield.nl\/#website\"},\"datePublished\":\"2024-06-24T07:42:02+00:00\",\"description\":\"Woodfield od 45 lat \u015bci\u015ble wsp\u00f3\u0142pracuje z mark\u0105 farb Veveo. Odwied\u017a nasze oddzia\u0142y, aby uzyska\u0107 profesjonalne doradztwo w zakresie Veveo.\",\"breadcrumb\":{\"@id\":\"https:\/\/woodfield.nl\/pl\/farby\/veveo#breadcrumb\"},\"inLanguage\":\"pl-PL\",\"potentialAction\":[{\"@type\":\"ReadAction\",\"target\":[\"https:\/\/woodfield.nl\/pl\/farby\/veveo\"]}]},{\"@type\":\"BreadcrumbList\",\"@id\":\"https:\/\/woodfield.nl\/pl\/farby\/veveo#breadcrumb\",\"itemListElement\":[{\"@type\":\"ListItem\",\"position\":1,\"name\":\"Verf\",\"item\":\"https:\/\/woodfield.nl\/pl\/farby\"},{\"@type\":\"ListItem\",\"position\":2,\"name\":\"Verf \u2013 Veveo\"}]},{\"@type\":\"WebSite\",\"@id\":\"https:\/\/woodfield.nl\/#website\",\"url\":\"https:\/\/woodfield.nl\/\",\"name\":\"Woodfield - alles voor schilder en stukadoor\",\"description\":\"\",\"potentialAction\":[{\"@type\":\"SearchAction\",\"target\":{\"@type\":\"EntryPoint\",\"urlTemplate\":\"https:\/\/woodfield.nl\/?s={search_term_string}\"},\"query-input\":{\"@type\":\"PropertyValueSpecification\",\"valueRequired\":true,\"valueName\":\"search_term_string\"}}],\"inLanguage\":\"pl-PL\"}]}<\/script>\n<!-- \/ Yoast SEO plugin. -->","yoast_head_json":{"title":"Woodfield Veveo - po produkty Veveo zapraszamy do Woodfield!","description":"Woodfield od 45 lat \u015bci\u015ble wsp\u00f3\u0142pracuje z mark\u0105 farb Veveo. Odwied\u017a nasze oddzia\u0142y, aby uzyska\u0107 profesjonalne doradztwo w zakresie Veveo.","robots":{"index":"index","follow":"follow","max-snippet":"max-snippet:-1","max-image-preview":"max-image-preview:large","max-video-preview":"max-video-preview:-1"},"canonical":"https:\/\/woodfield.nl\/pl\/farby\/veveo","og_locale":"pl_PL","og_type":"article","og_title":"Woodfield Veveo - po produkty Veveo zapraszamy do Woodfield!","og_description":"Woodfield od 45 lat \u015bci\u015ble wsp\u00f3\u0142pracuje z mark\u0105 farb Veveo. Odwied\u017a nasze oddzia\u0142y, aby uzyska\u0107 profesjonalne doradztwo w zakresie Veveo.","og_url":"https:\/\/woodfield.nl\/pl\/farby\/veveo","og_site_name":"Woodfield - alles voor schilder en stukadoor","schema":{"@context":"https:\/\/schema.org","@graph":[{"@type":"WebPage","@id":"https:\/\/woodfield.nl\/pl\/farby\/veveo","url":"https:\/\/woodfield.nl\/pl\/farby\/veveo","name":"Woodfield Veveo - po produkty Veveo zapraszamy do Woodfield!","isPartOf":{"@id":"https:\/\/woodfield.nl\/#website"},"datePublished":"2024-06-24T07:42:02+00:00","description":"Woodfield od 45 lat \u015bci\u015ble wsp\u00f3\u0142pracuje z mark\u0105 farb Veveo. Odwied\u017a nasze oddzia\u0142y, aby uzyska\u0107 profesjonalne doradztwo w zakresie Veveo.","breadcrumb":{"@id":"https:\/\/woodfield.nl\/pl\/farby\/veveo#breadcrumb"},"inLanguage":"pl-PL","potentialAction":[{"@type":"ReadAction","target":["https:\/\/woodfield.nl\/pl\/farby\/veveo"]}]},{"@type":"BreadcrumbList","@id":"https:\/\/woodfield.nl\/pl\/farby\/veveo#breadcrumb","itemListElement":[{"@type":"ListItem","position":1,"name":"Verf","item":"https:\/\/woodfield.nl\/pl\/farby"},{"@type":"ListItem","position":2,"name":"Verf \u2013 Veveo"}]},{"@type":"WebSite","@id":"https:\/\/woodfield.nl\/#website","url":"https:\/\/woodfield.nl\/","name":"Woodfield - alles voor schilder en stukadoor","description":"","potentialAction":[{"@type":"SearchAction","target":{"@type":"EntryPoint","urlTemplate":"https:\/\/woodfield.nl\/?s={search_term_string}"},"query-input":{"@type":"PropertyValueSpecification","valueRequired":true,"valueName":"search_term_string"}}],"inLanguage":"pl-PL"}]}},"_links":{"self":[{"href":"https:\/\/woodfield.nl\/pl\/wp-json\/wp\/v2\/pages\/18012","targetHints":{"allow":["GET"]}}],"collection":[{"href":"https:\/\/woodfield.nl\/pl\/wp-json\/wp\/v2\/pages"}],"about":[{"href":"https:\/\/woodfield.nl\/pl\/wp-json\/wp\/v2\/types\/page"}],"author":[{"embeddable":true,"href":"https:\/\/woodfield.nl\/pl\/wp-json\/wp\/v2\/users\/3"}],"replies":[{"embeddable":true,"href":"https:\/\/woodfield.nl\/pl\/wp-json\/wp\/v2\/comments?post=18012"}],"version-history":[{"count":0,"href":"https:\/\/woodfield.nl\/pl\/wp-json\/wp\/v2\/pages\/18012\/revisions"}],"up":[{"embeddable":true,"href":"https:\/\/woodfield.nl\/pl\/wp-json\/wp\/v2\/pages\/17973"}],"wp:attachment":[{"href":"https:\/\/woodfield.nl\/pl\/wp-json\/wp\/v2\/media?parent=18012"}],"curies":[{"name":"wp","href":"https:\/\/api.w.org\/{rel}","templated":true}]}}