{"id":18000,"date":"2024-02-08T08:51:25","date_gmt":"2024-02-08T07:51:25","guid":{"rendered":"https:\/\/woodfield.nl\/assortiment-woodfield\/spuitapparatuur"},"modified":"2024-02-08T08:51:25","modified_gmt":"2024-02-08T07:51:25","slug":"opryskiwacze","status":"publish","type":"page","link":"https:\/\/woodfield.nl\/pl\/asortyment-woodfield\/opryskiwacze","title":{"rendered":"Spuitapparatuur"},"content":{"rendered":"","protected":false},"excerpt":{"rendered":"","protected":false},"author":3,"featured_media":0,"parent":17920,"menu_order":458,"comment_status":"closed","ping_status":"closed","template":"page.php","meta":{"_acf_changed":false,"footnotes":""},"class_list":["entry","page","publish","author-woodfield","post-18000","hentry"],"acf":[],"yoast_head":"<!-- This site is optimized with the Yoast SEO plugin v26.5 - https:\/\/yoast.com\/wordpress\/plugins\/seo\/ -->\n<title>Woodfield - zapoznaj si\u0119 z nasz\u0105 ofert\u0105 opryskiwaczy do farb i tynk\u00f3w.<\/title>\n<meta name=\"description\" content=\"Szukasz profesjonalnego sprz\u0119tu do natrysku farby i tynk\u00f3w? Zapoznaj si\u0119 z ofert\u0105 firmy Woodfield.\" \/>\n<meta name=\"robots\" content=\"index, follow, max-snippet:-1, max-image-preview:large, max-video-preview:-1\" \/>\n<link rel=\"canonical\" href=\"https:\/\/woodfield.nl\/pl\/asortyment-woodfield\/opryskiwacze\" \/>\n<meta property=\"og:locale\" content=\"pl_PL\" \/>\n<meta property=\"og:type\" content=\"article\" \/>\n<meta property=\"og:title\" content=\"Woodfield - zapoznaj si\u0119 z nasz\u0105 ofert\u0105 opryskiwaczy do farb i tynk\u00f3w.\" \/>\n<meta property=\"og:description\" content=\"Szukasz profesjonalnego sprz\u0119tu do natrysku farby i tynk\u00f3w? Zapoznaj si\u0119 z ofert\u0105 firmy Woodfield.\" \/>\n<meta property=\"og:url\" content=\"https:\/\/woodfield.nl\/pl\/asortyment-woodfield\/opryskiwacze\" \/>\n<meta property=\"og:site_name\" content=\"Woodfield - alles voor schilder en stukadoor\" \/>\n<script type=\"application\/ld+json\" class=\"yoast-schema-graph\">{\"@context\":\"https:\/\/schema.org\",\"@graph\":[{\"@type\":\"WebPage\",\"@id\":\"https:\/\/woodfield.nl\/pl\/opryskiwacze\",\"url\":\"https:\/\/woodfield.nl\/pl\/asortyment-woodfield\/opryskiwacze\",\"name\":\"Woodfield - zapoznaj si\u0119 z nasz\u0105 ofert\u0105 opryskiwaczy do farb i tynk\u00f3w.\",\"isPartOf\":{\"@id\":\"https:\/\/woodfield.nl\/#website\"},\"datePublished\":\"2024-02-08T07:51:25+00:00\",\"description\":\"Szukasz profesjonalnego sprz\u0119tu do natrysku farby i tynk\u00f3w? Zapoznaj si\u0119 z ofert\u0105 firmy Woodfield.\",\"inLanguage\":\"pl-PL\",\"potentialAction\":[{\"@type\":\"ReadAction\",\"target\":[\"https:\/\/woodfield.nl\/pl\/asortyment-woodfield\/opryskiwacze\"]}]},{\"@type\":\"WebSite\",\"@id\":\"https:\/\/woodfield.nl\/#website\",\"url\":\"https:\/\/woodfield.nl\/\",\"name\":\"Woodfield - alles voor schilder en stukadoor\",\"description\":\"\",\"potentialAction\":[{\"@type\":\"SearchAction\",\"target\":{\"@type\":\"EntryPoint\",\"urlTemplate\":\"https:\/\/woodfield.nl\/?s={search_term_string}\"},\"query-input\":{\"@type\":\"PropertyValueSpecification\",\"valueRequired\":true,\"valueName\":\"search_term_string\"}}],\"inLanguage\":\"pl-PL\"}]}<\/script>\n<!-- \/ Yoast SEO plugin. -->","yoast_head_json":{"title":"Woodfield - zapoznaj si\u0119 z nasz\u0105 ofert\u0105 opryskiwaczy do farb i tynk\u00f3w.","description":"Szukasz profesjonalnego sprz\u0119tu do natrysku farby i tynk\u00f3w? Zapoznaj si\u0119 z ofert\u0105 firmy Woodfield.","robots":{"index":"index","follow":"follow","max-snippet":"max-snippet:-1","max-image-preview":"max-image-preview:large","max-video-preview":"max-video-preview:-1"},"canonical":"https:\/\/woodfield.nl\/pl\/asortyment-woodfield\/opryskiwacze","og_locale":"pl_PL","og_type":"article","og_title":"Woodfield - zapoznaj si\u0119 z nasz\u0105 ofert\u0105 opryskiwaczy do farb i tynk\u00f3w.","og_description":"Szukasz profesjonalnego sprz\u0119tu do natrysku farby i tynk\u00f3w? Zapoznaj si\u0119 z ofert\u0105 firmy Woodfield.","og_url":"https:\/\/woodfield.nl\/pl\/asortyment-woodfield\/opryskiwacze","og_site_name":"Woodfield - alles voor schilder en stukadoor","schema":{"@context":"https:\/\/schema.org","@graph":[{"@type":"WebPage","@id":"https:\/\/woodfield.nl\/pl\/opryskiwacze","url":"https:\/\/woodfield.nl\/pl\/asortyment-woodfield\/opryskiwacze","name":"Woodfield - zapoznaj si\u0119 z nasz\u0105 ofert\u0105 opryskiwaczy do farb i tynk\u00f3w.","isPartOf":{"@id":"https:\/\/woodfield.nl\/#website"},"datePublished":"2024-02-08T07:51:25+00:00","description":"Szukasz profesjonalnego sprz\u0119tu do natrysku farby i tynk\u00f3w? Zapoznaj si\u0119 z ofert\u0105 firmy Woodfield.","inLanguage":"pl-PL","potentialAction":[{"@type":"ReadAction","target":["https:\/\/woodfield.nl\/pl\/asortyment-woodfield\/opryskiwacze"]}]},{"@type":"WebSite","@id":"https:\/\/woodfield.nl\/#website","url":"https:\/\/woodfield.nl\/","name":"Woodfield - alles voor schilder en stukadoor","description":"","potentialAction":[{"@type":"SearchAction","target":{"@type":"EntryPoint","urlTemplate":"https:\/\/woodfield.nl\/?s={search_term_string}"},"query-input":{"@type":"PropertyValueSpecification","valueRequired":true,"valueName":"search_term_string"}}],"inLanguage":"pl-PL"}]}},"_links":{"self":[{"href":"https:\/\/woodfield.nl\/pl\/wp-json\/wp\/v2\/pages\/18000","targetHints":{"allow":["GET"]}}],"collection":[{"href":"https:\/\/woodfield.nl\/pl\/wp-json\/wp\/v2\/pages"}],"about":[{"href":"https:\/\/woodfield.nl\/pl\/wp-json\/wp\/v2\/types\/page"}],"author":[{"embeddable":true,"href":"https:\/\/woodfield.nl\/pl\/wp-json\/wp\/v2\/users\/3"}],"replies":[{"embeddable":true,"href":"https:\/\/woodfield.nl\/pl\/wp-json\/wp\/v2\/comments?post=18000"}],"version-history":[{"count":0,"href":"https:\/\/woodfield.nl\/pl\/wp-json\/wp\/v2\/pages\/18000\/revisions"}],"up":[{"embeddable":true,"href":"https:\/\/woodfield.nl\/pl\/wp-json\/wp\/v2\/pages\/17920"}],"wp:attachment":[{"href":"https:\/\/woodfield.nl\/pl\/wp-json\/wp\/v2\/media?parent=18000"}],"curies":[{"name":"wp","href":"https:\/\/api.w.org\/{rel}","templated":true}]}}