{"id":17985,"date":"2021-03-16T18:25:37","date_gmt":"2021-03-16T17:25:37","guid":{"rendered":"https:\/\/woodfield.nl\/altrex"},"modified":"2021-03-16T18:25:37","modified_gmt":"2021-03-16T17:25:37","slug":"altrex","status":"publish","type":"page","link":"https:\/\/woodfield.nl\/pl\/asortyment-woodfield\/sprzet-wspinaczkowy\/altrex","title":{"rendered":"Klimmateriaal \u2013 Altrex"},"content":{"rendered":"","protected":false},"excerpt":{"rendered":"","protected":false},"author":3,"featured_media":0,"parent":17992,"menu_order":340,"comment_status":"closed","ping_status":"closed","template":"page.php","meta":{"_acf_changed":false,"footnotes":""},"class_list":["entry","page","publish","author-woodfield","post-17985","hentry"],"acf":[],"yoast_head":"<!-- This site is optimized with the Yoast SEO plugin v26.5 - https:\/\/yoast.com\/wordpress\/plugins\/seo\/ -->\n<title>Sprz\u0119t do pracy na wysoko\u015bci marki Altrex kupisz w Woodfield<\/title>\n<meta name=\"description\" content=\"Szukasz sprz\u0119tu do pracy na wysoko\u015bci? W takim razie trafi\u0142e\u015b we w\u0142a\u015bciwe miejsce - do Woodfield. Oferujemy r\u00f3\u017cne produkty marki Altrex.\" \/>\n<meta name=\"robots\" content=\"index, follow, max-snippet:-1, max-image-preview:large, max-video-preview:-1\" \/>\n<link rel=\"canonical\" href=\"https:\/\/woodfield.nl\/pl\/sprzet-wspinaczkowy\/altrex\" \/>\n<meta property=\"og:locale\" content=\"pl_PL\" \/>\n<meta property=\"og:type\" content=\"article\" \/>\n<meta property=\"og:title\" content=\"Sprz\u0119t do pracy na wysoko\u015bci marki Altrex kupisz w Woodfield\" \/>\n<meta property=\"og:description\" content=\"Szukasz sprz\u0119tu do pracy na wysoko\u015bci? W takim razie trafi\u0142e\u015b we w\u0142a\u015bciwe miejsce - do Woodfield. Oferujemy r\u00f3\u017cne produkty marki Altrex.\" \/>\n<meta property=\"og:url\" content=\"https:\/\/woodfield.nl\/pl\/sprzet-wspinaczkowy\/altrex\" \/>\n<meta property=\"og:site_name\" content=\"Woodfield - alles voor schilder en stukadoor\" \/>\n<script type=\"application\/ld+json\" class=\"yoast-schema-graph\">{\"@context\":\"https:\/\/schema.org\",\"@graph\":[{\"@type\":\"WebPage\",\"@id\":\"https:\/\/woodfield.nl\/pl\/sprzet-wspinaczkowy\/altrex\",\"url\":\"https:\/\/woodfield.nl\/pl\/sprzet-wspinaczkowy\/altrex\",\"name\":\"Sprz\u0119t do pracy na wysoko\u015bci marki Altrex kupisz w Woodfield\",\"isPartOf\":{\"@id\":\"https:\/\/woodfield.nl\/#website\"},\"datePublished\":\"2021-03-16T17:25:37+00:00\",\"description\":\"Szukasz sprz\u0119tu do pracy na wysoko\u015bci? W takim razie trafi\u0142e\u015b we w\u0142a\u015bciwe miejsce - do Woodfield. Oferujemy r\u00f3\u017cne produkty marki Altrex.\",\"breadcrumb\":{\"@id\":\"https:\/\/woodfield.nl\/pl\/sprzet-wspinaczkowy\/altrex#breadcrumb\"},\"inLanguage\":\"pl-PL\",\"potentialAction\":[{\"@type\":\"ReadAction\",\"target\":[\"https:\/\/woodfield.nl\/pl\/sprzet-wspinaczkowy\/altrex\"]}]},{\"@type\":\"BreadcrumbList\",\"@id\":\"https:\/\/woodfield.nl\/pl\/sprzet-wspinaczkowy\/altrex#breadcrumb\",\"itemListElement\":[{\"@type\":\"ListItem\",\"position\":1,\"name\":\"Klimmateriaal\",\"item\":\"https:\/\/woodfield.nl\/pl\/sprzet-wspinaczkowy\"},{\"@type\":\"ListItem\",\"position\":2,\"name\":\"Klimmateriaal \u2013 Altrex\"}]},{\"@type\":\"WebSite\",\"@id\":\"https:\/\/woodfield.nl\/#website\",\"url\":\"https:\/\/woodfield.nl\/\",\"name\":\"Woodfield - alles voor schilder en stukadoor\",\"description\":\"\",\"potentialAction\":[{\"@type\":\"SearchAction\",\"target\":{\"@type\":\"EntryPoint\",\"urlTemplate\":\"https:\/\/woodfield.nl\/?s={search_term_string}\"},\"query-input\":{\"@type\":\"PropertyValueSpecification\",\"valueRequired\":true,\"valueName\":\"search_term_string\"}}],\"inLanguage\":\"pl-PL\"}]}<\/script>\n<!-- \/ Yoast SEO plugin. -->","yoast_head_json":{"title":"Sprz\u0119t do pracy na wysoko\u015bci marki Altrex kupisz w Woodfield","description":"Szukasz sprz\u0119tu do pracy na wysoko\u015bci? W takim razie trafi\u0142e\u015b we w\u0142a\u015bciwe miejsce - do Woodfield. Oferujemy r\u00f3\u017cne produkty marki Altrex.","robots":{"index":"index","follow":"follow","max-snippet":"max-snippet:-1","max-image-preview":"max-image-preview:large","max-video-preview":"max-video-preview:-1"},"canonical":"https:\/\/woodfield.nl\/pl\/sprzet-wspinaczkowy\/altrex","og_locale":"pl_PL","og_type":"article","og_title":"Sprz\u0119t do pracy na wysoko\u015bci marki Altrex kupisz w Woodfield","og_description":"Szukasz sprz\u0119tu do pracy na wysoko\u015bci? W takim razie trafi\u0142e\u015b we w\u0142a\u015bciwe miejsce - do Woodfield. Oferujemy r\u00f3\u017cne produkty marki Altrex.","og_url":"https:\/\/woodfield.nl\/pl\/sprzet-wspinaczkowy\/altrex","og_site_name":"Woodfield - alles voor schilder en stukadoor","schema":{"@context":"https:\/\/schema.org","@graph":[{"@type":"WebPage","@id":"https:\/\/woodfield.nl\/pl\/sprzet-wspinaczkowy\/altrex","url":"https:\/\/woodfield.nl\/pl\/sprzet-wspinaczkowy\/altrex","name":"Sprz\u0119t do pracy na wysoko\u015bci marki Altrex kupisz w Woodfield","isPartOf":{"@id":"https:\/\/woodfield.nl\/#website"},"datePublished":"2021-03-16T17:25:37+00:00","description":"Szukasz sprz\u0119tu do pracy na wysoko\u015bci? W takim razie trafi\u0142e\u015b we w\u0142a\u015bciwe miejsce - do Woodfield. Oferujemy r\u00f3\u017cne produkty marki Altrex.","breadcrumb":{"@id":"https:\/\/woodfield.nl\/pl\/sprzet-wspinaczkowy\/altrex#breadcrumb"},"inLanguage":"pl-PL","potentialAction":[{"@type":"ReadAction","target":["https:\/\/woodfield.nl\/pl\/sprzet-wspinaczkowy\/altrex"]}]},{"@type":"BreadcrumbList","@id":"https:\/\/woodfield.nl\/pl\/sprzet-wspinaczkowy\/altrex#breadcrumb","itemListElement":[{"@type":"ListItem","position":1,"name":"Klimmateriaal","item":"https:\/\/woodfield.nl\/pl\/sprzet-wspinaczkowy"},{"@type":"ListItem","position":2,"name":"Klimmateriaal \u2013 Altrex"}]},{"@type":"WebSite","@id":"https:\/\/woodfield.nl\/#website","url":"https:\/\/woodfield.nl\/","name":"Woodfield - alles voor schilder en stukadoor","description":"","potentialAction":[{"@type":"SearchAction","target":{"@type":"EntryPoint","urlTemplate":"https:\/\/woodfield.nl\/?s={search_term_string}"},"query-input":{"@type":"PropertyValueSpecification","valueRequired":true,"valueName":"search_term_string"}}],"inLanguage":"pl-PL"}]}},"_links":{"self":[{"href":"https:\/\/woodfield.nl\/pl\/wp-json\/wp\/v2\/pages\/17985","targetHints":{"allow":["GET"]}}],"collection":[{"href":"https:\/\/woodfield.nl\/pl\/wp-json\/wp\/v2\/pages"}],"about":[{"href":"https:\/\/woodfield.nl\/pl\/wp-json\/wp\/v2\/types\/page"}],"author":[{"embeddable":true,"href":"https:\/\/woodfield.nl\/pl\/wp-json\/wp\/v2\/users\/3"}],"replies":[{"embeddable":true,"href":"https:\/\/woodfield.nl\/pl\/wp-json\/wp\/v2\/comments?post=17985"}],"version-history":[{"count":0,"href":"https:\/\/woodfield.nl\/pl\/wp-json\/wp\/v2\/pages\/17985\/revisions"}],"up":[{"embeddable":true,"href":"https:\/\/woodfield.nl\/pl\/wp-json\/wp\/v2\/pages\/17992"}],"wp:attachment":[{"href":"https:\/\/woodfield.nl\/pl\/wp-json\/wp\/v2\/media?parent=17985"}],"curies":[{"name":"wp","href":"https:\/\/api.w.org\/{rel}","templated":true}]}}