{"id":17981,"date":"2022-04-20T09:54:30","date_gmt":"2022-04-20T07:54:30","guid":{"rendered":"https:\/\/woodfield.nl\/assortiment-woodfield\/ochrona-osobista\/deltaplus"},"modified":"2022-04-20T09:54:30","modified_gmt":"2022-04-20T07:54:30","slug":"deltaplus","status":"publish","type":"page","link":"https:\/\/woodfield.nl\/pl\/asortyment-woodfield\/ochrona-osobista\/deltaplus","title":{"rendered":"Persoonlijke bescherming \u2013 Deltaplus"},"content":{"rendered":"","protected":false},"excerpt":{"rendered":"","protected":false},"author":3,"featured_media":0,"parent":17945,"menu_order":490,"comment_status":"closed","ping_status":"closed","template":"page.php","meta":{"_acf_changed":false,"footnotes":""},"class_list":["entry","page","publish","author-woodfield","post-17981","hentry"],"acf":[],"yoast_head":"<!-- This site is optimized with the Yoast SEO plugin v26.5 - https:\/\/yoast.com\/wordpress\/plugins\/seo\/ -->\n<title>Woodfield - artyku\u0142y ochrony osobistej od Deltaplus ju\u017c dost\u0119pna w Woodfield.<\/title>\n<meta name=\"description\" content=\"Je\u015bli chcesz pracowa\u0107 w bezpieczny spos\u00f3b, w Woodfield znajdziesz odpowiednie artyku\u0142y ochrony osobistej.\" \/>\n<meta name=\"robots\" content=\"index, follow, max-snippet:-1, max-image-preview:large, max-video-preview:-1\" \/>\n<link rel=\"canonical\" href=\"https:\/\/woodfield.nl\/pl\/asortyment-woodfield\/ochrona-osobista\/deltaplus\" \/>\n<meta property=\"og:locale\" content=\"pl_PL\" \/>\n<meta property=\"og:type\" content=\"article\" \/>\n<meta property=\"og:title\" content=\"Woodfield - artyku\u0142y ochrony osobistej od Deltaplus ju\u017c dost\u0119pna w Woodfield.\" \/>\n<meta property=\"og:description\" content=\"Je\u015bli chcesz pracowa\u0107 w bezpieczny spos\u00f3b, w Woodfield znajdziesz odpowiednie artyku\u0142y ochrony osobistej.\" \/>\n<meta property=\"og:url\" content=\"https:\/\/woodfield.nl\/pl\/asortyment-woodfield\/ochrona-osobista\/deltaplus\" \/>\n<meta property=\"og:site_name\" content=\"Woodfield - alles voor schilder en stukadoor\" \/>\n<script type=\"application\/ld+json\" class=\"yoast-schema-graph\">{\"@context\":\"https:\/\/schema.org\",\"@graph\":[{\"@type\":\"WebPage\",\"@id\":\"https:\/\/woodfield.nl\/pl\/asortyment-woodfield\/ochrona-osobista\/deltaplus\",\"url\":\"https:\/\/woodfield.nl\/pl\/asortyment-woodfield\/ochrona-osobista\/deltaplus\",\"name\":\"Woodfield - artyku\u0142y ochrony osobistej od Deltaplus ju\u017c dost\u0119pna w Woodfield.\",\"isPartOf\":{\"@id\":\"https:\/\/woodfield.nl\/#website\"},\"datePublished\":\"2022-04-20T07:54:30+00:00\",\"description\":\"Je\u015bli chcesz pracowa\u0107 w bezpieczny spos\u00f3b, w Woodfield znajdziesz odpowiednie artyku\u0142y ochrony osobistej.\",\"breadcrumb\":{\"@id\":\"https:\/\/woodfield.nl\/pl\/asortyment-woodfield\/ochrona-osobista\/deltaplus#breadcrumb\"},\"inLanguage\":\"pl-PL\",\"potentialAction\":[{\"@type\":\"ReadAction\",\"target\":[\"https:\/\/woodfield.nl\/pl\/asortyment-woodfield\/ochrona-osobista\/deltaplus\"]}]},{\"@type\":\"BreadcrumbList\",\"@id\":\"https:\/\/woodfield.nl\/pl\/asortyment-woodfield\/ochrona-osobista\/deltaplus#breadcrumb\",\"itemListElement\":[{\"@type\":\"ListItem\",\"position\":1,\"name\":\"Assortiment\",\"item\":\"https:\/\/woodfield.nl\/pl\/asortyment-woodfield\"},{\"@type\":\"ListItem\",\"position\":2,\"name\":\"Persoonlijke bescherming\",\"item\":\"https:\/\/woodfield.nl\/pl\/asortyment-woodfield\/ochrona-osobista\"},{\"@type\":\"ListItem\",\"position\":3,\"name\":\"Persoonlijke bescherming \u2013 Deltaplus\"}]},{\"@type\":\"WebSite\",\"@id\":\"https:\/\/woodfield.nl\/#website\",\"url\":\"https:\/\/woodfield.nl\/\",\"name\":\"Woodfield - alles voor schilder en stukadoor\",\"description\":\"\",\"potentialAction\":[{\"@type\":\"SearchAction\",\"target\":{\"@type\":\"EntryPoint\",\"urlTemplate\":\"https:\/\/woodfield.nl\/?s={search_term_string}\"},\"query-input\":{\"@type\":\"PropertyValueSpecification\",\"valueRequired\":true,\"valueName\":\"search_term_string\"}}],\"inLanguage\":\"pl-PL\"}]}<\/script>\n<!-- \/ Yoast SEO plugin. -->","yoast_head_json":{"title":"Woodfield - artyku\u0142y ochrony osobistej od Deltaplus ju\u017c dost\u0119pna w Woodfield.","description":"Je\u015bli chcesz pracowa\u0107 w bezpieczny spos\u00f3b, w Woodfield znajdziesz odpowiednie artyku\u0142y ochrony osobistej.","robots":{"index":"index","follow":"follow","max-snippet":"max-snippet:-1","max-image-preview":"max-image-preview:large","max-video-preview":"max-video-preview:-1"},"canonical":"https:\/\/woodfield.nl\/pl\/asortyment-woodfield\/ochrona-osobista\/deltaplus","og_locale":"pl_PL","og_type":"article","og_title":"Woodfield - artyku\u0142y ochrony osobistej od Deltaplus ju\u017c dost\u0119pna w Woodfield.","og_description":"Je\u015bli chcesz pracowa\u0107 w bezpieczny spos\u00f3b, w Woodfield znajdziesz odpowiednie artyku\u0142y ochrony osobistej.","og_url":"https:\/\/woodfield.nl\/pl\/asortyment-woodfield\/ochrona-osobista\/deltaplus","og_site_name":"Woodfield - alles voor schilder en stukadoor","schema":{"@context":"https:\/\/schema.org","@graph":[{"@type":"WebPage","@id":"https:\/\/woodfield.nl\/pl\/asortyment-woodfield\/ochrona-osobista\/deltaplus","url":"https:\/\/woodfield.nl\/pl\/asortyment-woodfield\/ochrona-osobista\/deltaplus","name":"Woodfield - artyku\u0142y ochrony osobistej od Deltaplus ju\u017c dost\u0119pna w Woodfield.","isPartOf":{"@id":"https:\/\/woodfield.nl\/#website"},"datePublished":"2022-04-20T07:54:30+00:00","description":"Je\u015bli chcesz pracowa\u0107 w bezpieczny spos\u00f3b, w Woodfield znajdziesz odpowiednie artyku\u0142y ochrony osobistej.","breadcrumb":{"@id":"https:\/\/woodfield.nl\/pl\/asortyment-woodfield\/ochrona-osobista\/deltaplus#breadcrumb"},"inLanguage":"pl-PL","potentialAction":[{"@type":"ReadAction","target":["https:\/\/woodfield.nl\/pl\/asortyment-woodfield\/ochrona-osobista\/deltaplus"]}]},{"@type":"BreadcrumbList","@id":"https:\/\/woodfield.nl\/pl\/asortyment-woodfield\/ochrona-osobista\/deltaplus#breadcrumb","itemListElement":[{"@type":"ListItem","position":1,"name":"Assortiment","item":"https:\/\/woodfield.nl\/pl\/asortyment-woodfield"},{"@type":"ListItem","position":2,"name":"Persoonlijke bescherming","item":"https:\/\/woodfield.nl\/pl\/asortyment-woodfield\/ochrona-osobista"},{"@type":"ListItem","position":3,"name":"Persoonlijke bescherming \u2013 Deltaplus"}]},{"@type":"WebSite","@id":"https:\/\/woodfield.nl\/#website","url":"https:\/\/woodfield.nl\/","name":"Woodfield - alles voor schilder en stukadoor","description":"","potentialAction":[{"@type":"SearchAction","target":{"@type":"EntryPoint","urlTemplate":"https:\/\/woodfield.nl\/?s={search_term_string}"},"query-input":{"@type":"PropertyValueSpecification","valueRequired":true,"valueName":"search_term_string"}}],"inLanguage":"pl-PL"}]}},"_links":{"self":[{"href":"https:\/\/woodfield.nl\/pl\/wp-json\/wp\/v2\/pages\/17981","targetHints":{"allow":["GET"]}}],"collection":[{"href":"https:\/\/woodfield.nl\/pl\/wp-json\/wp\/v2\/pages"}],"about":[{"href":"https:\/\/woodfield.nl\/pl\/wp-json\/wp\/v2\/types\/page"}],"author":[{"embeddable":true,"href":"https:\/\/woodfield.nl\/pl\/wp-json\/wp\/v2\/users\/3"}],"replies":[{"embeddable":true,"href":"https:\/\/woodfield.nl\/pl\/wp-json\/wp\/v2\/comments?post=17981"}],"version-history":[{"count":0,"href":"https:\/\/woodfield.nl\/pl\/wp-json\/wp\/v2\/pages\/17981\/revisions"}],"up":[{"embeddable":true,"href":"https:\/\/woodfield.nl\/pl\/wp-json\/wp\/v2\/pages\/17945"}],"wp:attachment":[{"href":"https:\/\/woodfield.nl\/pl\/wp-json\/wp\/v2\/media?parent=17981"}],"curies":[{"name":"wp","href":"https:\/\/api.w.org\/{rel}","templated":true}]}}