{"id":17980,"date":"2021-03-17T16:14:05","date_gmt":"2021-03-17T15:14:05","guid":{"rendered":"https:\/\/woodfield.nl\/assortiment-woodfield\/farby\/woodfield-verf"},"modified":"2021-03-17T16:14:05","modified_gmt":"2021-03-17T15:14:05","slug":"woodfield-verf","status":"publish","type":"page","link":"https:\/\/woodfield.nl\/pl\/asortyment-woodfield\/farby\/woodfield-verf","title":{"rendered":"Verf \u2013 Woodfield verf"},"content":{"rendered":"","protected":false},"excerpt":{"rendered":"","protected":false},"author":3,"featured_media":0,"parent":17973,"menu_order":295,"comment_status":"closed","ping_status":"closed","template":"page.php","meta":{"_acf_changed":false,"footnotes":""},"class_list":["entry","page","publish","author-woodfield","post-17980","hentry"],"acf":[],"yoast_head":"<!-- This site is optimized with the Yoast SEO plugin v26.5 - https:\/\/yoast.com\/wordpress\/plugins\/seo\/ -->\n<title>Farby Woodfield - wszystko o farbach naszej w\u0142asnej marki Woodfield.<\/title>\n<meta name=\"description\" content=\"Na tej stronie mo\u017cesz dowiedzie\u0107 si\u0119 wi\u0119cej o farbach Woodfield. Jest to nasz w\u0142asny produkt s\u0142yn\u0105cy z doskona\u0142ej jako\u015bci i trwa\u0142o\u015bci.\" \/>\n<meta name=\"robots\" content=\"index, follow, max-snippet:-1, max-image-preview:large, max-video-preview:-1\" \/>\n<link rel=\"canonical\" href=\"https:\/\/woodfield.nl\/pl\/farby\/woodfield-verf\" \/>\n<meta property=\"og:locale\" content=\"pl_PL\" \/>\n<meta property=\"og:type\" content=\"article\" \/>\n<meta property=\"og:title\" content=\"Farby Woodfield - wszystko o farbach naszej w\u0142asnej marki Woodfield.\" \/>\n<meta property=\"og:description\" content=\"Na tej stronie mo\u017cesz dowiedzie\u0107 si\u0119 wi\u0119cej o farbach Woodfield. Jest to nasz w\u0142asny produkt s\u0142yn\u0105cy z doskona\u0142ej jako\u015bci i trwa\u0142o\u015bci.\" \/>\n<meta property=\"og:url\" content=\"https:\/\/woodfield.nl\/pl\/farby\/woodfield-verf\" \/>\n<meta property=\"og:site_name\" content=\"Woodfield - alles voor schilder en stukadoor\" \/>\n<script type=\"application\/ld+json\" class=\"yoast-schema-graph\">{\"@context\":\"https:\/\/schema.org\",\"@graph\":[{\"@type\":\"WebPage\",\"@id\":\"https:\/\/woodfield.nl\/pl\/farby\/woodfield-verf\",\"url\":\"https:\/\/woodfield.nl\/pl\/farby\/woodfield-verf\",\"name\":\"Farby Woodfield - wszystko o farbach naszej w\u0142asnej marki Woodfield.\",\"isPartOf\":{\"@id\":\"https:\/\/woodfield.nl\/#website\"},\"datePublished\":\"2021-03-17T15:14:05+00:00\",\"description\":\"Na tej stronie mo\u017cesz dowiedzie\u0107 si\u0119 wi\u0119cej o farbach Woodfield. Jest to nasz w\u0142asny produkt s\u0142yn\u0105cy z doskona\u0142ej jako\u015bci i trwa\u0142o\u015bci.\",\"breadcrumb\":{\"@id\":\"https:\/\/woodfield.nl\/pl\/farby\/woodfield-verf#breadcrumb\"},\"inLanguage\":\"pl-PL\",\"potentialAction\":[{\"@type\":\"ReadAction\",\"target\":[\"https:\/\/woodfield.nl\/pl\/farby\/woodfield-verf\"]}]},{\"@type\":\"BreadcrumbList\",\"@id\":\"https:\/\/woodfield.nl\/pl\/farby\/woodfield-verf#breadcrumb\",\"itemListElement\":[{\"@type\":\"ListItem\",\"position\":1,\"name\":\"Verf\",\"item\":\"https:\/\/woodfield.nl\/pl\/farby\"},{\"@type\":\"ListItem\",\"position\":2,\"name\":\"Verf \u2013 Woodfield verf\"}]},{\"@type\":\"WebSite\",\"@id\":\"https:\/\/woodfield.nl\/#website\",\"url\":\"https:\/\/woodfield.nl\/\",\"name\":\"Woodfield - alles voor schilder en stukadoor\",\"description\":\"\",\"potentialAction\":[{\"@type\":\"SearchAction\",\"target\":{\"@type\":\"EntryPoint\",\"urlTemplate\":\"https:\/\/woodfield.nl\/?s={search_term_string}\"},\"query-input\":{\"@type\":\"PropertyValueSpecification\",\"valueRequired\":true,\"valueName\":\"search_term_string\"}}],\"inLanguage\":\"pl-PL\"}]}<\/script>\n<!-- \/ Yoast SEO plugin. -->","yoast_head_json":{"title":"Farby Woodfield - wszystko o farbach naszej w\u0142asnej marki Woodfield.","description":"Na tej stronie mo\u017cesz dowiedzie\u0107 si\u0119 wi\u0119cej o farbach Woodfield. Jest to nasz w\u0142asny produkt s\u0142yn\u0105cy z doskona\u0142ej jako\u015bci i trwa\u0142o\u015bci.","robots":{"index":"index","follow":"follow","max-snippet":"max-snippet:-1","max-image-preview":"max-image-preview:large","max-video-preview":"max-video-preview:-1"},"canonical":"https:\/\/woodfield.nl\/pl\/farby\/woodfield-verf","og_locale":"pl_PL","og_type":"article","og_title":"Farby Woodfield - wszystko o farbach naszej w\u0142asnej marki Woodfield.","og_description":"Na tej stronie mo\u017cesz dowiedzie\u0107 si\u0119 wi\u0119cej o farbach Woodfield. Jest to nasz w\u0142asny produkt s\u0142yn\u0105cy z doskona\u0142ej jako\u015bci i trwa\u0142o\u015bci.","og_url":"https:\/\/woodfield.nl\/pl\/farby\/woodfield-verf","og_site_name":"Woodfield - alles voor schilder en stukadoor","schema":{"@context":"https:\/\/schema.org","@graph":[{"@type":"WebPage","@id":"https:\/\/woodfield.nl\/pl\/farby\/woodfield-verf","url":"https:\/\/woodfield.nl\/pl\/farby\/woodfield-verf","name":"Farby Woodfield - wszystko o farbach naszej w\u0142asnej marki Woodfield.","isPartOf":{"@id":"https:\/\/woodfield.nl\/#website"},"datePublished":"2021-03-17T15:14:05+00:00","description":"Na tej stronie mo\u017cesz dowiedzie\u0107 si\u0119 wi\u0119cej o farbach Woodfield. Jest to nasz w\u0142asny produkt s\u0142yn\u0105cy z doskona\u0142ej jako\u015bci i trwa\u0142o\u015bci.","breadcrumb":{"@id":"https:\/\/woodfield.nl\/pl\/farby\/woodfield-verf#breadcrumb"},"inLanguage":"pl-PL","potentialAction":[{"@type":"ReadAction","target":["https:\/\/woodfield.nl\/pl\/farby\/woodfield-verf"]}]},{"@type":"BreadcrumbList","@id":"https:\/\/woodfield.nl\/pl\/farby\/woodfield-verf#breadcrumb","itemListElement":[{"@type":"ListItem","position":1,"name":"Verf","item":"https:\/\/woodfield.nl\/pl\/farby"},{"@type":"ListItem","position":2,"name":"Verf \u2013 Woodfield verf"}]},{"@type":"WebSite","@id":"https:\/\/woodfield.nl\/#website","url":"https:\/\/woodfield.nl\/","name":"Woodfield - alles voor schilder en stukadoor","description":"","potentialAction":[{"@type":"SearchAction","target":{"@type":"EntryPoint","urlTemplate":"https:\/\/woodfield.nl\/?s={search_term_string}"},"query-input":{"@type":"PropertyValueSpecification","valueRequired":true,"valueName":"search_term_string"}}],"inLanguage":"pl-PL"}]}},"_links":{"self":[{"href":"https:\/\/woodfield.nl\/pl\/wp-json\/wp\/v2\/pages\/17980","targetHints":{"allow":["GET"]}}],"collection":[{"href":"https:\/\/woodfield.nl\/pl\/wp-json\/wp\/v2\/pages"}],"about":[{"href":"https:\/\/woodfield.nl\/pl\/wp-json\/wp\/v2\/types\/page"}],"author":[{"embeddable":true,"href":"https:\/\/woodfield.nl\/pl\/wp-json\/wp\/v2\/users\/3"}],"replies":[{"embeddable":true,"href":"https:\/\/woodfield.nl\/pl\/wp-json\/wp\/v2\/comments?post=17980"}],"version-history":[{"count":0,"href":"https:\/\/woodfield.nl\/pl\/wp-json\/wp\/v2\/pages\/17980\/revisions"}],"up":[{"embeddable":true,"href":"https:\/\/woodfield.nl\/pl\/wp-json\/wp\/v2\/pages\/17973"}],"wp:attachment":[{"href":"https:\/\/woodfield.nl\/pl\/wp-json\/wp\/v2\/media?parent=17980"}],"curies":[{"name":"wp","href":"https:\/\/api.w.org\/{rel}","templated":true}]}}