{"id":17972,"date":"2025-07-15T14:31:06","date_gmt":"2025-07-15T12:31:06","guid":{"rendered":"https:\/\/woodfield.nl\/volgt-u-ons-al"},"modified":"2025-07-15T14:31:06","modified_gmt":"2025-07-15T12:31:06","slug":"czy-jestes-juz-z-nami","status":"publish","type":"page","link":"https:\/\/woodfield.nl\/pl\/czy-jestes-juz-z-nami","title":{"rendered":"Volgt u ons al?"},"content":{"rendered":"","protected":false},"excerpt":{"rendered":"","protected":false},"author":1,"featured_media":0,"parent":0,"menu_order":129,"comment_status":"closed","ping_status":"closed","template":"page.php","meta":{"_acf_changed":false,"footnotes":""},"class_list":["entry","page","publish","author-dennis","post-17972","hentry"],"acf":[],"yoast_head":"<!-- This site is optimized with the Yoast SEO plugin v26.5 - https:\/\/yoast.com\/wordpress\/plugins\/seo\/ -->\n<title>Woodfield - czy obserwujesz nasze kana\u0142y social media?<\/title>\n<meta name=\"description\" content=\"Na tej stronie znajdziesz nasze kana\u0142y medi\u00f3w spo\u0142eczno\u015bciowych, za pomoc\u0105 kt\u00f3rych mo\u017cesz by\u0107 z Woodfield. Czy ju\u017c nas obserwujesz?\" \/>\n<meta name=\"robots\" content=\"index, follow, max-snippet:-1, max-image-preview:large, max-video-preview:-1\" \/>\n<link rel=\"canonical\" href=\"https:\/\/woodfield.nl\/pl\/czy-jestes-juz-z-nami\" \/>\n<meta property=\"og:locale\" content=\"pl_PL\" \/>\n<meta property=\"og:type\" content=\"article\" \/>\n<meta property=\"og:title\" content=\"Woodfield - czy obserwujesz nasze kana\u0142y social media?\" \/>\n<meta property=\"og:description\" content=\"Na tej stronie znajdziesz nasze kana\u0142y medi\u00f3w spo\u0142eczno\u015bciowych, za pomoc\u0105 kt\u00f3rych mo\u017cesz by\u0107 z Woodfield. Czy ju\u017c nas obserwujesz?\" \/>\n<meta property=\"og:url\" content=\"https:\/\/woodfield.nl\/pl\/czy-jestes-juz-z-nami\" \/>\n<meta property=\"og:site_name\" content=\"Woodfield - alles voor schilder en stukadoor\" \/>\n<script type=\"application\/ld+json\" class=\"yoast-schema-graph\">{\"@context\":\"https:\/\/schema.org\",\"@graph\":[{\"@type\":\"WebPage\",\"@id\":\"https:\/\/woodfield.nl\/pl\/czy-jestes-juz-z-nami\",\"url\":\"https:\/\/woodfield.nl\/pl\/czy-jestes-juz-z-nami\",\"name\":\"Woodfield - czy obserwujesz nasze kana\u0142y social media?\",\"isPartOf\":{\"@id\":\"https:\/\/woodfield.nl\/#website\"},\"datePublished\":\"2025-07-15T12:31:06+00:00\",\"description\":\"Na tej stronie znajdziesz nasze kana\u0142y medi\u00f3w spo\u0142eczno\u015bciowych, za pomoc\u0105 kt\u00f3rych mo\u017cesz by\u0107 z Woodfield. Czy ju\u017c nas obserwujesz?\",\"inLanguage\":\"pl-PL\",\"potentialAction\":[{\"@type\":\"ReadAction\",\"target\":[\"https:\/\/woodfield.nl\/pl\/czy-jestes-juz-z-nami\"]}]},{\"@type\":\"WebSite\",\"@id\":\"https:\/\/woodfield.nl\/#website\",\"url\":\"https:\/\/woodfield.nl\/\",\"name\":\"Woodfield - alles voor schilder en stukadoor\",\"description\":\"\",\"potentialAction\":[{\"@type\":\"SearchAction\",\"target\":{\"@type\":\"EntryPoint\",\"urlTemplate\":\"https:\/\/woodfield.nl\/?s={search_term_string}\"},\"query-input\":{\"@type\":\"PropertyValueSpecification\",\"valueRequired\":true,\"valueName\":\"search_term_string\"}}],\"inLanguage\":\"pl-PL\"}]}<\/script>\n<!-- \/ Yoast SEO plugin. -->","yoast_head_json":{"title":"Woodfield - czy obserwujesz nasze kana\u0142y social media?","description":"Na tej stronie znajdziesz nasze kana\u0142y medi\u00f3w spo\u0142eczno\u015bciowych, za pomoc\u0105 kt\u00f3rych mo\u017cesz by\u0107 z Woodfield. Czy ju\u017c nas obserwujesz?","robots":{"index":"index","follow":"follow","max-snippet":"max-snippet:-1","max-image-preview":"max-image-preview:large","max-video-preview":"max-video-preview:-1"},"canonical":"https:\/\/woodfield.nl\/pl\/czy-jestes-juz-z-nami","og_locale":"pl_PL","og_type":"article","og_title":"Woodfield - czy obserwujesz nasze kana\u0142y social media?","og_description":"Na tej stronie znajdziesz nasze kana\u0142y medi\u00f3w spo\u0142eczno\u015bciowych, za pomoc\u0105 kt\u00f3rych mo\u017cesz by\u0107 z Woodfield. Czy ju\u017c nas obserwujesz?","og_url":"https:\/\/woodfield.nl\/pl\/czy-jestes-juz-z-nami","og_site_name":"Woodfield - alles voor schilder en stukadoor","schema":{"@context":"https:\/\/schema.org","@graph":[{"@type":"WebPage","@id":"https:\/\/woodfield.nl\/pl\/czy-jestes-juz-z-nami","url":"https:\/\/woodfield.nl\/pl\/czy-jestes-juz-z-nami","name":"Woodfield - czy obserwujesz nasze kana\u0142y social media?","isPartOf":{"@id":"https:\/\/woodfield.nl\/#website"},"datePublished":"2025-07-15T12:31:06+00:00","description":"Na tej stronie znajdziesz nasze kana\u0142y medi\u00f3w spo\u0142eczno\u015bciowych, za pomoc\u0105 kt\u00f3rych mo\u017cesz by\u0107 z Woodfield. Czy ju\u017c nas obserwujesz?","inLanguage":"pl-PL","potentialAction":[{"@type":"ReadAction","target":["https:\/\/woodfield.nl\/pl\/czy-jestes-juz-z-nami"]}]},{"@type":"WebSite","@id":"https:\/\/woodfield.nl\/#website","url":"https:\/\/woodfield.nl\/","name":"Woodfield - alles voor schilder en stukadoor","description":"","potentialAction":[{"@type":"SearchAction","target":{"@type":"EntryPoint","urlTemplate":"https:\/\/woodfield.nl\/?s={search_term_string}"},"query-input":{"@type":"PropertyValueSpecification","valueRequired":true,"valueName":"search_term_string"}}],"inLanguage":"pl-PL"}]}},"_links":{"self":[{"href":"https:\/\/woodfield.nl\/pl\/wp-json\/wp\/v2\/pages\/17972","targetHints":{"allow":["GET"]}}],"collection":[{"href":"https:\/\/woodfield.nl\/pl\/wp-json\/wp\/v2\/pages"}],"about":[{"href":"https:\/\/woodfield.nl\/pl\/wp-json\/wp\/v2\/types\/page"}],"author":[{"embeddable":true,"href":"https:\/\/woodfield.nl\/pl\/wp-json\/wp\/v2\/users\/1"}],"replies":[{"embeddable":true,"href":"https:\/\/woodfield.nl\/pl\/wp-json\/wp\/v2\/comments?post=17972"}],"version-history":[{"count":0,"href":"https:\/\/woodfield.nl\/pl\/wp-json\/wp\/v2\/pages\/17972\/revisions"}],"wp:attachment":[{"href":"https:\/\/woodfield.nl\/pl\/wp-json\/wp\/v2\/media?parent=17972"}],"curies":[{"name":"wp","href":"https:\/\/api.w.org\/{rel}","templated":true}]}}