{"id":17969,"date":"2025-07-14T11:03:10","date_gmt":"2025-07-14T09:03:10","guid":{"rendered":"https:\/\/woodfield.nl\/over-ons"},"modified":"2025-07-14T11:03:10","modified_gmt":"2025-07-14T09:03:10","slug":"o-nas","status":"publish","type":"page","link":"https:\/\/woodfield.nl\/pl\/o-nas","title":{"rendered":"Over ons"},"content":{"rendered":"","protected":false},"excerpt":{"rendered":"","protected":false},"author":1,"featured_media":0,"parent":0,"menu_order":119,"comment_status":"closed","ping_status":"closed","template":"page.php","meta":{"_acf_changed":false,"footnotes":""},"class_list":["entry","page","publish","author-dennis","post-17969","hentry"],"acf":[],"yoast_head":"<!-- This site is optimized with the Yoast SEO plugin v26.5 - https:\/\/yoast.com\/wordpress\/plugins\/seo\/ -->\n<title>Woodfield to my - Poznaj Woodfield.<\/title>\n<meta name=\"description\" content=\"Chcesz dowiedzie\u0107 si\u0119 wi\u0119cej o Woodfield? Na naszej stronie opowiemy Ci wi\u0119cej o naszym zespole, CSR i historii Woodfield.\" \/>\n<meta name=\"robots\" content=\"index, follow, max-snippet:-1, max-image-preview:large, max-video-preview:-1\" \/>\n<link rel=\"canonical\" href=\"https:\/\/woodfield.nl\/pl\/home\/o-nas\" \/>\n<meta property=\"og:locale\" content=\"pl_PL\" \/>\n<meta property=\"og:type\" content=\"article\" \/>\n<meta property=\"og:title\" content=\"Woodfield to my - Poznaj Woodfield.\" \/>\n<meta property=\"og:description\" content=\"Chcesz dowiedzie\u0107 si\u0119 wi\u0119cej o Woodfield? Na naszej stronie opowiemy Ci wi\u0119cej o naszym zespole, CSR i historii Woodfield.\" \/>\n<meta property=\"og:url\" content=\"https:\/\/woodfield.nl\/pl\/home\/o-nas\" \/>\n<meta property=\"og:site_name\" content=\"Woodfield - alles voor schilder en stukadoor\" \/>\n<script type=\"application\/ld+json\" class=\"yoast-schema-graph\">{\"@context\":\"https:\/\/schema.org\",\"@graph\":[{\"@type\":\"WebPage\",\"@id\":\"https:\/\/woodfield.nl\/pl\/home\/o-nas\",\"url\":\"https:\/\/woodfield.nl\/pl\/home\/o-nas\",\"name\":\"Woodfield to my - Poznaj Woodfield.\",\"isPartOf\":{\"@id\":\"https:\/\/woodfield.nl\/#website\"},\"datePublished\":\"2025-07-14T09:03:10+00:00\",\"description\":\"Chcesz dowiedzie\u0107 si\u0119 wi\u0119cej o Woodfield? Na naszej stronie opowiemy Ci wi\u0119cej o naszym zespole, CSR i historii Woodfield.\",\"breadcrumb\":{\"@id\":\"https:\/\/woodfield.nl\/pl\/home\/o-nas#breadcrumb\"},\"inLanguage\":\"pl-PL\",\"potentialAction\":[{\"@type\":\"ReadAction\",\"target\":[\"https:\/\/woodfield.nl\/pl\/home\/o-nas\"]}]},{\"@type\":\"BreadcrumbList\",\"@id\":\"https:\/\/woodfield.nl\/pl\/home\/o-nas#breadcrumb\",\"itemListElement\":[{\"@type\":\"ListItem\",\"position\":1,\"name\":\"Home\",\"item\":\"https:\/\/woodfield.nl\/pl\"},{\"@type\":\"ListItem\",\"position\":2,\"name\":\"Over ons\"}]},{\"@type\":\"WebSite\",\"@id\":\"https:\/\/woodfield.nl\/#website\",\"url\":\"https:\/\/woodfield.nl\/\",\"name\":\"Woodfield - alles voor schilder en stukadoor\",\"description\":\"\",\"potentialAction\":[{\"@type\":\"SearchAction\",\"target\":{\"@type\":\"EntryPoint\",\"urlTemplate\":\"https:\/\/woodfield.nl\/?s={search_term_string}\"},\"query-input\":{\"@type\":\"PropertyValueSpecification\",\"valueRequired\":true,\"valueName\":\"search_term_string\"}}],\"inLanguage\":\"pl-PL\"}]}<\/script>\n<!-- \/ Yoast SEO plugin. -->","yoast_head_json":{"title":"Woodfield to my - Poznaj Woodfield.","description":"Chcesz dowiedzie\u0107 si\u0119 wi\u0119cej o Woodfield? Na naszej stronie opowiemy Ci wi\u0119cej o naszym zespole, CSR i historii Woodfield.","robots":{"index":"index","follow":"follow","max-snippet":"max-snippet:-1","max-image-preview":"max-image-preview:large","max-video-preview":"max-video-preview:-1"},"canonical":"https:\/\/woodfield.nl\/pl\/home\/o-nas","og_locale":"pl_PL","og_type":"article","og_title":"Woodfield to my - Poznaj Woodfield.","og_description":"Chcesz dowiedzie\u0107 si\u0119 wi\u0119cej o Woodfield? Na naszej stronie opowiemy Ci wi\u0119cej o naszym zespole, CSR i historii Woodfield.","og_url":"https:\/\/woodfield.nl\/pl\/home\/o-nas","og_site_name":"Woodfield - alles voor schilder en stukadoor","schema":{"@context":"https:\/\/schema.org","@graph":[{"@type":"WebPage","@id":"https:\/\/woodfield.nl\/pl\/home\/o-nas","url":"https:\/\/woodfield.nl\/pl\/home\/o-nas","name":"Woodfield to my - Poznaj Woodfield.","isPartOf":{"@id":"https:\/\/woodfield.nl\/#website"},"datePublished":"2025-07-14T09:03:10+00:00","description":"Chcesz dowiedzie\u0107 si\u0119 wi\u0119cej o Woodfield? Na naszej stronie opowiemy Ci wi\u0119cej o naszym zespole, CSR i historii Woodfield.","breadcrumb":{"@id":"https:\/\/woodfield.nl\/pl\/home\/o-nas#breadcrumb"},"inLanguage":"pl-PL","potentialAction":[{"@type":"ReadAction","target":["https:\/\/woodfield.nl\/pl\/home\/o-nas"]}]},{"@type":"BreadcrumbList","@id":"https:\/\/woodfield.nl\/pl\/home\/o-nas#breadcrumb","itemListElement":[{"@type":"ListItem","position":1,"name":"Home","item":"https:\/\/woodfield.nl\/pl"},{"@type":"ListItem","position":2,"name":"Over ons"}]},{"@type":"WebSite","@id":"https:\/\/woodfield.nl\/#website","url":"https:\/\/woodfield.nl\/","name":"Woodfield - alles voor schilder en stukadoor","description":"","potentialAction":[{"@type":"SearchAction","target":{"@type":"EntryPoint","urlTemplate":"https:\/\/woodfield.nl\/?s={search_term_string}"},"query-input":{"@type":"PropertyValueSpecification","valueRequired":true,"valueName":"search_term_string"}}],"inLanguage":"pl-PL"}]}},"_links":{"self":[{"href":"https:\/\/woodfield.nl\/pl\/wp-json\/wp\/v2\/pages\/17969","targetHints":{"allow":["GET"]}}],"collection":[{"href":"https:\/\/woodfield.nl\/pl\/wp-json\/wp\/v2\/pages"}],"about":[{"href":"https:\/\/woodfield.nl\/pl\/wp-json\/wp\/v2\/types\/page"}],"author":[{"embeddable":true,"href":"https:\/\/woodfield.nl\/pl\/wp-json\/wp\/v2\/users\/1"}],"replies":[{"embeddable":true,"href":"https:\/\/woodfield.nl\/pl\/wp-json\/wp\/v2\/comments?post=17969"}],"version-history":[{"count":0,"href":"https:\/\/woodfield.nl\/pl\/wp-json\/wp\/v2\/pages\/17969\/revisions"}],"wp:attachment":[{"href":"https:\/\/woodfield.nl\/pl\/wp-json\/wp\/v2\/media?parent=17969"}],"curies":[{"name":"wp","href":"https:\/\/api.w.org\/{rel}","templated":true}]}}