{"id":17952,"date":"2025-06-18T08:34:41","date_gmt":"2025-06-18T06:34:41","guid":{"rendered":"https:\/\/woodfield.nl\/verkooppunten\/woodfield-schijndel"},"modified":"2025-06-18T08:34:41","modified_gmt":"2025-06-18T06:34:41","slug":"woodfield-schijndel","status":"publish","type":"page","link":"https:\/\/woodfield.nl\/pl\/lokalizacje\/woodfield-schijndel","title":{"rendered":"Woodfield Schijndel"},"content":{"rendered":"","protected":false},"excerpt":{"rendered":"","protected":false},"author":3,"featured_media":0,"parent":17918,"menu_order":25,"comment_status":"closed","ping_status":"closed","template":"page-vestiging.php","meta":{"_acf_changed":false,"footnotes":""},"class_list":["entry","page","publish","author-woodfield","post-17952","hentry"],"acf":[],"yoast_head":"<!-- This site is optimized with the Yoast SEO plugin v26.5 - https:\/\/yoast.com\/wordpress\/plugins\/seo\/ -->\n<title>Woodfield Schijndel - specjalista od farb w Brabancji P\u00f3\u0142nocnej.<\/title>\n<meta name=\"description\" content=\"Czy szukaj\u0105 Pa\u0144stwo hurtowni materia\u0142\u00f3w dla malarzy i tynkarzy w Schijndel? W takim razie zapraszamy do Woodfield w Schijndel.\" \/>\n<meta name=\"robots\" content=\"index, follow, max-snippet:-1, max-image-preview:large, max-video-preview:-1\" \/>\n<link rel=\"canonical\" href=\"https:\/\/woodfield.nl\/pl\/lokalizacje\/woodfield-schijndel\" \/>\n<meta property=\"og:locale\" content=\"pl_PL\" \/>\n<meta property=\"og:type\" content=\"article\" \/>\n<meta property=\"og:title\" content=\"Woodfield Schijndel - specjalista od farb w Brabancji P\u00f3\u0142nocnej.\" \/>\n<meta property=\"og:description\" content=\"Czy szukaj\u0105 Pa\u0144stwo hurtowni materia\u0142\u00f3w dla malarzy i tynkarzy w Schijndel? W takim razie zapraszamy do Woodfield w Schijndel.\" \/>\n<meta property=\"og:url\" content=\"https:\/\/woodfield.nl\/pl\/lokalizacje\/woodfield-schijndel\" \/>\n<meta property=\"og:site_name\" content=\"Woodfield - alles voor schilder en stukadoor\" \/>\n<script type=\"application\/ld+json\" class=\"yoast-schema-graph\">{\"@context\":\"https:\/\/schema.org\",\"@graph\":[{\"@type\":\"WebPage\",\"@id\":\"https:\/\/woodfield.nl\/pl\/lokalizacje\/woodfield-schijndel\",\"url\":\"https:\/\/woodfield.nl\/pl\/lokalizacje\/woodfield-schijndel\",\"name\":\"Woodfield Schijndel - specjalista od farb w Brabancji P\u00f3\u0142nocnej.\",\"isPartOf\":{\"@id\":\"https:\/\/woodfield.nl\/#website\"},\"datePublished\":\"2025-06-18T06:34:41+00:00\",\"description\":\"Czy szukaj\u0105 Pa\u0144stwo hurtowni materia\u0142\u00f3w dla malarzy i tynkarzy w Schijndel? W takim razie zapraszamy do Woodfield w Schijndel.\",\"breadcrumb\":{\"@id\":\"https:\/\/woodfield.nl\/pl\/lokalizacje\/woodfield-schijndel#breadcrumb\"},\"inLanguage\":\"pl-PL\",\"potentialAction\":[{\"@type\":\"ReadAction\",\"target\":[\"https:\/\/woodfield.nl\/pl\/lokalizacje\/woodfield-schijndel\"]}]},{\"@type\":\"BreadcrumbList\",\"@id\":\"https:\/\/woodfield.nl\/pl\/lokalizacje\/woodfield-schijndel#breadcrumb\",\"itemListElement\":[{\"@type\":\"ListItem\",\"position\":1,\"name\":\"Verkooppunten\",\"item\":\"https:\/\/woodfield.nl\/pl\/lokalizacje\"},{\"@type\":\"ListItem\",\"position\":2,\"name\":\"Woodfield Schijndel\"}]},{\"@type\":\"WebSite\",\"@id\":\"https:\/\/woodfield.nl\/#website\",\"url\":\"https:\/\/woodfield.nl\/\",\"name\":\"Woodfield - alles voor schilder en stukadoor\",\"description\":\"\",\"potentialAction\":[{\"@type\":\"SearchAction\",\"target\":{\"@type\":\"EntryPoint\",\"urlTemplate\":\"https:\/\/woodfield.nl\/?s={search_term_string}\"},\"query-input\":{\"@type\":\"PropertyValueSpecification\",\"valueRequired\":true,\"valueName\":\"search_term_string\"}}],\"inLanguage\":\"pl-PL\"}]}<\/script>\n<!-- \/ Yoast SEO plugin. -->","yoast_head_json":{"title":"Woodfield Schijndel - specjalista od farb w Brabancji P\u00f3\u0142nocnej.","description":"Czy szukaj\u0105 Pa\u0144stwo hurtowni materia\u0142\u00f3w dla malarzy i tynkarzy w Schijndel? W takim razie zapraszamy do Woodfield w Schijndel.","robots":{"index":"index","follow":"follow","max-snippet":"max-snippet:-1","max-image-preview":"max-image-preview:large","max-video-preview":"max-video-preview:-1"},"canonical":"https:\/\/woodfield.nl\/pl\/lokalizacje\/woodfield-schijndel","og_locale":"pl_PL","og_type":"article","og_title":"Woodfield Schijndel - specjalista od farb w Brabancji P\u00f3\u0142nocnej.","og_description":"Czy szukaj\u0105 Pa\u0144stwo hurtowni materia\u0142\u00f3w dla malarzy i tynkarzy w Schijndel? W takim razie zapraszamy do Woodfield w Schijndel.","og_url":"https:\/\/woodfield.nl\/pl\/lokalizacje\/woodfield-schijndel","og_site_name":"Woodfield - alles voor schilder en stukadoor","schema":{"@context":"https:\/\/schema.org","@graph":[{"@type":"WebPage","@id":"https:\/\/woodfield.nl\/pl\/lokalizacje\/woodfield-schijndel","url":"https:\/\/woodfield.nl\/pl\/lokalizacje\/woodfield-schijndel","name":"Woodfield Schijndel - specjalista od farb w Brabancji P\u00f3\u0142nocnej.","isPartOf":{"@id":"https:\/\/woodfield.nl\/#website"},"datePublished":"2025-06-18T06:34:41+00:00","description":"Czy szukaj\u0105 Pa\u0144stwo hurtowni materia\u0142\u00f3w dla malarzy i tynkarzy w Schijndel? W takim razie zapraszamy do Woodfield w Schijndel.","breadcrumb":{"@id":"https:\/\/woodfield.nl\/pl\/lokalizacje\/woodfield-schijndel#breadcrumb"},"inLanguage":"pl-PL","potentialAction":[{"@type":"ReadAction","target":["https:\/\/woodfield.nl\/pl\/lokalizacje\/woodfield-schijndel"]}]},{"@type":"BreadcrumbList","@id":"https:\/\/woodfield.nl\/pl\/lokalizacje\/woodfield-schijndel#breadcrumb","itemListElement":[{"@type":"ListItem","position":1,"name":"Verkooppunten","item":"https:\/\/woodfield.nl\/pl\/lokalizacje"},{"@type":"ListItem","position":2,"name":"Woodfield Schijndel"}]},{"@type":"WebSite","@id":"https:\/\/woodfield.nl\/#website","url":"https:\/\/woodfield.nl\/","name":"Woodfield - alles voor schilder en stukadoor","description":"","potentialAction":[{"@type":"SearchAction","target":{"@type":"EntryPoint","urlTemplate":"https:\/\/woodfield.nl\/?s={search_term_string}"},"query-input":{"@type":"PropertyValueSpecification","valueRequired":true,"valueName":"search_term_string"}}],"inLanguage":"pl-PL"}]}},"_links":{"self":[{"href":"https:\/\/woodfield.nl\/pl\/wp-json\/wp\/v2\/pages\/17952","targetHints":{"allow":["GET"]}}],"collection":[{"href":"https:\/\/woodfield.nl\/pl\/wp-json\/wp\/v2\/pages"}],"about":[{"href":"https:\/\/woodfield.nl\/pl\/wp-json\/wp\/v2\/types\/page"}],"author":[{"embeddable":true,"href":"https:\/\/woodfield.nl\/pl\/wp-json\/wp\/v2\/users\/3"}],"replies":[{"embeddable":true,"href":"https:\/\/woodfield.nl\/pl\/wp-json\/wp\/v2\/comments?post=17952"}],"version-history":[{"count":0,"href":"https:\/\/woodfield.nl\/pl\/wp-json\/wp\/v2\/pages\/17952\/revisions"}],"up":[{"embeddable":true,"href":"https:\/\/woodfield.nl\/pl\/wp-json\/wp\/v2\/pages\/17918"}],"wp:attachment":[{"href":"https:\/\/woodfield.nl\/pl\/wp-json\/wp\/v2\/media?parent=17952"}],"curies":[{"name":"wp","href":"https:\/\/api.w.org\/{rel}","templated":true}]}}