{"id":17938,"date":"2025-10-16T09:04:19","date_gmt":"2025-10-16T07:04:19","guid":{"rendered":"https:\/\/woodfield.nl\/verkooppunten\/woodfield-nijmegen"},"modified":"2025-10-16T09:04:19","modified_gmt":"2025-10-16T07:04:19","slug":"woodfield-nijmegen","status":"publish","type":"page","link":"https:\/\/woodfield.nl\/pl\/lokalizacje\/woodfield-nijmegen","title":{"rendered":"Woodfield Nijmegen"},"content":{"rendered":"","protected":false},"excerpt":{"rendered":"","protected":false},"author":3,"featured_media":0,"parent":17918,"menu_order":62,"comment_status":"closed","ping_status":"closed","template":"page-vestiging.php","meta":{"_acf_changed":false,"footnotes":""},"class_list":["entry","page","publish","author-woodfield","post-17938","hentry"],"acf":[],"yoast_head":"<!-- This site is optimized with the Yoast SEO plugin v26.5 - https:\/\/yoast.com\/wordpress\/plugins\/seo\/ -->\n<title>Woodfield Nijmegen - wszystko dla malarza i tynkarza.<\/title>\n<meta name=\"description\" content=\"Woodfield Nijmegen to w\u0142a\u015bciwe miejsce dla wszystkich malarzy i tynkarzy, kt\u00f3rzy szukaj\u0105 warto\u015bciowego sprz\u0119tu. Zapraszamy do naszych plac\u00f3wek!\" \/>\n<meta name=\"robots\" content=\"index, follow, max-snippet:-1, max-image-preview:large, max-video-preview:-1\" \/>\n<link rel=\"canonical\" href=\"https:\/\/woodfield.nl\/pl\/lokalizacje\/woodfield-nijmegen\" \/>\n<meta property=\"og:locale\" content=\"pl_PL\" \/>\n<meta property=\"og:type\" content=\"article\" \/>\n<meta property=\"og:title\" content=\"Woodfield Nijmegen - wszystko dla malarza i tynkarza.\" \/>\n<meta property=\"og:description\" content=\"Woodfield Nijmegen to w\u0142a\u015bciwe miejsce dla wszystkich malarzy i tynkarzy, kt\u00f3rzy szukaj\u0105 warto\u015bciowego sprz\u0119tu. Zapraszamy do naszych plac\u00f3wek!\" \/>\n<meta property=\"og:url\" content=\"https:\/\/woodfield.nl\/pl\/lokalizacje\/woodfield-nijmegen\" \/>\n<meta property=\"og:site_name\" content=\"Woodfield - alles voor schilder en stukadoor\" \/>\n<meta name=\"twitter:label1\" content=\"Szacowany czas czytania\" \/>\n\t<meta name=\"twitter:data1\" content=\"4 minuty\" \/>\n<script type=\"application\/ld+json\" class=\"yoast-schema-graph\">{\"@context\":\"https:\/\/schema.org\",\"@graph\":[{\"@type\":\"WebPage\",\"@id\":\"https:\/\/woodfield.nl\/pl\/lokalizacje\/woodfield-nijmegen\",\"url\":\"https:\/\/woodfield.nl\/pl\/lokalizacje\/woodfield-nijmegen\",\"name\":\"Woodfield Nijmegen - wszystko dla malarza i tynkarza.\",\"isPartOf\":{\"@id\":\"https:\/\/woodfield.nl\/#website\"},\"datePublished\":\"2025-10-16T07:04:19+00:00\",\"description\":\"Woodfield Nijmegen to w\u0142a\u015bciwe miejsce dla wszystkich malarzy i tynkarzy, kt\u00f3rzy szukaj\u0105 warto\u015bciowego sprz\u0119tu. Zapraszamy do naszych plac\u00f3wek!\",\"breadcrumb\":{\"@id\":\"https:\/\/woodfield.nl\/pl\/lokalizacje\/woodfield-nijmegen#breadcrumb\"},\"inLanguage\":\"pl-PL\",\"potentialAction\":[{\"@type\":\"ReadAction\",\"target\":[\"https:\/\/woodfield.nl\/pl\/lokalizacje\/woodfield-nijmegen\"]}]},{\"@type\":\"BreadcrumbList\",\"@id\":\"https:\/\/woodfield.nl\/pl\/lokalizacje\/woodfield-nijmegen#breadcrumb\",\"itemListElement\":[{\"@type\":\"ListItem\",\"position\":1,\"name\":\"Verkooppunten\",\"item\":\"https:\/\/woodfield.nl\/pl\/lokalizacje\"},{\"@type\":\"ListItem\",\"position\":2,\"name\":\"Woodfield Nijmegen\"}]},{\"@type\":\"WebSite\",\"@id\":\"https:\/\/woodfield.nl\/#website\",\"url\":\"https:\/\/woodfield.nl\/\",\"name\":\"Woodfield - alles voor schilder en stukadoor\",\"description\":\"\",\"potentialAction\":[{\"@type\":\"SearchAction\",\"target\":{\"@type\":\"EntryPoint\",\"urlTemplate\":\"https:\/\/woodfield.nl\/?s={search_term_string}\"},\"query-input\":{\"@type\":\"PropertyValueSpecification\",\"valueRequired\":true,\"valueName\":\"search_term_string\"}}],\"inLanguage\":\"pl-PL\"}]}<\/script>\n<!-- \/ Yoast SEO plugin. -->","yoast_head_json":{"title":"Woodfield Nijmegen - wszystko dla malarza i tynkarza.","description":"Woodfield Nijmegen to w\u0142a\u015bciwe miejsce dla wszystkich malarzy i tynkarzy, kt\u00f3rzy szukaj\u0105 warto\u015bciowego sprz\u0119tu. Zapraszamy do naszych plac\u00f3wek!","robots":{"index":"index","follow":"follow","max-snippet":"max-snippet:-1","max-image-preview":"max-image-preview:large","max-video-preview":"max-video-preview:-1"},"canonical":"https:\/\/woodfield.nl\/pl\/lokalizacje\/woodfield-nijmegen","og_locale":"pl_PL","og_type":"article","og_title":"Woodfield Nijmegen - wszystko dla malarza i tynkarza.","og_description":"Woodfield Nijmegen to w\u0142a\u015bciwe miejsce dla wszystkich malarzy i tynkarzy, kt\u00f3rzy szukaj\u0105 warto\u015bciowego sprz\u0119tu. Zapraszamy do naszych plac\u00f3wek!","og_url":"https:\/\/woodfield.nl\/pl\/lokalizacje\/woodfield-nijmegen","og_site_name":"Woodfield - alles voor schilder en stukadoor","twitter_misc":{"Szacowany czas czytania":"4 minuty"},"schema":{"@context":"https:\/\/schema.org","@graph":[{"@type":"WebPage","@id":"https:\/\/woodfield.nl\/pl\/lokalizacje\/woodfield-nijmegen","url":"https:\/\/woodfield.nl\/pl\/lokalizacje\/woodfield-nijmegen","name":"Woodfield Nijmegen - wszystko dla malarza i tynkarza.","isPartOf":{"@id":"https:\/\/woodfield.nl\/#website"},"datePublished":"2025-10-16T07:04:19+00:00","description":"Woodfield Nijmegen to w\u0142a\u015bciwe miejsce dla wszystkich malarzy i tynkarzy, kt\u00f3rzy szukaj\u0105 warto\u015bciowego sprz\u0119tu. Zapraszamy do naszych plac\u00f3wek!","breadcrumb":{"@id":"https:\/\/woodfield.nl\/pl\/lokalizacje\/woodfield-nijmegen#breadcrumb"},"inLanguage":"pl-PL","potentialAction":[{"@type":"ReadAction","target":["https:\/\/woodfield.nl\/pl\/lokalizacje\/woodfield-nijmegen"]}]},{"@type":"BreadcrumbList","@id":"https:\/\/woodfield.nl\/pl\/lokalizacje\/woodfield-nijmegen#breadcrumb","itemListElement":[{"@type":"ListItem","position":1,"name":"Verkooppunten","item":"https:\/\/woodfield.nl\/pl\/lokalizacje"},{"@type":"ListItem","position":2,"name":"Woodfield Nijmegen"}]},{"@type":"WebSite","@id":"https:\/\/woodfield.nl\/#website","url":"https:\/\/woodfield.nl\/","name":"Woodfield - alles voor schilder en stukadoor","description":"","potentialAction":[{"@type":"SearchAction","target":{"@type":"EntryPoint","urlTemplate":"https:\/\/woodfield.nl\/?s={search_term_string}"},"query-input":{"@type":"PropertyValueSpecification","valueRequired":true,"valueName":"search_term_string"}}],"inLanguage":"pl-PL"}]}},"_links":{"self":[{"href":"https:\/\/woodfield.nl\/pl\/wp-json\/wp\/v2\/pages\/17938","targetHints":{"allow":["GET"]}}],"collection":[{"href":"https:\/\/woodfield.nl\/pl\/wp-json\/wp\/v2\/pages"}],"about":[{"href":"https:\/\/woodfield.nl\/pl\/wp-json\/wp\/v2\/types\/page"}],"author":[{"embeddable":true,"href":"https:\/\/woodfield.nl\/pl\/wp-json\/wp\/v2\/users\/3"}],"replies":[{"embeddable":true,"href":"https:\/\/woodfield.nl\/pl\/wp-json\/wp\/v2\/comments?post=17938"}],"version-history":[{"count":0,"href":"https:\/\/woodfield.nl\/pl\/wp-json\/wp\/v2\/pages\/17938\/revisions"}],"up":[{"embeddable":true,"href":"https:\/\/woodfield.nl\/pl\/wp-json\/wp\/v2\/pages\/17918"}],"wp:attachment":[{"href":"https:\/\/woodfield.nl\/pl\/wp-json\/wp\/v2\/media?parent=17938"}],"curies":[{"name":"wp","href":"https:\/\/api.w.org\/{rel}","templated":true}]}}