{"id":17936,"date":"2021-03-31T10:35:56","date_gmt":"2021-03-31T08:35:56","guid":{"rendered":"https:\/\/woodfield.nl\/assortiment-woodfield\/cleaning-products"},"modified":"2022-02-02T11:46:37","modified_gmt":"2022-02-02T10:46:37","slug":"srodki-czyszczace","status":"publish","type":"page","link":"https:\/\/woodfield.nl\/pl\/asortyment-woodfield\/srodki-czyszczace","title":{"rendered":"\u015arodki czyszcz\u0105ce"},"content":{"rendered":"","protected":false},"excerpt":{"rendered":"","protected":false},"author":3,"featured_media":0,"parent":17920,"menu_order":192,"comment_status":"closed","ping_status":"closed","template":"page.php","meta":{"_acf_changed":false,"footnotes":""},"class_list":["entry","page","publish","author-woodfield","post-17936","hentry"],"acf":[],"yoast_head":"<!-- This site is optimized with the Yoast SEO plugin v26.5 - https:\/\/yoast.com\/wordpress\/plugins\/seo\/ -->\n<title>Woodfield - oferta \u015brodk\u00f3w czysto\u015bci od firmy Woodfield<\/title>\n<meta name=\"description\" content=\"Woodfield oferuje w\u0142asn\u0105 mark\u0119 \u015brodk\u00f3w czysto\u015bci, a tak\u017ce produkty marki St. Marc. Na stronie znajd\u0105 Pa\u0144stwo wi\u0119cej informacji.\" \/>\n<meta name=\"robots\" content=\"index, follow, max-snippet:-1, max-image-preview:large, max-video-preview:-1\" \/>\n<link rel=\"canonical\" href=\"https:\/\/woodfield.nl\/pl\/asortyment-woodfield\/srodki-czyszczace\" \/>\n<meta property=\"og:locale\" content=\"pl_PL\" \/>\n<meta property=\"og:type\" content=\"article\" \/>\n<meta property=\"og:title\" content=\"Woodfield - oferta \u015brodk\u00f3w czysto\u015bci od firmy Woodfield\" \/>\n<meta property=\"og:description\" content=\"Woodfield oferuje w\u0142asn\u0105 mark\u0119 \u015brodk\u00f3w czysto\u015bci, a tak\u017ce produkty marki St. Marc. Na stronie znajd\u0105 Pa\u0144stwo wi\u0119cej informacji.\" \/>\n<meta property=\"og:url\" content=\"https:\/\/woodfield.nl\/pl\/asortyment-woodfield\/srodki-czyszczace\" \/>\n<meta property=\"og:site_name\" content=\"Woodfield - alles voor schilder en stukadoor\" \/>\n<meta property=\"article:modified_time\" content=\"2022-02-02T10:46:37+00:00\" \/>\n<script type=\"application\/ld+json\" class=\"yoast-schema-graph\">{\"@context\":\"https:\/\/schema.org\",\"@graph\":[{\"@type\":\"WebPage\",\"@id\":\"https:\/\/woodfield.nl\/pl\/asortyment-woodfield\/srodki-czyszczace\",\"url\":\"https:\/\/woodfield.nl\/pl\/asortyment-woodfield\/srodki-czyszczace\",\"name\":\"Woodfield - oferta \u015brodk\u00f3w czysto\u015bci od firmy Woodfield\",\"isPartOf\":{\"@id\":\"https:\/\/woodfield.nl\/#website\"},\"datePublished\":\"2021-03-31T08:35:56+00:00\",\"dateModified\":\"2022-02-02T10:46:37+00:00\",\"description\":\"Woodfield oferuje w\u0142asn\u0105 mark\u0119 \u015brodk\u00f3w czysto\u015bci, a tak\u017ce produkty marki St. Marc. Na stronie znajd\u0105 Pa\u0144stwo wi\u0119cej informacji.\",\"breadcrumb\":{\"@id\":\"https:\/\/woodfield.nl\/pl\/asortyment-woodfield\/srodki-czyszczace#breadcrumb\"},\"inLanguage\":\"pl-PL\",\"potentialAction\":[{\"@type\":\"ReadAction\",\"target\":[\"https:\/\/woodfield.nl\/pl\/asortyment-woodfield\/srodki-czyszczace\"]}]},{\"@type\":\"BreadcrumbList\",\"@id\":\"https:\/\/woodfield.nl\/pl\/asortyment-woodfield\/srodki-czyszczace#breadcrumb\",\"itemListElement\":[{\"@type\":\"ListItem\",\"position\":1,\"name\":\"Assortiment\",\"item\":\"https:\/\/woodfield.nl\/pl\/asortyment-woodfield\"},{\"@type\":\"ListItem\",\"position\":2,\"name\":\"\u015arodki czyszcz\u0105ce\"}]},{\"@type\":\"WebSite\",\"@id\":\"https:\/\/woodfield.nl\/#website\",\"url\":\"https:\/\/woodfield.nl\/\",\"name\":\"Woodfield - alles voor schilder en stukadoor\",\"description\":\"\",\"potentialAction\":[{\"@type\":\"SearchAction\",\"target\":{\"@type\":\"EntryPoint\",\"urlTemplate\":\"https:\/\/woodfield.nl\/?s={search_term_string}\"},\"query-input\":{\"@type\":\"PropertyValueSpecification\",\"valueRequired\":true,\"valueName\":\"search_term_string\"}}],\"inLanguage\":\"pl-PL\"}]}<\/script>\n<!-- \/ Yoast SEO plugin. -->","yoast_head_json":{"title":"Woodfield - oferta \u015brodk\u00f3w czysto\u015bci od firmy Woodfield","description":"Woodfield oferuje w\u0142asn\u0105 mark\u0119 \u015brodk\u00f3w czysto\u015bci, a tak\u017ce produkty marki St. Marc. Na stronie znajd\u0105 Pa\u0144stwo wi\u0119cej informacji.","robots":{"index":"index","follow":"follow","max-snippet":"max-snippet:-1","max-image-preview":"max-image-preview:large","max-video-preview":"max-video-preview:-1"},"canonical":"https:\/\/woodfield.nl\/pl\/asortyment-woodfield\/srodki-czyszczace","og_locale":"pl_PL","og_type":"article","og_title":"Woodfield - oferta \u015brodk\u00f3w czysto\u015bci od firmy Woodfield","og_description":"Woodfield oferuje w\u0142asn\u0105 mark\u0119 \u015brodk\u00f3w czysto\u015bci, a tak\u017ce produkty marki St. Marc. Na stronie znajd\u0105 Pa\u0144stwo wi\u0119cej informacji.","og_url":"https:\/\/woodfield.nl\/pl\/asortyment-woodfield\/srodki-czyszczace","og_site_name":"Woodfield - alles voor schilder en stukadoor","article_modified_time":"2022-02-02T10:46:37+00:00","schema":{"@context":"https:\/\/schema.org","@graph":[{"@type":"WebPage","@id":"https:\/\/woodfield.nl\/pl\/asortyment-woodfield\/srodki-czyszczace","url":"https:\/\/woodfield.nl\/pl\/asortyment-woodfield\/srodki-czyszczace","name":"Woodfield - oferta \u015brodk\u00f3w czysto\u015bci od firmy Woodfield","isPartOf":{"@id":"https:\/\/woodfield.nl\/#website"},"datePublished":"2021-03-31T08:35:56+00:00","dateModified":"2022-02-02T10:46:37+00:00","description":"Woodfield oferuje w\u0142asn\u0105 mark\u0119 \u015brodk\u00f3w czysto\u015bci, a tak\u017ce produkty marki St. Marc. Na stronie znajd\u0105 Pa\u0144stwo wi\u0119cej informacji.","breadcrumb":{"@id":"https:\/\/woodfield.nl\/pl\/asortyment-woodfield\/srodki-czyszczace#breadcrumb"},"inLanguage":"pl-PL","potentialAction":[{"@type":"ReadAction","target":["https:\/\/woodfield.nl\/pl\/asortyment-woodfield\/srodki-czyszczace"]}]},{"@type":"BreadcrumbList","@id":"https:\/\/woodfield.nl\/pl\/asortyment-woodfield\/srodki-czyszczace#breadcrumb","itemListElement":[{"@type":"ListItem","position":1,"name":"Assortiment","item":"https:\/\/woodfield.nl\/pl\/asortyment-woodfield"},{"@type":"ListItem","position":2,"name":"\u015arodki czyszcz\u0105ce"}]},{"@type":"WebSite","@id":"https:\/\/woodfield.nl\/#website","url":"https:\/\/woodfield.nl\/","name":"Woodfield - alles voor schilder en stukadoor","description":"","potentialAction":[{"@type":"SearchAction","target":{"@type":"EntryPoint","urlTemplate":"https:\/\/woodfield.nl\/?s={search_term_string}"},"query-input":{"@type":"PropertyValueSpecification","valueRequired":true,"valueName":"search_term_string"}}],"inLanguage":"pl-PL"}]}},"_links":{"self":[{"href":"https:\/\/woodfield.nl\/pl\/wp-json\/wp\/v2\/pages\/17936","targetHints":{"allow":["GET"]}}],"collection":[{"href":"https:\/\/woodfield.nl\/pl\/wp-json\/wp\/v2\/pages"}],"about":[{"href":"https:\/\/woodfield.nl\/pl\/wp-json\/wp\/v2\/types\/page"}],"author":[{"embeddable":true,"href":"https:\/\/woodfield.nl\/pl\/wp-json\/wp\/v2\/users\/3"}],"replies":[{"embeddable":true,"href":"https:\/\/woodfield.nl\/pl\/wp-json\/wp\/v2\/comments?post=17936"}],"version-history":[{"count":0,"href":"https:\/\/woodfield.nl\/pl\/wp-json\/wp\/v2\/pages\/17936\/revisions"}],"up":[{"embeddable":true,"href":"https:\/\/woodfield.nl\/pl\/wp-json\/wp\/v2\/pages\/17920"}],"wp:attachment":[{"href":"https:\/\/woodfield.nl\/pl\/wp-json\/wp\/v2\/media?parent=17936"}],"curies":[{"name":"wp","href":"https:\/\/api.w.org\/{rel}","templated":true}]}}