{"id":17929,"date":"2025-10-28T09:30:23","date_gmt":"2025-10-28T08:30:23","guid":{"rendered":"https:\/\/woodfield.nl\/verkooppunten\/woodfield-eindhoven"},"modified":"2025-10-28T09:30:23","modified_gmt":"2025-10-28T08:30:23","slug":"woodfield-eindhoven","status":"publish","type":"page","link":"https:\/\/woodfield.nl\/pl\/lokalizacje\/woodfield-eindhoven","title":{"rendered":"Woodfield Eindhoven"},"content":{"rendered":"","protected":false},"excerpt":{"rendered":"","protected":false},"author":3,"featured_media":0,"parent":17918,"menu_order":22,"comment_status":"closed","ping_status":"closed","template":"page-vestiging.php","meta":{"_acf_changed":false,"footnotes":""},"class_list":["entry","page","publish","author-woodfield","post-17929","hentry"],"acf":[],"yoast_head":"<!-- This site is optimized with the Yoast SEO plugin v26.5 - https:\/\/yoast.com\/wordpress\/plugins\/seo\/ -->\n<title>Woodfield Eindhoven - wszystko dla malarza i tynkarza.<\/title>\n<meta name=\"description\" content=\"Woodfield Eindhoven to hurtownia dla malarzy i tynkarzy. Zapraszamy po fachowe doradztwo w zakresie r\u00f3\u017cnorodnych artyku\u0142\u00f3w i ich zastosowa\u0144.\" \/>\n<meta name=\"robots\" content=\"index, follow, max-snippet:-1, max-image-preview:large, max-video-preview:-1\" \/>\n<link rel=\"canonical\" href=\"https:\/\/woodfield.nl\/pl\/lokalizacje\/woodfield-eindhoven\" \/>\n<meta property=\"og:locale\" content=\"pl_PL\" \/>\n<meta property=\"og:type\" content=\"article\" \/>\n<meta property=\"og:title\" content=\"Woodfield Eindhoven - wszystko dla malarza i tynkarza.\" \/>\n<meta property=\"og:description\" content=\"Woodfield Eindhoven to hurtownia dla malarzy i tynkarzy. Zapraszamy po fachowe doradztwo w zakresie r\u00f3\u017cnorodnych artyku\u0142\u00f3w i ich zastosowa\u0144.\" \/>\n<meta property=\"og:url\" content=\"https:\/\/woodfield.nl\/pl\/lokalizacje\/woodfield-eindhoven\" \/>\n<meta property=\"og:site_name\" content=\"Woodfield - alles voor schilder en stukadoor\" \/>\n<script type=\"application\/ld+json\" class=\"yoast-schema-graph\">{\"@context\":\"https:\/\/schema.org\",\"@graph\":[{\"@type\":\"WebPage\",\"@id\":\"https:\/\/woodfield.nl\/pl\/lokalizacje\/woodfield-eindhoven\",\"url\":\"https:\/\/woodfield.nl\/pl\/lokalizacje\/woodfield-eindhoven\",\"name\":\"Woodfield Eindhoven - wszystko dla malarza i tynkarza.\",\"isPartOf\":{\"@id\":\"https:\/\/woodfield.nl\/#website\"},\"datePublished\":\"2025-10-28T08:30:23+00:00\",\"description\":\"Woodfield Eindhoven to hurtownia dla malarzy i tynkarzy. Zapraszamy po fachowe doradztwo w zakresie r\u00f3\u017cnorodnych artyku\u0142\u00f3w i ich zastosowa\u0144.\",\"breadcrumb\":{\"@id\":\"https:\/\/woodfield.nl\/pl\/lokalizacje\/woodfield-eindhoven#breadcrumb\"},\"inLanguage\":\"pl-PL\",\"potentialAction\":[{\"@type\":\"ReadAction\",\"target\":[\"https:\/\/woodfield.nl\/pl\/lokalizacje\/woodfield-eindhoven\"]}]},{\"@type\":\"BreadcrumbList\",\"@id\":\"https:\/\/woodfield.nl\/pl\/lokalizacje\/woodfield-eindhoven#breadcrumb\",\"itemListElement\":[{\"@type\":\"ListItem\",\"position\":1,\"name\":\"Verkooppunten\",\"item\":\"https:\/\/woodfield.nl\/pl\/lokalizacje\"},{\"@type\":\"ListItem\",\"position\":2,\"name\":\"Woodfield Eindhoven\"}]},{\"@type\":\"WebSite\",\"@id\":\"https:\/\/woodfield.nl\/#website\",\"url\":\"https:\/\/woodfield.nl\/\",\"name\":\"Woodfield - alles voor schilder en stukadoor\",\"description\":\"\",\"potentialAction\":[{\"@type\":\"SearchAction\",\"target\":{\"@type\":\"EntryPoint\",\"urlTemplate\":\"https:\/\/woodfield.nl\/?s={search_term_string}\"},\"query-input\":{\"@type\":\"PropertyValueSpecification\",\"valueRequired\":true,\"valueName\":\"search_term_string\"}}],\"inLanguage\":\"pl-PL\"}]}<\/script>\n<!-- \/ Yoast SEO plugin. -->","yoast_head_json":{"title":"Woodfield Eindhoven - wszystko dla malarza i tynkarza.","description":"Woodfield Eindhoven to hurtownia dla malarzy i tynkarzy. Zapraszamy po fachowe doradztwo w zakresie r\u00f3\u017cnorodnych artyku\u0142\u00f3w i ich zastosowa\u0144.","robots":{"index":"index","follow":"follow","max-snippet":"max-snippet:-1","max-image-preview":"max-image-preview:large","max-video-preview":"max-video-preview:-1"},"canonical":"https:\/\/woodfield.nl\/pl\/lokalizacje\/woodfield-eindhoven","og_locale":"pl_PL","og_type":"article","og_title":"Woodfield Eindhoven - wszystko dla malarza i tynkarza.","og_description":"Woodfield Eindhoven to hurtownia dla malarzy i tynkarzy. Zapraszamy po fachowe doradztwo w zakresie r\u00f3\u017cnorodnych artyku\u0142\u00f3w i ich zastosowa\u0144.","og_url":"https:\/\/woodfield.nl\/pl\/lokalizacje\/woodfield-eindhoven","og_site_name":"Woodfield - alles voor schilder en stukadoor","schema":{"@context":"https:\/\/schema.org","@graph":[{"@type":"WebPage","@id":"https:\/\/woodfield.nl\/pl\/lokalizacje\/woodfield-eindhoven","url":"https:\/\/woodfield.nl\/pl\/lokalizacje\/woodfield-eindhoven","name":"Woodfield Eindhoven - wszystko dla malarza i tynkarza.","isPartOf":{"@id":"https:\/\/woodfield.nl\/#website"},"datePublished":"2025-10-28T08:30:23+00:00","description":"Woodfield Eindhoven to hurtownia dla malarzy i tynkarzy. Zapraszamy po fachowe doradztwo w zakresie r\u00f3\u017cnorodnych artyku\u0142\u00f3w i ich zastosowa\u0144.","breadcrumb":{"@id":"https:\/\/woodfield.nl\/pl\/lokalizacje\/woodfield-eindhoven#breadcrumb"},"inLanguage":"pl-PL","potentialAction":[{"@type":"ReadAction","target":["https:\/\/woodfield.nl\/pl\/lokalizacje\/woodfield-eindhoven"]}]},{"@type":"BreadcrumbList","@id":"https:\/\/woodfield.nl\/pl\/lokalizacje\/woodfield-eindhoven#breadcrumb","itemListElement":[{"@type":"ListItem","position":1,"name":"Verkooppunten","item":"https:\/\/woodfield.nl\/pl\/lokalizacje"},{"@type":"ListItem","position":2,"name":"Woodfield Eindhoven"}]},{"@type":"WebSite","@id":"https:\/\/woodfield.nl\/#website","url":"https:\/\/woodfield.nl\/","name":"Woodfield - alles voor schilder en stukadoor","description":"","potentialAction":[{"@type":"SearchAction","target":{"@type":"EntryPoint","urlTemplate":"https:\/\/woodfield.nl\/?s={search_term_string}"},"query-input":{"@type":"PropertyValueSpecification","valueRequired":true,"valueName":"search_term_string"}}],"inLanguage":"pl-PL"}]}},"_links":{"self":[{"href":"https:\/\/woodfield.nl\/pl\/wp-json\/wp\/v2\/pages\/17929","targetHints":{"allow":["GET"]}}],"collection":[{"href":"https:\/\/woodfield.nl\/pl\/wp-json\/wp\/v2\/pages"}],"about":[{"href":"https:\/\/woodfield.nl\/pl\/wp-json\/wp\/v2\/types\/page"}],"author":[{"embeddable":true,"href":"https:\/\/woodfield.nl\/pl\/wp-json\/wp\/v2\/users\/3"}],"replies":[{"embeddable":true,"href":"https:\/\/woodfield.nl\/pl\/wp-json\/wp\/v2\/comments?post=17929"}],"version-history":[{"count":0,"href":"https:\/\/woodfield.nl\/pl\/wp-json\/wp\/v2\/pages\/17929\/revisions"}],"up":[{"embeddable":true,"href":"https:\/\/woodfield.nl\/pl\/wp-json\/wp\/v2\/pages\/17918"}],"wp:attachment":[{"href":"https:\/\/woodfield.nl\/pl\/wp-json\/wp\/v2\/media?parent=17929"}],"curies":[{"name":"wp","href":"https:\/\/api.w.org\/{rel}","templated":true}]}}