{"id":17922,"date":"2025-04-14T09:53:35","date_gmt":"2025-04-14T07:53:35","guid":{"rendered":"https:\/\/woodfield.nl\/bezorgservice"},"modified":"2025-04-14T09:53:35","modified_gmt":"2025-04-14T07:53:35","slug":"dostawa-2","status":"publish","type":"page","link":"https:\/\/woodfield.nl\/pl\/dostawa-2","title":{"rendered":"Bezorgservice"},"content":{"rendered":"","protected":false},"excerpt":{"rendered":"","protected":false},"author":1,"featured_media":0,"parent":0,"menu_order":134,"comment_status":"closed","ping_status":"closed","template":"page.php","meta":{"_acf_changed":false,"footnotes":""},"class_list":["entry","page","publish","author-dennis","post-17922","hentry"],"acf":[],"yoast_head":"<!-- This site is optimized with the Yoast SEO plugin v26.5 - https:\/\/yoast.com\/wordpress\/plugins\/seo\/ -->\n<title>Us\u0142ugi dostawcze Woodfield - r\u00f3\u017cne mo\u017cliwo\u015bci dostawy.<\/title>\n<meta name=\"description\" content=\"Woodfield oferuje Pa\u0144stwu 3 r\u00f3\u017cne us\u0142ugi dostawy. Tutaj dowiesz si\u0119 wi\u0119cej o mo\u017cliwo\u015bciach dostawy w Woodfield!\" \/>\n<meta name=\"robots\" content=\"index, follow, max-snippet:-1, max-image-preview:large, max-video-preview:-1\" \/>\n<link rel=\"canonical\" href=\"https:\/\/woodfield.nl\/pl\/dostawa-2\" \/>\n<meta property=\"og:locale\" content=\"pl_PL\" \/>\n<meta property=\"og:type\" content=\"article\" \/>\n<meta property=\"og:title\" content=\"Us\u0142ugi dostawcze Woodfield - r\u00f3\u017cne mo\u017cliwo\u015bci dostawy.\" \/>\n<meta property=\"og:description\" content=\"Woodfield oferuje Pa\u0144stwu 3 r\u00f3\u017cne us\u0142ugi dostawy. Tutaj dowiesz si\u0119 wi\u0119cej o mo\u017cliwo\u015bciach dostawy w Woodfield!\" \/>\n<meta property=\"og:url\" content=\"https:\/\/woodfield.nl\/pl\/dostawa-2\" \/>\n<meta property=\"og:site_name\" content=\"Woodfield - alles voor schilder en stukadoor\" \/>\n<script type=\"application\/ld+json\" class=\"yoast-schema-graph\">{\"@context\":\"https:\/\/schema.org\",\"@graph\":[{\"@type\":\"WebPage\",\"@id\":\"https:\/\/woodfield.nl\/pl\/dostawa-2\",\"url\":\"https:\/\/woodfield.nl\/pl\/dostawa-2\",\"name\":\"Us\u0142ugi dostawcze Woodfield - r\u00f3\u017cne mo\u017cliwo\u015bci dostawy.\",\"isPartOf\":{\"@id\":\"https:\/\/woodfield.nl\/#website\"},\"datePublished\":\"2025-04-14T07:53:35+00:00\",\"description\":\"Woodfield oferuje Pa\u0144stwu 3 r\u00f3\u017cne us\u0142ugi dostawy. Tutaj dowiesz si\u0119 wi\u0119cej o mo\u017cliwo\u015bciach dostawy w Woodfield!\",\"inLanguage\":\"pl-PL\",\"potentialAction\":[{\"@type\":\"ReadAction\",\"target\":[\"https:\/\/woodfield.nl\/pl\/dostawa-2\"]}]},{\"@type\":\"WebSite\",\"@id\":\"https:\/\/woodfield.nl\/#website\",\"url\":\"https:\/\/woodfield.nl\/\",\"name\":\"Woodfield - alles voor schilder en stukadoor\",\"description\":\"\",\"potentialAction\":[{\"@type\":\"SearchAction\",\"target\":{\"@type\":\"EntryPoint\",\"urlTemplate\":\"https:\/\/woodfield.nl\/?s={search_term_string}\"},\"query-input\":{\"@type\":\"PropertyValueSpecification\",\"valueRequired\":true,\"valueName\":\"search_term_string\"}}],\"inLanguage\":\"pl-PL\"}]}<\/script>\n<!-- \/ Yoast SEO plugin. -->","yoast_head_json":{"title":"Us\u0142ugi dostawcze Woodfield - r\u00f3\u017cne mo\u017cliwo\u015bci dostawy.","description":"Woodfield oferuje Pa\u0144stwu 3 r\u00f3\u017cne us\u0142ugi dostawy. Tutaj dowiesz si\u0119 wi\u0119cej o mo\u017cliwo\u015bciach dostawy w Woodfield!","robots":{"index":"index","follow":"follow","max-snippet":"max-snippet:-1","max-image-preview":"max-image-preview:large","max-video-preview":"max-video-preview:-1"},"canonical":"https:\/\/woodfield.nl\/pl\/dostawa-2","og_locale":"pl_PL","og_type":"article","og_title":"Us\u0142ugi dostawcze Woodfield - r\u00f3\u017cne mo\u017cliwo\u015bci dostawy.","og_description":"Woodfield oferuje Pa\u0144stwu 3 r\u00f3\u017cne us\u0142ugi dostawy. Tutaj dowiesz si\u0119 wi\u0119cej o mo\u017cliwo\u015bciach dostawy w Woodfield!","og_url":"https:\/\/woodfield.nl\/pl\/dostawa-2","og_site_name":"Woodfield - alles voor schilder en stukadoor","schema":{"@context":"https:\/\/schema.org","@graph":[{"@type":"WebPage","@id":"https:\/\/woodfield.nl\/pl\/dostawa-2","url":"https:\/\/woodfield.nl\/pl\/dostawa-2","name":"Us\u0142ugi dostawcze Woodfield - r\u00f3\u017cne mo\u017cliwo\u015bci dostawy.","isPartOf":{"@id":"https:\/\/woodfield.nl\/#website"},"datePublished":"2025-04-14T07:53:35+00:00","description":"Woodfield oferuje Pa\u0144stwu 3 r\u00f3\u017cne us\u0142ugi dostawy. Tutaj dowiesz si\u0119 wi\u0119cej o mo\u017cliwo\u015bciach dostawy w Woodfield!","inLanguage":"pl-PL","potentialAction":[{"@type":"ReadAction","target":["https:\/\/woodfield.nl\/pl\/dostawa-2"]}]},{"@type":"WebSite","@id":"https:\/\/woodfield.nl\/#website","url":"https:\/\/woodfield.nl\/","name":"Woodfield - alles voor schilder en stukadoor","description":"","potentialAction":[{"@type":"SearchAction","target":{"@type":"EntryPoint","urlTemplate":"https:\/\/woodfield.nl\/?s={search_term_string}"},"query-input":{"@type":"PropertyValueSpecification","valueRequired":true,"valueName":"search_term_string"}}],"inLanguage":"pl-PL"}]}},"_links":{"self":[{"href":"https:\/\/woodfield.nl\/pl\/wp-json\/wp\/v2\/pages\/17922","targetHints":{"allow":["GET"]}}],"collection":[{"href":"https:\/\/woodfield.nl\/pl\/wp-json\/wp\/v2\/pages"}],"about":[{"href":"https:\/\/woodfield.nl\/pl\/wp-json\/wp\/v2\/types\/page"}],"author":[{"embeddable":true,"href":"https:\/\/woodfield.nl\/pl\/wp-json\/wp\/v2\/users\/1"}],"replies":[{"embeddable":true,"href":"https:\/\/woodfield.nl\/pl\/wp-json\/wp\/v2\/comments?post=17922"}],"version-history":[{"count":0,"href":"https:\/\/woodfield.nl\/pl\/wp-json\/wp\/v2\/pages\/17922\/revisions"}],"wp:attachment":[{"href":"https:\/\/woodfield.nl\/pl\/wp-json\/wp\/v2\/media?parent=17922"}],"curies":[{"name":"wp","href":"https:\/\/api.w.org\/{rel}","templated":true}]}}