{"id":17915,"date":"2021-03-17T16:18:13","date_gmt":"2021-03-17T15:18:13","guid":{"rendered":"https:\/\/woodfield.nl\/trae-lyx"},"modified":"2021-03-17T16:18:13","modified_gmt":"2021-03-17T15:18:13","slug":"trae-lyx","status":"publish","type":"page","link":"https:\/\/woodfield.nl\/pl\/asortyment-woodfield\/farby\/trae-lyx","title":{"rendered":"Verf \u2013 Trae-lyx"},"content":{"rendered":"","protected":false},"excerpt":{"rendered":"","protected":false},"author":3,"featured_media":0,"parent":17973,"menu_order":502,"comment_status":"closed","ping_status":"closed","template":"page.php","meta":{"_acf_changed":false,"footnotes":""},"class_list":["entry","page","publish","author-woodfield","post-17915","hentry"],"acf":[],"yoast_head":"<!-- This site is optimized with the Yoast SEO plugin v26.5 - https:\/\/yoast.com\/wordpress\/plugins\/seo\/ -->\n<title>Szeroki wachlarz produkt\u00f3w Trae-lyx w Woodfield<\/title>\n<meta name=\"description\" content=\"Trae-lyx specjalizuje si\u0119 w artyku\u0142ach wyko\u0144czeniowych do pod\u0142\u00f3g, \u015bcian i mebli. Zapraszamy do zapoznania si\u0119 z ofert\u0105 produkt\u00f3w w Woodfield.\" \/>\n<meta name=\"robots\" content=\"index, follow, max-snippet:-1, max-image-preview:large, max-video-preview:-1\" \/>\n<link rel=\"canonical\" href=\"https:\/\/woodfield.nl\/pl\/farby\/trae-lyx\" \/>\n<meta property=\"og:locale\" content=\"pl_PL\" \/>\n<meta property=\"og:type\" content=\"article\" \/>\n<meta property=\"og:title\" content=\"Szeroki wachlarz produkt\u00f3w Trae-lyx w Woodfield\" \/>\n<meta property=\"og:description\" content=\"Trae-lyx specjalizuje si\u0119 w artyku\u0142ach wyko\u0144czeniowych do pod\u0142\u00f3g, \u015bcian i mebli. Zapraszamy do zapoznania si\u0119 z ofert\u0105 produkt\u00f3w w Woodfield.\" \/>\n<meta property=\"og:url\" content=\"https:\/\/woodfield.nl\/pl\/farby\/trae-lyx\" \/>\n<meta property=\"og:site_name\" content=\"Woodfield - alles voor schilder en stukadoor\" \/>\n<script type=\"application\/ld+json\" class=\"yoast-schema-graph\">{\"@context\":\"https:\/\/schema.org\",\"@graph\":[{\"@type\":\"WebPage\",\"@id\":\"https:\/\/woodfield.nl\/pl\/farby\/trae-lyx\",\"url\":\"https:\/\/woodfield.nl\/pl\/farby\/trae-lyx\",\"name\":\"Szeroki wachlarz produkt\u00f3w Trae-lyx w Woodfield\",\"isPartOf\":{\"@id\":\"https:\/\/woodfield.nl\/#website\"},\"datePublished\":\"2021-03-17T15:18:13+00:00\",\"description\":\"Trae-lyx specjalizuje si\u0119 w artyku\u0142ach wyko\u0144czeniowych do pod\u0142\u00f3g, \u015bcian i mebli. Zapraszamy do zapoznania si\u0119 z ofert\u0105 produkt\u00f3w w Woodfield.\",\"breadcrumb\":{\"@id\":\"https:\/\/woodfield.nl\/pl\/farby\/trae-lyx#breadcrumb\"},\"inLanguage\":\"pl-PL\",\"potentialAction\":[{\"@type\":\"ReadAction\",\"target\":[\"https:\/\/woodfield.nl\/pl\/farby\/trae-lyx\"]}]},{\"@type\":\"BreadcrumbList\",\"@id\":\"https:\/\/woodfield.nl\/pl\/farby\/trae-lyx#breadcrumb\",\"itemListElement\":[{\"@type\":\"ListItem\",\"position\":1,\"name\":\"Verf\",\"item\":\"https:\/\/woodfield.nl\/pl\/farby\"},{\"@type\":\"ListItem\",\"position\":2,\"name\":\"Verf \u2013 Trae-lyx\"}]},{\"@type\":\"WebSite\",\"@id\":\"https:\/\/woodfield.nl\/#website\",\"url\":\"https:\/\/woodfield.nl\/\",\"name\":\"Woodfield - alles voor schilder en stukadoor\",\"description\":\"\",\"potentialAction\":[{\"@type\":\"SearchAction\",\"target\":{\"@type\":\"EntryPoint\",\"urlTemplate\":\"https:\/\/woodfield.nl\/?s={search_term_string}\"},\"query-input\":{\"@type\":\"PropertyValueSpecification\",\"valueRequired\":true,\"valueName\":\"search_term_string\"}}],\"inLanguage\":\"pl-PL\"}]}<\/script>\n<!-- \/ Yoast SEO plugin. -->","yoast_head_json":{"title":"Szeroki wachlarz produkt\u00f3w Trae-lyx w Woodfield","description":"Trae-lyx specjalizuje si\u0119 w artyku\u0142ach wyko\u0144czeniowych do pod\u0142\u00f3g, \u015bcian i mebli. Zapraszamy do zapoznania si\u0119 z ofert\u0105 produkt\u00f3w w Woodfield.","robots":{"index":"index","follow":"follow","max-snippet":"max-snippet:-1","max-image-preview":"max-image-preview:large","max-video-preview":"max-video-preview:-1"},"canonical":"https:\/\/woodfield.nl\/pl\/farby\/trae-lyx","og_locale":"pl_PL","og_type":"article","og_title":"Szeroki wachlarz produkt\u00f3w Trae-lyx w Woodfield","og_description":"Trae-lyx specjalizuje si\u0119 w artyku\u0142ach wyko\u0144czeniowych do pod\u0142\u00f3g, \u015bcian i mebli. Zapraszamy do zapoznania si\u0119 z ofert\u0105 produkt\u00f3w w Woodfield.","og_url":"https:\/\/woodfield.nl\/pl\/farby\/trae-lyx","og_site_name":"Woodfield - alles voor schilder en stukadoor","schema":{"@context":"https:\/\/schema.org","@graph":[{"@type":"WebPage","@id":"https:\/\/woodfield.nl\/pl\/farby\/trae-lyx","url":"https:\/\/woodfield.nl\/pl\/farby\/trae-lyx","name":"Szeroki wachlarz produkt\u00f3w Trae-lyx w Woodfield","isPartOf":{"@id":"https:\/\/woodfield.nl\/#website"},"datePublished":"2021-03-17T15:18:13+00:00","description":"Trae-lyx specjalizuje si\u0119 w artyku\u0142ach wyko\u0144czeniowych do pod\u0142\u00f3g, \u015bcian i mebli. Zapraszamy do zapoznania si\u0119 z ofert\u0105 produkt\u00f3w w Woodfield.","breadcrumb":{"@id":"https:\/\/woodfield.nl\/pl\/farby\/trae-lyx#breadcrumb"},"inLanguage":"pl-PL","potentialAction":[{"@type":"ReadAction","target":["https:\/\/woodfield.nl\/pl\/farby\/trae-lyx"]}]},{"@type":"BreadcrumbList","@id":"https:\/\/woodfield.nl\/pl\/farby\/trae-lyx#breadcrumb","itemListElement":[{"@type":"ListItem","position":1,"name":"Verf","item":"https:\/\/woodfield.nl\/pl\/farby"},{"@type":"ListItem","position":2,"name":"Verf \u2013 Trae-lyx"}]},{"@type":"WebSite","@id":"https:\/\/woodfield.nl\/#website","url":"https:\/\/woodfield.nl\/","name":"Woodfield - alles voor schilder en stukadoor","description":"","potentialAction":[{"@type":"SearchAction","target":{"@type":"EntryPoint","urlTemplate":"https:\/\/woodfield.nl\/?s={search_term_string}"},"query-input":{"@type":"PropertyValueSpecification","valueRequired":true,"valueName":"search_term_string"}}],"inLanguage":"pl-PL"}]}},"_links":{"self":[{"href":"https:\/\/woodfield.nl\/pl\/wp-json\/wp\/v2\/pages\/17915","targetHints":{"allow":["GET"]}}],"collection":[{"href":"https:\/\/woodfield.nl\/pl\/wp-json\/wp\/v2\/pages"}],"about":[{"href":"https:\/\/woodfield.nl\/pl\/wp-json\/wp\/v2\/types\/page"}],"author":[{"embeddable":true,"href":"https:\/\/woodfield.nl\/pl\/wp-json\/wp\/v2\/users\/3"}],"replies":[{"embeddable":true,"href":"https:\/\/woodfield.nl\/pl\/wp-json\/wp\/v2\/comments?post=17915"}],"version-history":[{"count":0,"href":"https:\/\/woodfield.nl\/pl\/wp-json\/wp\/v2\/pages\/17915\/revisions"}],"up":[{"embeddable":true,"href":"https:\/\/woodfield.nl\/pl\/wp-json\/wp\/v2\/pages\/17973"}],"wp:attachment":[{"href":"https:\/\/woodfield.nl\/pl\/wp-json\/wp\/v2\/media?parent=17915"}],"curies":[{"name":"wp","href":"https:\/\/api.w.org\/{rel}","templated":true}]}}