{"id":17883,"date":"2021-03-30T17:19:53","date_gmt":"2021-03-30T15:19:53","guid":{"rendered":"https:\/\/woodfield.nl\/fireproof"},"modified":"2021-03-30T17:19:53","modified_gmt":"2021-03-30T15:19:53","slug":"fireguard","status":"publish","type":"page","link":"https:\/\/woodfield.nl\/pl\/asortyment-woodfield\/farby\/fireguard","title":{"rendered":"Verf \u2013 Fireguard"},"content":{"rendered":"","protected":false},"excerpt":{"rendered":"","protected":false},"author":3,"featured_media":0,"parent":17973,"menu_order":227,"comment_status":"closed","ping_status":"closed","template":"page.php","meta":{"_acf_changed":false,"footnotes":""},"class_list":["entry","page","publish","author-woodfield","post-17883","hentry"],"acf":[],"yoast_head":"<!-- This site is optimized with the Yoast SEO plugin v26.5 - https:\/\/yoast.com\/wordpress\/plugins\/seo\/ -->\n<title>Produkty marki Fireproof w Woodfield<\/title>\n<meta name=\"description\" content=\"W Woodfield znajdziesz szerok\u0105 gam\u0119 produkt\u00f3w marki Fireproof. Zapraszamy do odwiedzenia nas w jednym z naszych oddzia\u0142\u00f3w.\" \/>\n<meta name=\"robots\" content=\"index, follow, max-snippet:-1, max-image-preview:large, max-video-preview:-1\" \/>\n<link rel=\"canonical\" href=\"https:\/\/woodfield.nl\/pl\/farby\/fireguard\" \/>\n<meta property=\"og:locale\" content=\"pl_PL\" \/>\n<meta property=\"og:type\" content=\"article\" \/>\n<meta property=\"og:title\" content=\"Produkty marki Fireproof w Woodfield\" \/>\n<meta property=\"og:description\" content=\"W Woodfield znajdziesz szerok\u0105 gam\u0119 produkt\u00f3w marki Fireproof. Zapraszamy do odwiedzenia nas w jednym z naszych oddzia\u0142\u00f3w.\" \/>\n<meta property=\"og:url\" content=\"https:\/\/woodfield.nl\/pl\/farby\/fireguard\" \/>\n<meta property=\"og:site_name\" content=\"Woodfield - alles voor schilder en stukadoor\" \/>\n<script type=\"application\/ld+json\" class=\"yoast-schema-graph\">{\"@context\":\"https:\/\/schema.org\",\"@graph\":[{\"@type\":\"WebPage\",\"@id\":\"https:\/\/woodfield.nl\/pl\/farby\/fireguard\",\"url\":\"https:\/\/woodfield.nl\/pl\/farby\/fireguard\",\"name\":\"Produkty marki Fireproof w Woodfield\",\"isPartOf\":{\"@id\":\"https:\/\/woodfield.nl\/#website\"},\"datePublished\":\"2021-03-30T15:19:53+00:00\",\"description\":\"W Woodfield znajdziesz szerok\u0105 gam\u0119 produkt\u00f3w marki Fireproof. Zapraszamy do odwiedzenia nas w jednym z naszych oddzia\u0142\u00f3w.\",\"breadcrumb\":{\"@id\":\"https:\/\/woodfield.nl\/pl\/farby\/fireguard#breadcrumb\"},\"inLanguage\":\"pl-PL\",\"potentialAction\":[{\"@type\":\"ReadAction\",\"target\":[\"https:\/\/woodfield.nl\/pl\/farby\/fireguard\"]}]},{\"@type\":\"BreadcrumbList\",\"@id\":\"https:\/\/woodfield.nl\/pl\/farby\/fireguard#breadcrumb\",\"itemListElement\":[{\"@type\":\"ListItem\",\"position\":1,\"name\":\"Verf\",\"item\":\"https:\/\/woodfield.nl\/pl\/farby\"},{\"@type\":\"ListItem\",\"position\":2,\"name\":\"Verf \u2013 Fireguard\"}]},{\"@type\":\"WebSite\",\"@id\":\"https:\/\/woodfield.nl\/#website\",\"url\":\"https:\/\/woodfield.nl\/\",\"name\":\"Woodfield - alles voor schilder en stukadoor\",\"description\":\"\",\"potentialAction\":[{\"@type\":\"SearchAction\",\"target\":{\"@type\":\"EntryPoint\",\"urlTemplate\":\"https:\/\/woodfield.nl\/?s={search_term_string}\"},\"query-input\":{\"@type\":\"PropertyValueSpecification\",\"valueRequired\":true,\"valueName\":\"search_term_string\"}}],\"inLanguage\":\"pl-PL\"}]}<\/script>\n<!-- \/ Yoast SEO plugin. -->","yoast_head_json":{"title":"Produkty marki Fireproof w Woodfield","description":"W Woodfield znajdziesz szerok\u0105 gam\u0119 produkt\u00f3w marki Fireproof. Zapraszamy do odwiedzenia nas w jednym z naszych oddzia\u0142\u00f3w.","robots":{"index":"index","follow":"follow","max-snippet":"max-snippet:-1","max-image-preview":"max-image-preview:large","max-video-preview":"max-video-preview:-1"},"canonical":"https:\/\/woodfield.nl\/pl\/farby\/fireguard","og_locale":"pl_PL","og_type":"article","og_title":"Produkty marki Fireproof w Woodfield","og_description":"W Woodfield znajdziesz szerok\u0105 gam\u0119 produkt\u00f3w marki Fireproof. Zapraszamy do odwiedzenia nas w jednym z naszych oddzia\u0142\u00f3w.","og_url":"https:\/\/woodfield.nl\/pl\/farby\/fireguard","og_site_name":"Woodfield - alles voor schilder en stukadoor","schema":{"@context":"https:\/\/schema.org","@graph":[{"@type":"WebPage","@id":"https:\/\/woodfield.nl\/pl\/farby\/fireguard","url":"https:\/\/woodfield.nl\/pl\/farby\/fireguard","name":"Produkty marki Fireproof w Woodfield","isPartOf":{"@id":"https:\/\/woodfield.nl\/#website"},"datePublished":"2021-03-30T15:19:53+00:00","description":"W Woodfield znajdziesz szerok\u0105 gam\u0119 produkt\u00f3w marki Fireproof. Zapraszamy do odwiedzenia nas w jednym z naszych oddzia\u0142\u00f3w.","breadcrumb":{"@id":"https:\/\/woodfield.nl\/pl\/farby\/fireguard#breadcrumb"},"inLanguage":"pl-PL","potentialAction":[{"@type":"ReadAction","target":["https:\/\/woodfield.nl\/pl\/farby\/fireguard"]}]},{"@type":"BreadcrumbList","@id":"https:\/\/woodfield.nl\/pl\/farby\/fireguard#breadcrumb","itemListElement":[{"@type":"ListItem","position":1,"name":"Verf","item":"https:\/\/woodfield.nl\/pl\/farby"},{"@type":"ListItem","position":2,"name":"Verf \u2013 Fireguard"}]},{"@type":"WebSite","@id":"https:\/\/woodfield.nl\/#website","url":"https:\/\/woodfield.nl\/","name":"Woodfield - alles voor schilder en stukadoor","description":"","potentialAction":[{"@type":"SearchAction","target":{"@type":"EntryPoint","urlTemplate":"https:\/\/woodfield.nl\/?s={search_term_string}"},"query-input":{"@type":"PropertyValueSpecification","valueRequired":true,"valueName":"search_term_string"}}],"inLanguage":"pl-PL"}]}},"_links":{"self":[{"href":"https:\/\/woodfield.nl\/pl\/wp-json\/wp\/v2\/pages\/17883","targetHints":{"allow":["GET"]}}],"collection":[{"href":"https:\/\/woodfield.nl\/pl\/wp-json\/wp\/v2\/pages"}],"about":[{"href":"https:\/\/woodfield.nl\/pl\/wp-json\/wp\/v2\/types\/page"}],"author":[{"embeddable":true,"href":"https:\/\/woodfield.nl\/pl\/wp-json\/wp\/v2\/users\/3"}],"replies":[{"embeddable":true,"href":"https:\/\/woodfield.nl\/pl\/wp-json\/wp\/v2\/comments?post=17883"}],"version-history":[{"count":0,"href":"https:\/\/woodfield.nl\/pl\/wp-json\/wp\/v2\/pages\/17883\/revisions"}],"up":[{"embeddable":true,"href":"https:\/\/woodfield.nl\/pl\/wp-json\/wp\/v2\/pages\/17973"}],"wp:attachment":[{"href":"https:\/\/woodfield.nl\/pl\/wp-json\/wp\/v2\/media?parent=17883"}],"curies":[{"name":"wp","href":"https:\/\/api.w.org\/{rel}","templated":true}]}}