{"id":17879,"date":"2021-08-26T17:07:55","date_gmt":"2021-08-26T15:07:55","guid":{"rendered":"https:\/\/woodfield.nl\/perlamuro"},"modified":"2021-08-26T17:07:55","modified_gmt":"2021-08-26T15:07:55","slug":"perlamuro","status":"publish","type":"page","link":"https:\/\/woodfield.nl\/pl\/asortyment-woodfield\/materialy-tynkarskie\/perlamuro","title":{"rendered":"Stucmaterialen \u2013 PerlaMuro"},"content":{"rendered":"","protected":false},"excerpt":{"rendered":"","protected":false},"author":3,"featured_media":0,"parent":17967,"menu_order":67,"comment_status":"closed","ping_status":"closed","template":"page.php","meta":{"_acf_changed":false,"footnotes":""},"class_list":["entry","page","publish","author-woodfield","post-17879","hentry"],"acf":[],"yoast_head":"<!-- This site is optimized with the Yoast SEO plugin v26.5 - https:\/\/yoast.com\/wordpress\/plugins\/seo\/ -->\n<title>W oddzia\u0142ach Woodfield mo\u017cna kupi\u0107 materia\u0142y wyko\u0144czeniowe PerlaMuro.<\/title>\n<meta name=\"description\" content=\"Szukasz najlepszych wyko\u0144cze\u0144 \u015bciennych PerlaMuro? W takim razie zapraszamy do jednego z naszych oddzia\u0142\u00f3w Woodfield.\" \/>\n<meta name=\"robots\" content=\"index, follow, max-snippet:-1, max-image-preview:large, max-video-preview:-1\" \/>\n<link rel=\"canonical\" href=\"https:\/\/woodfield.nl\/pl\/asortyment-woodfield\/materialy-tynkarskie\/perlamuro\" \/>\n<meta property=\"og:locale\" content=\"pl_PL\" \/>\n<meta property=\"og:type\" content=\"article\" \/>\n<meta property=\"og:title\" content=\"W oddzia\u0142ach Woodfield mo\u017cna kupi\u0107 materia\u0142y wyko\u0144czeniowe PerlaMuro.\" \/>\n<meta property=\"og:description\" content=\"Szukasz najlepszych wyko\u0144cze\u0144 \u015bciennych PerlaMuro? W takim razie zapraszamy do jednego z naszych oddzia\u0142\u00f3w Woodfield.\" \/>\n<meta property=\"og:url\" content=\"https:\/\/woodfield.nl\/pl\/asortyment-woodfield\/materialy-tynkarskie\/perlamuro\" \/>\n<meta property=\"og:site_name\" content=\"Woodfield - alles voor schilder en stukadoor\" \/>\n<script type=\"application\/ld+json\" class=\"yoast-schema-graph\">{\"@context\":\"https:\/\/schema.org\",\"@graph\":[{\"@type\":\"WebPage\",\"@id\":\"https:\/\/woodfield.nl\/pl\/asortyment-woodfield\/materialy-tynkarskie\/perlamuro\",\"url\":\"https:\/\/woodfield.nl\/pl\/asortyment-woodfield\/materialy-tynkarskie\/perlamuro\",\"name\":\"W oddzia\u0142ach Woodfield mo\u017cna kupi\u0107 materia\u0142y wyko\u0144czeniowe PerlaMuro.\",\"isPartOf\":{\"@id\":\"https:\/\/woodfield.nl\/#website\"},\"datePublished\":\"2021-08-26T15:07:55+00:00\",\"description\":\"Szukasz najlepszych wyko\u0144cze\u0144 \u015bciennych PerlaMuro? W takim razie zapraszamy do jednego z naszych oddzia\u0142\u00f3w Woodfield.\",\"breadcrumb\":{\"@id\":\"https:\/\/woodfield.nl\/pl\/asortyment-woodfield\/materialy-tynkarskie\/perlamuro#breadcrumb\"},\"inLanguage\":\"pl-PL\",\"potentialAction\":[{\"@type\":\"ReadAction\",\"target\":[\"https:\/\/woodfield.nl\/pl\/asortyment-woodfield\/materialy-tynkarskie\/perlamuro\"]}]},{\"@type\":\"BreadcrumbList\",\"@id\":\"https:\/\/woodfield.nl\/pl\/asortyment-woodfield\/materialy-tynkarskie\/perlamuro#breadcrumb\",\"itemListElement\":[{\"@type\":\"ListItem\",\"position\":1,\"name\":\"Assortiment\",\"item\":\"https:\/\/woodfield.nl\/pl\/asortyment-woodfield\"},{\"@type\":\"ListItem\",\"position\":2,\"name\":\"Stucmaterialen\",\"item\":\"https:\/\/woodfield.nl\/pl\/asortyment-woodfield\/materialy-tynkarskie\"},{\"@type\":\"ListItem\",\"position\":3,\"name\":\"Stucmaterialen \u2013 PerlaMuro\"}]},{\"@type\":\"WebSite\",\"@id\":\"https:\/\/woodfield.nl\/#website\",\"url\":\"https:\/\/woodfield.nl\/\",\"name\":\"Woodfield - alles voor schilder en stukadoor\",\"description\":\"\",\"potentialAction\":[{\"@type\":\"SearchAction\",\"target\":{\"@type\":\"EntryPoint\",\"urlTemplate\":\"https:\/\/woodfield.nl\/?s={search_term_string}\"},\"query-input\":{\"@type\":\"PropertyValueSpecification\",\"valueRequired\":true,\"valueName\":\"search_term_string\"}}],\"inLanguage\":\"pl-PL\"}]}<\/script>\n<!-- \/ Yoast SEO plugin. -->","yoast_head_json":{"title":"W oddzia\u0142ach Woodfield mo\u017cna kupi\u0107 materia\u0142y wyko\u0144czeniowe PerlaMuro.","description":"Szukasz najlepszych wyko\u0144cze\u0144 \u015bciennych PerlaMuro? W takim razie zapraszamy do jednego z naszych oddzia\u0142\u00f3w Woodfield.","robots":{"index":"index","follow":"follow","max-snippet":"max-snippet:-1","max-image-preview":"max-image-preview:large","max-video-preview":"max-video-preview:-1"},"canonical":"https:\/\/woodfield.nl\/pl\/asortyment-woodfield\/materialy-tynkarskie\/perlamuro","og_locale":"pl_PL","og_type":"article","og_title":"W oddzia\u0142ach Woodfield mo\u017cna kupi\u0107 materia\u0142y wyko\u0144czeniowe PerlaMuro.","og_description":"Szukasz najlepszych wyko\u0144cze\u0144 \u015bciennych PerlaMuro? W takim razie zapraszamy do jednego z naszych oddzia\u0142\u00f3w Woodfield.","og_url":"https:\/\/woodfield.nl\/pl\/asortyment-woodfield\/materialy-tynkarskie\/perlamuro","og_site_name":"Woodfield - alles voor schilder en stukadoor","schema":{"@context":"https:\/\/schema.org","@graph":[{"@type":"WebPage","@id":"https:\/\/woodfield.nl\/pl\/asortyment-woodfield\/materialy-tynkarskie\/perlamuro","url":"https:\/\/woodfield.nl\/pl\/asortyment-woodfield\/materialy-tynkarskie\/perlamuro","name":"W oddzia\u0142ach Woodfield mo\u017cna kupi\u0107 materia\u0142y wyko\u0144czeniowe PerlaMuro.","isPartOf":{"@id":"https:\/\/woodfield.nl\/#website"},"datePublished":"2021-08-26T15:07:55+00:00","description":"Szukasz najlepszych wyko\u0144cze\u0144 \u015bciennych PerlaMuro? W takim razie zapraszamy do jednego z naszych oddzia\u0142\u00f3w Woodfield.","breadcrumb":{"@id":"https:\/\/woodfield.nl\/pl\/asortyment-woodfield\/materialy-tynkarskie\/perlamuro#breadcrumb"},"inLanguage":"pl-PL","potentialAction":[{"@type":"ReadAction","target":["https:\/\/woodfield.nl\/pl\/asortyment-woodfield\/materialy-tynkarskie\/perlamuro"]}]},{"@type":"BreadcrumbList","@id":"https:\/\/woodfield.nl\/pl\/asortyment-woodfield\/materialy-tynkarskie\/perlamuro#breadcrumb","itemListElement":[{"@type":"ListItem","position":1,"name":"Assortiment","item":"https:\/\/woodfield.nl\/pl\/asortyment-woodfield"},{"@type":"ListItem","position":2,"name":"Stucmaterialen","item":"https:\/\/woodfield.nl\/pl\/asortyment-woodfield\/materialy-tynkarskie"},{"@type":"ListItem","position":3,"name":"Stucmaterialen \u2013 PerlaMuro"}]},{"@type":"WebSite","@id":"https:\/\/woodfield.nl\/#website","url":"https:\/\/woodfield.nl\/","name":"Woodfield - alles voor schilder en stukadoor","description":"","potentialAction":[{"@type":"SearchAction","target":{"@type":"EntryPoint","urlTemplate":"https:\/\/woodfield.nl\/?s={search_term_string}"},"query-input":{"@type":"PropertyValueSpecification","valueRequired":true,"valueName":"search_term_string"}}],"inLanguage":"pl-PL"}]}},"_links":{"self":[{"href":"https:\/\/woodfield.nl\/pl\/wp-json\/wp\/v2\/pages\/17879","targetHints":{"allow":["GET"]}}],"collection":[{"href":"https:\/\/woodfield.nl\/pl\/wp-json\/wp\/v2\/pages"}],"about":[{"href":"https:\/\/woodfield.nl\/pl\/wp-json\/wp\/v2\/types\/page"}],"author":[{"embeddable":true,"href":"https:\/\/woodfield.nl\/pl\/wp-json\/wp\/v2\/users\/3"}],"replies":[{"embeddable":true,"href":"https:\/\/woodfield.nl\/pl\/wp-json\/wp\/v2\/comments?post=17879"}],"version-history":[{"count":0,"href":"https:\/\/woodfield.nl\/pl\/wp-json\/wp\/v2\/pages\/17879\/revisions"}],"up":[{"embeddable":true,"href":"https:\/\/woodfield.nl\/pl\/wp-json\/wp\/v2\/pages\/17967"}],"wp:attachment":[{"href":"https:\/\/woodfield.nl\/pl\/wp-json\/wp\/v2\/media?parent=17879"}],"curies":[{"name":"wp","href":"https:\/\/api.w.org\/{rel}","templated":true}]}}