{"id":17876,"date":"2021-03-17T15:53:27","date_gmt":"2021-03-17T14:53:27","guid":{"rendered":"https:\/\/woodfield.nl\/woodfield-tape"},"modified":"2021-03-17T15:53:27","modified_gmt":"2021-03-17T14:53:27","slug":"woodfield-tape","status":"publish","type":"page","link":"https:\/\/woodfield.nl\/pl\/asortyment-woodfield\/tasmy\/woodfield-tape","title":{"rendered":"Tape \u2013 Woodfield tape"},"content":{"rendered":"","protected":false},"excerpt":{"rendered":"","protected":false},"author":3,"featured_media":0,"parent":17959,"menu_order":439,"comment_status":"closed","ping_status":"closed","template":"page.php","meta":{"_acf_changed":false,"footnotes":""},"class_list":["entry","page","publish","author-woodfield","post-17876","hentry"],"acf":[],"yoast_head":"<!-- This site is optimized with the Yoast SEO plugin v26.5 - https:\/\/yoast.com\/wordpress\/plugins\/seo\/ -->\n<title>Ta\u015bma Woodfield - szeroki wyb\u00f3r ta\u015bm do ka\u017cdego zastosowania!<\/title>\n<meta name=\"description\" content=\"Woodfield posiada szerok\u0105 gam\u0119 ta\u015bm do ka\u017cdego zadania i powierzchni. Je\u015bli szukasz wysokiej jako\u015bci ta\u015bmy, trafi\u0142e\u015b w najlepsze miejsce.\" \/>\n<meta name=\"robots\" content=\"index, follow, max-snippet:-1, max-image-preview:large, max-video-preview:-1\" \/>\n<link rel=\"canonical\" href=\"https:\/\/woodfield.nl\/pl\/asortyment-woodfield\/tasmy\/woodfield-tape\" \/>\n<meta property=\"og:locale\" content=\"pl_PL\" \/>\n<meta property=\"og:type\" content=\"article\" \/>\n<meta property=\"og:title\" content=\"Ta\u015bma Woodfield - szeroki wyb\u00f3r ta\u015bm do ka\u017cdego zastosowania!\" \/>\n<meta property=\"og:description\" content=\"Woodfield posiada szerok\u0105 gam\u0119 ta\u015bm do ka\u017cdego zadania i powierzchni. Je\u015bli szukasz wysokiej jako\u015bci ta\u015bmy, trafi\u0142e\u015b w najlepsze miejsce.\" \/>\n<meta property=\"og:url\" content=\"https:\/\/woodfield.nl\/pl\/asortyment-woodfield\/tasmy\/woodfield-tape\" \/>\n<meta property=\"og:site_name\" content=\"Woodfield - alles voor schilder en stukadoor\" \/>\n<script type=\"application\/ld+json\" class=\"yoast-schema-graph\">{\"@context\":\"https:\/\/schema.org\",\"@graph\":[{\"@type\":\"WebPage\",\"@id\":\"https:\/\/woodfield.nl\/pl\/asortyment-woodfield\/tasmy\/woodfield-tape\",\"url\":\"https:\/\/woodfield.nl\/pl\/asortyment-woodfield\/tasmy\/woodfield-tape\",\"name\":\"Ta\u015bma Woodfield - szeroki wyb\u00f3r ta\u015bm do ka\u017cdego zastosowania!\",\"isPartOf\":{\"@id\":\"https:\/\/woodfield.nl\/#website\"},\"datePublished\":\"2021-03-17T14:53:27+00:00\",\"description\":\"Woodfield posiada szerok\u0105 gam\u0119 ta\u015bm do ka\u017cdego zadania i powierzchni. Je\u015bli szukasz wysokiej jako\u015bci ta\u015bmy, trafi\u0142e\u015b w najlepsze miejsce.\",\"breadcrumb\":{\"@id\":\"https:\/\/woodfield.nl\/pl\/asortyment-woodfield\/tasmy\/woodfield-tape#breadcrumb\"},\"inLanguage\":\"pl-PL\",\"potentialAction\":[{\"@type\":\"ReadAction\",\"target\":[\"https:\/\/woodfield.nl\/pl\/asortyment-woodfield\/tasmy\/woodfield-tape\"]}]},{\"@type\":\"BreadcrumbList\",\"@id\":\"https:\/\/woodfield.nl\/pl\/asortyment-woodfield\/tasmy\/woodfield-tape#breadcrumb\",\"itemListElement\":[{\"@type\":\"ListItem\",\"position\":1,\"name\":\"Assortiment\",\"item\":\"https:\/\/woodfield.nl\/pl\/asortyment-woodfield\"},{\"@type\":\"ListItem\",\"position\":2,\"name\":\"Tape\",\"item\":\"https:\/\/woodfield.nl\/pl\/asortyment-woodfield\/tasmy\"},{\"@type\":\"ListItem\",\"position\":3,\"name\":\"Tape \u2013 Woodfield tape\"}]},{\"@type\":\"WebSite\",\"@id\":\"https:\/\/woodfield.nl\/#website\",\"url\":\"https:\/\/woodfield.nl\/\",\"name\":\"Woodfield - alles voor schilder en stukadoor\",\"description\":\"\",\"potentialAction\":[{\"@type\":\"SearchAction\",\"target\":{\"@type\":\"EntryPoint\",\"urlTemplate\":\"https:\/\/woodfield.nl\/?s={search_term_string}\"},\"query-input\":{\"@type\":\"PropertyValueSpecification\",\"valueRequired\":true,\"valueName\":\"search_term_string\"}}],\"inLanguage\":\"pl-PL\"}]}<\/script>\n<!-- \/ Yoast SEO plugin. -->","yoast_head_json":{"title":"Ta\u015bma Woodfield - szeroki wyb\u00f3r ta\u015bm do ka\u017cdego zastosowania!","description":"Woodfield posiada szerok\u0105 gam\u0119 ta\u015bm do ka\u017cdego zadania i powierzchni. Je\u015bli szukasz wysokiej jako\u015bci ta\u015bmy, trafi\u0142e\u015b w najlepsze miejsce.","robots":{"index":"index","follow":"follow","max-snippet":"max-snippet:-1","max-image-preview":"max-image-preview:large","max-video-preview":"max-video-preview:-1"},"canonical":"https:\/\/woodfield.nl\/pl\/asortyment-woodfield\/tasmy\/woodfield-tape","og_locale":"pl_PL","og_type":"article","og_title":"Ta\u015bma Woodfield - szeroki wyb\u00f3r ta\u015bm do ka\u017cdego zastosowania!","og_description":"Woodfield posiada szerok\u0105 gam\u0119 ta\u015bm do ka\u017cdego zadania i powierzchni. Je\u015bli szukasz wysokiej jako\u015bci ta\u015bmy, trafi\u0142e\u015b w najlepsze miejsce.","og_url":"https:\/\/woodfield.nl\/pl\/asortyment-woodfield\/tasmy\/woodfield-tape","og_site_name":"Woodfield - alles voor schilder en stukadoor","schema":{"@context":"https:\/\/schema.org","@graph":[{"@type":"WebPage","@id":"https:\/\/woodfield.nl\/pl\/asortyment-woodfield\/tasmy\/woodfield-tape","url":"https:\/\/woodfield.nl\/pl\/asortyment-woodfield\/tasmy\/woodfield-tape","name":"Ta\u015bma Woodfield - szeroki wyb\u00f3r ta\u015bm do ka\u017cdego zastosowania!","isPartOf":{"@id":"https:\/\/woodfield.nl\/#website"},"datePublished":"2021-03-17T14:53:27+00:00","description":"Woodfield posiada szerok\u0105 gam\u0119 ta\u015bm do ka\u017cdego zadania i powierzchni. Je\u015bli szukasz wysokiej jako\u015bci ta\u015bmy, trafi\u0142e\u015b w najlepsze miejsce.","breadcrumb":{"@id":"https:\/\/woodfield.nl\/pl\/asortyment-woodfield\/tasmy\/woodfield-tape#breadcrumb"},"inLanguage":"pl-PL","potentialAction":[{"@type":"ReadAction","target":["https:\/\/woodfield.nl\/pl\/asortyment-woodfield\/tasmy\/woodfield-tape"]}]},{"@type":"BreadcrumbList","@id":"https:\/\/woodfield.nl\/pl\/asortyment-woodfield\/tasmy\/woodfield-tape#breadcrumb","itemListElement":[{"@type":"ListItem","position":1,"name":"Assortiment","item":"https:\/\/woodfield.nl\/pl\/asortyment-woodfield"},{"@type":"ListItem","position":2,"name":"Tape","item":"https:\/\/woodfield.nl\/pl\/asortyment-woodfield\/tasmy"},{"@type":"ListItem","position":3,"name":"Tape \u2013 Woodfield tape"}]},{"@type":"WebSite","@id":"https:\/\/woodfield.nl\/#website","url":"https:\/\/woodfield.nl\/","name":"Woodfield - alles voor schilder en stukadoor","description":"","potentialAction":[{"@type":"SearchAction","target":{"@type":"EntryPoint","urlTemplate":"https:\/\/woodfield.nl\/?s={search_term_string}"},"query-input":{"@type":"PropertyValueSpecification","valueRequired":true,"valueName":"search_term_string"}}],"inLanguage":"pl-PL"}]}},"_links":{"self":[{"href":"https:\/\/woodfield.nl\/pl\/wp-json\/wp\/v2\/pages\/17876","targetHints":{"allow":["GET"]}}],"collection":[{"href":"https:\/\/woodfield.nl\/pl\/wp-json\/wp\/v2\/pages"}],"about":[{"href":"https:\/\/woodfield.nl\/pl\/wp-json\/wp\/v2\/types\/page"}],"author":[{"embeddable":true,"href":"https:\/\/woodfield.nl\/pl\/wp-json\/wp\/v2\/users\/3"}],"replies":[{"embeddable":true,"href":"https:\/\/woodfield.nl\/pl\/wp-json\/wp\/v2\/comments?post=17876"}],"version-history":[{"count":0,"href":"https:\/\/woodfield.nl\/pl\/wp-json\/wp\/v2\/pages\/17876\/revisions"}],"up":[{"embeddable":true,"href":"https:\/\/woodfield.nl\/pl\/wp-json\/wp\/v2\/pages\/17959"}],"wp:attachment":[{"href":"https:\/\/woodfield.nl\/pl\/wp-json\/wp\/v2\/media?parent=17876"}],"curies":[{"name":"wp","href":"https:\/\/api.w.org\/{rel}","templated":true}]}}