{"id":17858,"date":"2023-09-11T13:25:49","date_gmt":"2023-09-11T11:25:49","guid":{"rendered":"https:\/\/woodfield.nl\/graco"},"modified":"2023-09-11T13:25:49","modified_gmt":"2023-09-11T11:25:49","slug":"graco","status":"publish","type":"page","link":"https:\/\/woodfield.nl\/pl\/asortyment-woodfield\/opryskiwacze\/graco","title":{"rendered":"Spuitapparatuur \u2013 Graco"},"content":{"rendered":"","protected":false},"excerpt":{"rendered":"","protected":false},"author":3,"featured_media":0,"parent":18000,"menu_order":511,"comment_status":"closed","ping_status":"closed","template":"page.php","meta":{"_acf_changed":false,"footnotes":""},"class_list":["entry","page","publish","author-woodfield","post-17858","hentry"],"acf":[],"yoast_head":"<!-- This site is optimized with the Yoast SEO plugin v26.5 - https:\/\/yoast.com\/wordpress\/plugins\/seo\/ -->\n<title>Woodfield - ogromny wyb\u00f3r urz\u0105dze\u0144 natryskowych firmy Graco<\/title>\n<meta name=\"description\" content=\"Ze wzgl\u0119du na nasz\u0105 szerok\u0105 gam\u0119 urz\u0105dze\u0144 natryskowych Graco, dla ka\u017cdego zadania znajdzie si\u0119 odpowiedni produkt. Chcesz wiedzie\u0107 wi\u0119cej?\" \/>\n<meta name=\"robots\" content=\"index, follow, max-snippet:-1, max-image-preview:large, max-video-preview:-1\" \/>\n<link rel=\"canonical\" href=\"https:\/\/woodfield.nl\/pl\/asortyment-woodfield\/opryskiwacze\/graco\" \/>\n<meta property=\"og:locale\" content=\"pl_PL\" \/>\n<meta property=\"og:type\" content=\"article\" \/>\n<meta property=\"og:title\" content=\"Woodfield - ogromny wyb\u00f3r urz\u0105dze\u0144 natryskowych firmy Graco\" \/>\n<meta property=\"og:description\" content=\"Ze wzgl\u0119du na nasz\u0105 szerok\u0105 gam\u0119 urz\u0105dze\u0144 natryskowych Graco, dla ka\u017cdego zadania znajdzie si\u0119 odpowiedni produkt. Chcesz wiedzie\u0107 wi\u0119cej?\" \/>\n<meta property=\"og:url\" content=\"https:\/\/woodfield.nl\/pl\/asortyment-woodfield\/opryskiwacze\/graco\" \/>\n<meta property=\"og:site_name\" content=\"Woodfield - alles voor schilder en stukadoor\" \/>\n<script type=\"application\/ld+json\" class=\"yoast-schema-graph\">{\"@context\":\"https:\/\/schema.org\",\"@graph\":[{\"@type\":\"WebPage\",\"@id\":\"https:\/\/woodfield.nl\/pl\/asortyment-woodfield\/opryskiwacze\/graco\",\"url\":\"https:\/\/woodfield.nl\/pl\/asortyment-woodfield\/opryskiwacze\/graco\",\"name\":\"Woodfield - ogromny wyb\u00f3r urz\u0105dze\u0144 natryskowych firmy Graco\",\"isPartOf\":{\"@id\":\"https:\/\/woodfield.nl\/#website\"},\"datePublished\":\"2023-09-11T11:25:49+00:00\",\"description\":\"Ze wzgl\u0119du na nasz\u0105 szerok\u0105 gam\u0119 urz\u0105dze\u0144 natryskowych Graco, dla ka\u017cdego zadania znajdzie si\u0119 odpowiedni produkt. Chcesz wiedzie\u0107 wi\u0119cej?\",\"breadcrumb\":{\"@id\":\"https:\/\/woodfield.nl\/pl\/asortyment-woodfield\/opryskiwacze\/graco#breadcrumb\"},\"inLanguage\":\"pl-PL\",\"potentialAction\":[{\"@type\":\"ReadAction\",\"target\":[\"https:\/\/woodfield.nl\/pl\/asortyment-woodfield\/opryskiwacze\/graco\"]}]},{\"@type\":\"BreadcrumbList\",\"@id\":\"https:\/\/woodfield.nl\/pl\/asortyment-woodfield\/opryskiwacze\/graco#breadcrumb\",\"itemListElement\":[{\"@type\":\"ListItem\",\"position\":1,\"name\":\"Assortiment\",\"item\":\"https:\/\/woodfield.nl\/pl\/asortyment-woodfield\"},{\"@type\":\"ListItem\",\"position\":2,\"name\":\"Spuitapparatuur\",\"item\":\"https:\/\/woodfield.nl\/pl\/opryskiwacze\"},{\"@type\":\"ListItem\",\"position\":3,\"name\":\"Spuitapparatuur \u2013 Graco\"}]},{\"@type\":\"WebSite\",\"@id\":\"https:\/\/woodfield.nl\/#website\",\"url\":\"https:\/\/woodfield.nl\/\",\"name\":\"Woodfield - alles voor schilder en stukadoor\",\"description\":\"\",\"potentialAction\":[{\"@type\":\"SearchAction\",\"target\":{\"@type\":\"EntryPoint\",\"urlTemplate\":\"https:\/\/woodfield.nl\/?s={search_term_string}\"},\"query-input\":{\"@type\":\"PropertyValueSpecification\",\"valueRequired\":true,\"valueName\":\"search_term_string\"}}],\"inLanguage\":\"pl-PL\"}]}<\/script>\n<!-- \/ Yoast SEO plugin. -->","yoast_head_json":{"title":"Woodfield - ogromny wyb\u00f3r urz\u0105dze\u0144 natryskowych firmy Graco","description":"Ze wzgl\u0119du na nasz\u0105 szerok\u0105 gam\u0119 urz\u0105dze\u0144 natryskowych Graco, dla ka\u017cdego zadania znajdzie si\u0119 odpowiedni produkt. Chcesz wiedzie\u0107 wi\u0119cej?","robots":{"index":"index","follow":"follow","max-snippet":"max-snippet:-1","max-image-preview":"max-image-preview:large","max-video-preview":"max-video-preview:-1"},"canonical":"https:\/\/woodfield.nl\/pl\/asortyment-woodfield\/opryskiwacze\/graco","og_locale":"pl_PL","og_type":"article","og_title":"Woodfield - ogromny wyb\u00f3r urz\u0105dze\u0144 natryskowych firmy Graco","og_description":"Ze wzgl\u0119du na nasz\u0105 szerok\u0105 gam\u0119 urz\u0105dze\u0144 natryskowych Graco, dla ka\u017cdego zadania znajdzie si\u0119 odpowiedni produkt. Chcesz wiedzie\u0107 wi\u0119cej?","og_url":"https:\/\/woodfield.nl\/pl\/asortyment-woodfield\/opryskiwacze\/graco","og_site_name":"Woodfield - alles voor schilder en stukadoor","schema":{"@context":"https:\/\/schema.org","@graph":[{"@type":"WebPage","@id":"https:\/\/woodfield.nl\/pl\/asortyment-woodfield\/opryskiwacze\/graco","url":"https:\/\/woodfield.nl\/pl\/asortyment-woodfield\/opryskiwacze\/graco","name":"Woodfield - ogromny wyb\u00f3r urz\u0105dze\u0144 natryskowych firmy Graco","isPartOf":{"@id":"https:\/\/woodfield.nl\/#website"},"datePublished":"2023-09-11T11:25:49+00:00","description":"Ze wzgl\u0119du na nasz\u0105 szerok\u0105 gam\u0119 urz\u0105dze\u0144 natryskowych Graco, dla ka\u017cdego zadania znajdzie si\u0119 odpowiedni produkt. Chcesz wiedzie\u0107 wi\u0119cej?","breadcrumb":{"@id":"https:\/\/woodfield.nl\/pl\/asortyment-woodfield\/opryskiwacze\/graco#breadcrumb"},"inLanguage":"pl-PL","potentialAction":[{"@type":"ReadAction","target":["https:\/\/woodfield.nl\/pl\/asortyment-woodfield\/opryskiwacze\/graco"]}]},{"@type":"BreadcrumbList","@id":"https:\/\/woodfield.nl\/pl\/asortyment-woodfield\/opryskiwacze\/graco#breadcrumb","itemListElement":[{"@type":"ListItem","position":1,"name":"Assortiment","item":"https:\/\/woodfield.nl\/pl\/asortyment-woodfield"},{"@type":"ListItem","position":2,"name":"Spuitapparatuur","item":"https:\/\/woodfield.nl\/pl\/opryskiwacze"},{"@type":"ListItem","position":3,"name":"Spuitapparatuur \u2013 Graco"}]},{"@type":"WebSite","@id":"https:\/\/woodfield.nl\/#website","url":"https:\/\/woodfield.nl\/","name":"Woodfield - alles voor schilder en stukadoor","description":"","potentialAction":[{"@type":"SearchAction","target":{"@type":"EntryPoint","urlTemplate":"https:\/\/woodfield.nl\/?s={search_term_string}"},"query-input":{"@type":"PropertyValueSpecification","valueRequired":true,"valueName":"search_term_string"}}],"inLanguage":"pl-PL"}]}},"_links":{"self":[{"href":"https:\/\/woodfield.nl\/pl\/wp-json\/wp\/v2\/pages\/17858","targetHints":{"allow":["GET"]}}],"collection":[{"href":"https:\/\/woodfield.nl\/pl\/wp-json\/wp\/v2\/pages"}],"about":[{"href":"https:\/\/woodfield.nl\/pl\/wp-json\/wp\/v2\/types\/page"}],"author":[{"embeddable":true,"href":"https:\/\/woodfield.nl\/pl\/wp-json\/wp\/v2\/users\/3"}],"replies":[{"embeddable":true,"href":"https:\/\/woodfield.nl\/pl\/wp-json\/wp\/v2\/comments?post=17858"}],"version-history":[{"count":0,"href":"https:\/\/woodfield.nl\/pl\/wp-json\/wp\/v2\/pages\/17858\/revisions"}],"up":[{"embeddable":true,"href":"https:\/\/woodfield.nl\/pl\/wp-json\/wp\/v2\/pages\/18000"}],"wp:attachment":[{"href":"https:\/\/woodfield.nl\/pl\/wp-json\/wp\/v2\/media?parent=17858"}],"curies":[{"name":"wp","href":"https:\/\/api.w.org\/{rel}","templated":true}]}}