{"id":16194,"date":"2025-07-14T11:58:22","date_gmt":"2025-07-14T09:58:22","guid":{"rendered":"https:\/\/woodfield.nl\/home"},"modified":"2025-07-14T11:58:22","modified_gmt":"2025-07-14T09:58:22","slug":"home","status":"publish","type":"page","link":"https:\/\/woodfield.nl\/pl","title":{"rendered":"Home"},"content":{"rendered":"","protected":false},"excerpt":{"rendered":"","protected":false},"author":1,"featured_media":0,"parent":0,"menu_order":176,"comment_status":"closed","ping_status":"closed","template":"home.php","meta":{"_acf_changed":false,"footnotes":""},"class_list":["entry","page","publish","author-dennis","post-16194","hentry"],"acf":[],"yoast_head":"<!-- This site is optimized with the Yoast SEO plugin v26.5 - https:\/\/yoast.com\/wordpress\/plugins\/seo\/ -->\n<title>Woodfield - w Woodfield znajdziesz wszystko dla malarza i tynkarza<\/title>\n<meta name=\"description\" content=\"Firma Woodfield od 1974 roku oferuje szerok\u0105 gam\u0119 produkt\u00f3w malarskich i tynkarskich. Odwied\u017a nas, zadzwo\u0144 lub wy\u015blij e-mail.\" \/>\n<meta name=\"robots\" content=\"index, follow, max-snippet:-1, max-image-preview:large, max-video-preview:-1\" \/>\n<link rel=\"canonical\" href=\"https:\/\/woodfield.nl\/pl\" \/>\n<meta property=\"og:locale\" content=\"pl_PL\" \/>\n<meta property=\"og:type\" content=\"article\" \/>\n<meta property=\"og:title\" content=\"Woodfield - w Woodfield znajdziesz wszystko dla malarza i tynkarza\" \/>\n<meta property=\"og:description\" content=\"Firma Woodfield od 1974 roku oferuje szerok\u0105 gam\u0119 produkt\u00f3w malarskich i tynkarskich. Odwied\u017a nas, zadzwo\u0144 lub wy\u015blij e-mail.\" \/>\n<meta property=\"og:url\" content=\"https:\/\/woodfield.nl\/pl\" \/>\n<meta property=\"og:site_name\" content=\"Woodfield - alles voor schilder en stukadoor\" \/>\n<script type=\"application\/ld+json\" class=\"yoast-schema-graph\">{\"@context\":\"https:\/\/schema.org\",\"@graph\":[{\"@type\":\"WebPage\",\"@id\":\"https:\/\/woodfield.nl\/pl\",\"url\":\"https:\/\/woodfield.nl\/pl\",\"name\":\"Woodfield - w Woodfield znajdziesz wszystko dla malarza i tynkarza\",\"isPartOf\":{\"@id\":\"https:\/\/woodfield.nl\/#website\"},\"datePublished\":\"2025-07-14T09:58:22+00:00\",\"description\":\"Firma Woodfield od 1974 roku oferuje szerok\u0105 gam\u0119 produkt\u00f3w malarskich i tynkarskich. Odwied\u017a nas, zadzwo\u0144 lub wy\u015blij e-mail.\",\"inLanguage\":\"pl-PL\",\"potentialAction\":[{\"@type\":\"ReadAction\",\"target\":[\"https:\/\/woodfield.nl\/pl\"]}]},{\"@type\":\"WebSite\",\"@id\":\"https:\/\/woodfield.nl\/#website\",\"url\":\"https:\/\/woodfield.nl\/\",\"name\":\"Woodfield - alles voor schilder en stukadoor\",\"description\":\"\",\"potentialAction\":[{\"@type\":\"SearchAction\",\"target\":{\"@type\":\"EntryPoint\",\"urlTemplate\":\"https:\/\/woodfield.nl\/?s={search_term_string}\"},\"query-input\":{\"@type\":\"PropertyValueSpecification\",\"valueRequired\":true,\"valueName\":\"search_term_string\"}}],\"inLanguage\":\"pl-PL\"}]}<\/script>\n<!-- \/ Yoast SEO plugin. -->","yoast_head_json":{"title":"Woodfield - w Woodfield znajdziesz wszystko dla malarza i tynkarza","description":"Firma Woodfield od 1974 roku oferuje szerok\u0105 gam\u0119 produkt\u00f3w malarskich i tynkarskich. Odwied\u017a nas, zadzwo\u0144 lub wy\u015blij e-mail.","robots":{"index":"index","follow":"follow","max-snippet":"max-snippet:-1","max-image-preview":"max-image-preview:large","max-video-preview":"max-video-preview:-1"},"canonical":"https:\/\/woodfield.nl\/pl","og_locale":"pl_PL","og_type":"article","og_title":"Woodfield - w Woodfield znajdziesz wszystko dla malarza i tynkarza","og_description":"Firma Woodfield od 1974 roku oferuje szerok\u0105 gam\u0119 produkt\u00f3w malarskich i tynkarskich. Odwied\u017a nas, zadzwo\u0144 lub wy\u015blij e-mail.","og_url":"https:\/\/woodfield.nl\/pl","og_site_name":"Woodfield - alles voor schilder en stukadoor","schema":{"@context":"https:\/\/schema.org","@graph":[{"@type":"WebPage","@id":"https:\/\/woodfield.nl\/pl","url":"https:\/\/woodfield.nl\/pl","name":"Woodfield - w Woodfield znajdziesz wszystko dla malarza i tynkarza","isPartOf":{"@id":"https:\/\/woodfield.nl\/#website"},"datePublished":"2025-07-14T09:58:22+00:00","description":"Firma Woodfield od 1974 roku oferuje szerok\u0105 gam\u0119 produkt\u00f3w malarskich i tynkarskich. Odwied\u017a nas, zadzwo\u0144 lub wy\u015blij e-mail.","inLanguage":"pl-PL","potentialAction":[{"@type":"ReadAction","target":["https:\/\/woodfield.nl\/pl"]}]},{"@type":"WebSite","@id":"https:\/\/woodfield.nl\/#website","url":"https:\/\/woodfield.nl\/","name":"Woodfield - alles voor schilder en stukadoor","description":"","potentialAction":[{"@type":"SearchAction","target":{"@type":"EntryPoint","urlTemplate":"https:\/\/woodfield.nl\/?s={search_term_string}"},"query-input":{"@type":"PropertyValueSpecification","valueRequired":true,"valueName":"search_term_string"}}],"inLanguage":"pl-PL"}]}},"_links":{"self":[{"href":"https:\/\/woodfield.nl\/pl\/wp-json\/wp\/v2\/pages\/16194","targetHints":{"allow":["GET"]}}],"collection":[{"href":"https:\/\/woodfield.nl\/pl\/wp-json\/wp\/v2\/pages"}],"about":[{"href":"https:\/\/woodfield.nl\/pl\/wp-json\/wp\/v2\/types\/page"}],"author":[{"embeddable":true,"href":"https:\/\/woodfield.nl\/pl\/wp-json\/wp\/v2\/users\/1"}],"replies":[{"embeddable":true,"href":"https:\/\/woodfield.nl\/pl\/wp-json\/wp\/v2\/comments?post=16194"}],"version-history":[{"count":0,"href":"https:\/\/woodfield.nl\/pl\/wp-json\/wp\/v2\/pages\/16194\/revisions"}],"wp:attachment":[{"href":"https:\/\/woodfield.nl\/pl\/wp-json\/wp\/v2\/media?parent=16194"}],"curies":[{"name":"wp","href":"https:\/\/api.w.org\/{rel}","templated":true}]}}