{"id":27600,"date":"2025-09-09T09:26:26","date_gmt":"2025-09-09T07:26:26","guid":{"rendered":"https:\/\/woodfield.nl\/gamme-de-produits-woodfield\/materiaux-en-stuc\/ceves-vergeer-stucprofielen"},"modified":"2025-10-01T16:26:28","modified_gmt":"2025-10-01T14:26:28","slug":"profils-de-platrerie-ceves-vergeer","status":"publish","type":"page","link":"https:\/\/woodfield.nl\/fr\/gamme-de-produits-woodfield\/materiaux-en-stuc\/profils-de-platrerie-ceves-vergeer","title":{"rendered":"Profils de pl\u00e2trerie Ceves Vergeer chez Woodfield"},"content":{"rendered":"","protected":false},"excerpt":{"rendered":"","protected":false},"author":1,"featured_media":0,"parent":16307,"menu_order":0,"comment_status":"closed","ping_status":"closed","template":"","meta":{"_acf_changed":false,"footnotes":""},"class_list":["entry","page","publish","author-dennis","post-27600","hentry"],"acf":[],"yoast_head":"<!-- This site is optimized with the Yoast SEO plugin v26.5 - https:\/\/yoast.com\/wordpress\/plugins\/seo\/ -->\n<title>Profils de pl\u00e2trerie Ceves Vergeer chez Woodfield | Pour les professionnels<\/title>\n<meta name=\"description\" content=\"D\u00e9couvrez les profils Ceves Vergeer chez Woodfield. Corni\u00e8res Slimgrip et profils de finition pour les professionnels du second \u0153uvre. Stock important et conseils sp\u00e9cialis\u00e9s.\" \/>\n<meta name=\"robots\" content=\"index, follow, max-snippet:-1, max-image-preview:large, max-video-preview:-1\" \/>\n<link rel=\"canonical\" href=\"https:\/\/woodfield.nl\/fr\/gamme-de-produits-woodfield\/materiaux-en-stuc\/profils-de-platrerie-ceves-vergeer\" \/>\n<meta property=\"og:locale\" content=\"fr_FR\" \/>\n<meta property=\"og:type\" content=\"article\" \/>\n<meta property=\"og:title\" content=\"Profils de pl\u00e2trerie Ceves Vergeer chez Woodfield | Pour les professionnels\" \/>\n<meta property=\"og:description\" content=\"D\u00e9couvrez les profils Ceves Vergeer chez Woodfield. Corni\u00e8res Slimgrip et profils de finition pour les professionnels du second \u0153uvre. Stock important et conseils sp\u00e9cialis\u00e9s.\" \/>\n<meta property=\"og:url\" content=\"https:\/\/woodfield.nl\/fr\/gamme-de-produits-woodfield\/materiaux-en-stuc\/profils-de-platrerie-ceves-vergeer\" \/>\n<meta property=\"og:site_name\" content=\"Woodfield - alles voor schilder en stukadoor\" \/>\n<meta property=\"article:modified_time\" content=\"2025-10-01T14:26:28+00:00\" \/>\n<meta name=\"twitter:label1\" content=\"Dur\u00e9e de lecture estim\u00e9e\" \/>\n\t<meta name=\"twitter:data1\" content=\"3 minutes\" \/>\n<script type=\"application\/ld+json\" class=\"yoast-schema-graph\">{\"@context\":\"https:\/\/schema.org\",\"@graph\":[{\"@type\":\"WebPage\",\"@id\":\"https:\/\/woodfield.nl\/fr\/gamme-de-produits-woodfield\/materiaux-en-stuc\/profils-de-platrerie-ceves-vergeer\",\"url\":\"https:\/\/woodfield.nl\/fr\/gamme-de-produits-woodfield\/materiaux-en-stuc\/profils-de-platrerie-ceves-vergeer\",\"name\":\"Profils de pl\u00e2trerie Ceves Vergeer chez Woodfield | Pour les professionnels\",\"isPartOf\":{\"@id\":\"https:\/\/woodfield.nl\/#website\"},\"datePublished\":\"2025-09-09T07:26:26+00:00\",\"dateModified\":\"2025-10-01T14:26:28+00:00\",\"description\":\"D\u00e9couvrez les profils Ceves Vergeer chez Woodfield. Corni\u00e8res Slimgrip et profils de finition pour les professionnels du second \u0153uvre. Stock important et conseils sp\u00e9cialis\u00e9s.\",\"breadcrumb\":{\"@id\":\"https:\/\/woodfield.nl\/fr\/gamme-de-produits-woodfield\/materiaux-en-stuc\/profils-de-platrerie-ceves-vergeer#breadcrumb\"},\"inLanguage\":\"fr-FR\",\"potentialAction\":[{\"@type\":\"ReadAction\",\"target\":[\"https:\/\/woodfield.nl\/fr\/gamme-de-produits-woodfield\/materiaux-en-stuc\/profils-de-platrerie-ceves-vergeer\"]}]},{\"@type\":\"BreadcrumbList\",\"@id\":\"https:\/\/woodfield.nl\/fr\/gamme-de-produits-woodfield\/materiaux-en-stuc\/profils-de-platrerie-ceves-vergeer#breadcrumb\",\"itemListElement\":[{\"@type\":\"ListItem\",\"position\":1,\"name\":\"Assortiment\",\"item\":\"https:\/\/woodfield.nl\/fr\/gamme-de-produits-woodfield\"},{\"@type\":\"ListItem\",\"position\":2,\"name\":\"MAT\u00c9RIAUX EN STUC\",\"item\":\"https:\/\/woodfield.nl\/fr\/gamme-de-produits-woodfield\/materiaux-en-stuc\"},{\"@type\":\"ListItem\",\"position\":3,\"name\":\"Profils de pl\u00e2trerie Ceves Vergeer chez Woodfield\"}]},{\"@type\":\"WebSite\",\"@id\":\"https:\/\/woodfield.nl\/#website\",\"url\":\"https:\/\/woodfield.nl\/\",\"name\":\"Woodfield - alles voor schilder en stukadoor\",\"description\":\"\",\"potentialAction\":[{\"@type\":\"SearchAction\",\"target\":{\"@type\":\"EntryPoint\",\"urlTemplate\":\"https:\/\/woodfield.nl\/?s={search_term_string}\"},\"query-input\":{\"@type\":\"PropertyValueSpecification\",\"valueRequired\":true,\"valueName\":\"search_term_string\"}}],\"inLanguage\":\"fr-FR\"}]}<\/script>\n<!-- \/ Yoast SEO plugin. -->","yoast_head_json":{"title":"Profils de pl\u00e2trerie Ceves Vergeer chez Woodfield | Pour les professionnels","description":"D\u00e9couvrez les profils Ceves Vergeer chez Woodfield. Corni\u00e8res Slimgrip et profils de finition pour les professionnels du second \u0153uvre. Stock important et conseils sp\u00e9cialis\u00e9s.","robots":{"index":"index","follow":"follow","max-snippet":"max-snippet:-1","max-image-preview":"max-image-preview:large","max-video-preview":"max-video-preview:-1"},"canonical":"https:\/\/woodfield.nl\/fr\/gamme-de-produits-woodfield\/materiaux-en-stuc\/profils-de-platrerie-ceves-vergeer","og_locale":"fr_FR","og_type":"article","og_title":"Profils de pl\u00e2trerie Ceves Vergeer chez Woodfield | Pour les professionnels","og_description":"D\u00e9couvrez les profils Ceves Vergeer chez Woodfield. Corni\u00e8res Slimgrip et profils de finition pour les professionnels du second \u0153uvre. Stock important et conseils sp\u00e9cialis\u00e9s.","og_url":"https:\/\/woodfield.nl\/fr\/gamme-de-produits-woodfield\/materiaux-en-stuc\/profils-de-platrerie-ceves-vergeer","og_site_name":"Woodfield - alles voor schilder en stukadoor","article_modified_time":"2025-10-01T14:26:28+00:00","twitter_misc":{"Dur\u00e9e de lecture estim\u00e9e":"3 minutes"},"schema":{"@context":"https:\/\/schema.org","@graph":[{"@type":"WebPage","@id":"https:\/\/woodfield.nl\/fr\/gamme-de-produits-woodfield\/materiaux-en-stuc\/profils-de-platrerie-ceves-vergeer","url":"https:\/\/woodfield.nl\/fr\/gamme-de-produits-woodfield\/materiaux-en-stuc\/profils-de-platrerie-ceves-vergeer","name":"Profils de pl\u00e2trerie Ceves Vergeer chez Woodfield | Pour les professionnels","isPartOf":{"@id":"https:\/\/woodfield.nl\/#website"},"datePublished":"2025-09-09T07:26:26+00:00","dateModified":"2025-10-01T14:26:28+00:00","description":"D\u00e9couvrez les profils Ceves Vergeer chez Woodfield. Corni\u00e8res Slimgrip et profils de finition pour les professionnels du second \u0153uvre. Stock important et conseils sp\u00e9cialis\u00e9s.","breadcrumb":{"@id":"https:\/\/woodfield.nl\/fr\/gamme-de-produits-woodfield\/materiaux-en-stuc\/profils-de-platrerie-ceves-vergeer#breadcrumb"},"inLanguage":"fr-FR","potentialAction":[{"@type":"ReadAction","target":["https:\/\/woodfield.nl\/fr\/gamme-de-produits-woodfield\/materiaux-en-stuc\/profils-de-platrerie-ceves-vergeer"]}]},{"@type":"BreadcrumbList","@id":"https:\/\/woodfield.nl\/fr\/gamme-de-produits-woodfield\/materiaux-en-stuc\/profils-de-platrerie-ceves-vergeer#breadcrumb","itemListElement":[{"@type":"ListItem","position":1,"name":"Assortiment","item":"https:\/\/woodfield.nl\/fr\/gamme-de-produits-woodfield"},{"@type":"ListItem","position":2,"name":"MAT\u00c9RIAUX EN STUC","item":"https:\/\/woodfield.nl\/fr\/gamme-de-produits-woodfield\/materiaux-en-stuc"},{"@type":"ListItem","position":3,"name":"Profils de pl\u00e2trerie Ceves Vergeer chez Woodfield"}]},{"@type":"WebSite","@id":"https:\/\/woodfield.nl\/#website","url":"https:\/\/woodfield.nl\/","name":"Woodfield - alles voor schilder en stukadoor","description":"","potentialAction":[{"@type":"SearchAction","target":{"@type":"EntryPoint","urlTemplate":"https:\/\/woodfield.nl\/?s={search_term_string}"},"query-input":{"@type":"PropertyValueSpecification","valueRequired":true,"valueName":"search_term_string"}}],"inLanguage":"fr-FR"}]}},"_links":{"self":[{"href":"https:\/\/woodfield.nl\/fr\/wp-json\/wp\/v2\/pages\/27600","targetHints":{"allow":["GET"]}}],"collection":[{"href":"https:\/\/woodfield.nl\/fr\/wp-json\/wp\/v2\/pages"}],"about":[{"href":"https:\/\/woodfield.nl\/fr\/wp-json\/wp\/v2\/types\/page"}],"author":[{"embeddable":true,"href":"https:\/\/woodfield.nl\/fr\/wp-json\/wp\/v2\/users\/1"}],"replies":[{"embeddable":true,"href":"https:\/\/woodfield.nl\/fr\/wp-json\/wp\/v2\/comments?post=27600"}],"version-history":[{"count":0,"href":"https:\/\/woodfield.nl\/fr\/wp-json\/wp\/v2\/pages\/27600\/revisions"}],"up":[{"embeddable":true,"href":"https:\/\/woodfield.nl\/fr\/wp-json\/wp\/v2\/pages\/16307"}],"wp:attachment":[{"href":"https:\/\/woodfield.nl\/fr\/wp-json\/wp\/v2\/media?parent=27600"}],"curies":[{"name":"wp","href":"https:\/\/api.w.org\/{rel}","templated":true}]}}