{"id":27598,"date":"2025-10-01T16:22:19","date_gmt":"2025-10-01T14:22:19","guid":{"rendered":"https:\/\/woodfield.nl\/gamme-de-produits-woodfield\/materiaux-en-stuc\/alvernis-gereedschap"},"modified":"2025-10-01T16:22:19","modified_gmt":"2025-10-01T14:22:19","slug":"outils-alvernis","status":"publish","type":"page","link":"https:\/\/woodfield.nl\/fr\/gamme-de-produits-woodfield\/materiaux-en-stuc\/outils-alvernis","title":{"rendered":"Outils Alvernis chez Woodfield"},"content":{"rendered":"","protected":false},"excerpt":{"rendered":"","protected":false},"author":1,"featured_media":0,"parent":16307,"menu_order":0,"comment_status":"closed","ping_status":"closed","template":"","meta":{"_acf_changed":false,"footnotes":""},"class_list":["entry","page","publish","author-dennis","post-27598","hentry"],"acf":[],"yoast_head":"<!-- This site is optimized with the Yoast SEO plugin v26.5 - https:\/\/yoast.com\/wordpress\/plugins\/seo\/ -->\n<title>Outils Alvernis chez Woodfield | Pour les professionnels<\/title>\n<meta name=\"description\" content=\"Outils Alvernis pour pl\u00e2triers et peintres professionnels. D\u00e9couvrez notre gamme, nos conseils par point de vente et les 4 meilleures ventes. Excellent rapport qualit\u00e9-prix.\" \/>\n<meta name=\"robots\" content=\"index, follow, max-snippet:-1, max-image-preview:large, max-video-preview:-1\" \/>\n<link rel=\"canonical\" href=\"https:\/\/woodfield.nl\/fr\/gamme-de-produits-woodfield\/materiaux-en-stuc\/outils-alvernis\" \/>\n<meta property=\"og:locale\" content=\"fr_FR\" \/>\n<meta property=\"og:type\" content=\"article\" \/>\n<meta property=\"og:title\" content=\"Outils Alvernis chez Woodfield | Pour les professionnels\" \/>\n<meta property=\"og:description\" content=\"Outils Alvernis pour pl\u00e2triers et peintres professionnels. D\u00e9couvrez notre gamme, nos conseils par point de vente et les 4 meilleures ventes. Excellent rapport qualit\u00e9-prix.\" \/>\n<meta property=\"og:url\" content=\"https:\/\/woodfield.nl\/fr\/gamme-de-produits-woodfield\/materiaux-en-stuc\/outils-alvernis\" \/>\n<meta property=\"og:site_name\" content=\"Woodfield - alles voor schilder en stukadoor\" \/>\n<meta name=\"twitter:label1\" content=\"Dur\u00e9e de lecture estim\u00e9e\" \/>\n\t<meta name=\"twitter:data1\" content=\"3 minutes\" \/>\n<script type=\"application\/ld+json\" class=\"yoast-schema-graph\">{\"@context\":\"https:\/\/schema.org\",\"@graph\":[{\"@type\":\"WebPage\",\"@id\":\"https:\/\/woodfield.nl\/fr\/gamme-de-produits-woodfield\/materiaux-en-stuc\/outils-alvernis\",\"url\":\"https:\/\/woodfield.nl\/fr\/gamme-de-produits-woodfield\/materiaux-en-stuc\/outils-alvernis\",\"name\":\"Outils Alvernis chez Woodfield | Pour les professionnels\",\"isPartOf\":{\"@id\":\"https:\/\/woodfield.nl\/#website\"},\"datePublished\":\"2025-10-01T14:22:19+00:00\",\"description\":\"Outils Alvernis pour pl\u00e2triers et peintres professionnels. D\u00e9couvrez notre gamme, nos conseils par point de vente et les 4 meilleures ventes. Excellent rapport qualit\u00e9-prix.\",\"breadcrumb\":{\"@id\":\"https:\/\/woodfield.nl\/fr\/gamme-de-produits-woodfield\/materiaux-en-stuc\/outils-alvernis#breadcrumb\"},\"inLanguage\":\"fr-FR\",\"potentialAction\":[{\"@type\":\"ReadAction\",\"target\":[\"https:\/\/woodfield.nl\/fr\/gamme-de-produits-woodfield\/materiaux-en-stuc\/outils-alvernis\"]}]},{\"@type\":\"BreadcrumbList\",\"@id\":\"https:\/\/woodfield.nl\/fr\/gamme-de-produits-woodfield\/materiaux-en-stuc\/outils-alvernis#breadcrumb\",\"itemListElement\":[{\"@type\":\"ListItem\",\"position\":1,\"name\":\"Assortiment\",\"item\":\"https:\/\/woodfield.nl\/fr\/gamme-de-produits-woodfield\"},{\"@type\":\"ListItem\",\"position\":2,\"name\":\"MAT\u00c9RIAUX EN STUC\",\"item\":\"https:\/\/woodfield.nl\/fr\/gamme-de-produits-woodfield\/materiaux-en-stuc\"},{\"@type\":\"ListItem\",\"position\":3,\"name\":\"Outils Alvernis chez Woodfield\"}]},{\"@type\":\"WebSite\",\"@id\":\"https:\/\/woodfield.nl\/#website\",\"url\":\"https:\/\/woodfield.nl\/\",\"name\":\"Woodfield - alles voor schilder en stukadoor\",\"description\":\"\",\"potentialAction\":[{\"@type\":\"SearchAction\",\"target\":{\"@type\":\"EntryPoint\",\"urlTemplate\":\"https:\/\/woodfield.nl\/?s={search_term_string}\"},\"query-input\":{\"@type\":\"PropertyValueSpecification\",\"valueRequired\":true,\"valueName\":\"search_term_string\"}}],\"inLanguage\":\"fr-FR\"}]}<\/script>\n<!-- \/ Yoast SEO plugin. -->","yoast_head_json":{"title":"Outils Alvernis chez Woodfield | Pour les professionnels","description":"Outils Alvernis pour pl\u00e2triers et peintres professionnels. D\u00e9couvrez notre gamme, nos conseils par point de vente et les 4 meilleures ventes. Excellent rapport qualit\u00e9-prix.","robots":{"index":"index","follow":"follow","max-snippet":"max-snippet:-1","max-image-preview":"max-image-preview:large","max-video-preview":"max-video-preview:-1"},"canonical":"https:\/\/woodfield.nl\/fr\/gamme-de-produits-woodfield\/materiaux-en-stuc\/outils-alvernis","og_locale":"fr_FR","og_type":"article","og_title":"Outils Alvernis chez Woodfield | Pour les professionnels","og_description":"Outils Alvernis pour pl\u00e2triers et peintres professionnels. D\u00e9couvrez notre gamme, nos conseils par point de vente et les 4 meilleures ventes. Excellent rapport qualit\u00e9-prix.","og_url":"https:\/\/woodfield.nl\/fr\/gamme-de-produits-woodfield\/materiaux-en-stuc\/outils-alvernis","og_site_name":"Woodfield - alles voor schilder en stukadoor","twitter_misc":{"Dur\u00e9e de lecture estim\u00e9e":"3 minutes"},"schema":{"@context":"https:\/\/schema.org","@graph":[{"@type":"WebPage","@id":"https:\/\/woodfield.nl\/fr\/gamme-de-produits-woodfield\/materiaux-en-stuc\/outils-alvernis","url":"https:\/\/woodfield.nl\/fr\/gamme-de-produits-woodfield\/materiaux-en-stuc\/outils-alvernis","name":"Outils Alvernis chez Woodfield | Pour les professionnels","isPartOf":{"@id":"https:\/\/woodfield.nl\/#website"},"datePublished":"2025-10-01T14:22:19+00:00","description":"Outils Alvernis pour pl\u00e2triers et peintres professionnels. D\u00e9couvrez notre gamme, nos conseils par point de vente et les 4 meilleures ventes. Excellent rapport qualit\u00e9-prix.","breadcrumb":{"@id":"https:\/\/woodfield.nl\/fr\/gamme-de-produits-woodfield\/materiaux-en-stuc\/outils-alvernis#breadcrumb"},"inLanguage":"fr-FR","potentialAction":[{"@type":"ReadAction","target":["https:\/\/woodfield.nl\/fr\/gamme-de-produits-woodfield\/materiaux-en-stuc\/outils-alvernis"]}]},{"@type":"BreadcrumbList","@id":"https:\/\/woodfield.nl\/fr\/gamme-de-produits-woodfield\/materiaux-en-stuc\/outils-alvernis#breadcrumb","itemListElement":[{"@type":"ListItem","position":1,"name":"Assortiment","item":"https:\/\/woodfield.nl\/fr\/gamme-de-produits-woodfield"},{"@type":"ListItem","position":2,"name":"MAT\u00c9RIAUX EN STUC","item":"https:\/\/woodfield.nl\/fr\/gamme-de-produits-woodfield\/materiaux-en-stuc"},{"@type":"ListItem","position":3,"name":"Outils Alvernis chez Woodfield"}]},{"@type":"WebSite","@id":"https:\/\/woodfield.nl\/#website","url":"https:\/\/woodfield.nl\/","name":"Woodfield - alles voor schilder en stukadoor","description":"","potentialAction":[{"@type":"SearchAction","target":{"@type":"EntryPoint","urlTemplate":"https:\/\/woodfield.nl\/?s={search_term_string}"},"query-input":{"@type":"PropertyValueSpecification","valueRequired":true,"valueName":"search_term_string"}}],"inLanguage":"fr-FR"}]}},"_links":{"self":[{"href":"https:\/\/woodfield.nl\/fr\/wp-json\/wp\/v2\/pages\/27598","targetHints":{"allow":["GET"]}}],"collection":[{"href":"https:\/\/woodfield.nl\/fr\/wp-json\/wp\/v2\/pages"}],"about":[{"href":"https:\/\/woodfield.nl\/fr\/wp-json\/wp\/v2\/types\/page"}],"author":[{"embeddable":true,"href":"https:\/\/woodfield.nl\/fr\/wp-json\/wp\/v2\/users\/1"}],"replies":[{"embeddable":true,"href":"https:\/\/woodfield.nl\/fr\/wp-json\/wp\/v2\/comments?post=27598"}],"version-history":[{"count":0,"href":"https:\/\/woodfield.nl\/fr\/wp-json\/wp\/v2\/pages\/27598\/revisions"}],"up":[{"embeddable":true,"href":"https:\/\/woodfield.nl\/fr\/wp-json\/wp\/v2\/pages\/16307"}],"wp:attachment":[{"href":"https:\/\/woodfield.nl\/fr\/wp-json\/wp\/v2\/media?parent=27598"}],"curies":[{"name":"wp","href":"https:\/\/api.w.org\/{rel}","templated":true}]}}