{"id":27373,"date":"2025-10-07T15:33:43","date_gmt":"2025-10-07T13:33:43","guid":{"rendered":"https:\/\/woodfield.nl\/?page_id=27373"},"modified":"2025-10-07T15:33:43","modified_gmt":"2025-10-07T13:33:43","slug":"woodfield-roosendaal","status":"publish","type":"page","link":"https:\/\/woodfield.nl\/fr\/magasins\/woodfield-roosendaal","title":{"rendered":"Woodfield Roosendaal"},"content":{"rendered":"","protected":false},"excerpt":{"rendered":"","protected":false},"author":4,"featured_media":0,"parent":17897,"menu_order":31,"comment_status":"closed","ping_status":"closed","template":"page-vestiging.php","meta":{"_acf_changed":false,"footnotes":""},"class_list":["entry","page","publish","author-roel","post-27373","hentry"],"acf":[],"yoast_head":"<!-- This site is optimized with the Yoast SEO plugin v26.5 - https:\/\/yoast.com\/wordpress\/plugins\/seo\/ -->\n<title>Woodfield Roosendaal \u2013 Tout pour les peintres et les pl\u00e2triers<\/title>\n<meta name=\"description\" content=\"Vous \u00eates \u00e0 la recherche d&#039;un peintre et d&#039;un pl\u00e2trier en gros ? Vous \u00eates alors \u00e0 la bonne adresse chez Woodfield Roosendaal.\" \/>\n<meta name=\"robots\" content=\"index, follow, max-snippet:-1, max-image-preview:large, max-video-preview:-1\" \/>\n<link rel=\"canonical\" href=\"https:\/\/woodfield.nl\/fr\/magasins\/woodfield-roosendaal\" \/>\n<meta property=\"og:locale\" content=\"fr_FR\" \/>\n<meta property=\"og:type\" content=\"article\" \/>\n<meta property=\"og:title\" content=\"Woodfield Roosendaal \u2013 Tout pour les peintres et les pl\u00e2triers\" \/>\n<meta property=\"og:description\" content=\"Vous \u00eates \u00e0 la recherche d&#039;un peintre et d&#039;un pl\u00e2trier en gros ? Vous \u00eates alors \u00e0 la bonne adresse chez Woodfield Roosendaal.\" \/>\n<meta property=\"og:url\" content=\"https:\/\/woodfield.nl\/fr\/magasins\/woodfield-roosendaal\" \/>\n<meta property=\"og:site_name\" content=\"Woodfield - alles voor schilder en stukadoor\" \/>\n<meta name=\"twitter:label1\" content=\"Dur\u00e9e de lecture estim\u00e9e\" \/>\n\t<meta name=\"twitter:data1\" content=\"3 minutes\" \/>\n<script type=\"application\/ld+json\" class=\"yoast-schema-graph\">{\"@context\":\"https:\/\/schema.org\",\"@graph\":[{\"@type\":\"WebPage\",\"@id\":\"https:\/\/woodfield.nl\/fr\/magasins\/woodfield-roosendaal\",\"url\":\"https:\/\/woodfield.nl\/fr\/magasins\/woodfield-roosendaal\",\"name\":\"Woodfield Roosendaal \u2013 Tout pour les peintres et les pl\u00e2triers\",\"isPartOf\":{\"@id\":\"https:\/\/woodfield.nl\/#website\"},\"datePublished\":\"2025-10-07T13:33:43+00:00\",\"description\":\"Vous \u00eates \u00e0 la recherche d'un peintre et d'un pl\u00e2trier en gros ? Vous \u00eates alors \u00e0 la bonne adresse chez Woodfield Roosendaal.\",\"breadcrumb\":{\"@id\":\"https:\/\/woodfield.nl\/fr\/magasins\/woodfield-roosendaal#breadcrumb\"},\"inLanguage\":\"fr-FR\",\"potentialAction\":[{\"@type\":\"ReadAction\",\"target\":[\"https:\/\/woodfield.nl\/fr\/magasins\/woodfield-roosendaal\"]}]},{\"@type\":\"BreadcrumbList\",\"@id\":\"https:\/\/woodfield.nl\/fr\/magasins\/woodfield-roosendaal#breadcrumb\",\"itemListElement\":[{\"@type\":\"ListItem\",\"position\":1,\"name\":\"Verkooppunten\",\"item\":\"https:\/\/woodfield.nl\/fr\/magasins\"},{\"@type\":\"ListItem\",\"position\":2,\"name\":\"Woodfield Roosendaal\"}]},{\"@type\":\"WebSite\",\"@id\":\"https:\/\/woodfield.nl\/#website\",\"url\":\"https:\/\/woodfield.nl\/\",\"name\":\"Woodfield - alles voor schilder en stukadoor\",\"description\":\"\",\"potentialAction\":[{\"@type\":\"SearchAction\",\"target\":{\"@type\":\"EntryPoint\",\"urlTemplate\":\"https:\/\/woodfield.nl\/?s={search_term_string}\"},\"query-input\":{\"@type\":\"PropertyValueSpecification\",\"valueRequired\":true,\"valueName\":\"search_term_string\"}}],\"inLanguage\":\"fr-FR\"}]}<\/script>\n<!-- \/ Yoast SEO plugin. -->","yoast_head_json":{"title":"Woodfield Roosendaal \u2013 Tout pour les peintres et les pl\u00e2triers","description":"Vous \u00eates \u00e0 la recherche d'un peintre et d'un pl\u00e2trier en gros ? Vous \u00eates alors \u00e0 la bonne adresse chez Woodfield Roosendaal.","robots":{"index":"index","follow":"follow","max-snippet":"max-snippet:-1","max-image-preview":"max-image-preview:large","max-video-preview":"max-video-preview:-1"},"canonical":"https:\/\/woodfield.nl\/fr\/magasins\/woodfield-roosendaal","og_locale":"fr_FR","og_type":"article","og_title":"Woodfield Roosendaal \u2013 Tout pour les peintres et les pl\u00e2triers","og_description":"Vous \u00eates \u00e0 la recherche d'un peintre et d'un pl\u00e2trier en gros ? Vous \u00eates alors \u00e0 la bonne adresse chez Woodfield Roosendaal.","og_url":"https:\/\/woodfield.nl\/fr\/magasins\/woodfield-roosendaal","og_site_name":"Woodfield - alles voor schilder en stukadoor","twitter_misc":{"Dur\u00e9e de lecture estim\u00e9e":"3 minutes"},"schema":{"@context":"https:\/\/schema.org","@graph":[{"@type":"WebPage","@id":"https:\/\/woodfield.nl\/fr\/magasins\/woodfield-roosendaal","url":"https:\/\/woodfield.nl\/fr\/magasins\/woodfield-roosendaal","name":"Woodfield Roosendaal \u2013 Tout pour les peintres et les pl\u00e2triers","isPartOf":{"@id":"https:\/\/woodfield.nl\/#website"},"datePublished":"2025-10-07T13:33:43+00:00","description":"Vous \u00eates \u00e0 la recherche d'un peintre et d'un pl\u00e2trier en gros ? Vous \u00eates alors \u00e0 la bonne adresse chez Woodfield Roosendaal.","breadcrumb":{"@id":"https:\/\/woodfield.nl\/fr\/magasins\/woodfield-roosendaal#breadcrumb"},"inLanguage":"fr-FR","potentialAction":[{"@type":"ReadAction","target":["https:\/\/woodfield.nl\/fr\/magasins\/woodfield-roosendaal"]}]},{"@type":"BreadcrumbList","@id":"https:\/\/woodfield.nl\/fr\/magasins\/woodfield-roosendaal#breadcrumb","itemListElement":[{"@type":"ListItem","position":1,"name":"Verkooppunten","item":"https:\/\/woodfield.nl\/fr\/magasins"},{"@type":"ListItem","position":2,"name":"Woodfield Roosendaal"}]},{"@type":"WebSite","@id":"https:\/\/woodfield.nl\/#website","url":"https:\/\/woodfield.nl\/","name":"Woodfield - alles voor schilder en stukadoor","description":"","potentialAction":[{"@type":"SearchAction","target":{"@type":"EntryPoint","urlTemplate":"https:\/\/woodfield.nl\/?s={search_term_string}"},"query-input":{"@type":"PropertyValueSpecification","valueRequired":true,"valueName":"search_term_string"}}],"inLanguage":"fr-FR"}]}},"_links":{"self":[{"href":"https:\/\/woodfield.nl\/fr\/wp-json\/wp\/v2\/pages\/27373","targetHints":{"allow":["GET"]}}],"collection":[{"href":"https:\/\/woodfield.nl\/fr\/wp-json\/wp\/v2\/pages"}],"about":[{"href":"https:\/\/woodfield.nl\/fr\/wp-json\/wp\/v2\/types\/page"}],"author":[{"embeddable":true,"href":"https:\/\/woodfield.nl\/fr\/wp-json\/wp\/v2\/users\/4"}],"replies":[{"embeddable":true,"href":"https:\/\/woodfield.nl\/fr\/wp-json\/wp\/v2\/comments?post=27373"}],"version-history":[{"count":0,"href":"https:\/\/woodfield.nl\/fr\/wp-json\/wp\/v2\/pages\/27373\/revisions"}],"up":[{"embeddable":true,"href":"https:\/\/woodfield.nl\/fr\/wp-json\/wp\/v2\/pages\/17897"}],"wp:attachment":[{"href":"https:\/\/woodfield.nl\/fr\/wp-json\/wp\/v2\/media?parent=27373"}],"curies":[{"name":"wp","href":"https:\/\/api.w.org\/{rel}","templated":true}]}}