{"id":22216,"date":"2024-02-13T09:25:37","date_gmt":"2024-02-13T08:25:37","guid":{"rendered":"https:\/\/woodfield.nl\/?page_id=22216"},"modified":"2024-02-13T09:25:37","modified_gmt":"2024-02-13T08:25:37","slug":"karaat","status":"publish","type":"page","link":"https:\/\/woodfield.nl\/fr\/gamme-de-produits-woodfield\/peinture\/karaat","title":{"rendered":"Rewah"},"content":{"rendered":"","protected":false},"excerpt":{"rendered":"","protected":false},"author":3,"featured_media":0,"parent":16318,"menu_order":0,"comment_status":"closed","ping_status":"closed","template":"page.php","meta":{"_acf_changed":false,"footnotes":""},"class_list":["entry","page","publish","author-woodfield","post-22216","hentry"],"acf":[],"yoast_head":"<!-- This site is optimized with the Yoast SEO plugin v26.5 - https:\/\/yoast.com\/wordpress\/plugins\/seo\/ -->\n<title>Vous pouvez acheter de la peinture de la marque Karaat chez Woodfield !<\/title>\n<meta name=\"description\" content=\"Karaat paint - quand vous choisissez la qualit\u00e9 et le service. Venez \u00e0 l&#039;une des succursales de Woodfield si vous \u00eates int\u00e9ress\u00e9.\" \/>\n<meta name=\"robots\" content=\"index, follow, max-snippet:-1, max-image-preview:large, max-video-preview:-1\" \/>\n<link rel=\"canonical\" href=\"https:\/\/woodfield.nl\/fr\/karaat\" \/>\n<meta property=\"og:locale\" content=\"fr_FR\" \/>\n<meta property=\"og:type\" content=\"article\" \/>\n<meta property=\"og:title\" content=\"Vous pouvez acheter de la peinture de la marque Karaat chez Woodfield !\" \/>\n<meta property=\"og:description\" content=\"Karaat paint - quand vous choisissez la qualit\u00e9 et le service. Venez \u00e0 l&#039;une des succursales de Woodfield si vous \u00eates int\u00e9ress\u00e9.\" \/>\n<meta property=\"og:url\" content=\"https:\/\/woodfield.nl\/fr\/karaat\" \/>\n<meta property=\"og:site_name\" content=\"Woodfield - alles voor schilder en stukadoor\" \/>\n<script type=\"application\/ld+json\" class=\"yoast-schema-graph\">{\"@context\":\"https:\/\/schema.org\",\"@graph\":[{\"@type\":\"WebPage\",\"@id\":\"https:\/\/woodfield.nl\/fr\/karaat\",\"url\":\"https:\/\/woodfield.nl\/fr\/karaat\",\"name\":\"Vous pouvez acheter de la peinture de la marque Karaat chez Woodfield !\",\"isPartOf\":{\"@id\":\"https:\/\/woodfield.nl\/#website\"},\"datePublished\":\"2024-02-13T08:25:37+00:00\",\"description\":\"Karaat paint - quand vous choisissez la qualit\u00e9 et le service. Venez \u00e0 l'une des succursales de Woodfield si vous \u00eates int\u00e9ress\u00e9.\",\"inLanguage\":\"fr-FR\",\"potentialAction\":[{\"@type\":\"ReadAction\",\"target\":[\"https:\/\/woodfield.nl\/fr\/karaat\"]}]},{\"@type\":\"WebSite\",\"@id\":\"https:\/\/woodfield.nl\/#website\",\"url\":\"https:\/\/woodfield.nl\/\",\"name\":\"Woodfield - alles voor schilder en stukadoor\",\"description\":\"\",\"potentialAction\":[{\"@type\":\"SearchAction\",\"target\":{\"@type\":\"EntryPoint\",\"urlTemplate\":\"https:\/\/woodfield.nl\/?s={search_term_string}\"},\"query-input\":{\"@type\":\"PropertyValueSpecification\",\"valueRequired\":true,\"valueName\":\"search_term_string\"}}],\"inLanguage\":\"fr-FR\"}]}<\/script>\n<!-- \/ Yoast SEO plugin. -->","yoast_head_json":{"title":"Vous pouvez acheter de la peinture de la marque Karaat chez Woodfield !","description":"Karaat paint - quand vous choisissez la qualit\u00e9 et le service. Venez \u00e0 l'une des succursales de Woodfield si vous \u00eates int\u00e9ress\u00e9.","robots":{"index":"index","follow":"follow","max-snippet":"max-snippet:-1","max-image-preview":"max-image-preview:large","max-video-preview":"max-video-preview:-1"},"canonical":"https:\/\/woodfield.nl\/fr\/karaat","og_locale":"fr_FR","og_type":"article","og_title":"Vous pouvez acheter de la peinture de la marque Karaat chez Woodfield !","og_description":"Karaat paint - quand vous choisissez la qualit\u00e9 et le service. Venez \u00e0 l'une des succursales de Woodfield si vous \u00eates int\u00e9ress\u00e9.","og_url":"https:\/\/woodfield.nl\/fr\/karaat","og_site_name":"Woodfield - alles voor schilder en stukadoor","schema":{"@context":"https:\/\/schema.org","@graph":[{"@type":"WebPage","@id":"https:\/\/woodfield.nl\/fr\/karaat","url":"https:\/\/woodfield.nl\/fr\/karaat","name":"Vous pouvez acheter de la peinture de la marque Karaat chez Woodfield !","isPartOf":{"@id":"https:\/\/woodfield.nl\/#website"},"datePublished":"2024-02-13T08:25:37+00:00","description":"Karaat paint - quand vous choisissez la qualit\u00e9 et le service. Venez \u00e0 l'une des succursales de Woodfield si vous \u00eates int\u00e9ress\u00e9.","inLanguage":"fr-FR","potentialAction":[{"@type":"ReadAction","target":["https:\/\/woodfield.nl\/fr\/karaat"]}]},{"@type":"WebSite","@id":"https:\/\/woodfield.nl\/#website","url":"https:\/\/woodfield.nl\/","name":"Woodfield - alles voor schilder en stukadoor","description":"","potentialAction":[{"@type":"SearchAction","target":{"@type":"EntryPoint","urlTemplate":"https:\/\/woodfield.nl\/?s={search_term_string}"},"query-input":{"@type":"PropertyValueSpecification","valueRequired":true,"valueName":"search_term_string"}}],"inLanguage":"fr-FR"}]}},"_links":{"self":[{"href":"https:\/\/woodfield.nl\/fr\/wp-json\/wp\/v2\/pages\/22216","targetHints":{"allow":["GET"]}}],"collection":[{"href":"https:\/\/woodfield.nl\/fr\/wp-json\/wp\/v2\/pages"}],"about":[{"href":"https:\/\/woodfield.nl\/fr\/wp-json\/wp\/v2\/types\/page"}],"author":[{"embeddable":true,"href":"https:\/\/woodfield.nl\/fr\/wp-json\/wp\/v2\/users\/3"}],"replies":[{"embeddable":true,"href":"https:\/\/woodfield.nl\/fr\/wp-json\/wp\/v2\/comments?post=22216"}],"version-history":[{"count":0,"href":"https:\/\/woodfield.nl\/fr\/wp-json\/wp\/v2\/pages\/22216\/revisions"}],"up":[{"embeddable":true,"href":"https:\/\/woodfield.nl\/fr\/wp-json\/wp\/v2\/pages\/16318"}],"wp:attachment":[{"href":"https:\/\/woodfield.nl\/fr\/wp-json\/wp\/v2\/media?parent=22216"}],"curies":[{"name":"wp","href":"https:\/\/api.w.org\/{rel}","templated":true}]}}