{"id":22128,"date":"2025-06-18T08:42:26","date_gmt":"2025-06-18T06:42:26","guid":{"rendered":"https:\/\/woodfield.nl\/?page_id=22128"},"modified":"2025-06-18T08:42:26","modified_gmt":"2025-06-18T06:42:26","slug":"woodfield-venlo","status":"publish","type":"page","link":"https:\/\/woodfield.nl\/fr\/magasins\/woodfield-venlo","title":{"rendered":"Woodfield Nijmegen"},"content":{"rendered":"","protected":false},"excerpt":{"rendered":"","protected":false},"author":3,"featured_media":0,"parent":17897,"menu_order":62,"comment_status":"closed","ping_status":"closed","template":"page-vestiging.php","meta":{"_acf_changed":false,"footnotes":""},"class_list":["entry","page","publish","author-woodfield","post-22128","hentry"],"acf":[],"yoast_head":"<!-- This site is optimized with the Yoast SEO plugin v26.5 - https:\/\/yoast.com\/wordpress\/plugins\/seo\/ -->\n<title>Woodfield Venlo\u2013 tout pour le pl\u00e2trier et le peintre<\/title>\n<meta name=\"description\" content=\"Woodfield Venlo est l&#039;endroit id\u00e9al pour trouver les mat\u00e9riaux dont vous avez besoin en tant que peintre ou pl\u00e2trier. Venez nous rendre visite !\" \/>\n<meta name=\"robots\" content=\"index, follow, max-snippet:-1, max-image-preview:large, max-video-preview:-1\" \/>\n<link rel=\"canonical\" href=\"https:\/\/woodfield.nl\/fr\/woodfield-venlo\" \/>\n<meta property=\"og:locale\" content=\"fr_FR\" \/>\n<meta property=\"og:type\" content=\"article\" \/>\n<meta property=\"og:title\" content=\"Woodfield Venlo\u2013 tout pour le pl\u00e2trier et le peintre\" \/>\n<meta property=\"og:description\" content=\"Woodfield Venlo est l&#039;endroit id\u00e9al pour trouver les mat\u00e9riaux dont vous avez besoin en tant que peintre ou pl\u00e2trier. Venez nous rendre visite !\" \/>\n<meta property=\"og:url\" content=\"https:\/\/woodfield.nl\/fr\/woodfield-venlo\" \/>\n<meta property=\"og:site_name\" content=\"Woodfield - alles voor schilder en stukadoor\" \/>\n<script type=\"application\/ld+json\" class=\"yoast-schema-graph\">{\"@context\":\"https:\/\/schema.org\",\"@graph\":[{\"@type\":\"WebPage\",\"@id\":\"https:\/\/woodfield.nl\/fr\/woodfield-venlo\",\"url\":\"https:\/\/woodfield.nl\/fr\/woodfield-venlo\",\"name\":\"Woodfield Venlo\u2013 tout pour le pl\u00e2trier et le peintre\",\"isPartOf\":{\"@id\":\"https:\/\/woodfield.nl\/#website\"},\"datePublished\":\"2025-06-18T06:42:26+00:00\",\"description\":\"Woodfield Venlo est l'endroit id\u00e9al pour trouver les mat\u00e9riaux dont vous avez besoin en tant que peintre ou pl\u00e2trier. Venez nous rendre visite !\",\"inLanguage\":\"fr-FR\",\"potentialAction\":[{\"@type\":\"ReadAction\",\"target\":[\"https:\/\/woodfield.nl\/fr\/woodfield-venlo\"]}]},{\"@type\":\"WebSite\",\"@id\":\"https:\/\/woodfield.nl\/#website\",\"url\":\"https:\/\/woodfield.nl\/\",\"name\":\"Woodfield - alles voor schilder en stukadoor\",\"description\":\"\",\"potentialAction\":[{\"@type\":\"SearchAction\",\"target\":{\"@type\":\"EntryPoint\",\"urlTemplate\":\"https:\/\/woodfield.nl\/?s={search_term_string}\"},\"query-input\":{\"@type\":\"PropertyValueSpecification\",\"valueRequired\":true,\"valueName\":\"search_term_string\"}}],\"inLanguage\":\"fr-FR\"}]}<\/script>\n<!-- \/ Yoast SEO plugin. -->","yoast_head_json":{"title":"Woodfield Venlo\u2013 tout pour le pl\u00e2trier et le peintre","description":"Woodfield Venlo est l'endroit id\u00e9al pour trouver les mat\u00e9riaux dont vous avez besoin en tant que peintre ou pl\u00e2trier. Venez nous rendre visite !","robots":{"index":"index","follow":"follow","max-snippet":"max-snippet:-1","max-image-preview":"max-image-preview:large","max-video-preview":"max-video-preview:-1"},"canonical":"https:\/\/woodfield.nl\/fr\/woodfield-venlo","og_locale":"fr_FR","og_type":"article","og_title":"Woodfield Venlo\u2013 tout pour le pl\u00e2trier et le peintre","og_description":"Woodfield Venlo est l'endroit id\u00e9al pour trouver les mat\u00e9riaux dont vous avez besoin en tant que peintre ou pl\u00e2trier. Venez nous rendre visite !","og_url":"https:\/\/woodfield.nl\/fr\/woodfield-venlo","og_site_name":"Woodfield - alles voor schilder en stukadoor","schema":{"@context":"https:\/\/schema.org","@graph":[{"@type":"WebPage","@id":"https:\/\/woodfield.nl\/fr\/woodfield-venlo","url":"https:\/\/woodfield.nl\/fr\/woodfield-venlo","name":"Woodfield Venlo\u2013 tout pour le pl\u00e2trier et le peintre","isPartOf":{"@id":"https:\/\/woodfield.nl\/#website"},"datePublished":"2025-06-18T06:42:26+00:00","description":"Woodfield Venlo est l'endroit id\u00e9al pour trouver les mat\u00e9riaux dont vous avez besoin en tant que peintre ou pl\u00e2trier. Venez nous rendre visite !","inLanguage":"fr-FR","potentialAction":[{"@type":"ReadAction","target":["https:\/\/woodfield.nl\/fr\/woodfield-venlo"]}]},{"@type":"WebSite","@id":"https:\/\/woodfield.nl\/#website","url":"https:\/\/woodfield.nl\/","name":"Woodfield - alles voor schilder en stukadoor","description":"","potentialAction":[{"@type":"SearchAction","target":{"@type":"EntryPoint","urlTemplate":"https:\/\/woodfield.nl\/?s={search_term_string}"},"query-input":{"@type":"PropertyValueSpecification","valueRequired":true,"valueName":"search_term_string"}}],"inLanguage":"fr-FR"}]}},"_links":{"self":[{"href":"https:\/\/woodfield.nl\/fr\/wp-json\/wp\/v2\/pages\/22128","targetHints":{"allow":["GET"]}}],"collection":[{"href":"https:\/\/woodfield.nl\/fr\/wp-json\/wp\/v2\/pages"}],"about":[{"href":"https:\/\/woodfield.nl\/fr\/wp-json\/wp\/v2\/types\/page"}],"author":[{"embeddable":true,"href":"https:\/\/woodfield.nl\/fr\/wp-json\/wp\/v2\/users\/3"}],"replies":[{"embeddable":true,"href":"https:\/\/woodfield.nl\/fr\/wp-json\/wp\/v2\/comments?post=22128"}],"version-history":[{"count":0,"href":"https:\/\/woodfield.nl\/fr\/wp-json\/wp\/v2\/pages\/22128\/revisions"}],"up":[{"embeddable":true,"href":"https:\/\/woodfield.nl\/fr\/wp-json\/wp\/v2\/pages\/17897"}],"wp:attachment":[{"href":"https:\/\/woodfield.nl\/fr\/wp-json\/wp\/v2\/media?parent=22128"}],"curies":[{"name":"wp","href":"https:\/\/api.w.org\/{rel}","templated":true}]}}