{"id":21386,"date":"2025-02-06T10:25:46","date_gmt":"2025-02-06T09:25:46","guid":{"rendered":"https:\/\/woodfield.nl\/home\/total-spray"},"modified":"2025-02-06T10:25:46","modified_gmt":"2025-02-06T09:25:46","slug":"total-spray","status":"publish","type":"page","link":"https:\/\/woodfield.nl\/fr\/home\/total-spray","title":{"rendered":"Total Spray"},"content":{"rendered":"","protected":false},"excerpt":{"rendered":"","protected":false},"author":3,"featured_media":0,"parent":16188,"menu_order":214,"comment_status":"closed","ping_status":"closed","template":"page.php","meta":{"_acf_changed":false,"footnotes":""},"class_list":["entry","page","publish","author-woodfield","post-21386","hentry"],"acf":[],"yoast_head":"<!-- This site is optimized with the Yoast SEO plugin v26.5 - https:\/\/yoast.com\/wordpress\/plugins\/seo\/ -->\n<title>Woodfield Total Spray - tout pour les \u00e9quipements de pulv\u00e9risation<\/title>\n<meta name=\"description\" content=\"Vous souhaitez faire entretenir ou r\u00e9parer votre mat\u00e9riel de pulv\u00e9risation, ou vous recherchez un mat\u00e9riel de pulv\u00e9risation \u00e0 louer ?\" \/>\n<meta name=\"robots\" content=\"index, follow, max-snippet:-1, max-image-preview:large, max-video-preview:-1\" \/>\n<link rel=\"canonical\" href=\"https:\/\/woodfield.nl\/fr\/total-spray\" \/>\n<meta property=\"og:locale\" content=\"fr_FR\" \/>\n<meta property=\"og:type\" content=\"article\" \/>\n<meta property=\"og:title\" content=\"Woodfield Total Spray - tout pour les \u00e9quipements de pulv\u00e9risation\" \/>\n<meta property=\"og:description\" content=\"Vous souhaitez faire entretenir ou r\u00e9parer votre mat\u00e9riel de pulv\u00e9risation, ou vous recherchez un mat\u00e9riel de pulv\u00e9risation \u00e0 louer ?\" \/>\n<meta property=\"og:url\" content=\"https:\/\/woodfield.nl\/fr\/total-spray\" \/>\n<meta property=\"og:site_name\" content=\"Woodfield - alles voor schilder en stukadoor\" \/>\n<script type=\"application\/ld+json\" class=\"yoast-schema-graph\">{\"@context\":\"https:\/\/schema.org\",\"@graph\":[{\"@type\":\"WebPage\",\"@id\":\"https:\/\/woodfield.nl\/fr\/total-spray\",\"url\":\"https:\/\/woodfield.nl\/fr\/total-spray\",\"name\":\"Woodfield Total Spray - tout pour les \u00e9quipements de pulv\u00e9risation\",\"isPartOf\":{\"@id\":\"https:\/\/woodfield.nl\/#website\"},\"datePublished\":\"2025-02-06T09:25:46+00:00\",\"description\":\"Vous souhaitez faire entretenir ou r\u00e9parer votre mat\u00e9riel de pulv\u00e9risation, ou vous recherchez un mat\u00e9riel de pulv\u00e9risation \u00e0 louer ?\",\"inLanguage\":\"fr-FR\",\"potentialAction\":[{\"@type\":\"ReadAction\",\"target\":[\"https:\/\/woodfield.nl\/fr\/total-spray\"]}]},{\"@type\":\"WebSite\",\"@id\":\"https:\/\/woodfield.nl\/#website\",\"url\":\"https:\/\/woodfield.nl\/\",\"name\":\"Woodfield - alles voor schilder en stukadoor\",\"description\":\"\",\"potentialAction\":[{\"@type\":\"SearchAction\",\"target\":{\"@type\":\"EntryPoint\",\"urlTemplate\":\"https:\/\/woodfield.nl\/?s={search_term_string}\"},\"query-input\":{\"@type\":\"PropertyValueSpecification\",\"valueRequired\":true,\"valueName\":\"search_term_string\"}}],\"inLanguage\":\"fr-FR\"}]}<\/script>\n<!-- \/ Yoast SEO plugin. -->","yoast_head_json":{"title":"Woodfield Total Spray - tout pour les \u00e9quipements de pulv\u00e9risation","description":"Vous souhaitez faire entretenir ou r\u00e9parer votre mat\u00e9riel de pulv\u00e9risation, ou vous recherchez un mat\u00e9riel de pulv\u00e9risation \u00e0 louer ?","robots":{"index":"index","follow":"follow","max-snippet":"max-snippet:-1","max-image-preview":"max-image-preview:large","max-video-preview":"max-video-preview:-1"},"canonical":"https:\/\/woodfield.nl\/fr\/total-spray","og_locale":"fr_FR","og_type":"article","og_title":"Woodfield Total Spray - tout pour les \u00e9quipements de pulv\u00e9risation","og_description":"Vous souhaitez faire entretenir ou r\u00e9parer votre mat\u00e9riel de pulv\u00e9risation, ou vous recherchez un mat\u00e9riel de pulv\u00e9risation \u00e0 louer ?","og_url":"https:\/\/woodfield.nl\/fr\/total-spray","og_site_name":"Woodfield - alles voor schilder en stukadoor","schema":{"@context":"https:\/\/schema.org","@graph":[{"@type":"WebPage","@id":"https:\/\/woodfield.nl\/fr\/total-spray","url":"https:\/\/woodfield.nl\/fr\/total-spray","name":"Woodfield Total Spray - tout pour les \u00e9quipements de pulv\u00e9risation","isPartOf":{"@id":"https:\/\/woodfield.nl\/#website"},"datePublished":"2025-02-06T09:25:46+00:00","description":"Vous souhaitez faire entretenir ou r\u00e9parer votre mat\u00e9riel de pulv\u00e9risation, ou vous recherchez un mat\u00e9riel de pulv\u00e9risation \u00e0 louer ?","inLanguage":"fr-FR","potentialAction":[{"@type":"ReadAction","target":["https:\/\/woodfield.nl\/fr\/total-spray"]}]},{"@type":"WebSite","@id":"https:\/\/woodfield.nl\/#website","url":"https:\/\/woodfield.nl\/","name":"Woodfield - alles voor schilder en stukadoor","description":"","potentialAction":[{"@type":"SearchAction","target":{"@type":"EntryPoint","urlTemplate":"https:\/\/woodfield.nl\/?s={search_term_string}"},"query-input":{"@type":"PropertyValueSpecification","valueRequired":true,"valueName":"search_term_string"}}],"inLanguage":"fr-FR"}]}},"_links":{"self":[{"href":"https:\/\/woodfield.nl\/fr\/wp-json\/wp\/v2\/pages\/21386","targetHints":{"allow":["GET"]}}],"collection":[{"href":"https:\/\/woodfield.nl\/fr\/wp-json\/wp\/v2\/pages"}],"about":[{"href":"https:\/\/woodfield.nl\/fr\/wp-json\/wp\/v2\/types\/page"}],"author":[{"embeddable":true,"href":"https:\/\/woodfield.nl\/fr\/wp-json\/wp\/v2\/users\/3"}],"replies":[{"embeddable":true,"href":"https:\/\/woodfield.nl\/fr\/wp-json\/wp\/v2\/comments?post=21386"}],"version-history":[{"count":0,"href":"https:\/\/woodfield.nl\/fr\/wp-json\/wp\/v2\/pages\/21386\/revisions"}],"up":[{"embeddable":true,"href":"https:\/\/woodfield.nl\/fr\/wp-json\/wp\/v2\/pages\/16188"}],"wp:attachment":[{"href":"https:\/\/woodfield.nl\/fr\/wp-json\/wp\/v2\/media?parent=21386"}],"curies":[{"name":"wp","href":"https:\/\/api.w.org\/{rel}","templated":true}]}}