{"id":21176,"date":"2022-04-06T20:35:31","date_gmt":"2022-04-06T18:35:31","guid":{"rendered":"https:\/\/woodfield.nl\/?page_id=21176"},"modified":"2022-04-06T20:35:31","modified_gmt":"2022-04-06T18:35:31","slug":"service","status":"publish","type":"page","link":"https:\/\/woodfield.nl\/fr\/service","title":{"rendered":"Service"},"content":{"rendered":"","protected":false},"excerpt":{"rendered":"","protected":false},"author":3,"featured_media":0,"parent":0,"menu_order":14,"comment_status":"closed","ping_status":"closed","template":"","meta":{"_acf_changed":false,"footnotes":""},"class_list":["entry","page","publish","author-woodfield","post-21176","hentry"],"acf":[],"yoast_head":"<!-- This site is optimized with the Yoast SEO plugin v26.5 - https:\/\/yoast.com\/wordpress\/plugins\/seo\/ -->\n<title>Service Woodfield - ce que Woodfield signifie pour vous<\/title>\n<meta name=\"description\" content=\"D\u00e9couvrez les services de Woodfield : livraison, location et service de r\u00e9paration disponibles. Voyez ce qui est \u00e0 votre disposition.\" \/>\n<meta name=\"robots\" content=\"index, follow, max-snippet:-1, max-image-preview:large, max-video-preview:-1\" \/>\n<link rel=\"canonical\" href=\"https:\/\/woodfield.nl\/fr\/service\" \/>\n<meta property=\"og:locale\" content=\"fr_FR\" \/>\n<meta property=\"og:type\" content=\"article\" \/>\n<meta property=\"og:title\" content=\"Service Woodfield - ce que Woodfield signifie pour vous\" \/>\n<meta property=\"og:description\" content=\"D\u00e9couvrez les services de Woodfield : livraison, location et service de r\u00e9paration disponibles. Voyez ce qui est \u00e0 votre disposition.\" \/>\n<meta property=\"og:url\" content=\"https:\/\/woodfield.nl\/fr\/service\" \/>\n<meta property=\"og:site_name\" content=\"Woodfield - alles voor schilder en stukadoor\" \/>\n<script type=\"application\/ld+json\" class=\"yoast-schema-graph\">{\"@context\":\"https:\/\/schema.org\",\"@graph\":[{\"@type\":\"WebPage\",\"@id\":\"https:\/\/woodfield.nl\/fr\/service\",\"url\":\"https:\/\/woodfield.nl\/fr\/service\",\"name\":\"Service Woodfield - ce que Woodfield signifie pour vous\",\"isPartOf\":{\"@id\":\"https:\/\/woodfield.nl\/#website\"},\"datePublished\":\"2022-04-06T18:35:31+00:00\",\"description\":\"D\u00e9couvrez les services de Woodfield : livraison, location et service de r\u00e9paration disponibles. Voyez ce qui est \u00e0 votre disposition.\",\"inLanguage\":\"fr-FR\",\"potentialAction\":[{\"@type\":\"ReadAction\",\"target\":[\"https:\/\/woodfield.nl\/fr\/service\"]}]},{\"@type\":\"WebSite\",\"@id\":\"https:\/\/woodfield.nl\/#website\",\"url\":\"https:\/\/woodfield.nl\/\",\"name\":\"Woodfield - alles voor schilder en stukadoor\",\"description\":\"\",\"potentialAction\":[{\"@type\":\"SearchAction\",\"target\":{\"@type\":\"EntryPoint\",\"urlTemplate\":\"https:\/\/woodfield.nl\/?s={search_term_string}\"},\"query-input\":{\"@type\":\"PropertyValueSpecification\",\"valueRequired\":true,\"valueName\":\"search_term_string\"}}],\"inLanguage\":\"fr-FR\"}]}<\/script>\n<!-- \/ Yoast SEO plugin. -->","yoast_head_json":{"title":"Service Woodfield - ce que Woodfield signifie pour vous","description":"D\u00e9couvrez les services de Woodfield : livraison, location et service de r\u00e9paration disponibles. Voyez ce qui est \u00e0 votre disposition.","robots":{"index":"index","follow":"follow","max-snippet":"max-snippet:-1","max-image-preview":"max-image-preview:large","max-video-preview":"max-video-preview:-1"},"canonical":"https:\/\/woodfield.nl\/fr\/service","og_locale":"fr_FR","og_type":"article","og_title":"Service Woodfield - ce que Woodfield signifie pour vous","og_description":"D\u00e9couvrez les services de Woodfield : livraison, location et service de r\u00e9paration disponibles. Voyez ce qui est \u00e0 votre disposition.","og_url":"https:\/\/woodfield.nl\/fr\/service","og_site_name":"Woodfield - alles voor schilder en stukadoor","schema":{"@context":"https:\/\/schema.org","@graph":[{"@type":"WebPage","@id":"https:\/\/woodfield.nl\/fr\/service","url":"https:\/\/woodfield.nl\/fr\/service","name":"Service Woodfield - ce que Woodfield signifie pour vous","isPartOf":{"@id":"https:\/\/woodfield.nl\/#website"},"datePublished":"2022-04-06T18:35:31+00:00","description":"D\u00e9couvrez les services de Woodfield : livraison, location et service de r\u00e9paration disponibles. Voyez ce qui est \u00e0 votre disposition.","inLanguage":"fr-FR","potentialAction":[{"@type":"ReadAction","target":["https:\/\/woodfield.nl\/fr\/service"]}]},{"@type":"WebSite","@id":"https:\/\/woodfield.nl\/#website","url":"https:\/\/woodfield.nl\/","name":"Woodfield - alles voor schilder en stukadoor","description":"","potentialAction":[{"@type":"SearchAction","target":{"@type":"EntryPoint","urlTemplate":"https:\/\/woodfield.nl\/?s={search_term_string}"},"query-input":{"@type":"PropertyValueSpecification","valueRequired":true,"valueName":"search_term_string"}}],"inLanguage":"fr-FR"}]}},"_links":{"self":[{"href":"https:\/\/woodfield.nl\/fr\/wp-json\/wp\/v2\/pages\/21176","targetHints":{"allow":["GET"]}}],"collection":[{"href":"https:\/\/woodfield.nl\/fr\/wp-json\/wp\/v2\/pages"}],"about":[{"href":"https:\/\/woodfield.nl\/fr\/wp-json\/wp\/v2\/types\/page"}],"author":[{"embeddable":true,"href":"https:\/\/woodfield.nl\/fr\/wp-json\/wp\/v2\/users\/3"}],"replies":[{"embeddable":true,"href":"https:\/\/woodfield.nl\/fr\/wp-json\/wp\/v2\/comments?post=21176"}],"version-history":[{"count":0,"href":"https:\/\/woodfield.nl\/fr\/wp-json\/wp\/v2\/pages\/21176\/revisions"}],"wp:attachment":[{"href":"https:\/\/woodfield.nl\/fr\/wp-json\/wp\/v2\/media?parent=21176"}],"curies":[{"name":"wp","href":"https:\/\/api.w.org\/{rel}","templated":true}]}}