{"id":19760,"date":"2021-04-30T15:05:06","date_gmt":"2021-04-30T13:05:06","guid":{"rendered":"https:\/\/woodfield.nl\/gamme-de-produits-woodfield\/platrier-et-materiaux-de-revetement\/woodfield-window-protect"},"modified":"2021-04-30T15:05:06","modified_gmt":"2021-04-30T13:05:06","slug":"woodfield-window-protect","status":"publish","type":"page","link":"https:\/\/woodfield.nl\/fr\/gamme-de-produits-woodfield\/platrier-et-materiaux-de-revetement\/woodfield-window-protect","title":{"rendered":"Stucloper &amp; Afdekmaterialen \u2013 Woodfield Window Protect"},"content":{"rendered":"","protected":false},"excerpt":{"rendered":"","protected":false},"author":3,"featured_media":0,"parent":16296,"menu_order":203,"comment_status":"closed","ping_status":"closed","template":"page.php","meta":{"_acf_changed":false,"footnotes":""},"class_list":["entry","page","publish","author-woodfield","post-19760","hentry"],"acf":[],"yoast_head":"<!-- This site is optimized with the Yoast SEO plugin v26.5 - https:\/\/yoast.com\/wordpress\/plugins\/seo\/ -->\n<title>Achetez Woodfield Window Protect chez Woodfield!<\/title>\n<meta name=\"description\" content=\"Vous recherchez un rev\u00eatement de protection \u00e9lastique pour le verre ou vos fen\u00eatres ? Optez pour Woodfield Window Protect.\" \/>\n<meta name=\"robots\" content=\"index, follow, max-snippet:-1, max-image-preview:large, max-video-preview:-1\" \/>\n<link rel=\"canonical\" href=\"https:\/\/woodfield.nl\/fr\/gamme-de-produits-woodfield\/platrier-et-materiaux-de-revetement\/woodfield-window-protect\" \/>\n<meta property=\"og:locale\" content=\"fr_FR\" \/>\n<meta property=\"og:type\" content=\"article\" \/>\n<meta property=\"og:title\" content=\"Achetez Woodfield Window Protect chez Woodfield!\" \/>\n<meta property=\"og:description\" content=\"Vous recherchez un rev\u00eatement de protection \u00e9lastique pour le verre ou vos fen\u00eatres ? Optez pour Woodfield Window Protect.\" \/>\n<meta property=\"og:url\" content=\"https:\/\/woodfield.nl\/fr\/gamme-de-produits-woodfield\/platrier-et-materiaux-de-revetement\/woodfield-window-protect\" \/>\n<meta property=\"og:site_name\" content=\"Woodfield - alles voor schilder en stukadoor\" \/>\n<script type=\"application\/ld+json\" class=\"yoast-schema-graph\">{\"@context\":\"https:\/\/schema.org\",\"@graph\":[{\"@type\":\"WebPage\",\"@id\":\"https:\/\/woodfield.nl\/fr\/gamme-de-produits-woodfield\/platrier-et-materiaux-de-revetement\/woodfield-window-protect\",\"url\":\"https:\/\/woodfield.nl\/fr\/gamme-de-produits-woodfield\/platrier-et-materiaux-de-revetement\/woodfield-window-protect\",\"name\":\"Achetez Woodfield Window Protect chez Woodfield!\",\"isPartOf\":{\"@id\":\"https:\/\/woodfield.nl\/#website\"},\"datePublished\":\"2021-04-30T13:05:06+00:00\",\"description\":\"Vous recherchez un rev\u00eatement de protection \u00e9lastique pour le verre ou vos fen\u00eatres ? Optez pour Woodfield Window Protect.\",\"breadcrumb\":{\"@id\":\"https:\/\/woodfield.nl\/fr\/gamme-de-produits-woodfield\/platrier-et-materiaux-de-revetement\/woodfield-window-protect#breadcrumb\"},\"inLanguage\":\"fr-FR\",\"potentialAction\":[{\"@type\":\"ReadAction\",\"target\":[\"https:\/\/woodfield.nl\/fr\/gamme-de-produits-woodfield\/platrier-et-materiaux-de-revetement\/woodfield-window-protect\"]}]},{\"@type\":\"BreadcrumbList\",\"@id\":\"https:\/\/woodfield.nl\/fr\/gamme-de-produits-woodfield\/platrier-et-materiaux-de-revetement\/woodfield-window-protect#breadcrumb\",\"itemListElement\":[{\"@type\":\"ListItem\",\"position\":1,\"name\":\"Assortiment\",\"item\":\"https:\/\/woodfield.nl\/fr\/gamme-de-produits-woodfield\"},{\"@type\":\"ListItem\",\"position\":2,\"name\":\"GAMME \u2013 PL\u00c2TRIERS\",\"item\":\"https:\/\/woodfield.nl\/fr\/gamme-de-produits-woodfield\/platrier-et-materiaux-de-revetement\"},{\"@type\":\"ListItem\",\"position\":3,\"name\":\"Stucloper &amp; Afdekmaterialen \u2013 Woodfield Window Protect\"}]},{\"@type\":\"WebSite\",\"@id\":\"https:\/\/woodfield.nl\/#website\",\"url\":\"https:\/\/woodfield.nl\/\",\"name\":\"Woodfield - alles voor schilder en stukadoor\",\"description\":\"\",\"potentialAction\":[{\"@type\":\"SearchAction\",\"target\":{\"@type\":\"EntryPoint\",\"urlTemplate\":\"https:\/\/woodfield.nl\/?s={search_term_string}\"},\"query-input\":{\"@type\":\"PropertyValueSpecification\",\"valueRequired\":true,\"valueName\":\"search_term_string\"}}],\"inLanguage\":\"fr-FR\"}]}<\/script>\n<!-- \/ Yoast SEO plugin. -->","yoast_head_json":{"title":"Achetez Woodfield Window Protect chez Woodfield!","description":"Vous recherchez un rev\u00eatement de protection \u00e9lastique pour le verre ou vos fen\u00eatres ? Optez pour Woodfield Window Protect.","robots":{"index":"index","follow":"follow","max-snippet":"max-snippet:-1","max-image-preview":"max-image-preview:large","max-video-preview":"max-video-preview:-1"},"canonical":"https:\/\/woodfield.nl\/fr\/gamme-de-produits-woodfield\/platrier-et-materiaux-de-revetement\/woodfield-window-protect","og_locale":"fr_FR","og_type":"article","og_title":"Achetez Woodfield Window Protect chez Woodfield!","og_description":"Vous recherchez un rev\u00eatement de protection \u00e9lastique pour le verre ou vos fen\u00eatres ? Optez pour Woodfield Window Protect.","og_url":"https:\/\/woodfield.nl\/fr\/gamme-de-produits-woodfield\/platrier-et-materiaux-de-revetement\/woodfield-window-protect","og_site_name":"Woodfield - alles voor schilder en stukadoor","schema":{"@context":"https:\/\/schema.org","@graph":[{"@type":"WebPage","@id":"https:\/\/woodfield.nl\/fr\/gamme-de-produits-woodfield\/platrier-et-materiaux-de-revetement\/woodfield-window-protect","url":"https:\/\/woodfield.nl\/fr\/gamme-de-produits-woodfield\/platrier-et-materiaux-de-revetement\/woodfield-window-protect","name":"Achetez Woodfield Window Protect chez Woodfield!","isPartOf":{"@id":"https:\/\/woodfield.nl\/#website"},"datePublished":"2021-04-30T13:05:06+00:00","description":"Vous recherchez un rev\u00eatement de protection \u00e9lastique pour le verre ou vos fen\u00eatres ? Optez pour Woodfield Window Protect.","breadcrumb":{"@id":"https:\/\/woodfield.nl\/fr\/gamme-de-produits-woodfield\/platrier-et-materiaux-de-revetement\/woodfield-window-protect#breadcrumb"},"inLanguage":"fr-FR","potentialAction":[{"@type":"ReadAction","target":["https:\/\/woodfield.nl\/fr\/gamme-de-produits-woodfield\/platrier-et-materiaux-de-revetement\/woodfield-window-protect"]}]},{"@type":"BreadcrumbList","@id":"https:\/\/woodfield.nl\/fr\/gamme-de-produits-woodfield\/platrier-et-materiaux-de-revetement\/woodfield-window-protect#breadcrumb","itemListElement":[{"@type":"ListItem","position":1,"name":"Assortiment","item":"https:\/\/woodfield.nl\/fr\/gamme-de-produits-woodfield"},{"@type":"ListItem","position":2,"name":"GAMME \u2013 PL\u00c2TRIERS","item":"https:\/\/woodfield.nl\/fr\/gamme-de-produits-woodfield\/platrier-et-materiaux-de-revetement"},{"@type":"ListItem","position":3,"name":"Stucloper &amp; Afdekmaterialen \u2013 Woodfield Window Protect"}]},{"@type":"WebSite","@id":"https:\/\/woodfield.nl\/#website","url":"https:\/\/woodfield.nl\/","name":"Woodfield - alles voor schilder en stukadoor","description":"","potentialAction":[{"@type":"SearchAction","target":{"@type":"EntryPoint","urlTemplate":"https:\/\/woodfield.nl\/?s={search_term_string}"},"query-input":{"@type":"PropertyValueSpecification","valueRequired":true,"valueName":"search_term_string"}}],"inLanguage":"fr-FR"}]}},"_links":{"self":[{"href":"https:\/\/woodfield.nl\/fr\/wp-json\/wp\/v2\/pages\/19760","targetHints":{"allow":["GET"]}}],"collection":[{"href":"https:\/\/woodfield.nl\/fr\/wp-json\/wp\/v2\/pages"}],"about":[{"href":"https:\/\/woodfield.nl\/fr\/wp-json\/wp\/v2\/types\/page"}],"author":[{"embeddable":true,"href":"https:\/\/woodfield.nl\/fr\/wp-json\/wp\/v2\/users\/3"}],"replies":[{"embeddable":true,"href":"https:\/\/woodfield.nl\/fr\/wp-json\/wp\/v2\/comments?post=19760"}],"version-history":[{"count":0,"href":"https:\/\/woodfield.nl\/fr\/wp-json\/wp\/v2\/pages\/19760\/revisions"}],"up":[{"embeddable":true,"href":"https:\/\/woodfield.nl\/fr\/wp-json\/wp\/v2\/pages\/16296"}],"wp:attachment":[{"href":"https:\/\/woodfield.nl\/fr\/wp-json\/wp\/v2\/media?parent=19760"}],"curies":[{"name":"wp","href":"https:\/\/api.w.org\/{rel}","templated":true}]}}