{"id":18746,"date":"2025-10-28T09:29:50","date_gmt":"2025-10-28T08:29:50","guid":{"rendered":"https:\/\/woodfield.nl\/verkooppunten\/woodfield-eindhoven"},"modified":"2025-10-28T09:29:50","modified_gmt":"2025-10-28T08:29:50","slug":"woodfield-eindhoven","status":"publish","type":"page","link":"https:\/\/woodfield.nl\/fr\/magasins\/woodfield-eindhoven","title":{"rendered":"Woodfield Eindhoven"},"content":{"rendered":"","protected":false},"excerpt":{"rendered":"","protected":false},"author":3,"featured_media":0,"parent":17897,"menu_order":22,"comment_status":"closed","ping_status":"closed","template":"page-vestiging.php","meta":{"_acf_changed":false,"footnotes":""},"class_list":["entry","page","publish","author-woodfield","post-18746","hentry"],"acf":[],"yoast_head":"<!-- This site is optimized with the Yoast SEO plugin v26.5 - https:\/\/yoast.com\/wordpress\/plugins\/seo\/ -->\n<title>Woodfield Eindhoven \u2013 tout pour le peintre et le pl\u00e2trier.<\/title>\n<meta name=\"description\" content=\"Woodfield Eindhoven est un magasin de vente en gros pour peintres et pl\u00e2triers. Passez nous voir pour obtenir des conseils d&#039;experts sur mat\u00e9riaux.\" \/>\n<meta name=\"robots\" content=\"index, follow, max-snippet:-1, max-image-preview:large, max-video-preview:-1\" \/>\n<link rel=\"canonical\" href=\"https:\/\/woodfield.nl\/fr\/magasins\/woodfield-eindhoven\" \/>\n<meta property=\"og:locale\" content=\"fr_FR\" \/>\n<meta property=\"og:type\" content=\"article\" \/>\n<meta property=\"og:title\" content=\"Woodfield Eindhoven \u2013 tout pour le peintre et le pl\u00e2trier.\" \/>\n<meta property=\"og:description\" content=\"Woodfield Eindhoven est un magasin de vente en gros pour peintres et pl\u00e2triers. Passez nous voir pour obtenir des conseils d&#039;experts sur mat\u00e9riaux.\" \/>\n<meta property=\"og:url\" content=\"https:\/\/woodfield.nl\/fr\/magasins\/woodfield-eindhoven\" \/>\n<meta property=\"og:site_name\" content=\"Woodfield - alles voor schilder en stukadoor\" \/>\n<script type=\"application\/ld+json\" class=\"yoast-schema-graph\">{\"@context\":\"https:\/\/schema.org\",\"@graph\":[{\"@type\":\"WebPage\",\"@id\":\"https:\/\/woodfield.nl\/fr\/magasins\/woodfield-eindhoven\",\"url\":\"https:\/\/woodfield.nl\/fr\/magasins\/woodfield-eindhoven\",\"name\":\"Woodfield Eindhoven \u2013 tout pour le peintre et le pl\u00e2trier.\",\"isPartOf\":{\"@id\":\"https:\/\/woodfield.nl\/#website\"},\"datePublished\":\"2025-10-28T08:29:50+00:00\",\"description\":\"Woodfield Eindhoven est un magasin de vente en gros pour peintres et pl\u00e2triers. Passez nous voir pour obtenir des conseils d'experts sur mat\u00e9riaux.\",\"breadcrumb\":{\"@id\":\"https:\/\/woodfield.nl\/fr\/magasins\/woodfield-eindhoven#breadcrumb\"},\"inLanguage\":\"fr-FR\",\"potentialAction\":[{\"@type\":\"ReadAction\",\"target\":[\"https:\/\/woodfield.nl\/fr\/magasins\/woodfield-eindhoven\"]}]},{\"@type\":\"BreadcrumbList\",\"@id\":\"https:\/\/woodfield.nl\/fr\/magasins\/woodfield-eindhoven#breadcrumb\",\"itemListElement\":[{\"@type\":\"ListItem\",\"position\":1,\"name\":\"Verkooppunten\",\"item\":\"https:\/\/woodfield.nl\/fr\/magasins\"},{\"@type\":\"ListItem\",\"position\":2,\"name\":\"Woodfield Eindhoven\"}]},{\"@type\":\"WebSite\",\"@id\":\"https:\/\/woodfield.nl\/#website\",\"url\":\"https:\/\/woodfield.nl\/\",\"name\":\"Woodfield - alles voor schilder en stukadoor\",\"description\":\"\",\"potentialAction\":[{\"@type\":\"SearchAction\",\"target\":{\"@type\":\"EntryPoint\",\"urlTemplate\":\"https:\/\/woodfield.nl\/?s={search_term_string}\"},\"query-input\":{\"@type\":\"PropertyValueSpecification\",\"valueRequired\":true,\"valueName\":\"search_term_string\"}}],\"inLanguage\":\"fr-FR\"}]}<\/script>\n<!-- \/ Yoast SEO plugin. -->","yoast_head_json":{"title":"Woodfield Eindhoven \u2013 tout pour le peintre et le pl\u00e2trier.","description":"Woodfield Eindhoven est un magasin de vente en gros pour peintres et pl\u00e2triers. Passez nous voir pour obtenir des conseils d'experts sur mat\u00e9riaux.","robots":{"index":"index","follow":"follow","max-snippet":"max-snippet:-1","max-image-preview":"max-image-preview:large","max-video-preview":"max-video-preview:-1"},"canonical":"https:\/\/woodfield.nl\/fr\/magasins\/woodfield-eindhoven","og_locale":"fr_FR","og_type":"article","og_title":"Woodfield Eindhoven \u2013 tout pour le peintre et le pl\u00e2trier.","og_description":"Woodfield Eindhoven est un magasin de vente en gros pour peintres et pl\u00e2triers. Passez nous voir pour obtenir des conseils d'experts sur mat\u00e9riaux.","og_url":"https:\/\/woodfield.nl\/fr\/magasins\/woodfield-eindhoven","og_site_name":"Woodfield - alles voor schilder en stukadoor","schema":{"@context":"https:\/\/schema.org","@graph":[{"@type":"WebPage","@id":"https:\/\/woodfield.nl\/fr\/magasins\/woodfield-eindhoven","url":"https:\/\/woodfield.nl\/fr\/magasins\/woodfield-eindhoven","name":"Woodfield Eindhoven \u2013 tout pour le peintre et le pl\u00e2trier.","isPartOf":{"@id":"https:\/\/woodfield.nl\/#website"},"datePublished":"2025-10-28T08:29:50+00:00","description":"Woodfield Eindhoven est un magasin de vente en gros pour peintres et pl\u00e2triers. Passez nous voir pour obtenir des conseils d'experts sur mat\u00e9riaux.","breadcrumb":{"@id":"https:\/\/woodfield.nl\/fr\/magasins\/woodfield-eindhoven#breadcrumb"},"inLanguage":"fr-FR","potentialAction":[{"@type":"ReadAction","target":["https:\/\/woodfield.nl\/fr\/magasins\/woodfield-eindhoven"]}]},{"@type":"BreadcrumbList","@id":"https:\/\/woodfield.nl\/fr\/magasins\/woodfield-eindhoven#breadcrumb","itemListElement":[{"@type":"ListItem","position":1,"name":"Verkooppunten","item":"https:\/\/woodfield.nl\/fr\/magasins"},{"@type":"ListItem","position":2,"name":"Woodfield Eindhoven"}]},{"@type":"WebSite","@id":"https:\/\/woodfield.nl\/#website","url":"https:\/\/woodfield.nl\/","name":"Woodfield - alles voor schilder en stukadoor","description":"","potentialAction":[{"@type":"SearchAction","target":{"@type":"EntryPoint","urlTemplate":"https:\/\/woodfield.nl\/?s={search_term_string}"},"query-input":{"@type":"PropertyValueSpecification","valueRequired":true,"valueName":"search_term_string"}}],"inLanguage":"fr-FR"}]}},"_links":{"self":[{"href":"https:\/\/woodfield.nl\/fr\/wp-json\/wp\/v2\/pages\/18746","targetHints":{"allow":["GET"]}}],"collection":[{"href":"https:\/\/woodfield.nl\/fr\/wp-json\/wp\/v2\/pages"}],"about":[{"href":"https:\/\/woodfield.nl\/fr\/wp-json\/wp\/v2\/types\/page"}],"author":[{"embeddable":true,"href":"https:\/\/woodfield.nl\/fr\/wp-json\/wp\/v2\/users\/3"}],"replies":[{"embeddable":true,"href":"https:\/\/woodfield.nl\/fr\/wp-json\/wp\/v2\/comments?post=18746"}],"version-history":[{"count":0,"href":"https:\/\/woodfield.nl\/fr\/wp-json\/wp\/v2\/pages\/18746\/revisions"}],"up":[{"embeddable":true,"href":"https:\/\/woodfield.nl\/fr\/wp-json\/wp\/v2\/pages\/17897"}],"wp:attachment":[{"href":"https:\/\/woodfield.nl\/fr\/wp-json\/wp\/v2\/media?parent=18746"}],"curies":[{"name":"wp","href":"https:\/\/api.w.org\/{rel}","templated":true}]}}