{"id":17541,"date":"2025-07-14T11:01:27","date_gmt":"2025-07-14T09:01:27","guid":{"rendered":"https:\/\/woodfield.nl\/over-ons"},"modified":"2025-07-14T11:01:27","modified_gmt":"2025-07-14T09:01:27","slug":"a-propos-de-nous","status":"publish","type":"page","link":"https:\/\/woodfield.nl\/fr\/a-propos-de-nous","title":{"rendered":"Over ons"},"content":{"rendered":"","protected":false},"excerpt":{"rendered":"","protected":false},"author":1,"featured_media":0,"parent":0,"menu_order":119,"comment_status":"closed","ping_status":"closed","template":"page.php","meta":{"_acf_changed":false,"footnotes":""},"class_list":["entry","page","publish","author-dennis","post-17541","hentry"],"acf":[],"yoast_head":"<!-- This site is optimized with the Yoast SEO plugin v26.5 - https:\/\/yoast.com\/wordpress\/plugins\/seo\/ -->\n<title>Woodfield \u00e0 propos de nous \u2013 D\u00e9couvrez tout sur Woodfield ici.<\/title>\n<meta name=\"description\" content=\"Vous souhaitez en savoir plus sur Woodfield ? Sur la page \u00e0 propos de nous, nous vous en disons plus sur notre \u00e9quipe, la RSE et l&#039;histoire de Woodfie\" \/>\n<meta name=\"robots\" content=\"index, follow, max-snippet:-1, max-image-preview:large, max-video-preview:-1\" \/>\n<link rel=\"canonical\" href=\"https:\/\/woodfield.nl\/fr\/a-propos-de-nous\" \/>\n<meta property=\"og:locale\" content=\"fr_FR\" \/>\n<meta property=\"og:type\" content=\"article\" \/>\n<meta property=\"og:title\" content=\"Woodfield \u00e0 propos de nous \u2013 D\u00e9couvrez tout sur Woodfield ici.\" \/>\n<meta property=\"og:description\" content=\"Vous souhaitez en savoir plus sur Woodfield ? Sur la page \u00e0 propos de nous, nous vous en disons plus sur notre \u00e9quipe, la RSE et l&#039;histoire de Woodfie\" \/>\n<meta property=\"og:url\" content=\"https:\/\/woodfield.nl\/fr\/a-propos-de-nous\" \/>\n<meta property=\"og:site_name\" content=\"Woodfield - alles voor schilder en stukadoor\" \/>\n<script type=\"application\/ld+json\" class=\"yoast-schema-graph\">{\"@context\":\"https:\/\/schema.org\",\"@graph\":[{\"@type\":\"WebPage\",\"@id\":\"https:\/\/woodfield.nl\/fr\/a-propos-de-nous\",\"url\":\"https:\/\/woodfield.nl\/fr\/a-propos-de-nous\",\"name\":\"Woodfield \u00e0 propos de nous \u2013 D\u00e9couvrez tout sur Woodfield ici.\",\"isPartOf\":{\"@id\":\"https:\/\/woodfield.nl\/#website\"},\"datePublished\":\"2025-07-14T09:01:27+00:00\",\"description\":\"Vous souhaitez en savoir plus sur Woodfield ? Sur la page \u00e0 propos de nous, nous vous en disons plus sur notre \u00e9quipe, la RSE et l'histoire de Woodfie\",\"inLanguage\":\"fr-FR\",\"potentialAction\":[{\"@type\":\"ReadAction\",\"target\":[\"https:\/\/woodfield.nl\/fr\/a-propos-de-nous\"]}]},{\"@type\":\"WebSite\",\"@id\":\"https:\/\/woodfield.nl\/#website\",\"url\":\"https:\/\/woodfield.nl\/\",\"name\":\"Woodfield - alles voor schilder en stukadoor\",\"description\":\"\",\"potentialAction\":[{\"@type\":\"SearchAction\",\"target\":{\"@type\":\"EntryPoint\",\"urlTemplate\":\"https:\/\/woodfield.nl\/?s={search_term_string}\"},\"query-input\":{\"@type\":\"PropertyValueSpecification\",\"valueRequired\":true,\"valueName\":\"search_term_string\"}}],\"inLanguage\":\"fr-FR\"}]}<\/script>\n<!-- \/ Yoast SEO plugin. -->","yoast_head_json":{"title":"Woodfield \u00e0 propos de nous \u2013 D\u00e9couvrez tout sur Woodfield ici.","description":"Vous souhaitez en savoir plus sur Woodfield ? Sur la page \u00e0 propos de nous, nous vous en disons plus sur notre \u00e9quipe, la RSE et l'histoire de Woodfie","robots":{"index":"index","follow":"follow","max-snippet":"max-snippet:-1","max-image-preview":"max-image-preview:large","max-video-preview":"max-video-preview:-1"},"canonical":"https:\/\/woodfield.nl\/fr\/a-propos-de-nous","og_locale":"fr_FR","og_type":"article","og_title":"Woodfield \u00e0 propos de nous \u2013 D\u00e9couvrez tout sur Woodfield ici.","og_description":"Vous souhaitez en savoir plus sur Woodfield ? Sur la page \u00e0 propos de nous, nous vous en disons plus sur notre \u00e9quipe, la RSE et l'histoire de Woodfie","og_url":"https:\/\/woodfield.nl\/fr\/a-propos-de-nous","og_site_name":"Woodfield - alles voor schilder en stukadoor","schema":{"@context":"https:\/\/schema.org","@graph":[{"@type":"WebPage","@id":"https:\/\/woodfield.nl\/fr\/a-propos-de-nous","url":"https:\/\/woodfield.nl\/fr\/a-propos-de-nous","name":"Woodfield \u00e0 propos de nous \u2013 D\u00e9couvrez tout sur Woodfield ici.","isPartOf":{"@id":"https:\/\/woodfield.nl\/#website"},"datePublished":"2025-07-14T09:01:27+00:00","description":"Vous souhaitez en savoir plus sur Woodfield ? Sur la page \u00e0 propos de nous, nous vous en disons plus sur notre \u00e9quipe, la RSE et l'histoire de Woodfie","inLanguage":"fr-FR","potentialAction":[{"@type":"ReadAction","target":["https:\/\/woodfield.nl\/fr\/a-propos-de-nous"]}]},{"@type":"WebSite","@id":"https:\/\/woodfield.nl\/#website","url":"https:\/\/woodfield.nl\/","name":"Woodfield - alles voor schilder en stukadoor","description":"","potentialAction":[{"@type":"SearchAction","target":{"@type":"EntryPoint","urlTemplate":"https:\/\/woodfield.nl\/?s={search_term_string}"},"query-input":{"@type":"PropertyValueSpecification","valueRequired":true,"valueName":"search_term_string"}}],"inLanguage":"fr-FR"}]}},"_links":{"self":[{"href":"https:\/\/woodfield.nl\/fr\/wp-json\/wp\/v2\/pages\/17541","targetHints":{"allow":["GET"]}}],"collection":[{"href":"https:\/\/woodfield.nl\/fr\/wp-json\/wp\/v2\/pages"}],"about":[{"href":"https:\/\/woodfield.nl\/fr\/wp-json\/wp\/v2\/types\/page"}],"author":[{"embeddable":true,"href":"https:\/\/woodfield.nl\/fr\/wp-json\/wp\/v2\/users\/1"}],"replies":[{"embeddable":true,"href":"https:\/\/woodfield.nl\/fr\/wp-json\/wp\/v2\/comments?post=17541"}],"version-history":[{"count":0,"href":"https:\/\/woodfield.nl\/fr\/wp-json\/wp\/v2\/pages\/17541\/revisions"}],"wp:attachment":[{"href":"https:\/\/woodfield.nl\/fr\/wp-json\/wp\/v2\/media?parent=17541"}],"curies":[{"name":"wp","href":"https:\/\/api.w.org\/{rel}","templated":true}]}}