{"id":17473,"date":"2021-03-21T17:42:45","date_gmt":"2021-03-21T16:42:45","guid":{"rendered":"https:\/\/woodfield.nl\/eclairage\/rohrlux"},"modified":"2021-03-21T17:42:45","modified_gmt":"2021-03-21T16:42:45","slug":"rohrlux","status":"publish","type":"page","link":"https:\/\/woodfield.nl\/fr\/gamme-de-produits-woodfield\/eclairage\/rohrlux","title":{"rendered":"Verlichting \u2013 Rohrlux"},"content":{"rendered":"","protected":false},"excerpt":{"rendered":"","protected":false},"author":3,"featured_media":0,"parent":16326,"menu_order":256,"comment_status":"closed","ping_status":"closed","template":"page.php","meta":{"_acf_changed":false,"footnotes":""},"class_list":["entry","page","publish","author-woodfield","post-17473","hentry"],"acf":[],"yoast_head":"<!-- This site is optimized with the Yoast SEO plugin v26.5 - https:\/\/yoast.com\/wordpress\/plugins\/seo\/ -->\n<title>Woodfield \u2013 la gamme d&#039;\u00e9clairage de la marque Rohrlux.<\/title>\n<meta name=\"description\" content=\"Vous cherchez des lampes de chantier de haute qualit\u00e9 et r\u00e9sistantes aux chocs ? Alors jetez un \u0153il \u00e0 la gamme de la marque Rohrlux chez Woodfield.\" \/>\n<meta name=\"robots\" content=\"index, follow, max-snippet:-1, max-image-preview:large, max-video-preview:-1\" \/>\n<link rel=\"canonical\" href=\"https:\/\/woodfield.nl\/fr\/eclairage\/rohrlux\" \/>\n<meta property=\"og:locale\" content=\"fr_FR\" \/>\n<meta property=\"og:type\" content=\"article\" \/>\n<meta property=\"og:title\" content=\"Woodfield \u2013 la gamme d&#039;\u00e9clairage de la marque Rohrlux.\" \/>\n<meta property=\"og:description\" content=\"Vous cherchez des lampes de chantier de haute qualit\u00e9 et r\u00e9sistantes aux chocs ? Alors jetez un \u0153il \u00e0 la gamme de la marque Rohrlux chez Woodfield.\" \/>\n<meta property=\"og:url\" content=\"https:\/\/woodfield.nl\/fr\/eclairage\/rohrlux\" \/>\n<meta property=\"og:site_name\" content=\"Woodfield - alles voor schilder en stukadoor\" \/>\n<script type=\"application\/ld+json\" class=\"yoast-schema-graph\">{\"@context\":\"https:\/\/schema.org\",\"@graph\":[{\"@type\":\"WebPage\",\"@id\":\"https:\/\/woodfield.nl\/fr\/eclairage\/rohrlux\",\"url\":\"https:\/\/woodfield.nl\/fr\/eclairage\/rohrlux\",\"name\":\"Woodfield \u2013 la gamme d'\u00e9clairage de la marque Rohrlux.\",\"isPartOf\":{\"@id\":\"https:\/\/woodfield.nl\/#website\"},\"datePublished\":\"2021-03-21T16:42:45+00:00\",\"description\":\"Vous cherchez des lampes de chantier de haute qualit\u00e9 et r\u00e9sistantes aux chocs ? Alors jetez un \u0153il \u00e0 la gamme de la marque Rohrlux chez Woodfield.\",\"breadcrumb\":{\"@id\":\"https:\/\/woodfield.nl\/fr\/eclairage\/rohrlux#breadcrumb\"},\"inLanguage\":\"fr-FR\",\"potentialAction\":[{\"@type\":\"ReadAction\",\"target\":[\"https:\/\/woodfield.nl\/fr\/eclairage\/rohrlux\"]}]},{\"@type\":\"BreadcrumbList\",\"@id\":\"https:\/\/woodfield.nl\/fr\/eclairage\/rohrlux#breadcrumb\",\"itemListElement\":[{\"@type\":\"ListItem\",\"position\":1,\"name\":\"\u00c9CLAIRAGE\",\"item\":\"https:\/\/woodfield.nl\/fr\/eclairage\"},{\"@type\":\"ListItem\",\"position\":2,\"name\":\"Verlichting \u2013 Rohrlux\"}]},{\"@type\":\"WebSite\",\"@id\":\"https:\/\/woodfield.nl\/#website\",\"url\":\"https:\/\/woodfield.nl\/\",\"name\":\"Woodfield - alles voor schilder en stukadoor\",\"description\":\"\",\"potentialAction\":[{\"@type\":\"SearchAction\",\"target\":{\"@type\":\"EntryPoint\",\"urlTemplate\":\"https:\/\/woodfield.nl\/?s={search_term_string}\"},\"query-input\":{\"@type\":\"PropertyValueSpecification\",\"valueRequired\":true,\"valueName\":\"search_term_string\"}}],\"inLanguage\":\"fr-FR\"}]}<\/script>\n<!-- \/ Yoast SEO plugin. -->","yoast_head_json":{"title":"Woodfield \u2013 la gamme d'\u00e9clairage de la marque Rohrlux.","description":"Vous cherchez des lampes de chantier de haute qualit\u00e9 et r\u00e9sistantes aux chocs ? Alors jetez un \u0153il \u00e0 la gamme de la marque Rohrlux chez Woodfield.","robots":{"index":"index","follow":"follow","max-snippet":"max-snippet:-1","max-image-preview":"max-image-preview:large","max-video-preview":"max-video-preview:-1"},"canonical":"https:\/\/woodfield.nl\/fr\/eclairage\/rohrlux","og_locale":"fr_FR","og_type":"article","og_title":"Woodfield \u2013 la gamme d'\u00e9clairage de la marque Rohrlux.","og_description":"Vous cherchez des lampes de chantier de haute qualit\u00e9 et r\u00e9sistantes aux chocs ? Alors jetez un \u0153il \u00e0 la gamme de la marque Rohrlux chez Woodfield.","og_url":"https:\/\/woodfield.nl\/fr\/eclairage\/rohrlux","og_site_name":"Woodfield - alles voor schilder en stukadoor","schema":{"@context":"https:\/\/schema.org","@graph":[{"@type":"WebPage","@id":"https:\/\/woodfield.nl\/fr\/eclairage\/rohrlux","url":"https:\/\/woodfield.nl\/fr\/eclairage\/rohrlux","name":"Woodfield \u2013 la gamme d'\u00e9clairage de la marque Rohrlux.","isPartOf":{"@id":"https:\/\/woodfield.nl\/#website"},"datePublished":"2021-03-21T16:42:45+00:00","description":"Vous cherchez des lampes de chantier de haute qualit\u00e9 et r\u00e9sistantes aux chocs ? Alors jetez un \u0153il \u00e0 la gamme de la marque Rohrlux chez Woodfield.","breadcrumb":{"@id":"https:\/\/woodfield.nl\/fr\/eclairage\/rohrlux#breadcrumb"},"inLanguage":"fr-FR","potentialAction":[{"@type":"ReadAction","target":["https:\/\/woodfield.nl\/fr\/eclairage\/rohrlux"]}]},{"@type":"BreadcrumbList","@id":"https:\/\/woodfield.nl\/fr\/eclairage\/rohrlux#breadcrumb","itemListElement":[{"@type":"ListItem","position":1,"name":"\u00c9CLAIRAGE","item":"https:\/\/woodfield.nl\/fr\/eclairage"},{"@type":"ListItem","position":2,"name":"Verlichting \u2013 Rohrlux"}]},{"@type":"WebSite","@id":"https:\/\/woodfield.nl\/#website","url":"https:\/\/woodfield.nl\/","name":"Woodfield - alles voor schilder en stukadoor","description":"","potentialAction":[{"@type":"SearchAction","target":{"@type":"EntryPoint","urlTemplate":"https:\/\/woodfield.nl\/?s={search_term_string}"},"query-input":{"@type":"PropertyValueSpecification","valueRequired":true,"valueName":"search_term_string"}}],"inLanguage":"fr-FR"}]}},"_links":{"self":[{"href":"https:\/\/woodfield.nl\/fr\/wp-json\/wp\/v2\/pages\/17473","targetHints":{"allow":["GET"]}}],"collection":[{"href":"https:\/\/woodfield.nl\/fr\/wp-json\/wp\/v2\/pages"}],"about":[{"href":"https:\/\/woodfield.nl\/fr\/wp-json\/wp\/v2\/types\/page"}],"author":[{"embeddable":true,"href":"https:\/\/woodfield.nl\/fr\/wp-json\/wp\/v2\/users\/3"}],"replies":[{"embeddable":true,"href":"https:\/\/woodfield.nl\/fr\/wp-json\/wp\/v2\/comments?post=17473"}],"version-history":[{"count":0,"href":"https:\/\/woodfield.nl\/fr\/wp-json\/wp\/v2\/pages\/17473\/revisions"}],"up":[{"embeddable":true,"href":"https:\/\/woodfield.nl\/fr\/wp-json\/wp\/v2\/pages\/16326"}],"wp:attachment":[{"href":"https:\/\/woodfield.nl\/fr\/wp-json\/wp\/v2\/media?parent=17473"}],"curies":[{"name":"wp","href":"https:\/\/api.w.org\/{rel}","templated":true}]}}