{"id":17437,"date":"2023-09-11T13:32:22","date_gmt":"2023-09-11T11:32:22","guid":{"rendered":"https:\/\/woodfield.nl\/graco"},"modified":"2023-09-11T13:32:22","modified_gmt":"2023-09-11T11:32:22","slug":"graco","status":"publish","type":"page","link":"https:\/\/woodfield.nl\/fr\/gamme-de-produits-woodfield\/equipements-de-pulverisation\/graco","title":{"rendered":"Spuitapparatuur \u2013 Graco"},"content":{"rendered":"","protected":false},"excerpt":{"rendered":"","protected":false},"author":3,"featured_media":0,"parent":17547,"menu_order":511,"comment_status":"closed","ping_status":"closed","template":"page.php","meta":{"_acf_changed":false,"footnotes":""},"class_list":["entry","page","publish","author-woodfield","post-17437","hentry"],"acf":[],"yoast_head":"<!-- This site is optimized with the Yoast SEO plugin v26.5 - https:\/\/yoast.com\/wordpress\/plugins\/seo\/ -->\n<title>Woodfield \u2013 une grande vari\u00e9t\u00e9 de mat\u00e9riel de pulv\u00e9risation Graco<\/title>\n<meta name=\"description\" content=\"La vari\u00e9t\u00e9 de mat\u00e9riel de pulv\u00e9risation Graco offre un produit pour chaque travail. Vous voulez en savoir plus ?\" \/>\n<meta name=\"robots\" content=\"index, follow, max-snippet:-1, max-image-preview:large, max-video-preview:-1\" \/>\n<link rel=\"canonical\" href=\"https:\/\/woodfield.nl\/fr\/graco\" \/>\n<meta property=\"og:locale\" content=\"fr_FR\" \/>\n<meta property=\"og:type\" content=\"article\" \/>\n<meta property=\"og:title\" content=\"Woodfield \u2013 une grande vari\u00e9t\u00e9 de mat\u00e9riel de pulv\u00e9risation Graco\" \/>\n<meta property=\"og:description\" content=\"La vari\u00e9t\u00e9 de mat\u00e9riel de pulv\u00e9risation Graco offre un produit pour chaque travail. Vous voulez en savoir plus ?\" \/>\n<meta property=\"og:url\" content=\"https:\/\/woodfield.nl\/fr\/graco\" \/>\n<meta property=\"og:site_name\" content=\"Woodfield - alles voor schilder en stukadoor\" \/>\n<script type=\"application\/ld+json\" class=\"yoast-schema-graph\">{\"@context\":\"https:\/\/schema.org\",\"@graph\":[{\"@type\":\"WebPage\",\"@id\":\"https:\/\/woodfield.nl\/fr\/graco\",\"url\":\"https:\/\/woodfield.nl\/fr\/graco\",\"name\":\"Woodfield \u2013 une grande vari\u00e9t\u00e9 de mat\u00e9riel de pulv\u00e9risation Graco\",\"isPartOf\":{\"@id\":\"https:\/\/woodfield.nl\/#website\"},\"datePublished\":\"2023-09-11T11:32:22+00:00\",\"description\":\"La vari\u00e9t\u00e9 de mat\u00e9riel de pulv\u00e9risation Graco offre un produit pour chaque travail. Vous voulez en savoir plus ?\",\"inLanguage\":\"fr-FR\",\"potentialAction\":[{\"@type\":\"ReadAction\",\"target\":[\"https:\/\/woodfield.nl\/fr\/graco\"]}]},{\"@type\":\"WebSite\",\"@id\":\"https:\/\/woodfield.nl\/#website\",\"url\":\"https:\/\/woodfield.nl\/\",\"name\":\"Woodfield - alles voor schilder en stukadoor\",\"description\":\"\",\"potentialAction\":[{\"@type\":\"SearchAction\",\"target\":{\"@type\":\"EntryPoint\",\"urlTemplate\":\"https:\/\/woodfield.nl\/?s={search_term_string}\"},\"query-input\":{\"@type\":\"PropertyValueSpecification\",\"valueRequired\":true,\"valueName\":\"search_term_string\"}}],\"inLanguage\":\"fr-FR\"}]}<\/script>\n<!-- \/ Yoast SEO plugin. -->","yoast_head_json":{"title":"Woodfield \u2013 une grande vari\u00e9t\u00e9 de mat\u00e9riel de pulv\u00e9risation Graco","description":"La vari\u00e9t\u00e9 de mat\u00e9riel de pulv\u00e9risation Graco offre un produit pour chaque travail. Vous voulez en savoir plus ?","robots":{"index":"index","follow":"follow","max-snippet":"max-snippet:-1","max-image-preview":"max-image-preview:large","max-video-preview":"max-video-preview:-1"},"canonical":"https:\/\/woodfield.nl\/fr\/graco","og_locale":"fr_FR","og_type":"article","og_title":"Woodfield \u2013 une grande vari\u00e9t\u00e9 de mat\u00e9riel de pulv\u00e9risation Graco","og_description":"La vari\u00e9t\u00e9 de mat\u00e9riel de pulv\u00e9risation Graco offre un produit pour chaque travail. Vous voulez en savoir plus ?","og_url":"https:\/\/woodfield.nl\/fr\/graco","og_site_name":"Woodfield - alles voor schilder en stukadoor","schema":{"@context":"https:\/\/schema.org","@graph":[{"@type":"WebPage","@id":"https:\/\/woodfield.nl\/fr\/graco","url":"https:\/\/woodfield.nl\/fr\/graco","name":"Woodfield \u2013 une grande vari\u00e9t\u00e9 de mat\u00e9riel de pulv\u00e9risation Graco","isPartOf":{"@id":"https:\/\/woodfield.nl\/#website"},"datePublished":"2023-09-11T11:32:22+00:00","description":"La vari\u00e9t\u00e9 de mat\u00e9riel de pulv\u00e9risation Graco offre un produit pour chaque travail. Vous voulez en savoir plus ?","inLanguage":"fr-FR","potentialAction":[{"@type":"ReadAction","target":["https:\/\/woodfield.nl\/fr\/graco"]}]},{"@type":"WebSite","@id":"https:\/\/woodfield.nl\/#website","url":"https:\/\/woodfield.nl\/","name":"Woodfield - alles voor schilder en stukadoor","description":"","potentialAction":[{"@type":"SearchAction","target":{"@type":"EntryPoint","urlTemplate":"https:\/\/woodfield.nl\/?s={search_term_string}"},"query-input":{"@type":"PropertyValueSpecification","valueRequired":true,"valueName":"search_term_string"}}],"inLanguage":"fr-FR"}]}},"_links":{"self":[{"href":"https:\/\/woodfield.nl\/fr\/wp-json\/wp\/v2\/pages\/17437","targetHints":{"allow":["GET"]}}],"collection":[{"href":"https:\/\/woodfield.nl\/fr\/wp-json\/wp\/v2\/pages"}],"about":[{"href":"https:\/\/woodfield.nl\/fr\/wp-json\/wp\/v2\/types\/page"}],"author":[{"embeddable":true,"href":"https:\/\/woodfield.nl\/fr\/wp-json\/wp\/v2\/users\/3"}],"replies":[{"embeddable":true,"href":"https:\/\/woodfield.nl\/fr\/wp-json\/wp\/v2\/comments?post=17437"}],"version-history":[{"count":0,"href":"https:\/\/woodfield.nl\/fr\/wp-json\/wp\/v2\/pages\/17437\/revisions"}],"up":[{"embeddable":true,"href":"https:\/\/woodfield.nl\/fr\/wp-json\/wp\/v2\/pages\/17547"}],"wp:attachment":[{"href":"https:\/\/woodfield.nl\/fr\/wp-json\/wp\/v2\/media?parent=17437"}],"curies":[{"name":"wp","href":"https:\/\/api.w.org\/{rel}","templated":true}]}}