{"id":17435,"date":"2023-09-11T13:30:12","date_gmt":"2023-09-11T11:30:12","guid":{"rendered":"https:\/\/woodfield.nl\/airlessco"},"modified":"2023-09-11T13:30:12","modified_gmt":"2023-09-11T11:30:12","slug":"airlessco","status":"publish","type":"page","link":"https:\/\/woodfield.nl\/fr\/gamme-de-produits-woodfield\/equipements-de-pulverisation\/airlessco","title":{"rendered":"Spuitapparatuur \u2013 Airlessco"},"content":{"rendered":"","protected":false},"excerpt":{"rendered":"","protected":false},"author":3,"featured_media":0,"parent":17547,"menu_order":510,"comment_status":"closed","ping_status":"closed","template":"page.php","meta":{"_acf_changed":false,"footnotes":""},"class_list":["entry","page","publish","author-woodfield","post-17435","hentry"],"acf":[],"yoast_head":"<!-- This site is optimized with the Yoast SEO plugin v26.5 - https:\/\/yoast.com\/wordpress\/plugins\/seo\/ -->\n<title>Woodfield \u2013 la gamme de pompes \u00e0 peinture Airlessco<\/title>\n<meta name=\"description\" content=\"Vous cherchez une pompe \u00e0 peinture Airlessco ? Alors vous \u00eates au bon endroit dans les magasins Woodfield.\" \/>\n<meta name=\"robots\" content=\"index, follow, max-snippet:-1, max-image-preview:large, max-video-preview:-1\" \/>\n<link rel=\"canonical\" href=\"https:\/\/woodfield.nl\/fr\/airlessco\" \/>\n<meta property=\"og:locale\" content=\"fr_FR\" \/>\n<meta property=\"og:type\" content=\"article\" \/>\n<meta property=\"og:title\" content=\"Woodfield \u2013 la gamme de pompes \u00e0 peinture Airlessco\" \/>\n<meta property=\"og:description\" content=\"Vous cherchez une pompe \u00e0 peinture Airlessco ? Alors vous \u00eates au bon endroit dans les magasins Woodfield.\" \/>\n<meta property=\"og:url\" content=\"https:\/\/woodfield.nl\/fr\/airlessco\" \/>\n<meta property=\"og:site_name\" content=\"Woodfield - alles voor schilder en stukadoor\" \/>\n<script type=\"application\/ld+json\" class=\"yoast-schema-graph\">{\"@context\":\"https:\/\/schema.org\",\"@graph\":[{\"@type\":\"WebPage\",\"@id\":\"https:\/\/woodfield.nl\/fr\/airlessco\",\"url\":\"https:\/\/woodfield.nl\/fr\/airlessco\",\"name\":\"Woodfield \u2013 la gamme de pompes \u00e0 peinture Airlessco\",\"isPartOf\":{\"@id\":\"https:\/\/woodfield.nl\/#website\"},\"datePublished\":\"2023-09-11T11:30:12+00:00\",\"description\":\"Vous cherchez une pompe \u00e0 peinture Airlessco ? Alors vous \u00eates au bon endroit dans les magasins Woodfield.\",\"inLanguage\":\"fr-FR\",\"potentialAction\":[{\"@type\":\"ReadAction\",\"target\":[\"https:\/\/woodfield.nl\/fr\/airlessco\"]}]},{\"@type\":\"WebSite\",\"@id\":\"https:\/\/woodfield.nl\/#website\",\"url\":\"https:\/\/woodfield.nl\/\",\"name\":\"Woodfield - alles voor schilder en stukadoor\",\"description\":\"\",\"potentialAction\":[{\"@type\":\"SearchAction\",\"target\":{\"@type\":\"EntryPoint\",\"urlTemplate\":\"https:\/\/woodfield.nl\/?s={search_term_string}\"},\"query-input\":{\"@type\":\"PropertyValueSpecification\",\"valueRequired\":true,\"valueName\":\"search_term_string\"}}],\"inLanguage\":\"fr-FR\"}]}<\/script>\n<!-- \/ Yoast SEO plugin. -->","yoast_head_json":{"title":"Woodfield \u2013 la gamme de pompes \u00e0 peinture Airlessco","description":"Vous cherchez une pompe \u00e0 peinture Airlessco ? Alors vous \u00eates au bon endroit dans les magasins Woodfield.","robots":{"index":"index","follow":"follow","max-snippet":"max-snippet:-1","max-image-preview":"max-image-preview:large","max-video-preview":"max-video-preview:-1"},"canonical":"https:\/\/woodfield.nl\/fr\/airlessco","og_locale":"fr_FR","og_type":"article","og_title":"Woodfield \u2013 la gamme de pompes \u00e0 peinture Airlessco","og_description":"Vous cherchez une pompe \u00e0 peinture Airlessco ? Alors vous \u00eates au bon endroit dans les magasins Woodfield.","og_url":"https:\/\/woodfield.nl\/fr\/airlessco","og_site_name":"Woodfield - alles voor schilder en stukadoor","schema":{"@context":"https:\/\/schema.org","@graph":[{"@type":"WebPage","@id":"https:\/\/woodfield.nl\/fr\/airlessco","url":"https:\/\/woodfield.nl\/fr\/airlessco","name":"Woodfield \u2013 la gamme de pompes \u00e0 peinture Airlessco","isPartOf":{"@id":"https:\/\/woodfield.nl\/#website"},"datePublished":"2023-09-11T11:30:12+00:00","description":"Vous cherchez une pompe \u00e0 peinture Airlessco ? Alors vous \u00eates au bon endroit dans les magasins Woodfield.","inLanguage":"fr-FR","potentialAction":[{"@type":"ReadAction","target":["https:\/\/woodfield.nl\/fr\/airlessco"]}]},{"@type":"WebSite","@id":"https:\/\/woodfield.nl\/#website","url":"https:\/\/woodfield.nl\/","name":"Woodfield - alles voor schilder en stukadoor","description":"","potentialAction":[{"@type":"SearchAction","target":{"@type":"EntryPoint","urlTemplate":"https:\/\/woodfield.nl\/?s={search_term_string}"},"query-input":{"@type":"PropertyValueSpecification","valueRequired":true,"valueName":"search_term_string"}}],"inLanguage":"fr-FR"}]}},"_links":{"self":[{"href":"https:\/\/woodfield.nl\/fr\/wp-json\/wp\/v2\/pages\/17435","targetHints":{"allow":["GET"]}}],"collection":[{"href":"https:\/\/woodfield.nl\/fr\/wp-json\/wp\/v2\/pages"}],"about":[{"href":"https:\/\/woodfield.nl\/fr\/wp-json\/wp\/v2\/types\/page"}],"author":[{"embeddable":true,"href":"https:\/\/woodfield.nl\/fr\/wp-json\/wp\/v2\/users\/3"}],"replies":[{"embeddable":true,"href":"https:\/\/woodfield.nl\/fr\/wp-json\/wp\/v2\/comments?post=17435"}],"version-history":[{"count":0,"href":"https:\/\/woodfield.nl\/fr\/wp-json\/wp\/v2\/pages\/17435\/revisions"}],"up":[{"embeddable":true,"href":"https:\/\/woodfield.nl\/fr\/wp-json\/wp\/v2\/pages\/17547"}],"wp:attachment":[{"href":"https:\/\/woodfield.nl\/fr\/wp-json\/wp\/v2\/media?parent=17435"}],"curies":[{"name":"wp","href":"https:\/\/api.w.org\/{rel}","templated":true}]}}